{"id":25903,"date":"2023-04-18T16:06:58","date_gmt":"2023-04-18T16:06:58","guid":{"rendered":"https:\/\/bralo.com\/?page_id=25903"},"modified":"2024-12-11T14:16:41","modified_gmt":"2024-12-11T14:16:41","slug":"pravni-upozorneni","status":"publish","type":"page","link":"https:\/\/bralo.com\/cs\/pravni-upozorneni\/","title":{"rendered":"Pr\u00e1vn\u00ed Upozorn\u011bn\u00ed"},"content":{"rendered":"<p>[et_pb_section fb_built=&#8221;1&#8243; _builder_version=&#8221;4.21.0&#8243; _module_preset=&#8221;default&#8221; da_disable_devices=&#8221;off|off|off&#8221; global_colors_info=&#8221;{}&#8221; da_is_popup=&#8221;off&#8221; da_exit_intent=&#8221;off&#8221; da_has_close=&#8221;on&#8221; da_alt_close=&#8221;off&#8221; da_dark_close=&#8221;off&#8221; da_not_modal=&#8221;on&#8221; da_is_singular=&#8221;off&#8221; da_with_loader=&#8221;off&#8221; da_has_shadow=&#8221;on&#8221;][et_pb_row column_structure=&#8221;1_5,3_5,1_5&#8243; _builder_version=&#8221;4.21.0&#8243; _module_preset=&#8221;default&#8221; global_colors_info=&#8221;{}&#8221;][et_pb_column type=&#8221;1_5&#8243; _builder_version=&#8221;4.21.0&#8243; _module_preset=&#8221;default&#8221; global_colors_info=&#8221;{}&#8221;][\/et_pb_column][et_pb_column type=&#8221;3_5&#8243; _builder_version=&#8221;4.21.0&#8243; _module_preset=&#8221;default&#8221; global_colors_info=&#8221;{}&#8221;][et_pb_text _builder_version=&#8221;4.27.2&#8243; _module_preset=&#8221;default&#8221; header_text_color=&#8221;#006CA7&#8243; header_2_text_color=&#8221;#006CA7&#8243; header_2_font_size=&#8221;21px&#8221; header_3_font=&#8221;|600|||||||&#8221; header_3_font_size=&#8221;18px&#8221; hover_enabled=&#8221;0&#8243; global_colors_info=&#8221;{}&#8221; sticky_enabled=&#8221;0&#8243;]<\/p>\n<h1 style=\"text-align: center;\">Pr\u00e1vn\u00ed Upozorn\u011bn\u00ed (<a href=\"https:\/\/bralo.com\/\">https:\/\/bralo.com\/<\/a> )<\/h1>\n<h2>1) INFORMACE VLASTN\u00cdKA <\/h2>\n<p><span style=\"font-weight: 400;\">Na z\u00e1klad\u011b \u010dl\u00e1nku 10 z\u00e1kona o slu\u017eb\u00e1ch spole\u010dnosti v oblasti informac\u00ed a elektronick\u00e9ho obchodu \u010d. 34\/2002 z 11. \u010dervence jsou n\u00ed\u017ee uvedeny identifika\u010dn\u00ed \u00fadaje vlastn\u00edka: <\/span><\/p>\n<table>\n<tbody>\n<tr>\n<td><span style=\"font-weight: 400;\">Web:<\/span><\/td>\n<td><a href=\"https:\/\/bralo.com\/\"><span style=\"font-weight: 400;\">https:\/\/bralo.com\/<\/span><\/a><span style=\"font-weight: 400;\">\u00a0<\/span><\/td>\n<\/tr>\n<tr>\n<td><span style=\"font-weight: 400;\">Vlastn\u00edk:<\/span><\/td>\n<td><span style=\"font-weight: 400;\">BRALO, S.A.<\/span><\/td>\n<\/tr>\n<tr>\n<td><span style=\"font-weight: 400;\">S\u00eddlo:<\/span><\/td>\n<td><span style=\"font-weight: 400;\">C\/ Milanos 12, P.I. La Estaci\u00f3n. 28320-Pinto<\/span><\/td>\n<\/tr>\n<tr>\n<td><span style=\"font-weight: 400;\">DI\u010c:<\/span><\/td>\n<td><span style=\"font-weight: 400;\">A78105822<\/span><\/td>\n<\/tr>\n<tr>\n<td><span style=\"font-weight: 400;\">Telefon:<\/span><\/td>\n<td><span style=\"font-weight: 400;\">916928285<\/span><\/td>\n<\/tr>\n<tr>\n<td><span style=\"font-weight: 400;\">E-mail:<\/span><\/td>\n<td><a href=\"mailto:bralo@bralo.es\"><span style=\"font-weight: 400;\">bralo@bralo.es<\/span><\/a><span style=\"font-weight: 400;\">\u00a0<\/span><\/td>\n<\/tr>\n<tr>\n<td><span style=\"font-weight: 400;\">Registra\u010dn\u00ed \u00fadaje:<\/span><\/td>\n<td><span style=\"font-weight: 400;\">Reg. mercantil de Madrid n\u00ba 3. Tomo 332, Gral. 301, Folio 54, n\u00ba 62245.3. Inscripci\u00f3n 1\u00ba<\/span><\/td>\n<\/tr>\n<\/tbody>\n<\/table>\n<p>&nbsp;<\/p>\n<h2>2)  PODM\u00cdNKY P\u0158\u00cdSTUPU A POU\u017dIT\u00cd<\/h2>\n<h3>Webov\u00e1 str\u00e1nka.<\/h3>\n<p><span style=\"font-weight: 400;\">Tyto Hlavn\u00ed podm\u00ednky pou\u017eit\u00ed (d\u00e1le Podm\u00ednky) upravuj\u00ed p\u0159\u00edstup a pou\u017e\u00edv\u00e1n\u00ed webov\u00e9 str\u00e1nky.<\/span><\/p>\n<p><span style=\"font-weight: 400;\">Spole\u010dnost BRALO, S.A. si vyhrazuje pr\u00e1vo kdykoli a bez p\u0159edchoz\u00edho upozorn\u011bn\u00ed zm\u011bnit p\u0159\u00edstup a nastaven\u00ed webov\u00e9 str\u00e1nky i obsah\u016f a slu\u017eeb, kter\u00e9 v nich mohou b\u00fdt zahrnuty.  U\u017eivatel uzn\u00e1v\u00e1 a souhlas\u00ed s t\u00edm, aby spole\u010dnost BRALO, S.A. mohla p\u0159eru\u0161it, deaktivovat anebo zru\u0161it kter\u00e9koli z t\u011bchto prvk\u016f, je\u017e jsou zahrnuty v obsahu webov\u00e9 str\u00e1nky, nebo p\u0159\u00edstup k nim.<\/span><\/p>\n<p><span style=\"font-weight: 400;\">P\u0159\u00edstup u\u017eivatele na webovou str\u00e1nku je zcela voln\u00fd a zpravidla bezplatn\u00fd, ani\u017e by U\u017eivatel musel poskytnout n\u011bjak\u00e9 protipln\u011bn\u00ed za jej\u00ed u\u017e\u00edv\u00e1n\u00ed, vyjma ceny za p\u0159ipojen\u00ed p\u0159es telekomunika\u010dn\u00ed s\u00ed\u0165 od poskytovatele p\u0159ipojen\u00ed, kter\u00e9ho zajist\u00ed U\u017eivatel.<\/span><\/p>\n<p><span style=\"font-weight: 400;\">Jak\u00fdkoli obsah \u010di slu\u017eba webov\u00e9 str\u00e1nky lze vyu\u017e\u00edvat na z\u00e1klad\u011b p\u0159edchoz\u00edho p\u0159ihl\u00e1\u0161en\u00ed nebo registrace U\u017eivatele. <\/span><\/p>\n<p>&nbsp;<\/p>\n<h3>U\u017eivatel<\/h3>\n<p><span style=\"font-weight: 400;\">P\u0159\u00edstup, prohl\u00ed\u017een\u00ed a pou\u017e\u00edv\u00e1n\u00ed webov\u00e9 str\u00e1nky (jako\u017e i oblasti uvoln\u011bn\u00e9 pro interakci u\u017eivatel\u016f, u\u017eivatele a spole\u010dnosti BRALO, S.A., jako\u017e i koment\u00e1\u0159e anebo p\u0159\u00edpadn\u00fd prostor pro blogov\u00e1n\u00ed) n\u00e1le\u017e\u00ed U\u017eivateli.  Z tohoto d\u016fvodu se u\u017eivatel zavazuje, \u017ee bude u\u017e\u00edvat webov\u00e9 str\u00e1nky a slu\u017eby, kter\u00e9 jsou jejich prost\u0159ednictv\u00edm dostupn\u00e9,  vyu\u017e\u00edvat v souladu se z\u00e1konem, mor\u00e1lkou, dobr\u00fdmi mravy a ve\u0159ejn\u00fdm po\u0159\u00e1dkem, jako\u017e i s t\u00edmto ustanoven\u00edm.  V d\u016fsledku toho se zavazuje, \u017ee nebude webov\u00e9 str\u00e1nky vyu\u017e\u00edvat k \u00fa\u010del\u016fm, kter\u00e9 jsou v rozporu se z\u00e1konem nebo s t\u00edm, co je ustanoveno, po\u0161kozuj\u00ed pr\u00e1va a\/nebo z\u00e1jmy t\u0159et\u00edch stran nebo mohou jakkoli po\u0161kodit webov\u00e9 str\u00e1nky nebo znemo\u017enit jejich b\u011b\u017en\u00e9 pou\u017e\u00edv\u00e1n\u00ed nebo slu\u017eby, kter\u00e9 jsou jejich prost\u0159ednictv\u00edm dostupn\u00e9.<\/span><\/p>\n<p><span style=\"font-weight: 400;\">Podm\u00ednkou pro pou\u017e\u00edv\u00e1n\u00ed webov\u00fdch str\u00e1nek a\/nebo jejich slu\u017eeb je \u00fapln\u00e9 a bezv\u00fdhradn\u00e9 p\u0159istoupen\u00ed a platnost ka\u017ed\u00e9ho z ustanoven\u00ed obsa\u017een\u00fdch v posledn\u00ed aktualizovan\u00e9 verzi tohoto pr\u00e1vn\u00edho ozn\u00e1men\u00ed, a u\u017eivatel si proto mus\u00ed b\u00fdt v\u011bdom d\u016fle\u017eitosti jejich p\u0159e\u010dten\u00ed p\u0159i ka\u017ed\u00e9 n\u00e1v\u0161t\u011bv\u011b webov\u00fdch str\u00e1nek. T\u00edmto mezi spole\u010dnost\u00ed BRALO S.A. a u\u017eivatelem nevznik\u00e1 \u017e\u00e1dn\u00fd obchodn\u00ed vztah.<\/span><\/p>\n<p><span style=\"font-weight: 400;\">Na z\u00e1klad\u011b p\u0159\u00edstupu, prohl\u00ed\u017een\u00ed a pou\u017e\u00edv\u00e1n\u00ed webov\u00fdch str\u00e1nek, jako\u017e i prostoru pro interakci mezi U\u017eivateli a spole\u010dnost\u00ed BRALO, S.A. v podob\u011b koment\u00e1\u0159\u016f a\/nebo prostoru na blogov\u00e1n\u00ed, u\u017eivatel z\u00edsk\u00e1 status U\u017eivatele, tud\u00ed\u017e od za\u010d\u00e1tku prohl\u00ed\u017een\u00ed Webov\u00fdch str\u00e1nek U\u017eivatel p\u0159ij\u00edm\u00e1 v\u0161echny zde zakotven\u00e9 Podm\u00ednky, jako\u017e i jejich p\u0159\u00edpadn\u00e9 n\u00e1sledn\u00e9 zm\u011bny, \u010d\u00edm\u017e nen\u00ed dot\u010deno uplat\u0148ov\u00e1n\u00ed p\u0159\u00edslu\u0161n\u00fdch pr\u00e1vn\u00edch p\u0159edpis\u016f, kter\u00e9 mus\u00ed b\u00fdt v dan\u00e9m p\u0159\u00edpad\u011b dodr\u017eov\u00e1ny. Vzhledem k v\u00fdznamu v\u00fd\u0161e uveden\u00e9ho doporu\u010dujeme u\u017eivateli, aby si p\u0159e\u010detl zde uveden\u00e9 podm\u00ednky p\u0159i ka\u017ed\u00e9 n\u00e1v\u0161t\u011bv\u011b webov\u00e9 str\u00e1nky.<\/span><\/p>\n<p><span style=\"font-weight: 400;\">Spole\u010dnost BRALO, S.A. si vyhrazuje pr\u00e1vo na odstran\u011bn\u00ed ve\u0161ker\u00fdch koment\u00e1\u0159\u016f a p\u0159\u00edsp\u011bvk\u016f, je\u017e by mohly b\u00fdt v rozporu se z\u00e1konem, respektem k lidsk\u00e9 d\u016fstojnosti, je\u017e jsou diskrimina\u010dn\u00edho, xenofobn\u00edho, rasistick\u00e9ho, pornografick\u00e9ho, spamov\u00e9ho charakteru, jsou zam\u011b\u0159eny proti mladistv\u00fdm \u010di d\u011btem, ve\u0159ejn\u00e9mu po\u0159\u00e1dku \u010di bezpe\u010dnosti, p\u0159\u00edpadn\u011b kter\u00e9 by dle jej\u00edho m\u00edn\u011bn\u00ed nebylo vhodn\u00e9 zve\u0159ej\u0148ovat.<\/span><\/p>\n<p><span style=\"font-weight: 400;\">V ka\u017ed\u00e9m p\u0159\u00edpad\u011b spole\u010dnost BRALO, S.A. nenese odpov\u011bdnost za n\u00e1zory vkl\u00e1dan\u00e9 u\u017eivateli formou koment\u00e1\u0159\u016f \u010di jin\u00fdch p\u0159\u00edpadn\u00fdch n\u00e1stroj\u016f ur\u010den\u00fdch pro blogov\u00e1n\u00ed \u010di jinou \u00fa\u010dast.<\/span><\/p>\n<p><span style=\"font-weight: 400;\">V souladu s platnou legislativou je tato webov\u00e1 str\u00e1nka spole\u010dnosti BRALO, S.A. ur\u010dena v\u0161em osob\u00e1m bez rozd\u00edlu v\u011bku, kter\u00e9 k nim mohou z\u00edskat p\u0159\u00edstup nebo si je prohl\u00ed\u017eet.<\/span><\/p>\n<p><span style=\"font-weight: 400;\">Webov\u00e9 str\u00e1nky jsou ur\u010deny p\u0159edev\u0161\u00edm u\u017eivatel\u016fm \u017eij\u00edc\u00edm ve \u0160pan\u011blsku (ST\u00c1T).   Spole\u010dnost BRALO, S.A. nezaru\u010duje, \u017ee webov\u00e9 str\u00e1nky spl\u0148uj\u00ed po\u017eadavky legislativy jin\u00fdch zem\u00ed, v pln\u00e9m ani v \u010d\u00e1ste\u010dn\u00e9m rozsahu. Pokud m\u00e1 u\u017eivatel bydli\u0161t\u011b nebo s\u00eddlo jinde a rozhodne se vstupovat na webov\u00e9 str\u00e1nky a\/nebo si je prohl\u00ed\u017eet, \u010din\u00ed tak na vlastn\u00ed odpov\u011bdnost a mus\u00ed zajistit, aby tento p\u0159\u00edstup a prohl\u00ed\u017een\u00ed byly v souladu s platn\u00fdmi m\u00edstn\u00edmi pr\u00e1vn\u00edmi p\u0159edpisy, a spole\u010dnost EDOR TEAM nep\u0159eb\u00edr\u00e1 \u017e\u00e1dnou odpov\u011bdnost, kter\u00e1 by mohla z takov\u00e9ho p\u0159\u00edstupu vyplynout.<\/span><\/p>\n<p>&nbsp;<\/p>\n<h2>3) DU\u0160EVN\u00cd VLASTNICTV\u00cd <\/h2>\n<p><span style=\"font-weight: 400;\">Pro zachov\u00e1n\u00ed p\u0159\u00edpadn\u00fdch pr\u00e1v du\u0161evn\u00edho vlastnictv\u00ed plat\u00ed n\u00e1sleduj\u00edc\u00ed: pokud kter\u00fdkoli u\u017eivatel \u010di t\u0159et\u00ed osoba dojde k n\u00e1zoru, \u017ee do\u0161lo k poru\u0161en\u00ed jejich legitimn\u00edch pr\u00e1v p\u0159id\u00e1n\u00edm ur\u010dit\u00e9ho obsahu na web, mus\u00ed tuto skute\u010dnost ozn\u00e1mit spole\u010dnosti BRALO, S.A. s uveden\u00edm n\u00e1sleduj\u00edc\u00edho:<\/span><\/p>\n<ul>\n<li><span style=\"font-weight: 400;\">Osobn\u00ed \u00fadaje osoby, kter\u00e1 je vlastn\u00edkem pr\u00e1v, k jejich\u017e poru\u0161en\u00ed \u00fadajn\u011b do\u0161lo.  Pokud st\u00ed\u017enost pod\u00e1v\u00e1 t\u0159et\u00ed strana, je\u017e nen\u00ed dot\u010denou osobou, mus\u00ed uv\u00e9st, z jak\u00e9 pozice jedn\u00e1.<\/span><\/li>\n<li><span style=\"font-weight: 400;\">Obsahy, na n\u011b\u017e se vztahuj\u00ed pr\u00e1va du\u0161evn\u00edho vlastnictv\u00ed, a jejich um\u00edst\u011bn\u00ed na webu.<\/span><\/li>\n<li><span style=\"font-weight: 400;\">Prok\u00e1z\u00e1n\u00ed zm\u00edn\u011bn\u00fdch pr\u00e1v du\u0161evn\u00edho vlastnictv\u00ed.<\/span><\/li>\n<li><span style=\"font-weight: 400;\">V\u00fdslovn\u00e9 prohl\u00e1\u0161en\u00ed, v n\u011bm\u017e se zainteresovan\u00e1 strana zavazuje k pravdivosti informac\u00ed obsa\u017een\u00fdch v ozn\u00e1men\u00ed.<\/span><\/li>\n<\/ul>\n<p><span style=\"font-weight: 400;\">Zna\u010dka BRALO, S.A. a p\u0159\u00edslu\u0161n\u00e9 grafick\u00e9 ozna\u010den\u00ed tvo\u0159\u00ed obchodn\u00ed zna\u010dku a je zak\u00e1z\u00e1no je kop\u00edrovat a pou\u017e\u00edvat bez souhlasu vlastn\u00edka.  Tot\u00e9\u017e plat\u00ed pro jakoukoli jinou zna\u010dku spole\u010dnosti BRALO, S.A., je\u017e se objev\u00ed na webov\u00fdch str\u00e1nk\u00e1ch uveden\u00fdch v odstavci 1 tohoto upozorn\u011bn\u00ed.<\/span><\/p>\n<p><span style=\"font-weight: 400;\">Za opr\u00e1vn\u011bnost pr\u00e1v du\u0161evn\u00edho \u010di pr\u016fmyslov\u00e9ho vlastnictv\u00ed ve vztahu k obsah\u016fm p\u0159idan\u00fdm t\u0159et\u00edmi osobami nesou odpov\u011bdnost v\u00fdlu\u010dn\u011b tyto t\u0159et\u00ed osoby. <\/span><\/p>\n<p>&nbsp;<\/p>\n<h2>4) V\u00ddHRADA ODPOV\u011aDNOSTI<\/h2>\n<p><span style=\"font-weight: 400;\">Spole\u010dnost BRALO, S.A. s vynalo\u017een\u00edm maxim\u00e1ln\u00ed mo\u017en\u00e9 p\u00e9\u010de zajist\u00ed, aby byly \u00fadaje a informace na jej\u00edch webov\u00fdch str\u00e1nk\u00e1ch trvale aktualizov\u00e1ny.  Nezaru\u010duje ani neodpov\u00edd\u00e1 za p\u0159esnost a aktualizaci obsahu webov\u00fdch str\u00e1nek a vyhrazuje si pr\u00e1vo kdykoli tento obsah upravit.  Spole\u010dnost BRALO, S.A. nenese odpov\u011bdnost ani za informace, kter\u00e9 lze z\u00edskat prost\u0159ednictv\u00edm odkaz\u016f na webov\u00fdch str\u00e1nk\u00e1ch. <\/span><\/p>\n<p><span style=\"font-weight: 400;\">Obchodn\u00ed vztahy mezi klienty se budou \u0159\u00eddit hlavn\u00edmi podm\u00ednkami, kter\u00e9 v p\u0159\u00edpad\u011b pot\u0159eby stanov\u00ed spole\u010dnost BRALO, S.A. v podob\u011b specifick\u00e9ho dokumentu ur\u010den\u00e9ho k tomuto \u00fa\u010delu, p\u0159\u00edpadn\u011b pro p\u0159\u00edpadn\u00e1 konkr\u00e9tn\u00ed ujedn\u00e1n\u00ed, kter\u00e1 si klienti sjednaj\u00ed.<\/span><\/p>\n<p>&nbsp;<\/p>\n<h2>5)  POLITIKA OBCHODN\u00cdCH INFORMAC\u00cd A REKLAMA<\/h2>\n<p><span style=\"font-weight: 400;\">Spole\u010dnost BRALO, S.A. se t\u00edmto zavazuje, \u017ee se nedopust\u00ed \u017e\u00e1dn\u00e9 klamav\u00e9 reklamy.  V tomto smyslu budou za klamavou reklamu pova\u017eov\u00e1ny form\u00e1ln\u00ed nebo \u010d\u00edseln\u00e9 chyby, kter\u00e9 se mohou vyskytnout v obsahu jednotliv\u00fdch \u010d\u00e1st\u00ed webov\u00fdch str\u00e1nek v d\u016fsledku ned\u016fsledn\u00e9 \u00fadr\u017eby \u010di aktualizace informac\u00ed obsa\u017een\u00fdch v t\u011bchto \u010d\u00e1stech.  Na z\u00e1klad\u011b ustanoven\u00ed tohoto odstavce se spole\u010dnost BRALO, S.A. zavazuje k jeho \u00faprav\u011b, jakmile se o t\u011bchto chyb\u00e1ch dozv\u00ed.<\/span><\/p>\n<p><span style=\"font-weight: 400;\">Spole\u010dnost BRALO, S.A. se zavazuje, \u017ee nebude zas\u00edlat obchodn\u00ed sd\u011blen\u00ed, ani\u017e by je ozna\u010dila za obchodn\u00ed sd\u011blen\u00ed, a to v souladu s ustanoven\u00edm Z\u00e1kona o slu\u017eb\u00e1ch spole\u010dnosti v oblasti elektronick\u00fdch informac\u00ed a obchodu \u010d. 34\/2002.  V tomto smyslu se za obchodn\u00ed sd\u011blen\u00ed nebudou pova\u017eovat jak\u00e9koli informace zas\u00edlan\u00e9 z\u00e1kazn\u00edk\u016fm spole\u010dnosti BRALO, S.A. pro zachov\u00e1v\u00e1n\u00ed st\u00e1vaj\u00edc\u00edch smluvn\u00edch vztah\u016f mezi z\u00e1kazn\u00edky a spole\u010dnost\u00ed BRALO, S.A., ani prov\u00e1d\u011bn\u00ed informa\u010dn\u00ed \u010dinnosti \u010di jin\u00fdch typ\u016f \u010dinnosti v souvislosti se slu\u017ebou, kterou si z\u00e1kazn\u00edk objednal.<\/span><\/p>\n<p><span style=\"font-weight: 400;\">V p\u0159\u00edpad\u011b p\u0159ijet\u00ed sd\u011blen\u00ed s vyu\u017eit\u00edm t\u011bchto prost\u0159edk\u016f (e-maily, zpr\u00e1vy s automatizovanou odpov\u011bd\u00ed z formul\u00e1\u0159\u016f a jin\u00fdch komunika\u010dn\u00edch syst\u00e9m\u016f) V\u00e1m sd\u011blujeme, \u017ee jsou zpr\u00e1vy ur\u010deny v\u00fdlu\u010dn\u011b dan\u00e9mu p\u0159\u00edjemci a mohou obsahovat privilegovan\u00e9 \u010di d\u016fv\u011brn\u00e9 informace.  Nejste-li ur\u010den\u00fdm p\u0159\u00edjemcem, v\u011bzte, \u017ee pou\u017eit\u00ed, \u0161\u00ed\u0159en\u00ed anebo kop\u00edrov\u00e1n\u00ed bez souhlasu je v souladu s platn\u00fdm z\u00e1konod\u00e1rstv\u00edm zak\u00e1z\u00e1no.<\/span><\/p>\n<p><span style=\"font-weight: 400;\">V souladu s ustanoven\u00edm Z\u00e1kona o slu\u017eb\u00e1ch spole\u010dnosti v oblasti elektronick\u00fdch informac\u00ed a obchodu \u010d. 34\/2002 z 11. \u010dervence a Sm\u011brnice \u010d. 2002\/58\/ES v\u00e1m sd\u011blujeme, \u017ee pokud si nep\u0159ejete dost\u00e1vat sd\u011blen\u00ed a informace obchodn\u00edho charakteru prost\u0159ednictv\u00edm tohoto syst\u00e9mu elektronick\u00e9 komunikace, sd\u011blte n\u00e1m to touto cestou s uveden\u00edm BAJA COMUNICACIONES do p\u0159edm\u011btu zpr\u00e1vy, abychom mohli va\u0161e osobn\u00ed \u00fadaje odstranit z na\u0161\u00ed datab\u00e1ze.  Va\u0161e \u017e\u00e1dost bude zpracov\u00e1na do 10 dn\u00ed od jej\u00edho zasl\u00e1n\u00ed.  V p\u0159\u00edpad\u011b, \u017ee neobdr\u017e\u00edme va\u0161i v\u00fdslovnou odpov\u011b\u010f, budeme m\u00edt za to, \u017ee souhlas\u00edte a oprav\u0148ujete na\u0161i spole\u010dnost k tomu, aby pokra\u010dovala v zas\u00edl\u00e1n\u00ed zm\u00edn\u011bn\u00fdch sd\u011blen\u00ed.<\/span><\/p>\n<p>&nbsp;<\/p>\n<h2>6) POLITIKA ODKAZ\u016e<\/h2>\n<p><span style=\"font-weight: 400;\">U\u017eivatel nebo t\u0159et\u00ed osoba, kter\u00e1 provede hypertextov\u00fd odkaz z jedn\u00e9 webov\u00e9 str\u00e1nky na jinou, odli\u0161nou, si mus\u00ed b\u00fdt v\u011bdom n\u00e1sleduj\u00edc\u00edho:<\/span><\/p>\n<p><span style=\"font-weight: 400;\">Nen\u00ed povoleno kop\u00edrov\u00e1n\u00ed, v pln\u00e9m ani \u010d\u00e1ste\u010dn\u00e9m rozsahu, \u017e\u00e1dn\u00e9ho obsahu anebo slu\u017eby webov\u00e9 str\u00e1nky bez v\u00fdslovn\u00e9ho souhlasu spole\u010dnosti BRALO, S.A. <\/span><\/p>\n<p><span style=\"font-weight: 400;\">Takt\u00e9\u017e nen\u00ed povoleno \u017e\u00e1dn\u00e9 nepravdiv\u00e9, nep\u0159esn\u00e9 \u010di nespr\u00e1vn\u00e9 prohl\u00e1\u0161en\u00ed ohledn\u011b webov\u00fdch str\u00e1nek spole\u010dnosti BRALO, S.A., jako\u017e i o jak\u00e9mkoli obsahu anebo slu\u017eb\u011b na t\u011bchto webov\u00fdch str\u00e1nk\u00e1ch. <\/span><\/p>\n<p><span style=\"font-weight: 400;\">S v\u00fdjimkou hypertextov\u00e9ho odkazu nebudou webov\u00e9 str\u00e1nky, na nich\u017e bude um\u00edst\u011bn tento hypertextov\u00fd odkaz, obsahovat \u017e\u00e1dn\u00e9 prvky t\u011bchto webov\u00fdch str\u00e1nek, je\u017e jsou chr\u00e1n\u011bny \u0161pan\u011blsk\u00fdm pr\u00e1vn\u00edm \u0159\u00e1dem coby du\u0161evn\u00ed vlastnictv\u00ed, pokud k tomu spole\u010dnost BRALO, S.A. neud\u011bl\u00ed v\u00fdslovn\u00fd souhlas.<\/span><\/p>\n<p><span style=\"font-weight: 400;\">Um\u00edst\u011bn\u00edm hypertextov\u00e9ho odkazu nevznik\u00e1 \u017e\u00e1dn\u00fd vztah mezi spole\u010dnost\u00ed BRALO, S.A. a vlastn\u00edkem webov\u00e9 str\u00e1nky, z n\u00ed\u017e je tento hypertextov\u00fd odkaz proveden, a neznamen\u00e1 to, \u017ee spole\u010dnost BRALO, S.A. zn\u00e1 obsah, slu\u017eby anebo \u010dinnosti nab\u00edzen\u00e9 na zm\u00edn\u011bn\u00fdch webov\u00fdch str\u00e1nk\u00e1ch ani \u017ee s nimi souhlas\u00ed, a obr\u00e1cen\u011b.<\/span><\/p>\n<p>&nbsp;<\/p>\n<h2>7) SOCI\u00c1LN\u00cd S\u00cdT\u011a<\/h2>\n<p><span style=\"font-weight: 400;\">Informujeme v\u00e1s o va\u0161\u00ed mo\u017en\u00e9 p\u0159\u00edtomnosti na soci\u00e1ln\u00edch s\u00edt\u00edch.  Zpracov\u00e1n\u00ed \u00fadaj\u016f osob, kter\u00e9 se stanou sleduj\u00edc\u00edmi na soci\u00e1ln\u00edch s\u00edt\u00edch (anebo provedou jak\u00fdkoli odkaz \u010di p\u0159ipojen\u00ed p\u0159es soci\u00e1ln\u00ed s\u00edt\u011b) prost\u0159ednictv\u00edm ofici\u00e1ln\u00edch str\u00e1nek, se bude \u0159\u00eddit t\u00edmto odstavcem, jako\u017e i podm\u00ednkami pou\u017e\u00edv\u00e1n\u00ed, politikami soukrom\u00ed a p\u0159edpisy pro p\u0159\u00edstup, je\u017e plat\u00ed pro soci\u00e1ln\u00ed s\u00ed\u0165 v dan\u00e9m p\u0159\u00edpad\u011b a jsou u\u017eivatelem p\u0159edem odsouhlaseny.<\/span><\/p>\n<p>&nbsp;<\/p>\n<h2>8)PLATN\u00c1 SOUDN\u00cd P\u0158\u00cdSLU\u0160NOST A Z\u00c1KONY<\/h2>\n<p><span style=\"font-weight: 400;\">P\u0159edpokladem pro u\u017e\u00edv\u00e1n\u00ed t\u011bchto webov\u00fdch str\u00e1nek je pln\u00fd souhlas s ustanoven\u00edmi tohoto pr\u00e1vn\u00edho upozorn\u011bn\u00ed.   Toto pr\u00e1vn\u00ed upozorn\u011bn\u00ed a ve\u0161ker\u00e9 vztahy vznikl\u00e9 mezi spole\u010dnost\u00ed BRALO, S.A. a u\u017eivatelem webov\u00fdch str\u00e1nek, jako\u017e i jejich slu\u017eby, se budou \u0159\u00eddit ustanoven\u00edm \u0161pan\u011blsk\u00e9ho z\u00e1konod\u00e1rstv\u00ed.<\/span><\/p>\n<p>&nbsp;<\/p>\n<p><span style=\"font-weight: 400;\">Posledn\u00ed aktualizace: 18\/03\/24<\/span>[\/et_pb_text][\/et_pb_column][et_pb_column type=&#8221;1_5&#8243; _builder_version=&#8221;4.21.0&#8243; _module_preset=&#8221;default&#8221; global_colors_info=&#8221;{}&#8221;][\/et_pb_column][\/et_pb_row][\/et_pb_section]<\/p>\n","protected":false},"excerpt":{"rendered":"<p>Pr\u00e1vn\u00ed Upozorn\u011bn\u00ed (https:\/\/bralo.com\/ ) 1) INFORMACE VLASTN\u00cdKA Na z\u00e1klad\u011b \u010dl\u00e1nku 10 z\u00e1kona o slu\u017eb\u00e1ch spole\u010dnosti v oblasti informac\u00ed a elektronick\u00e9ho obchodu \u010d. 34\/2002 z 11. \u010dervence jsou n\u00ed\u017ee uvedeny identifika\u010dn\u00ed \u00fadaje vlastn\u00edka: Web: https:\/\/bralo.com\/\u00a0 Vlastn\u00edk: BRALO, S.A. S\u00eddlo: C\/ Milanos 12, P.I. La Estaci\u00f3n. 28320-Pinto DI\u010c: A78105822 Telefon: 916928285 E-mail: bralo@bralo.es\u00a0 Registra\u010dn\u00ed \u00fadaje: Reg. mercantil [&hellip;]<\/p>\n","protected":false},"author":1,"featured_media":0,"parent":0,"menu_order":0,"comment_status":"closed","ping_status":"open","template":"","meta":{"_acf_changed":false,"_et_pb_use_builder":"on","_et_pb_old_content":"","_et_gb_content_width":"","inline_featured_image":false,"footnotes":""},"class_list":["post-25903","page","type-page","status-publish","hentry"],"acf":[],"_links":{"self":[{"href":"https:\/\/bralo.com\/cs\/wp-json\/wp\/v2\/pages\/25903","targetHints":{"allow":["GET"]}}],"collection":[{"href":"https:\/\/bralo.com\/cs\/wp-json\/wp\/v2\/pages"}],"about":[{"href":"https:\/\/bralo.com\/cs\/wp-json\/wp\/v2\/types\/page"}],"author":[{"embeddable":true,"href":"https:\/\/bralo.com\/cs\/wp-json\/wp\/v2\/users\/1"}],"replies":[{"embeddable":true,"href":"https:\/\/bralo.com\/cs\/wp-json\/wp\/v2\/comments?post=25903"}],"version-history":[{"count":4,"href":"https:\/\/bralo.com\/cs\/wp-json\/wp\/v2\/pages\/25903\/revisions"}],"predecessor-version":[{"id":25909,"href":"https:\/\/bralo.com\/cs\/wp-json\/wp\/v2\/pages\/25903\/revisions\/25909"}],"wp:attachment":[{"href":"https:\/\/bralo.com\/cs\/wp-json\/wp\/v2\/media?parent=25903"}],"curies":[{"name":"wp","href":"https:\/\/api.w.org\/{rel}","templated":true}]}}