{"id":25914,"date":"2024-02-14T10:30:50","date_gmt":"2024-02-14T10:30:50","guid":{"rendered":"https:\/\/bralo.com\/politicas-de-cookies\/"},"modified":"2024-12-11T15:56:26","modified_gmt":"2024-12-11T15:56:26","slug":"zasady-pouzivani-souboru-cookie","status":"publish","type":"page","link":"https:\/\/bralo.com\/cs\/zasady-pouzivani-souboru-cookie\/","title":{"rendered":"Z\u00e1sady Pou\u017e\u00edv\u00e1n\u00ed Soubor\u016f Cookie"},"content":{"rendered":"<p>[et_pb_section fb_built=&#8221;1&#8243; _builder_version=&#8221;4.21.0&#8243; _module_preset=&#8221;default&#8221; da_disable_devices=&#8221;off|off|off&#8221; global_colors_info=&#8221;{}&#8221; da_is_popup=&#8221;off&#8221; da_exit_intent=&#8221;off&#8221; da_has_close=&#8221;on&#8221; da_alt_close=&#8221;off&#8221; da_dark_close=&#8221;off&#8221; da_not_modal=&#8221;on&#8221; da_is_singular=&#8221;off&#8221; da_with_loader=&#8221;off&#8221; da_has_shadow=&#8221;on&#8221;][et_pb_row column_structure=&#8221;1_5,3_5,1_5&#8243; _builder_version=&#8221;4.21.0&#8243; _module_preset=&#8221;default&#8221; global_colors_info=&#8221;{}&#8221;][et_pb_column type=&#8221;1_5&#8243; _builder_version=&#8221;4.21.0&#8243; _module_preset=&#8221;default&#8221; global_colors_info=&#8221;{}&#8221;][\/et_pb_column][et_pb_column type=&#8221;3_5&#8243; _builder_version=&#8221;4.21.0&#8243; _module_preset=&#8221;default&#8221; global_colors_info=&#8221;{}&#8221;][et_pb_text _builder_version=&#8221;4.27.2&#8243; _module_preset=&#8221;default&#8221; header_text_color=&#8221;#006CA7&#8243; header_2_text_color=&#8221;#006CA7&#8243; header_2_font_size=&#8221;21px&#8221; header_3_font=&#8221;|600|||||||&#8221; header_3_font_size=&#8221;18px&#8221; hover_enabled=&#8221;0&#8243; global_colors_info=&#8221;{}&#8221; sticky_enabled=&#8221;0&#8243;]<\/p>\n<h1 style=\"text-align: center;\">Z\u00e1sady Pou\u017e\u00edv\u00e1n\u00ed Soubor\u016f Cookie (<a href=\"https:\/\/bralo.com\/\">https:\/\/bralo.com\/<\/a>)<\/h1>\n<p>&nbsp;<\/p>\n<p>V souladu s \u010dl\u00e1nkem 10 Z\u00e1kona o slu\u017eb\u00e1ch spole\u010dnosti v oblasti elektronick\u00fdch informac\u00ed a obchodu (LSSICE) \u010d. 34\/2002 z 11. \u010dervence informujeme o n\u00e1sleduj\u00edc\u00edch pr\u00e1vn\u00edch aspektech webov\u00fdch str\u00e1nek:<\/p>\n<table>\n<tbody>\n<tr>\n<td><span style=\"font-weight: 400;\">Web:<\/span><\/td>\n<td><a href=\"https:\/\/bralo.com\/\"><span style=\"font-weight: 400;\">https:\/\/bralo.com\/<\/span><\/a><span style=\"font-weight: 400;\">\u00a0<\/span><\/td>\n<\/tr>\n<tr>\n<td><span style=\"font-weight: 400;\">Vlastn\u00edk:<\/span><\/td>\n<td><b>BRALO, S.A.<\/b><\/td>\n<\/tr>\n<tr>\n<td><span style=\"font-weight: 400;\">S\u00eddlo:<\/span><\/td>\n<td><span style=\"font-weight: 400;\">C\/ Milanos 12, P.I. La Estaci\u00f3n. 28320-Pinto<\/span><\/td>\n<\/tr>\n<tr>\n<td><span style=\"font-weight: 400;\">DI\u010c:<\/span><\/td>\n<td><span style=\"font-weight: 400;\">A78105822<\/span><\/td>\n<\/tr>\n<tr>\n<td><span style=\"font-weight: 400;\">Telefon:<\/span><\/td>\n<td><span style=\"font-weight: 400;\">916928285<\/span><\/td>\n<\/tr>\n<tr>\n<td><span style=\"font-weight: 400;\">E-mail:<\/span><\/td>\n<td><a href=\"mailto:bralo@bralo.es\"><span style=\"font-weight: 400;\">bralo@bralo.es<\/span><\/a><span style=\"font-weight: 400;\">\u00a0<\/span><\/td>\n<\/tr>\n<tr>\n<td><span style=\"font-weight: 400;\">Registra\u010dn\u00ed \u00fadaje:<\/span><\/td>\n<td><span style=\"font-weight: 400;\">Reg. mercantil de Madrid n\u00ba 3. Tomo 332, Gral. 301, Folio 54, n\u00ba 62245.3. Inscripci\u00f3n 1\u00ba<\/span><\/td>\n<\/tr>\n<\/tbody>\n<\/table>\n<p>BRALO, S.A. m\u016f\u017ee shroma\u017e\u010fovat informace o zvyklostech p\u0159i vyhled\u00e1v\u00e1n\u00ed u\u017eivatel\u016f webov\u00fdch str\u00e1nek pomoc\u00ed soubor\u016f cookie \u010di registra\u010dn\u00edch soubor\u016f. Soubory cookie se nebudou vyu\u017e\u00edvat ke shroma\u017e\u010fov\u00e1n\u00ed informac\u00ed osobn\u00edho charakteru. K jejich instalaci dojde pouze za p\u0159edpokladu, \u017ee U\u017eivatel z\u016fst\u00e1v\u00e1 a nad\u00e1le prohl\u00ed\u017e\u00ed na\u0161e webov\u00e9 str\u00e1nky, p\u0159i\u010dem\u017e souhlas\u00ed s jejich pou\u017eit\u00edm a instalac\u00ed. D\u00e1le nab\u00edz\u00edme podrobn\u00e9 informace o n\u00e1sleduj\u00edc\u00edm: co jsou soubory cookie, jakou typologii pou\u017e\u00edvaj\u00ed tyto webov\u00e9 str\u00e1nky, jak je lze deaktivovat v prohl\u00ed\u017ee\u010di a jak lze specificky zablokovat instalaci soubor\u016f cookie t\u0159et\u00edch stran.<\/p>\n<h2>1) CO JSOU SOUBORY COOKIE?<\/h2>\n<p>Soubory cookie jsou mal\u00e9 textov\u00e9 soubory vygenerovan\u00e9 u\u017eivatelem nav\u0161t\u011bvovan\u00fdmi webov\u00fdmi str\u00e1nkami, kter\u00e9 obsahuj\u00ed \u00fadaje o relaci, kter\u00e9 mohou b\u00fdt posl\u00e9ze u\u017eite\u010dn\u00e9 na webov\u00fdch str\u00e1nk\u00e1ch.  \u00dadaje umo\u017e\u0148uj\u00ed, aby webov\u00e1 str\u00e1nka mohla zachov\u00e1vat sv\u00e9 informace mezi jednotliv\u00fdmi str\u00e1nkami a tak\u00e9 pro anal\u00fdzu zp\u016fsobu interakce s webem.<\/p>\n<p>Soubory cookie jsou bezpe\u010dn\u00e9, nebo\u0165 mohou ukl\u00e1dat v\u00fdhradn\u011b informace, kter\u00e9 ulo\u017eil prohl\u00ed\u017ee\u010d na sv\u00e9 m\u00edsto, informace, kter\u00e9 u\u017eivatel vlo\u017eil do prohl\u00ed\u017ee\u010de nebo kter\u00e9 jsou zahrnuty v po\u017eadavku str\u00e1nky.  Nemohou spou\u0161t\u011bt k\u00f3d a nelze je pou\u017e\u00edvat k p\u0159\u00edstupu k za\u0159\u00edzen\u00ed u\u017eivatele.<\/p>\n<p>Soubory cookie jsou z\u00e1sadn\u00ed pro provoz internetu, p\u0159in\u00e1\u0161ej\u00ed nes\u010detn\u00e9 v\u00fdhody p\u0159i poskytov\u00e1n\u00ed interaktivn\u00edch slu\u017eeb, usnad\u0148uj\u00ed prohl\u00ed\u017een\u00ed a pou\u017eitelnost webov\u00fdch str\u00e1nek.  Soubory cookie nemohou po\u0161kodit za\u0159\u00edzen\u00ed a to, \u017ee jsou aktivn\u00ed, napom\u00e1h\u00e1 ke zji\u0161t\u011bn\u00ed a vy\u0159e\u0161en\u00ed chyb.<\/p>\n<p>Informace shrom\u00e1\u017ed\u011bn\u00e9 prost\u0159ednictv\u00edm soubor\u016f cookie mohou zahrnovat datum a \u010das n\u00e1v\u0161t\u011bv webov\u00fdch str\u00e1nek, zhl\u00e9dnut\u00e9 str\u00e1nky, dobu n\u00e1v\u0161t\u011bvy webov\u00e9 str\u00e1nky a str\u00e1nek nav\u0161t\u00edven\u00fdch t\u011bsn\u011b p\u0159edt\u00edm a pot\u00e9.  Nicm\u00e9n\u011b \u017e\u00e1dn\u00fd soubor cookie ned\u00e1v\u00e1 mo\u017enost kontaktu s telefonn\u00edm \u010d\u00edslem u\u017eivatele ani \u017e\u00e1dn\u00fd jin\u00fd zp\u016fsob osobn\u00edho kontaktu. \u017d\u00e1dn\u00fd soubor cookie nem\u016f\u017ee z\u00edskat informace z pevn\u00e9ho disku u\u017eivatele ani odcizit osobn\u00ed informace. Jedin\u00fd zp\u016fsob, jak se m\u016f\u017ee soukrom\u00e1 informace u\u017eivatele st\u00e1t sou\u010d\u00e1st\u00ed souboru cookie, je to, \u017ee u\u017eivatel poskytne osobn\u011b tuto informaci serveru.<\/p>\n<p>Soubory cookie, kter\u00e9 znemo\u017e\u0148uj\u00ed identifikaci osoby, se pova\u017euj\u00ed za osobn\u00ed \u00fadaje. Tud\u00ed\u017e pro n\u011b plat\u00ed v\u00fd\u0161e zm\u00edn\u011bn\u00e9 Z\u00e1sady soukrom\u00ed.  V tomto smyslu bude pro jejich pou\u017eit\u00ed pot\u0159eba z\u00edskat souhlas u\u017eivatele. Tento souhlas bude formou autentick\u00e9 volby sd\u011blen a nab\u00eddnut prost\u0159ednictv\u00edm potvrzuj\u00edc\u00edho a kladn\u00e9ho rozhodnut\u00ed, p\u0159ed po\u010d\u00e1te\u010dn\u00edm, zru\u0161iteln\u00fdm a dolo\u017een\u00fdm zpracov\u00e1n\u00edm.<\/p>\n<h2>2) CO JSOU SKRIPTY?<\/h2>\n<p>Skript je \u010d\u00e1st programov\u00e9ho k\u00f3du, kter\u00fd se pou\u017e\u00edv\u00e1 k tomu, aby na\u0161e webov\u00e1 str\u00e1nka fungovala spr\u00e1vn\u011b a interaktivn\u011b.  Tento k\u00f3d se spou\u0161t\u00ed na na\u0161em serveru nebo na va\u0161em za\u0159\u00edzen\u00ed.<\/p>\n<h2>3) TYPY SOUBOR\u016e COOKIE<\/h2>\n<p>N\u00ed\u017ee poskytujeme dal\u0161\u00ed informace pro lep\u0161\u00ed pochopen\u00ed jednotliv\u00fdch typ\u016f soubor\u016f cookie, kter\u00e9 lze pou\u017e\u00edt:<\/p>\n<h3>Dle vlastnictv\u00ed:<\/h3>\n<p><strong>Vlastn\u00ed soubory cookie:<\/strong> jsou ty, kter\u00e9 se pos\u00edlaj\u00ed do kone\u010dn\u00e9ho za\u0159\u00edzen\u00ed u\u017eivatele ze za\u0159\u00edzen\u00ed \u010di dom\u00e9ny spravovan\u00e9 samotn\u00fdm editorem a z n\u011bho\u017e je poskytov\u00e1na u\u017eivatelem po\u017eadovan\u00e1 slu\u017eba.<\/p>\n<p><strong>Soubory cookie t\u0159et\u00edch stran:<\/strong>  jedn\u00e1 se o soubory cookie, kter\u00e9 jsou zas\u00edl\u00e1ny do koncov\u00e9ho za\u0159\u00edzen\u00ed u\u017eivatele ze za\u0159\u00edzen\u00ed \u010di dom\u00e9ny, je\u017e nejsou spravov\u00e1ny editorem, n\u00fdbr\u017e jin\u00fdm subjektem, kter\u00fd zpracov\u00e1v\u00e1 \u00fadaje z\u00edskan\u00e9 prost\u0159ednictv\u00edm soubor\u016f cookie. <\/p>\n<h3>Dle \u00fa\u010delu<\/h3>\n<p><strong>Technick\u00e9 (pot\u0159ebn\u00e9) soubory cookie:<\/strong>Technick\u00e9 soubory cookie jsou zcela nezbytn\u00e9 a pot\u0159ebn\u00e9 pro spr\u00e1vnou funkci webov\u00e9ho port\u00e1lu a vyu\u017e\u00edv\u00e1n\u00ed jednotliv\u00fdch mo\u017enost\u00ed a slu\u017eeb, kter\u00e9 tento port\u00e1l nab\u00edz\u00ed. <\/p>\n<p>Nap\u0159\u00edklad slou\u017e\u00ed k udr\u017eov\u00e1n\u00ed relace, spr\u00e1v\u011b doby odezvy, v\u00fdkonu atd.<\/p>\n<p><strong>Preferen\u010dn\u00ed nebo personaliza\u010dn\u00ed soubory cookie:<\/strong> jedn\u00e1 se o soubory cookie, kter\u00e9 umo\u017e\u0148uj\u00ed zapamatov\u00e1n\u00ed informac\u00ed, aby u\u017eivatel mohl p\u0159istupovat ke slu\u017eb\u011b s ur\u010dit\u00fdmi charakteristikami, kter\u00e9 mohou odli\u0161it jeho zku\u0161enosti od zku\u0161enost\u00ed ostatn\u00edch u\u017eivatel\u016f, nap\u0159\u00edklad jazyk, po\u010det v\u00fdsledk\u016f, kter\u00e9 se zobraz\u00ed p\u0159i vyhled\u00e1v\u00e1n\u00ed, vzhled nebo obsah slu\u017eby v z\u00e1vislosti na typu prohl\u00ed\u017ee\u010de, p\u0159es kter\u00fd u\u017eivatel ke slu\u017eb\u011b p\u0159istupuje, nebo na regionu, ze kter\u00e9ho ke slu\u017eb\u011b p\u0159istupuje, atd.\n<\/p>\n<p><strong>Analytick\u00e9 soubory cookie:<\/strong> jedn\u00e1 se o soubory cookie, kter\u00e9 umo\u017e\u0148uj\u00ed odpov\u011bdn\u00e9mu subjektu sledovat a hodnotit chov\u00e1n\u00ed u\u017eivatel\u016f webov\u00fdch str\u00e1nek, s nimi\u017e jsou propojeny, v\u010detn\u011b kvantifikace dopadu ozn\u00e1men\u00ed. Informace shrom\u00e1\u017ed\u011bn\u00e9 prost\u0159ednictv\u00edm tohoto typu soubor\u016f cookie se pou\u017e\u00edvaj\u00ed k m\u011b\u0159en\u00ed aktivity webov\u00fdch str\u00e1nek, aplikac\u00ed nebo platformy, aby bylo mo\u017en\u00e9 prov\u00e1d\u011bt zlep\u0161en\u00ed na z\u00e1klad\u011b anal\u00fdzy \u00fadaj\u016f o pou\u017e\u00edv\u00e1n\u00ed slu\u017eby u\u017eivateli.<\/p>\n<p><strong>Soubory cookie pro behavior\u00e1ln\u00ed reklamu:<\/strong> jedn\u00e1 se o soubory cookie, kter\u00e9 ukl\u00e1daj\u00ed informace o chov\u00e1n\u00ed u\u017eivatel\u016f z\u00edskan\u00e9 pr\u016fb\u011b\u017en\u00fdm sledov\u00e1n\u00edm jejich zvyklost\u00ed p\u0159i prohl\u00ed\u017een\u00ed str\u00e1nek, co\u017e umo\u017e\u0148uje vytvo\u0159it specifick\u00fd profil, na jeho\u017e z\u00e1klad\u011b se zobrazuje reklama.<\/p>\n<h3>Podle lh\u016fty<\/h3>\n<p><strong>Soubory cookie relace:<\/strong> sou ur\u010deny ke shroma\u017e\u010fov\u00e1n\u00ed a ukl\u00e1d\u00e1n\u00ed dat b\u011bhem p\u0159\u00edstupu u\u017eivatele na webovou str\u00e1nku. Obvykle se pou\u017e\u00edvaj\u00ed k ukl\u00e1d\u00e1n\u00ed informac\u00ed, kter\u00e9 jsou d\u016fle\u017eit\u00e9 pouze pro jednor\u00e1zov\u00e9 poskytnut\u00ed slu\u017eby po\u017eadovan\u00e9 u\u017eivatelem (nap\u0159. seznam zakoupen\u00fdch produkt\u016f) a na konci relace zmiz\u00ed.<\/p>\n<p><strong>Trval\u00e9 soubory cookie:<\/strong>  jedn\u00e1 se o soubory cookie, jejich\u017e \u00fadaje z\u016fst\u00e1vaj\u00ed ulo\u017eeny v koncov\u00e9m za\u0159\u00edzen\u00ed a lze k nim m\u00edt p\u0159\u00edstup a zpracov\u00e1vat je po dobu stanovenou stranou odpov\u011bdnou za soubor cookie, kter\u00e1 se m\u016f\u017ee pohybovat od n\u011bkolika minut a\u017e po n\u011bkolik let.<\/p>\n<h3>Vlastn\u00ed soubory cookie<\/h3>\n<p>Jedn\u00e1 se o soubory cookie, kter\u00e9 jsou zas\u00edl\u00e1ny do po\u010d\u00edta\u010de nebo za\u0159\u00edzen\u00ed U\u017eivatele a spravov\u00e1ny v\u00fdlu\u010dn\u011b spole\u010dnost\u00ed BRALO, S.A. pro lep\u0161\u00ed funkci webov\u00fdch str\u00e1nek.  Shrom\u00e1\u017ed\u011bn\u00e9 informace slou\u017e\u00ed ke zlep\u0161ov\u00e1n\u00ed kvality webov\u00fdch str\u00e1nek a jejich obsahu, jako\u017e i Va\u0161\u00ed zku\u0161enosti coby U\u017eivatele.  Tyto soubory cookie umo\u017e\u0148uj\u00ed rozpoznat U\u017eivatele jako subjekt, jen\u017e opakovan\u011b nav\u0161t\u011bvuje webov\u00e9 str\u00e1nky, a p\u0159izp\u016fsobit str\u00e1nky tak, aby nab\u00edzely obsahy v souladu s preferencemi U\u017eivatele.<\/p>\n<ul>\n<li>_wpdm_client: jedn\u00e1 se o nezbytn\u00fd soubor cookie. Je vytvo\u0159en za \u00fa\u010delem vyu\u017eit\u00ed mo\u017enost\u00ed a slu\u017eeb, kter\u00e9 webov\u00e9 str\u00e1nky nab\u00edzej\u00ed.   Doba trv\u00e1n\u00ed relace.<\/li>\n<li>_gid: je trval\u00fd a analytick\u00fd soubor cookie slu\u017eby Google Analytics.  Pou\u017e\u00edv\u00e1 se k identifikaci t\u00e9ho\u017e u\u017eivatele b\u011bhem jedin\u00e9ho dne.  Doba trv\u00e1n\u00ed: 1 den Jedn\u00e1 se o analytick\u00fd soubor cookie.<\/li>\n<li>_ga: je trval\u00fd a analytick\u00fd soubor cookie slu\u017eby Google Analytics.  Slou\u017e\u00ed ke sledov\u00e1n\u00ed jednor\u00e1zov\u00fdch n\u00e1v\u0161t\u011bv, ukl\u00e1d\u00e1 identifik\u00e1tor ka\u017ed\u00e9ho u\u017eivatele, kter\u00fd se vyu\u017e\u00edv\u00e1 k v\u00fdpo\u010dtu uskute\u010dn\u011bn\u00fdch interakc\u00ed pro optimalizaci nab\u00edzen\u00fdch slu\u017eeb.  Doba trv\u00e1n\u00ed: 2 roky Jedn\u00e1 se o analytick\u00fd soubor cookie.<\/li>\n<li>pll_language: Jedn\u00e1 se o technick\u00fd soubor cookie. Tento soubor cookie je specifick\u00fd pro n\u00e1stroje, s nimi\u017e byly webov\u00e9 str\u00e1nky vyvinuty, a ukl\u00e1d\u00e1 jazyk zvolen\u00fd p\u0159i prohl\u00ed\u017een\u00ed. Doba trv\u00e1n\u00ed: 1 rok\n<\/li>\n<li>_ga_FSXHXV5M1N: : jedn\u00e1 se o trval\u00fd a analytick\u00fd soubor cookie slu\u017eby Google Analytics.  Pou\u017e\u00edv\u00e1 se k identifikaci t\u00e9ho\u017e u\u017eivatele b\u011bhem jedin\u00e9ho dne. Doba trv\u00e1n\u00ed: 1 rok Jedn\u00e1 se o analytick\u00fd soubor cookie.<\/li>\n<li>SL_C_23361dd035530_SID: jedn\u00e1 se o technick\u00fd soubor cookie, kter\u00fd je nezbytn\u00fd pro b\u011b\u017en\u00fd v\u00fdvoj webov\u00e9 str\u00e1nky. Doba trv\u00e1n\u00ed: 1 rok.<\/li>\n<li>DSID: Pou\u017e\u00edv\u00e1 se k identifikaci u\u017eivatele, kter\u00fd je p\u0159ihl\u00e1\u0161en ke sv\u00e9mu \u00fa\u010dtu Google, ale prohl\u00ed\u017e\u00ed si str\u00e1nky t\u0159et\u00edch stran, a k zapamatov\u00e1n\u00ed, zda se u\u017eivatel p\u0159ihl\u00e1sil k personalizaci reklam. Tento soubor cookie vydr\u017e\u00ed 2 t\u00fddny.<\/li>\n<li>ar_debug: je vlastn\u00ed soubor cookie spole\u010dnosti DoubleClick. Doba trv\u00e1n\u00ed 1 m\u011bs\u00edc.<\/li>\n<li>ID: Soubor cookie \u201eID\u201c je jedine\u010dn\u00fd identifik\u00e1tor p\u0159i\u0159azen\u00fd konkr\u00e9tn\u00edmu u\u017eivateli nebo za\u0159\u00edzen\u00ed p\u0159i n\u00e1v\u0161t\u011bv\u011b webov\u00e9 str\u00e1nky. Tento soubor cookie m\u016f\u017ee m\u00edt r\u016fzn\u00e9 \u00fa\u010dely, jako je sledov\u00e1n\u00ed aktivity u\u017eivatele, udr\u017eov\u00e1n\u00ed stavu p\u0159ihl\u00e1\u0161en\u00ed nebo p\u0159izp\u016fsoben\u00ed u\u017eivatelsk\u00e9 zku\u0161enosti na webu. Jeho trv\u00e1n\u00ed je prom\u011bnliv\u00e9.<\/li>\n<\/ul>\n<h3>Cookies t\u0159et\u00edch stran<\/h3>\n<p>Webov\u00e1 str\u00e1nka negeneruje soubory cookies t\u0159et\u00edch stran.<\/p>\n<p>Spole\u010dnost BRALO, S.A. nevkl\u00e1d\u00e1 \u017e\u00e1dn\u00e9 odkazy ani pluginy pro p\u0159esm\u011brov\u00e1n\u00ed na webov\u00e9 str\u00e1nky soci\u00e1ln\u00edch s\u00edt\u00ed ani sd\u00edlen\u00ed obsahu.<\/p>\n<h2>4) ODPOV\u011aDNOST ZA ZPRACOV\u00c1N\u00cd SOUBOR\u016e COOKIE<\/h2>\n<p>Vlastn\u00edk webov\u00fdch str\u00e1nek a subjekt odpov\u011bdn\u00fd za zpracov\u00e1n\u00ed zde pou\u017eit\u00fdch soubor\u016f cookies, jako\u017e i jeho kontaktn\u00ed \u00fadaje, jsou k dispozici v Pr\u00e1vn\u00ed informaci t\u00e9to str\u00e1nky.  Takt\u00e9\u017e se mohou vyskytovat soubory cookie t\u0159et\u00edch stran odli\u0161n\u00fdch od vlastn\u00edka t\u00e9to webov\u00e9 str\u00e1nky, jak je posl\u00e9ze vysv\u011btleno.<\/p>\n<h2>5) OPR\u00c1VN\u011aN\u00cd K U\u017d\u00cdV\u00c1N\u00cd SOUBOR\u016e COOKIE<\/h2>\n<p>V p\u0159\u00edpad\u011b technick\u00fdch soubor\u016f cookie, tj. t\u011bch, kter\u00e9 jsou nezbytn\u00e9 pro prohl\u00ed\u017een\u00ed t\u011bchto webov\u00fdch str\u00e1nek a p\u0159ij\u00edm\u00e1n\u00ed slu\u017eeb nab\u00edzen\u00fdch prost\u0159ednictv\u00edm t\u011bchto str\u00e1nek, je pr\u00e1vn\u00edm z\u00e1kladem pro jejich pou\u017eit\u00ed smlouva, na jej\u00edm\u017e z\u00e1klad\u011b se rozhodnete tyto webov\u00e9 str\u00e1nky pou\u017e\u00edvat a vyu\u017e\u00edvat jejich slu\u017eby.<\/p>\n<p>Pr\u00e1vn\u00edm p\u0159edpokladem pro pou\u017e\u00edv\u00e1n\u00ed ostatn\u00edch soubor\u016f cookie je souhlas u\u017eivatele, kter\u00fd je vy\u017eadov\u00e1n p\u0159i vstupu na tyto webov\u00e9 str\u00e1nky a m\u016f\u017ee b\u00fdt kdykoli odvol\u00e1n. Odvol\u00e1n\u00ed takov\u00e9ho souhlasu nem\u00e1 vliv na mo\u017enost prohl\u00ed\u017een\u00ed t\u011bchto webov\u00fdch str\u00e1nek a vyu\u017e\u00edv\u00e1n\u00ed jejich slu\u017eeb, nicm\u00e9n\u011b p\u0159edchoz\u00ed zpracov\u00e1n\u00ed \u00fadaj\u016f se v d\u016fsledku odvol\u00e1n\u00ed souhlasu nestane nez\u00e1konn\u00fdm.<\/p>\n<h2>6) SOUHLAS<\/h2>\n<p>U\u017eivatel bude muset v\u00fdslovn\u011b a aktivn\u011b souhlasit s pou\u017e\u00edv\u00e1n\u00edm v\u00fd\u0161e uveden\u00fdch soubor\u016f cookie po v\u00fd\u0161e uvedenou dobu a za podm\u00ednek uveden\u00fdch v t\u011bchto Z\u00e1sad\u00e1ch pou\u017e\u00edv\u00e1n\u00ed soubor\u016f cookie.<\/p>\n<h2>7) ODVOL\u00c1N\u00cd SOUHLASU<\/h2>\n<p>U\u017eivatel\u00e9 mohou sv\u016fj souhlas s t\u011bmito Z\u00e1sadami pou\u017e\u00edv\u00e1n\u00ed soubor\u016f cookie kdykoli odvolat vymaz\u00e1n\u00edm soubor\u016f cookie ulo\u017een\u00fdch v jejich po\u010d\u00edta\u010di pomoc\u00ed nastaven\u00ed a konfigurace jejich internetov\u00e9ho prohl\u00ed\u017ee\u010de.<\/p>\n<h2>8) PR\u00c1VA ZAINTERESOVAN\u00c9 STRANY<\/h2>\n<p>V\u011bt\u0161ina soubor\u016f cookie shroma\u017e\u010fuje anonymn\u00ed informace, kter\u00e9 neumo\u017e\u0148uj\u00ed zjistit toto\u017enost u\u017eivatele, a\u010dkoli n\u011bkter\u00e9 z obsa\u017een\u00fdch k\u00f3d\u016f slou\u017e\u00ed k identifikaci nebo individualizaci prohl\u00ed\u017ee\u010de pou\u017eit\u00e9ho za\u0159\u00edzen\u00ed a mohou se na n\u011b vztahovat p\u0159edpisy o ochran\u011b osobn\u00edch \u00fadaj\u016f. Z tohoto d\u016fvodu v\u00e1s informujeme, \u017ee informace z\u00edskan\u00e9 prost\u0159ednictv\u00edm soubor\u016f cookie se budou zpracov\u00e1vat pro \u00fa\u010dely uveden\u00e9 v t\u011bchto Z\u00e1sad\u00e1ch pou\u017e\u00edv\u00e1n\u00ed soubor\u016f cookie. Tyto informace budou takt\u00e9\u017e zpracov\u00e1vat spole\u010dnosti, kter\u00e9 dod\u00e1vaj\u00ed soubory cookies pro \u00fa\u010dely uveden\u00e9 v jejich p\u0159\u00edslu\u0161n\u00fdch Z\u00e1sad\u00e1ch soukrom\u00ed.<\/p>\n<p>Nicm\u00e9n\u011b vzhledem k tomu, \u017ee tyto k\u00f3dy neumo\u017e\u0148uj\u00ed identifikaci u\u017eivatele, nelze uplatnit pr\u00e1va na p\u0159\u00edstup, opravu, zru\u0161en\u00ed, n\u00e1mitku, omezen\u00ed a p\u0159enositelnost, je\u017e jsou stanovena v p\u0159edpisech o ochran\u011b \u00fadaj\u016f, pokud u\u017eivatel nen\u00ed schopen poskytnout dal\u0161\u00ed informace, kter\u00e9 umo\u017en\u00ed propojen\u00ed jeho identity s identifika\u010dn\u00edmi k\u00f3dy jeho soubor\u016f cookie.<\/p>\n<p>Domn\u00edv\u00e1-li se u\u017eivatel, \u017ee do\u0161lo k poru\u0161en\u00ed jeho pr\u00e1va na ochranu \u00fadaj\u016f, m\u016f\u017ee podat st\u00ed\u017enost \u0160pan\u011blsk\u00e9 agentu\u0159e pro ochranu \u00fadaj\u016f (www.aepd.es) nebo na\u0161emu z\u00e1stupci pro ochranu \u00fadaj\u016f\/osob\u011b odpov\u011bdn\u00e9 za ochranu \u00fadaj\u016f, na n\u00e1sleduj\u00edc\u00ed e-mail: bralo@bralo.es. <\/p>\n<p>R\u00e1di bychom v\u00e1s tak\u00e9 informovali, \u017ee n\u011bkte\u0159\u00ed na\u0161i dodavatel\u00e9, partne\u0159i a spolupracovn\u00edci se mohou nach\u00e1zet ve Spojen\u00fdch st\u00e1tech nebo v jin\u00fdch zem\u00edch, jejich\u017e pr\u00e1vn\u00ed p\u0159edpisy neposkytuj\u00ed takovou \u00farove\u0148 ochrany \u00fadaj\u016f, jak\u00e1 je v Evrop\u011b. Ud\u011blen\u00edm souhlasu s pou\u017eit\u00edm soubor\u016f cookie a se sd\u00edlen\u00edm \u00fadaj\u016f souhlas\u00edte s p\u0159enosem sv\u00fdch osobn\u00edch \u00fadaj\u016f.  <\/p>\n<h2>9) SPR\u00c1VA SOUBOR\u016e COOKIE:  Dodate\u010dn\u00e9 z\u00e1ruky<\/h2>\n<p>V\u0161echny internetov\u00e9 prohl\u00ed\u017ee\u010de umo\u017e\u0148uj\u00ed omezen\u00ed chov\u00e1n\u00ed ur\u010dit\u00e9ho souboru cookie nebo deaktivaci soubor\u016f cookie, a to v nastaven\u00ed nebo v mo\u017enostech prohl\u00ed\u017ee\u010de.  Postup se u ka\u017ed\u00e9ho prohl\u00ed\u017ee\u010de li\u0161\u00ed a pokyny naleznete v nab\u00eddce n\u00e1pov\u011bdy ka\u017ed\u00e9ho prohl\u00ed\u017ee\u010de.<\/p>\n<p>Mnoh\u00e9 prohl\u00ed\u017ee\u010de umo\u017e\u0148uj\u00ed aktivaci soukrom\u00e9ho re\u017eimu, jeho\u017e pomoc\u00ed dojde ke smaz\u00e1n\u00ed soubor\u016f cookie po ka\u017ed\u00e9 n\u00e1v\u0161t\u011bv\u011b.  Tento soukrom\u00fd re\u017eim m\u016f\u017ee m\u00edt r\u016fzn\u00e9 n\u00e1zvy, v z\u00e1vislosti na ka\u017ed\u00e9m prohl\u00ed\u017ee\u010di.  N\u00ed\u017ee je k dispozici seznam nej\u010dast\u011bji pou\u017e\u00edvan\u00fdch prohl\u00ed\u017ee\u010d\u016f s odkazem na nastaven\u00ed soubor\u016f cookie a jednotliv\u00e9 n\u00e1zvy tohoto &#8220;soukrom\u00e9ho re\u017eimu&#8221;:<\/p>\n<ul>\n<li>Internet Explorer: <a href=\"http:\/\/windows.microsoft.com\/es-xl\/internet-explorer\/delete-manage-cookies#ie=ie-11\" rel=\"nofollow noopener\" target=\"_blank\">http:\/\/windows.microsoft.com\/es-xl\/internet-explorer\/delete-manage-cookies#ie=ie-11<\/a><\/li>\n<li>FireFox: <a href=\"https:\/\/support.mozilla.org\/es\/kb\/Borrarcookies\" rel=\"nofollow noopener\" target=\"_blank\">https:\/\/support.mozilla.org\/es\/kb\/Borrarcookies<\/a><\/li>\n<li>Chrome: <a href=\"https:\/\/support.google.com\/chrome\/answer\/95647?hl=es\" rel=\"nofollow noopener\" target=\"_blank\">https:\/\/support.google.com\/chrome\/answer\/95647?hl=es<\/a><\/li>\n<li>Safari: <a href=\"http:\/\/www.apple.com\/legal\/privacy\/es\/cookies\/\" rel=\"nofollow noopener\" target=\"_blank\">http:\/\/www.apple.com\/legal\/privacy\/es\/cookies\/<\/a><\/li>\n<li>Opera: <a href=\"https:\/\/help.opera.com\/en\/latest\/security-and-privacy\/\" rel=\"nofollow noopener\" target=\"_blank\">https:\/\/help.opera.com\/en\/latest\/security-and-privacy\/<\/a><\/li>\n<li>Safari para iOS (dispositivos iPhone y iPad): <a href=\"http:\/\/help.opera.com\/Linux\/10.50\/en\/cookies.html\" rel=\"nofollow noopener\" target=\"_blank\">http:\/\/help.opera.com\/Linux\/10.50\/en\/cookies.html<\/a><\/li>\n<li>Chrome para Android: <a href=\"https:\/\/support.google.com\/chrome\/answer\/2392971?hl=es\" rel=\"nofollow noopener\" target=\"_blank\">https:\/\/support.google.com\/chrome\/answer\/2392971?hl=es<\/a><\/li>\n<li>Windows Phone: <a href=\"http:\/\/www.windowsphone.com\/es-es\/how-to\/wp7\/web\/changing-privacy-and-other-browser-\" rel=\"nofollow noopener\" target=\"_blank\">http:\/\/www.windowsphone.com\/es-es\/how-to\/wp7\/web\/changing-privacy-and-other-browser-<\/a><\/li>\n<\/ul>\n<p>Pro dal\u0161\u00ed informace o odstran\u011bn\u00ed, vypnut\u00ed \u010di zablokov\u00e1n\u00ed soubor\u016f cookie lze takt\u00e9\u017e nav\u0161t\u00edvit: <a href=\"http:\/\/www.aboutcookies.org\/Default.aspx?page=2\" rel=\"nofollow noopener\" target=\"_blank\">http:\/\/www.aboutcookies.org\/Default.aspx?page=2<\/a><\/p>\n<p>Dojde-li k z\u00e1kazu soubor\u016f cookie, nebudeme moci zachovat va\u0161e preference, n\u011bkter\u00e9 funkce webov\u00fdch str\u00e1nek mohou p\u0159estat fungovat a je mo\u017en\u00e9, \u017ee v\u00e1m nebudeme moci poskytovat personalizovan\u00e9 slu\u017eby.<\/p>\n<h2>10) AKTUALIZACE Z\u00c1SAD POU\u017d\u00cdV\u00c1N\u00cd SOUBOR\u016e COOKIE<\/h2>\n<p>Tyto webov\u00e9 str\u00e1nky mohou m\u011bnit tyto Z\u00e1sady pou\u017e\u00edv\u00e1n\u00ed soubor\u016f cookie. Proto v\u00e1m doporu\u010dujeme, abyste si je p\u0159i ka\u017ed\u00e9 n\u00e1v\u0161t\u011bv\u011b na\u0161ich webov\u00fdch str\u00e1nek p\u0159e\u010detli. Tak budete \u0159\u00e1dn\u011b informov\u00e1ni o pou\u017e\u00edv\u00e1n\u00ed soubor\u016f cookie.<\/p>\n<p>Posledn\u00ed revize: 18\/03\/24<\/p>\n<p>[\/et_pb_text][\/et_pb_column][et_pb_column type=&#8221;1_5&#8243; _builder_version=&#8221;4.21.0&#8243; _module_preset=&#8221;default&#8221; global_colors_info=&#8221;{}&#8221;][\/et_pb_column][\/et_pb_row][\/et_pb_section]<\/p>\n","protected":false},"excerpt":{"rendered":"<p>Z\u00e1sady Pou\u017e\u00edv\u00e1n\u00ed Soubor\u016f Cookie (https:\/\/bralo.com\/) &nbsp; V souladu s \u010dl\u00e1nkem 10 Z\u00e1kona o slu\u017eb\u00e1ch spole\u010dnosti v oblasti elektronick\u00fdch informac\u00ed a obchodu (LSSICE) \u010d. 34\/2002 z 11. \u010dervence informujeme o n\u00e1sleduj\u00edc\u00edch pr\u00e1vn\u00edch aspektech webov\u00fdch str\u00e1nek: Web: https:\/\/bralo.com\/\u00a0 Vlastn\u00edk: BRALO, S.A. S\u00eddlo: C\/ Milanos 12, P.I. La Estaci\u00f3n. 28320-Pinto DI\u010c: A78105822 Telefon: 916928285 E-mail: bralo@bralo.es\u00a0 Registra\u010dn\u00ed \u00fadaje: [&hellip;]<\/p>\n","protected":false},"author":2,"featured_media":0,"parent":0,"menu_order":0,"comment_status":"closed","ping_status":"closed","template":"","meta":{"_acf_changed":false,"_et_pb_use_builder":"on","_et_pb_old_content":"","_et_gb_content_width":"","inline_featured_image":false,"footnotes":""},"class_list":["post-25914","page","type-page","status-publish","hentry"],"acf":[],"_links":{"self":[{"href":"https:\/\/bralo.com\/cs\/wp-json\/wp\/v2\/pages\/25914","targetHints":{"allow":["GET"]}}],"collection":[{"href":"https:\/\/bralo.com\/cs\/wp-json\/wp\/v2\/pages"}],"about":[{"href":"https:\/\/bralo.com\/cs\/wp-json\/wp\/v2\/types\/page"}],"author":[{"embeddable":true,"href":"https:\/\/bralo.com\/cs\/wp-json\/wp\/v2\/users\/2"}],"replies":[{"embeddable":true,"href":"https:\/\/bralo.com\/cs\/wp-json\/wp\/v2\/comments?post=25914"}],"version-history":[{"count":3,"href":"https:\/\/bralo.com\/cs\/wp-json\/wp\/v2\/pages\/25914\/revisions"}],"predecessor-version":[{"id":25920,"href":"https:\/\/bralo.com\/cs\/wp-json\/wp\/v2\/pages\/25914\/revisions\/25920"}],"wp:attachment":[{"href":"https:\/\/bralo.com\/cs\/wp-json\/wp\/v2\/media?parent=25914"}],"curies":[{"name":"wp","href":"https:\/\/api.w.org\/{rel}","templated":true}]}}