{"id":26128,"date":"2024-02-14T11:24:54","date_gmt":"2024-02-14T11:24:54","guid":{"rendered":"https:\/\/bralo.com\/vodotesna-reseni\/"},"modified":"2024-12-13T13:33:23","modified_gmt":"2024-12-13T13:33:23","slug":"vodotesna-reseni","status":"publish","type":"page","link":"https:\/\/bralo.com\/cs\/vodotesna-reseni\/","title":{"rendered":"Vodot\u011bsn\u00e1 \u0159e\u0161en\u00ed"},"content":{"rendered":"<p>[et_pb_section fb_built=&#8221;1&#8243; custom_padding_last_edited=&#8221;on|phone&#8221; _builder_version=&#8221;4.21.0&#8243; _module_preset=&#8221;default&#8221; background_image=&#8221;https:\/\/bralo.com\/wp-content\/uploads\/2023\/09\/cabecera-estanquedad.jpg&#8221; custom_margin=&#8221;||3px||false|false&#8221; custom_padding_tablet=&#8221;&#8221; custom_padding_phone=&#8221;|0px||0px|false|false&#8221; da_disable_devices=&#8221;off|off|off&#8221; locked=&#8221;off&#8221; global_colors_info=&#8221;{}&#8221; admin_label=&#8221;Section&#8221; da_is_popup=&#8221;off&#8221; da_exit_intent=&#8221;off&#8221; da_has_close=&#8221;on&#8221; da_alt_close=&#8221;off&#8221; da_dark_close=&#8221;off&#8221; da_not_modal=&#8221;on&#8221; da_is_singular=&#8221;off&#8221; da_with_loader=&#8221;off&#8221; da_has_shadow=&#8221;on&#8221;][et_pb_row custom_padding_last_edited=&#8221;on|phone&#8221; _builder_version=&#8221;4.21.0&#8243; _module_preset=&#8221;default&#8221; custom_padding=&#8221;|8%||8%|true|true&#8221; custom_padding_tablet=&#8221;70px|8%|70px|8%|true|true&#8221; custom_padding_phone=&#8221;70px|0%|70px|0%|true|true&#8221; global_colors_info=&#8221;{}&#8221;][et_pb_column type=&#8221;4_4&#8243; _builder_version=&#8221;4.20.4&#8243; _module_preset=&#8221;default&#8221; global_colors_info=&#8221;{}&#8221;][et_pb_text _builder_version=&#8221;4.21.0&#8243; _module_preset=&#8221;default&#8221; text_font=&#8221;|300|||||||&#8221; text_text_color=&#8221;#FFFFFF&#8221; text_line_height=&#8221;1.5em&#8221; header_font=&#8221;|||on|||||&#8221; header_text_color=&#8221;#FFFFFF&#8221; header_font_size=&#8221;45px&#8221; header_line_height=&#8221;2.2em&#8221; text_orientation=&#8221;center&#8221; text_line_height_tablet=&#8221;1.5em&#8221; text_line_height_phone=&#8221;1em&#8221; text_line_height_last_edited=&#8221;on|phone&#8221; global_colors_info=&#8221;{}&#8221;]<\/p>\n<h1>Vodot\u011bsn\u00e1 \u0159e\u0161en\u00ed<\/h1>\n<p>[\/et_pb_text][\/et_pb_column][\/et_pb_row][\/et_pb_section][et_pb_section fb_built=&#8221;1&#8243; _builder_version=&#8221;4.23&#8243; _module_preset=&#8221;default&#8221; background_color=&#8221;#FFFFFF&#8221; background_image=&#8221;https:\/\/bralo.com\/wp-content\/uploads\/2023\/09\/todas-piezas-estanqueidad-2.jpg&#8221; background_size=&#8221;custom&#8221; background_image_width=&#8221;70%&#8221; background_position=&#8221;bottom_right&#8221; custom_padding=&#8221;40px||40px||true|false&#8221; da_disable_devices=&#8221;off|off|off&#8221; global_colors_info=&#8221;{}&#8221; admin_label=&#8221;Section&#8221; da_is_popup=&#8221;off&#8221; da_exit_intent=&#8221;off&#8221; da_has_close=&#8221;on&#8221; da_alt_close=&#8221;off&#8221; da_dark_close=&#8221;off&#8221; da_not_modal=&#8221;on&#8221; da_is_singular=&#8221;off&#8221; da_with_loader=&#8221;off&#8221; da_has_shadow=&#8221;on&#8221;][et_pb_row column_structure=&#8221;1_2,1_2&#8243; _builder_version=&#8221;4.20.4&#8243; _module_preset=&#8221;default&#8221; global_colors_info=&#8221;{}&#8221;][et_pb_column type=&#8221;1_2&#8243; _builder_version=&#8221;4.20.4&#8243; _module_preset=&#8221;default&#8221; global_colors_info=&#8221;{}&#8221;][et_pb_text _builder_version=&#8221;4.23&#8243; _module_preset=&#8221;default&#8221; header_2_font=&#8221;||||||||&#8221; header_2_font_size=&#8221;35px&#8221; custom_padding_tablet=&#8221;&#8221; custom_padding_phone=&#8221;||20px||false|false&#8221; custom_padding_last_edited=&#8221;on|phone&#8221; global_colors_info=&#8221;{}&#8221;]<\/p>\n<h2><em>T\u011aSNIC\u00cd PROCESY<\/em><\/h2>\n<p>BEZPE\u010cNOST A \u017dIVOTNOST Ve spole\u010dnosti BRALO nab\u00edz\u00edme r\u016fzn\u00e1 \u0159e\u0161en\u00ed pro zaji\u0161t\u011bn\u00ed vodot\u011bsnosti p\u0159i upev\u0148ov\u00e1n\u00ed na\u0161ich v\u00fdrobk\u016f v souladu s pot\u0159ebami ka\u017ed\u00e9ho z\u00e1kazn\u00edka. V z\u00e1vislosti na technick\u00fdch po\u017eadavc\u00edch lze pou\u017e\u00edt t\u011bsn\u011bn\u00ed nebo t\u011bsnic\u00ed materi\u00e1ly. Ob\u011b \u0159e\u0161en\u00ed lze vyu\u017e\u00edt u n\u00fdt\u016f, matic \u010di n\u00fdtovac\u00edch \u0161roub\u016f.<br \/>\n[\/et_pb_text][\/et_pb_column][et_pb_column type=&#8221;1_2&#8243; _builder_version=&#8221;4.20.4&#8243; _module_preset=&#8221;default&#8221; global_colors_info=&#8221;{}&#8221;][\/et_pb_column][\/et_pb_row][\/et_pb_section][et_pb_section fb_built=&#8221;1&#8243; _builder_version=&#8221;4.21.0&#8243; _module_preset=&#8221;default&#8221; background_color=&#8221;#006CA7&#8243; custom_padding=&#8221;20px||20px||true|false&#8221; da_disable_devices=&#8221;off|off|off&#8221; global_colors_info=&#8221;{}&#8221; admin_label=&#8221;Section&#8221; da_is_popup=&#8221;off&#8221; da_exit_intent=&#8221;off&#8221; da_has_close=&#8221;on&#8221; da_alt_close=&#8221;off&#8221; da_dark_close=&#8221;off&#8221; da_not_modal=&#8221;on&#8221; da_is_singular=&#8221;off&#8221; da_with_loader=&#8221;off&#8221; da_has_shadow=&#8221;on&#8221;][et_pb_row column_structure=&#8221;1_3,1_3,1_3&#8243; module_class=&#8221;separacion-ventajas&#8221; _builder_version=&#8221;4.23&#8243; _module_preset=&#8221;default&#8221; global_colors_info=&#8221;{}&#8221;][et_pb_column type=&#8221;1_3&#8243; _builder_version=&#8221;4.21.0&#8243; _module_preset=&#8221;default&#8221; global_colors_info=&#8221;{}&#8221;][et_pb_blurb title=&#8221;T\u011bsn\u011bn\u00ed se p\u0159izp\u016fsob\u00ed prostoru dan\u00e9ho d\u00edlu.&#8221; image=&#8221;https:\/\/bralo.com\/wp-content\/uploads\/2023\/09\/icono-navaja.png&#8221; _builder_version=&#8221;4.21.0&#8243; _module_preset=&#8221;default&#8221; header_level=&#8221;h3&#8243; header_text_align=&#8221;center&#8221; header_text_color=&#8221;#FFFFFF&#8221; global_colors_info=&#8221;{}&#8221;][\/et_pb_blurb][\/et_pb_column][et_pb_column type=&#8221;1_3&#8243; _builder_version=&#8221;4.21.0&#8243; _module_preset=&#8221;default&#8221; global_colors_info=&#8221;{}&#8221;][et_pb_blurb title=&#8221;STATICK\u00c1 VODOT\u011aSNOST proti kapalin\u00e1m \u010di plyn\u016fm.&#8221; image=&#8221;https:\/\/bralo.com\/wp-content\/uploads\/2023\/09\/icono-estanqueidad-fluidos.png&#8221; _builder_version=&#8221;4.21.0&#8243; _module_preset=&#8221;default&#8221; header_level=&#8221;h3&#8243; header_text_align=&#8221;center&#8221; header_text_color=&#8221;#FFFFFF&#8221; global_colors_info=&#8221;{}&#8221;][\/et_pb_blurb][\/et_pb_column][et_pb_column type=&#8221;1_3&#8243; _builder_version=&#8221;4.21.0&#8243; _module_preset=&#8221;default&#8221; global_colors_info=&#8221;{}&#8221;][et_pb_blurb title=&#8221;Z\u00c1RUKA s testem t\u011bsnosti.&#8221; image=&#8221;https:\/\/bralo.com\/wp-content\/uploads\/2023\/09\/icono-estanquedad-ok.png&#8221; _builder_version=&#8221;4.21.0&#8243; _module_preset=&#8221;default&#8221; header_level=&#8221;h3&#8243; header_text_align=&#8221;center&#8221; header_text_color=&#8221;#FFFFFF&#8221; global_colors_info=&#8221;{}&#8221;][\/et_pb_blurb][\/et_pb_column][\/et_pb_row][\/et_pb_section][et_pb_section fb_built=&#8221;1&#8243; _builder_version=&#8221;4.25.1&#8243; _module_preset=&#8221;default&#8221; background_color=&#8221;#FFFFFF&#8221; background_image=&#8221;https:\/\/bralo.com\/wp-content\/uploads\/2023\/10\/bodegon_sellantes_2-scaled.jpg&#8221; background_size=&#8221;custom&#8221; background_image_width=&#8221;44%&#8221; background_position=&#8221;top_left&#8221; custom_padding=&#8221;0px||0px||false|false&#8221; hover_enabled=&#8221;0&#8243; da_disable_devices=&#8221;off|off|off&#8221; global_colors_info=&#8221;{}&#8221; module_class=&#8221;seccion-tratamiento-por-sellante&#8221; admin_label=&#8221;Section&#8221; da_is_popup=&#8221;off&#8221; da_exit_intent=&#8221;off&#8221; da_has_close=&#8221;on&#8221; da_alt_close=&#8221;off&#8221; da_dark_close=&#8221;off&#8221; da_not_modal=&#8221;on&#8221; da_is_singular=&#8221;off&#8221; da_with_loader=&#8221;off&#8221; da_has_shadow=&#8221;on&#8221; sticky_enabled=&#8221;0&#8243;][et_pb_row column_structure=&#8221;1_2,1_2&#8243; _builder_version=&#8221;4.23&#8243; _module_preset=&#8221;default&#8221; custom_margin_tablet=&#8221;&#8221; custom_margin_phone=&#8221;30px||||false|false&#8221; custom_margin_last_edited=&#8221;on|phone&#8221; hover_enabled=&#8221;0&#8243; global_colors_info=&#8221;{}&#8221; sticky_enabled=&#8221;0&#8243;][et_pb_column type=&#8221;1_2&#8243; _builder_version=&#8221;4.20.4&#8243; _module_preset=&#8221;default&#8221; global_colors_info=&#8221;{}&#8221;][\/et_pb_column][et_pb_column type=&#8221;1_2&#8243; _builder_version=&#8221;4.20.4&#8243; _module_preset=&#8221;default&#8221; global_colors_info=&#8221;{}&#8221;][et_pb_text _builder_version=&#8221;4.25.1&#8243; _module_preset=&#8221;default&#8221; header_2_font=&#8221;||||||||&#8221; header_2_text_color=&#8221;#006CA7&#8243; header_2_font_size=&#8221;35px&#8221; custom_margin_tablet=&#8221;&#8221; custom_margin_phone=&#8221;46px||||false|false&#8221; custom_margin_last_edited=&#8221;on|phone&#8221; hover_enabled=&#8221;0&#8243; global_colors_info=&#8221;{}&#8221; sticky_enabled=&#8221;0&#8243; module_class=&#8221;encabezadoh2-tratamiento-por-sellante&#8221;]<\/p>\n<h2>\u00daPRAVA S POU\u017dIT\u00cdM T\u011aSNIC\u00cdHO MATERI\u00c1LU<\/h2>\n<p>Jedn\u00e1 se o polymer na b\u00e1zi elastick\u00e9ho polyuretanu tvrzen\u00fd za tepla, kter\u00fd se nan\u00e1\u0161\u00ed pod hlavu dan\u00e9ho n\u00fdtu \u010di matice. P\u0159i n\u00fdtov\u00e1n\u00ed se T\u011aSNIC\u00cd MATERI\u00c1L p\u0159izp\u016fsob\u00ed geometrii a pomoc\u00ed efektivn\u00edho ut\u011bsn\u011bn\u00ed je zaji\u0161t\u011bna nepropustnost. Je pou\u017eiteln\u00fd pro v\u0161echny typy materi\u00e1l\u016f a v\u00fdhodou je eliminace p\u0159\u00edpadn\u00e9 demont\u00e1\u017ee \u010di chybn\u00e9 mont\u00e1\u017ee.  <\/p>\n<p>[\/et_pb_text][\/et_pb_column][\/et_pb_row][\/et_pb_section][et_pb_section fb_built=&#8221;1&#8243; _builder_version=&#8221;4.25.1&#8243; _module_preset=&#8221;default&#8221; background_color=&#8221;#FFFFFF&#8221; background_image=&#8221;https:\/\/bralo.com\/wp-content\/uploads\/2023\/09\/pieza-junta-1.jpg&#8221; background_size=&#8221;custom&#8221; background_image_width=&#8221;50%&#8221; background_position=&#8221;center_right&#8221; custom_padding=&#8221;0px||0px||false|false&#8221; hover_enabled=&#8221;0&#8243; background_last_edited=&#8221;on|phone&#8221; background_image_width_phone=&#8221;80%&#8221; background_position_phone=&#8221;bottom_right&#8221; da_disable_devices=&#8221;off|off|off&#8221; global_colors_info=&#8221;{}&#8221; admin_label=&#8221;Section&#8221; da_is_popup=&#8221;off&#8221; da_exit_intent=&#8221;off&#8221; da_has_close=&#8221;on&#8221; da_alt_close=&#8221;off&#8221; da_dark_close=&#8221;off&#8221; da_not_modal=&#8221;on&#8221; da_is_singular=&#8221;off&#8221; da_with_loader=&#8221;off&#8221; da_has_shadow=&#8221;on&#8221; sticky_enabled=&#8221;0&#8243;][et_pb_row column_structure=&#8221;1_2,1_2&#8243; _builder_version=&#8221;4.20.4&#8243; _module_preset=&#8221;default&#8221; global_colors_info=&#8221;{}&#8221;][et_pb_column type=&#8221;1_2&#8243; _builder_version=&#8221;4.20.4&#8243; _module_preset=&#8221;default&#8221; global_colors_info=&#8221;{}&#8221;][et_pb_text content_tablet=&#8221;<\/p>\n<h2>T\u011aSN\u011aN\u00cd ZAJI\u0160\u0164UJ\u00cdC\u00cd NEPROPUSTNOST<\/h2>\n<p>Tlak, kter\u00fd je vyv\u00edjen b\u011bhem n\u00fdtov\u00e1n\u00ed, zp\u016fsobuje deformaci t\u011bsn\u011bn\u00ed a t\u00edm doch\u00e1z\u00ed k vynikaj\u00edc\u00ed adaptaci mezi spojem a d\u00edlem. Nab\u00edz\u00edme n\u00e1sleduj\u00edc\u00ed alternativy v z\u00e1vislosti na pot\u0159ebn\u00e9 nepropustnosti pro r\u016fzn\u00e9 tekutiny \u010di plyny. Vy\u017eaduj\u00ed r\u016fzn\u00e9 \u00farovn\u011b odolnosti v\u016f\u010di korozi a teplot\u011b.<\/p>\n<ul>\n<li>EPDM:<\/li>\n<li>NBR<\/li>\n<li>FKM (viton\u00ae)<\/li>\n<\/ul>\n<p>&#8221; content_phone=&#8221;<\/p>\n<h2>T\u011aSN\u011aN\u00cd ZAJI\u0160\u0164UJ\u00cdC\u00cd NEPROPUSTNOST<\/h2>\n<p>Tlak, kter\u00fd je vyv\u00edjen b\u011bhem n\u00fdtov\u00e1n\u00ed, zp\u016fsobuje deformaci t\u011bsn\u011bn\u00ed a t\u00edm doch\u00e1z\u00ed k vynikaj\u00edc\u00ed adaptaci mezi spojem a d\u00edlem.<\/p>\n<p>Nab\u00edz\u00edme n\u00e1sleduj\u00edc\u00ed alternativy v z\u00e1vislosti na pot\u0159ebn\u00e9 nepropustnosti pro r\u016fzn\u00e9 tekutiny \u010di plyny. Vy\u017eaduj\u00ed r\u016fzn\u00e9 \u00farovn\u011b odolnosti v\u016f\u010di korozi a teplot\u011b.<\/p>\n<ul>\n<li>EPDM:<\/li>\n<li>NBR<\/li>\n<li>FKM (viton\u00ae)<\/li>\n<\/ul>\n<p>&#8221; content_last_edited=&#8221;on|phone&#8221; _builder_version=&#8221;4.25.1&#8243; _module_preset=&#8221;default&#8221; header_2_font=&#8221;||||||||&#8221; header_2_text_color=&#8221;#006CA7&#8243; header_2_font_size=&#8221;35px&#8221; custom_margin=&#8221;30px||||false|false&#8221; custom_padding_tablet=&#8221;&#8221; custom_padding_phone=&#8221;||40px||false|false&#8221; custom_padding_last_edited=&#8221;on|phone&#8221; hover_enabled=&#8221;0&#8243; global_colors_info=&#8221;{}&#8221; sticky_enabled=&#8221;0&#8243;]<\/p>\n<h2>T\u011aSN\u011aN\u00cd ZAJI\u0160\u0164UJ\u00cdC\u00cd NEPROPUSTNOST<\/h2>\n<p>Tlak, kter\u00fd je vyv\u00edjen b\u011bhem n\u00fdtov\u00e1n\u00ed, zp\u016fsobuje deformaci t\u011bsn\u011bn\u00ed a t\u00edm doch\u00e1z\u00ed k vynikaj\u00edc\u00ed adaptaci mezi spojem a d\u00edlem.<\/p>\n<p>Nab\u00edz\u00edme n\u00e1sleduj\u00edc\u00ed alternativy v z\u00e1vislosti na pot\u0159ebn\u00e9 nepropustnosti pro r\u016fzn\u00e9 tekutiny \u010di plyny. Vy\u017eaduj\u00ed r\u016fzn\u00e9 \u00farovn\u011b odolnosti v\u016f\u010di korozi a teplot\u011b.<\/p>\n<p>&nbsp;<\/p>\n<ul>\n<li>EPDM:<\/li>\n<li>NBR<\/li>\n<li>FKM (viton\u00ae)<\/li>\n<\/ul>\n<p>[\/et_pb_text][\/et_pb_column][et_pb_column type=&#8221;1_2&#8243; _builder_version=&#8221;4.20.4&#8243; _module_preset=&#8221;default&#8221; global_colors_info=&#8221;{}&#8221;][\/et_pb_column][\/et_pb_row][\/et_pb_section][et_pb_section fb_built=&#8221;1&#8243; custom_padding_last_edited=&#8221;on|phone&#8221; _builder_version=&#8221;4.23&#8243; _module_preset=&#8221;default&#8221; custom_margin_tablet=&#8221;&#8221; custom_margin_phone=&#8221;16px||||false|false&#8221; custom_margin_last_edited=&#8221;on|phone&#8221; custom_padding=&#8221;3px||0px|||&#8221; custom_padding_tablet=&#8221;3px||0px|||&#8221; custom_padding_phone=&#8221;0px|0px|0px|0px|false|false&#8221; da_disable_devices=&#8221;off|off|off&#8221; global_colors_info=&#8221;{}&#8221; admin_label=&#8221;Section&#8221; da_is_popup=&#8221;off&#8221; da_exit_intent=&#8221;off&#8221; da_has_close=&#8221;on&#8221; da_alt_close=&#8221;off&#8221; da_dark_close=&#8221;off&#8221; da_not_modal=&#8221;on&#8221; da_is_singular=&#8221;off&#8221; da_with_loader=&#8221;off&#8221; da_has_shadow=&#8221;on&#8221;][et_pb_row _builder_version=&#8221;4.23&#8243; _module_preset=&#8221;default&#8221; background_image=&#8221;https:\/\/bralo.com\/wp-content\/uploads\/2023\/09\/electric-car-6901893-azul.jpg&#8221; width=&#8221;100%&#8221; width_tablet=&#8221;&#8221; width_phone=&#8221;100%&#8221; width_last_edited=&#8221;on|phone&#8221; max_width=&#8221;100%&#8221; custom_margin=&#8221;|0px||0px|false|true&#8221; custom_margin_tablet=&#8221;&#8221; custom_margin_phone=&#8221;|0px||0px|false|false&#8221; custom_margin_last_edited=&#8221;on|phone&#8221; custom_padding=&#8221;|0px||0px|false|true&#8221; background_last_edited=&#8221;on|phone&#8221; background_size_phone=&#8221;contain&#8221; global_colors_info=&#8221;{}&#8221;][et_pb_column type=&#8221;4_4&#8243; _builder_version=&#8221;4.21.0&#8243; _module_preset=&#8221;default&#8221; global_colors_info=&#8221;{}&#8221;][et_pb_divider show_divider=&#8221;off&#8221; _builder_version=&#8221;4.21.0&#8243; _module_preset=&#8221;default&#8221; custom_margin=&#8221;170px||73px||false|false&#8221; global_colors_info=&#8221;{}&#8221;][\/et_pb_divider][\/et_pb_column][\/et_pb_row][\/et_pb_section]<\/p>\n","protected":false},"excerpt":{"rendered":"<p>Vodot\u011bsn\u00e1 \u0159e\u0161en\u00ed T\u011aSNIC\u00cd PROCESY BEZPE\u010cNOST A \u017dIVOTNOST Ve spole\u010dnosti BRALO nab\u00edz\u00edme r\u016fzn\u00e1 \u0159e\u0161en\u00ed pro zaji\u0161t\u011bn\u00ed vodot\u011bsnosti p\u0159i upev\u0148ov\u00e1n\u00ed na\u0161ich v\u00fdrobk\u016f v souladu s pot\u0159ebami ka\u017ed\u00e9ho z\u00e1kazn\u00edka. V z\u00e1vislosti na technick\u00fdch po\u017eadavc\u00edch lze pou\u017e\u00edt t\u011bsn\u011bn\u00ed nebo t\u011bsnic\u00ed materi\u00e1ly. Ob\u011b \u0159e\u0161en\u00ed lze vyu\u017e\u00edt u n\u00fdt\u016f, matic \u010di n\u00fdtovac\u00edch \u0161roub\u016f. \u00daPRAVA S POU\u017dIT\u00cdM T\u011aSNIC\u00cdHO MATERI\u00c1LU Jedn\u00e1 se o [&hellip;]<\/p>\n","protected":false},"author":2,"featured_media":0,"parent":0,"menu_order":0,"comment_status":"closed","ping_status":"closed","template":"","meta":{"_acf_changed":false,"_et_pb_use_builder":"on","_et_pb_old_content":"","_et_gb_content_width":"","inline_featured_image":false,"footnotes":""},"class_list":["post-26128","page","type-page","status-publish","hentry"],"acf":[],"_links":{"self":[{"href":"https:\/\/bralo.com\/cs\/wp-json\/wp\/v2\/pages\/26128","targetHints":{"allow":["GET"]}}],"collection":[{"href":"https:\/\/bralo.com\/cs\/wp-json\/wp\/v2\/pages"}],"about":[{"href":"https:\/\/bralo.com\/cs\/wp-json\/wp\/v2\/types\/page"}],"author":[{"embeddable":true,"href":"https:\/\/bralo.com\/cs\/wp-json\/wp\/v2\/users\/2"}],"replies":[{"embeddable":true,"href":"https:\/\/bralo.com\/cs\/wp-json\/wp\/v2\/comments?post=26128"}],"version-history":[{"count":2,"href":"https:\/\/bralo.com\/cs\/wp-json\/wp\/v2\/pages\/26128\/revisions"}],"predecessor-version":[{"id":26130,"href":"https:\/\/bralo.com\/cs\/wp-json\/wp\/v2\/pages\/26128\/revisions\/26130"}],"wp:attachment":[{"href":"https:\/\/bralo.com\/cs\/wp-json\/wp\/v2\/media?parent=26128"}],"curies":[{"name":"wp","href":"https:\/\/api.w.org\/{rel}","templated":true}]}}