{"id":26184,"date":"2023-05-19T12:55:54","date_gmt":"2023-05-19T12:55:54","guid":{"rendered":"https:\/\/bralo.com\/sluzby\/inovace\/"},"modified":"2024-12-27T15:29:00","modified_gmt":"2024-12-27T15:29:00","slug":"inovace","status":"publish","type":"page","link":"https:\/\/bralo.com\/cs\/sluzby\/inovace\/","title":{"rendered":"Inovace"},"content":{"rendered":"<p>[et_pb_section fb_built=&#8220;1&#8243; _builder_version=&#8220;4.21.0&#8243; _module_preset=&#8220;default&#8220; background_color=&#8220;RGBA(255,255,255,0)&#8220; background_image=&#8220;https:\/\/bralo.com\/wp-content\/uploads\/2023\/05\/innovacion.jpg&#8220; min_height=&#8220;300px&#8220; max_height=&#8220;301px&#8220; custom_margin=&#8220;0px||0px||false|false&#8220; custom_padding=&#8220;0px||0px||false|false&#8220; da_disable_devices=&#8220;off|off|off&#8220; global_colors_info=&#8220;{}&#8220; da_is_popup=&#8220;off&#8220; da_exit_intent=&#8220;off&#8220; da_has_close=&#8220;on&#8220; da_alt_close=&#8220;off&#8220; da_dark_close=&#8220;off&#8220; da_not_modal=&#8220;on&#8220; da_is_singular=&#8220;off&#8220; da_with_loader=&#8220;off&#8220; da_has_shadow=&#8220;on&#8220;][et_pb_row custom_padding_last_edited=&#8220;on|phone&#8220; _builder_version=&#8220;4.23&#8243; _module_preset=&#8220;default&#8220; width_tablet=&#8220;&#8220; width_phone=&#8220;&#8220; width_last_edited=&#8220;on|phone&#8220; custom_margin=&#8220;0px||0px||true|false&#8220; custom_padding=&#8220;0px|8%|0px|8%|true|true&#8220; custom_padding_tablet=&#8220;10px||10px||true|true&#8220; custom_padding_phone=&#8220;0px|0px|0px|0px|true|true&#8220; global_colors_info=&#8220;{}&#8220;][et_pb_column type=&#8220;4_4&#8243; _builder_version=&#8220;4.20.4&#8243; _module_preset=&#8220;default&#8220; global_colors_info=&#8220;{}&#8220;][et_pb_text content_tablet=&#8220;<\/p>\n<h1>INOVACE<\/h1>\n<p>BRALO V POP\u0158ED\u00cd<\/p>\n<p>Na\u0161e vize je<strong> inovativn\u00ed spole\u010dnost <\/strong>a na\u0161\u00edm c\u00edlem je st\u00e1t se <strong>technologick\u00fdm vzorem<\/strong> v oborech, v nich\u017e p\u016fsob\u00edme. Spole\u010dnost BRALO v\u011b\u0159\u00ed ve <strong>schopnost <\/strong>technologick\u00e9 inovace, <strong>v\u00fdzkumu<\/strong> a <strong>v\u00fdvoje<\/strong> jako n\u00e1stroj\u016f, kter\u00e9 jsou nezbytn\u00e9 k tomu, abychom se p\u0159izp\u016fsobili <strong>glob\u00e1ln\u00edmu v\u00fdvoji<\/strong> nov\u00fdch trh\u016f. <\/p>\n<p>&#8220; content_phone=&#8220;<\/p>\n<h1 style=%22padding-top: 110px; padding-bottom: 15px;%22>INOVACE<\/h1>\n<p style=%22padding-bottom: 100px!important;%22>BRALO V POP\u0158ED\u00cd<\/p>\n<p style=%22color: black;%22>Na\u0161e vize je<strong> inovativn\u00ed spole\u010dnost <\/strong>a na\u0161\u00edm c\u00edlem je st\u00e1t se <strong>technologick\u00fdm vzorem<\/strong> v oborech, v nich\u017e p\u016fsob\u00edme. Spole\u010dnost BRALO v\u011b\u0159\u00ed ve <strong>schopnost <\/strong>technologick\u00e9 inovace, <strong>v\u00fdzkumu<\/strong> a <strong>v\u00fdvoje<\/strong> jako n\u00e1stroj\u016f, kter\u00e9 jsou nezbytn\u00e9 k tomu, abychom se p\u0159izp\u016fsobili <strong>glob\u00e1ln\u00edmu v\u00fdvoji<\/strong> nov\u00fdch trh\u016f. <\/p>\n<p>&#8220; content_last_edited=&#8220;on|phone&#8220; _builder_version=&#8220;4.27.0&#8243; _module_preset=&#8220;default&#8220; text_font=&#8220;|300|||||||&#8220; text_text_color=&#8220;#FFFFFF&#8220; text_line_height=&#8220;1.5em&#8220; header_text_color=&#8220;#FFFFFF&#8220; header_font_size=&#8220;45px&#8220; header_line_height=&#8220;2.2em&#8220; text_orientation=&#8220;center&#8220; custom_margin=&#8220;||||false|false&#8220; global_colors_info=&#8220;{}&#8220;]<\/p>\n<h1>INOVACE<\/h1>\n<p>BRALO V POP\u0158ED\u00cd<\/p>\n<p>Na\u0161e vize je<strong> inovativn\u00ed spole\u010dnost <\/strong>a na\u0161\u00edm c\u00edlem je st\u00e1t se <strong>technologick\u00fdm vzorem<\/strong> v oborech, v nich\u017e p\u016fsob\u00edme. Spole\u010dnost BRALO v\u011b\u0159\u00ed ve <strong>schopnost <\/strong>technologick\u00e9 inovace, <strong>v\u00fdzkumu<\/strong> a <strong>v\u00fdvoje<\/strong> jako n\u00e1stroj\u016f, kter\u00e9 jsou nezbytn\u00e9 k tomu, abychom se p\u0159izp\u016fsobili <strong>glob\u00e1ln\u00edmu v\u00fdvoji<\/strong> nov\u00fdch trh\u016f. <\/p>\n<p>[\/et_pb_text][\/et_pb_column][\/et_pb_row][\/et_pb_section][et_pb_section fb_built=&#8220;1&#8243; module_id=&#8220;reveal1&#8243; _builder_version=&#8220;4.23&#8243; _module_preset=&#8220;default&#8220; background_image=&#8220;https:\/\/bralo.com\/wp-content\/uploads\/2023\/04\/fondo-mosaico-tornillos.jpg&#8220; custom_margin=&#8220;||||false|false&#8220; custom_padding=&#8220;35px||35px||true|false&#8220; da_disable_devices=&#8220;off|off|off&#8220; global_colors_info=&#8220;{}&#8220; da_is_popup=&#8220;off&#8220; da_exit_intent=&#8220;off&#8220; da_has_close=&#8220;on&#8220; da_alt_close=&#8220;off&#8220; da_dark_close=&#8220;off&#8220; da_not_modal=&#8220;on&#8220; da_is_singular=&#8220;off&#8220; da_with_loader=&#8220;off&#8220; da_has_shadow=&#8220;on&#8220;][et_pb_row column_structure=&#8220;1_2,1_2&#8243; use_custom_gutter=&#8220;on&#8220; gutter_width=&#8220;1&#8243; make_equal=&#8220;on&#8220; admin_label=&#8220;Fila&#8220; _builder_version=&#8220;4.21.0&#8243; _module_preset=&#8220;default&#8220; background_enable_image=&#8220;off&#8220; width=&#8220;100%&#8220; width_tablet=&#8220;100%&#8220; width_phone=&#8220;100%&#8220; width_last_edited=&#8220;on|desktop&#8220; max_width=&#8220;100%&#8220; max_width_tablet=&#8220;100%&#8220; max_width_phone=&#8220;100%&#8220; max_width_last_edited=&#8220;on|desktop&#8220; custom_margin=&#8220;|auto|-29px|auto||&#8220; custom_padding=&#8220;0px||||false|false&#8220; custom_css_main_element=&#8220;display: flex;||flex-wrap: wrap;&#8220; locked=&#8220;off&#8220; global_colors_info=&#8220;{}&#8220;][et_pb_column type=&#8220;1_2&#8243; _builder_version=&#8220;4.21.0&#8243; _module_preset=&#8220;default&#8220; background_image=&#8220;https:\/\/bralo.com\/wp-content\/uploads\/2023\/05\/profesionales.jpg&#8220; global_colors_info=&#8220;{}&#8220; custom_css_main_element_last_edited=&#8220;on|phone&#8220; custom_css_main_element_phone=&#8220;order: 2;&#8220;][et_pb_divider color=&#8220;RGBA(255,255,255,0)&#8220; _builder_version=&#8220;4.20.4&#8243; _module_preset=&#8220;default&#8220; height=&#8220;200px&#8220; global_colors_info=&#8220;{}&#8220;][\/et_pb_divider][\/et_pb_column][et_pb_column type=&#8220;1_2&#8243; _builder_version=&#8220;4.20.4&#8243; _module_preset=&#8220;default&#8220; background_color=&#8220;#FFFFFF&#8220; custom_padding=&#8220;100px|13%|120px|5%|false|false&#8220; custom_padding_tablet=&#8220;100px|13%|120px|5%|false|false&#8220; custom_padding_phone=&#8220;40px||40px||false|false&#8220; custom_padding_last_edited=&#8220;on|desktop&#8220; global_colors_info=&#8220;{}&#8220; custom_css_main_element_last_edited=&#8220;on|phone&#8220; custom_css_main_element_phone=&#8220;order: 1;&#8220;][et_pb_text _builder_version=&#8220;4.27.0&#8243; _module_preset=&#8220;default&#8220; text_font=&#8220;|700|||||||&#8220; text_text_color=&#8220;#006CA7&#8243; text_font_size=&#8220;36px&#8220; header_text_color=&#8220;#006CA7&#8243; header_font_size=&#8220;24px&#8220; header_2_font=&#8220;|600|||||||&#8220; header_2_text_color=&#8220;#006CA7&#8243; header_2_font_size=&#8220;35px&#8220; custom_padding=&#8220;0px||0px||false|false&#8220; custom_padding_tablet=&#8220;0px||0px||false|false&#8220; custom_padding_phone=&#8220;0px||0px|10px|false|false&#8220; custom_padding_last_edited=&#8220;on|phone&#8220; global_colors_info=&#8220;{}&#8220;]<\/p>\n<h2>SPECIALIZOVAN\u00cd ODBORN\u00cd PRACOVN\u00cdCI<\/h2>\n<p>[\/et_pb_text][et_pb_text _builder_version=&#8220;4.27.0&#8243; _module_preset=&#8220;default&#8220; custom_padding=&#8220;|20px|||false|false&#8220; custom_padding_tablet=&#8220;|20px|||false|false&#8220; custom_padding_phone=&#8220;|20px||10px|false|false&#8220; custom_padding_last_edited=&#8220;on|phone&#8220; global_colors_info=&#8220;{}&#8220;]<\/p>\n<p><strong>Technologick\u00e1 inovace ve spole\u010dnosti BRALO zvy\u0161uje hodnotu na\u0161ich v\u00fdrobk\u016f, proces\u016f a slu\u017eeb.<\/strong><\/p>\n<p>V r\u00e1mci neust\u00e1l\u00e9ho zlep\u0161ov\u00e1n\u00ed se sna\u017e\u00edme o diverzifikaci prost\u0159ednictv\u00edm v\u00fdvoje nov\u00fdch produkt\u016f a diferenciaci zlep\u0161ov\u00e1n\u00edm a p\u0159izp\u016fsobov\u00e1n\u00edm se nov\u00fdm pot\u0159eb\u00e1m z\u00e1kazn\u00edk\u016f.<\/p>\n<p>[\/et_pb_text][\/et_pb_column][\/et_pb_row][\/et_pb_section][et_pb_section fb_built=&#8220;1&#8243; _builder_version=&#8220;4.21.0&#8243; _module_preset=&#8220;default&#8220; background_image=&#8220;https:\/\/bralo.com\/wp-content\/uploads\/2023\/05\/bralo-investigacion-azul.jpg&#8220; parallax=&#8220;on&#8220; parallax_method=&#8220;off&#8220; positioning=&#8220;none&#8220; custom_padding=&#8220;6%||6%||true|false&#8220; da_disable_devices=&#8220;off|off|off&#8220; global_colors_info=&#8220;{}&#8220; da_is_popup=&#8220;off&#8220; da_exit_intent=&#8220;off&#8220; da_has_close=&#8220;on&#8220; da_alt_close=&#8220;off&#8220; da_dark_close=&#8220;off&#8220; da_not_modal=&#8220;on&#8220; da_is_singular=&#8220;off&#8220; da_with_loader=&#8220;off&#8220; da_has_shadow=&#8220;on&#8220;][et_pb_row column_structure=&#8220;1_2,1_2&#8243; _builder_version=&#8220;4.20.4&#8243; _module_preset=&#8220;default&#8220; background_enable_image=&#8220;off&#8220; custom_margin=&#8220;||||false|false&#8220; custom_padding=&#8220;||||false|false&#8220; global_colors_info=&#8220;{}&#8220;][et_pb_column type=&#8220;1_2&#8243; _builder_version=&#8220;4.20.4&#8243; _module_preset=&#8220;default&#8220; global_colors_info=&#8220;{}&#8220;][\/et_pb_column][et_pb_column type=&#8220;1_2&#8243; _builder_version=&#8220;4.20.4&#8243; _module_preset=&#8220;default&#8220; global_colors_info=&#8220;{}&#8220;][et_pb_text _builder_version=&#8220;4.27.0&#8243; _module_preset=&#8220;default&#8220; text_font=&#8220;|700|||||||&#8220; text_text_color=&#8220;#FFFFFF&#8220; text_font_size=&#8220;36px&#8220; header_text_color=&#8220;#006CA7&#8243; header_font_size=&#8220;24px&#8220; header_2_font=&#8220;|600|||||||&#8220; header_2_text_color=&#8220;#FFFFFF&#8220; header_2_font_size=&#8220;35px&#8220; text_orientation=&#8220;right&#8220; custom_padding=&#8220;0px||0px||false|false&#8220; global_colors_info=&#8220;{}&#8220;]<\/p>\n<h2>SPOLE\u010cNOST BRALO SE TRVALE V\u011aNUJE V\u00ddZKUMU<\/h2>\n<p>[\/et_pb_text][et_pb_text _builder_version=&#8220;4.27.0&#8243; _module_preset=&#8220;default&#8220; text_text_color=&#8220;#FFFFFF&#8220; text_font_size=&#8220;18px&#8220; text_orientation=&#8220;right&#8220; custom_margin=&#8220;||||false|false&#8220; custom_padding=&#8220;||||false|false&#8220; global_colors_info=&#8220;{}&#8220;]<\/p>\n<p>Na\u0161e spole\u010dnost je pr\u016fkopn\u00edkem v \u0159e\u0161en\u00edch upev\u0148ov\u00e1n\u00ed, co\u017e znamen\u00e1, \u017ee inovace jsou pro n\u00e1s prioritou. Z tohoto d\u016fvodu spole\u010dnost BRALO trvale s\u00e1z\u00ed na I+D+i. <\/p>\n<p>[\/et_pb_text][\/et_pb_column][\/et_pb_row][\/et_pb_section][et_pb_section fb_built=&#8220;1&#8243; _builder_version=&#8220;4.23&#8243; _module_preset=&#8220;default&#8220; background_image=&#8220;https:\/\/bralo.com\/wp-content\/uploads\/2023\/04\/fondo-mosaico-tornillos.jpg&#8220; custom_margin=&#8220;0px||||false|false&#8220; custom_padding=&#8220;0px||35px||false|false&#8220; da_disable_devices=&#8220;off|off|off&#8220; global_colors_info=&#8220;{}&#8220; da_is_popup=&#8220;off&#8220; da_exit_intent=&#8220;off&#8220; da_has_close=&#8220;on&#8220; da_alt_close=&#8220;off&#8220; da_dark_close=&#8220;off&#8220; da_not_modal=&#8220;on&#8220; da_is_singular=&#8220;off&#8220; da_with_loader=&#8220;off&#8220; da_has_shadow=&#8220;on&#8220;][et_pb_row column_structure=&#8220;1_2,1_2&#8243; use_custom_gutter=&#8220;on&#8220; gutter_width=&#8220;1&#8243; make_equal=&#8220;on&#8220; custom_padding_last_edited=&#8220;on|phone&#8220; admin_label=&#8220;Fila&#8220; _builder_version=&#8220;4.23&#8243; _module_preset=&#8220;default&#8220; background_enable_image=&#8220;off&#8220; width=&#8220;100%&#8220; width_tablet=&#8220;100%&#8220; width_phone=&#8220;100%&#8220; width_last_edited=&#8220;on|desktop&#8220; max_width=&#8220;100%&#8220; max_width_tablet=&#8220;100%&#8220; max_width_phone=&#8220;100%&#8220; max_width_last_edited=&#8220;on|desktop&#8220; custom_padding=&#8220;35px||2px||false|false&#8220; custom_padding_tablet=&#8220;35px||2px||false|false&#8220; custom_padding_phone=&#8220;0px||2px||false|false&#8220; custom_css_main_element=&#8220;display: flex;||flex-wrap: wrap;&#8220; locked=&#8220;off&#8220; global_colors_info=&#8220;{}&#8220;][et_pb_column type=&#8220;1_2&#8243; _builder_version=&#8220;4.20.4&#8243; _module_preset=&#8220;default&#8220; background_color=&#8220;#FFFFFF&#8220; custom_padding=&#8220;100px|5%|80px|13%|false|false&#8220; custom_padding_tablet=&#8220;100px|5%|80px|13%|false|false&#8220; custom_padding_phone=&#8220;40px||40px|5%|false|false&#8220; custom_padding_last_edited=&#8220;on|phone&#8220; global_colors_info=&#8220;{}&#8220;][et_pb_text _builder_version=&#8220;4.27.0&#8243; _module_preset=&#8220;default&#8220; text_font=&#8220;|700|||||||&#8220; text_text_color=&#8220;#006CA7&#8243; text_font_size=&#8220;36px&#8220; header_text_color=&#8220;#006CA7&#8243; header_font_size=&#8220;24px&#8220; header_2_font=&#8220;|600|||||||&#8220; header_2_text_color=&#8220;#006CA7&#8243; header_2_font_size=&#8220;35px&#8220; custom_padding=&#8220;||||false|false&#8220; custom_padding_tablet=&#8220;||||false|false&#8220; custom_padding_phone=&#8220;|10px||10px|false|false&#8220; custom_padding_last_edited=&#8220;on|phone&#8220; global_colors_info=&#8220;{}&#8220;]<\/p>\n<h2>V\u00ddZKUM A SPOLUPR\u00c1CE<\/h2>\n<p>[\/et_pb_text][et_pb_text _builder_version=&#8220;4.27.0&#8243; _module_preset=&#8220;default&#8220; custom_padding=&#8220;0px||||false|false&#8220; custom_padding_tablet=&#8220;0px||||false|false&#8220; custom_padding_phone=&#8220;0px|10px||10px|false|false&#8220; custom_padding_last_edited=&#8220;on|phone&#8220; global_colors_info=&#8220;{}&#8220;]<\/p>\n<p>Na z\u00e1klad\u011b politiky neust\u00e1l\u00e9ho pokroku a zlep\u0161ov\u00e1n\u00ed vy\u010dle\u0148ujeme 6 % obratu na v\u00fdzkumn\u00e9 a v\u00fdvojov\u00e9 projekty nov\u00fdch produkt\u016f, kter\u00e9 vytv\u00e1\u0159ej\u00ed hodnoty a specializovan\u00e9 znalosti.<\/p>\n<p>Ve spole\u010dnosti BRALO podporujeme spolupr\u00e1ci s univerzitami a institucemi, abychom mohli sd\u00edlet zku\u0161enosti a neust\u00e1le se technologicky rozv\u00edjet.<\/p>\n<p>[\/et_pb_text][\/et_pb_column][et_pb_column type=&#8220;1_2&#8243; _builder_version=&#8220;4.21.0&#8243; _module_preset=&#8220;default&#8220; background_image=&#8220;https:\/\/bralo.com\/wp-content\/uploads\/2023\/05\/colaboracion-estudios.jpg&#8220; global_colors_info=&#8220;{}&#8220;][et_pb_divider color=&#8220;RGBA(255,255,255,0)&#8220; _builder_version=&#8220;4.20.4&#8243; _module_preset=&#8220;default&#8220; height=&#8220;200px&#8220; global_colors_info=&#8220;{}&#8220;][\/et_pb_divider][\/et_pb_column][\/et_pb_row][\/et_pb_section][et_pb_section fb_built=&#8220;1&#8243; _builder_version=&#8220;4.21.0&#8243; _module_preset=&#8220;default&#8220; use_background_color_gradient=&#8220;on&#8220; background_color_gradient_stops=&#8220;rgba(0,108,167,0.7) 0%|rgba(0,108,167,0.7) 100%&#8220; background_color_gradient_overlays_image=&#8220;on&#8220; background_image=&#8220;https:\/\/bralo.com\/wp-content\/uploads\/2023\/07\/innovacion-solucion-de-problemas-remaches-bralo.jpg&#8220; parallax=&#8220;on&#8220; positioning=&#8220;none&#8220; custom_padding=&#8220;6%||6%||true|false&#8220; da_disable_devices=&#8220;off|off|off&#8220; global_colors_info=&#8220;{}&#8220; da_is_popup=&#8220;off&#8220; da_exit_intent=&#8220;off&#8220; da_has_close=&#8220;on&#8220; da_alt_close=&#8220;off&#8220; da_dark_close=&#8220;off&#8220; da_not_modal=&#8220;on&#8220; da_is_singular=&#8220;off&#8220; da_with_loader=&#8220;off&#8220; da_has_shadow=&#8220;on&#8220;][et_pb_row column_structure=&#8220;1_2,1_2&#8243; _builder_version=&#8220;4.20.4&#8243; _module_preset=&#8220;default&#8220; background_enable_image=&#8220;off&#8220; custom_margin=&#8220;||||false|false&#8220; custom_padding=&#8220;||||false|false&#8220; global_colors_info=&#8220;{}&#8220;][et_pb_column type=&#8220;1_2&#8243; _builder_version=&#8220;4.20.4&#8243; _module_preset=&#8220;default&#8220; global_colors_info=&#8220;{}&#8220;][\/et_pb_column][et_pb_column type=&#8220;1_2&#8243; _builder_version=&#8220;4.20.4&#8243; _module_preset=&#8220;default&#8220; global_colors_info=&#8220;{}&#8220;][et_pb_text _builder_version=&#8220;4.27.0&#8243; _module_preset=&#8220;default&#8220; text_font=&#8220;|700|||||||&#8220; text_text_color=&#8220;#FFFFFF&#8220; text_font_size=&#8220;36px&#8220; header_text_color=&#8220;#006CA7&#8243; header_font_size=&#8220;24px&#8220; header_2_font=&#8220;|600|||||||&#8220; header_2_text_color=&#8220;#FFFFFF&#8220; header_2_font_size=&#8220;35px&#8220; text_orientation=&#8220;right&#8220; custom_padding=&#8220;0px||0px||false|false&#8220; global_colors_info=&#8220;{}&#8220;]<\/p>\n<h2>\u0158E\u0160EN\u00cd PROBL\u00c9M\u016e<\/h2>\n<p>[\/et_pb_text][et_pb_text _builder_version=&#8220;4.27.0&#8243; _module_preset=&#8220;default&#8220; text_text_color=&#8220;#FFFFFF&#8220; text_orientation=&#8220;right&#8220; custom_margin=&#8220;||||false|false&#8220; custom_padding=&#8220;||||false|false&#8220; global_colors_info=&#8220;{}&#8220;]<\/p>\n<p>Ve v\u00fdzkumu a v\u00fdvoji poskytujeme \u0159e\u0161en\u00ed pro aplikace a probl\u00e9my, kter\u00e9 se objevuj\u00ed v projektech na\u0161ich klient\u016f, a to jak v nov\u00fdch aplikac\u00edch, tak v ji\u017e konsolidovan\u00fdch procesech.<\/p>\n<p>[\/et_pb_text][\/et_pb_column][\/et_pb_row][\/et_pb_section][et_pb_section fb_built=&#8220;1&#8243; _builder_version=&#8220;4.23&#8243; _module_preset=&#8220;default&#8220; custom_padding=&#8220;40px||0px||false|false&#8220; da_disable_devices=&#8220;off|off|off&#8220; locked=&#8220;off&#8220; global_colors_info=&#8220;{}&#8220; da_is_popup=&#8220;off&#8220; da_exit_intent=&#8220;off&#8220; da_has_close=&#8220;on&#8220; da_alt_close=&#8220;off&#8220; da_dark_close=&#8220;off&#8220; da_not_modal=&#8220;on&#8220; da_is_singular=&#8220;off&#8220; da_with_loader=&#8220;off&#8220; da_has_shadow=&#8220;on&#8220;][et_pb_row _builder_version=&#8220;4.23&#8243; _module_preset=&#8220;default&#8220; custom_margin=&#8220;0px||||false|false&#8220; custom_padding=&#8220;0px||0px||false|false&#8220; global_colors_info=&#8220;{}&#8220;][et_pb_column type=&#8220;4_4&#8243; _builder_version=&#8220;4.23&#8243; _module_preset=&#8220;default&#8220; global_colors_info=&#8220;{}&#8220;][et_pb_text _builder_version=&#8220;4.27.0&#8243; _module_preset=&#8220;default&#8220; header_2_text_color=&#8220;#006CA7&#8243; header_2_font_size=&#8220;32px&#8220; locked=&#8220;off&#8220; global_colors_info=&#8220;{}&#8220;]<\/p>\n<h2><span data-metadata=\"&lt;encoded_tag_open \/&gt;!--(figmeta)eyJmaWxlS2V5IjoiVEc1d2lNVW55c2RqZGpac29wSHQ2dyIsInBhc3RlSUQiOjIxMzIzMzI4MzksImRhdGFUeXBlIjoic2NlbmUifQo=(\/figmeta)--&lt;encoded_tag_closed \/&gt;\"><\/span><span>SOUVISEJ\u00cdC\u00cd <strong>STR\u00c1NKY<\/strong><\/span><\/h2>\n<p>[\/et_pb_text][\/et_pb_column][\/et_pb_row][et_pb_row column_structure=&#8220;1_3,1_3,1_3&#8243; use_custom_gutter=&#8220;on&#8220; gutter_width=&#8220;1&#8243; _builder_version=&#8220;4.23&#8243; _module_preset=&#8220;default&#8220; width=&#8220;90%&#8220; custom_margin=&#8220;0px||||false|false&#8220; custom_padding=&#8220;0px||0px||false|false&#8220; locked=&#8220;off&#8220; global_colors_info=&#8220;{}&#8220;][et_pb_column type=&#8220;1_3&#8243; _builder_version=&#8220;4.21.0&#8243; _module_preset=&#8220;default&#8220; global_colors_info=&#8220;{}&#8220;][et_pb_blurb title=&#8220;PROCESY KVALITY&#8220; url=&#8220;https:\/\/bralo.com\/cs\/sluzby\/procesy-kvality\/&#8220; image=&#8220;https:\/\/bralo.com\/wp-content\/uploads\/2023\/10\/procesos-de-calidad.webp&#8220; alt=&#8220;Procesy Kvality&#8220; image_icon_width=&#8220;92%&#8220; module_class=&#8220;alinear-horizontalmente&#8220; _builder_version=&#8220;4.23&#8243; _module_preset=&#8220;default&#8220; header_text_align=&#8220;center&#8220; header_text_color=&#8220;#006CA7&#8243; image_icon_custom_margin=&#8220;|10px|-10px|10px|false|true&#8220; image_icon_custom_padding=&#8220;||||true|false&#8220; custom_margin=&#8220;17px||50px||false|false&#8220; animation=&#8220;off&#8220; custom_css_main_element=&#8220;display: inline-block!important;&#8220; border_color_all=&#8220;#006CA7&#8243; border_width_all_image=&#8220;1px&#8220; border_color_all_image=&#8220;#006CA7&#8243; locked=&#8220;off&#8220; global_colors_info=&#8220;{}&#8220;][\/et_pb_blurb][\/et_pb_column][et_pb_column type=&#8220;1_3&#8243; _builder_version=&#8220;4.21.0&#8243; _module_preset=&#8220;default&#8220; custom_padding=&#8220;||||false|false&#8220; global_colors_info=&#8220;{}&#8220;][et_pb_blurb title=&#8220;RSC a \u017eivotn\u00ed prost\u0159ed\u00ed&#8220; url=&#8220;https:\/\/bralo.com\/cs\/rsc-a-zivotni-prostredi\/&#8220; image=&#8220;https:\/\/bralo.com\/wp-content\/uploads\/2023\/10\/responsabilidad-social-medioambiente-relacionado-remaches-bralo.jpg&#8220; image_icon_width=&#8220;92%&#8220; module_class=&#8220;alinear-horizontalmente&#8220; _builder_version=&#8220;4.23&#8243; _module_preset=&#8220;default&#8220; header_text_align=&#8220;center&#8220; header_text_color=&#8220;#006CA7&#8243; image_icon_custom_margin=&#8220;|10px|-10px|10px|false|true&#8220; image_icon_custom_padding=&#8220;||||true|false&#8220; custom_margin=&#8220;17px||50px||false|false&#8220; animation=&#8220;off&#8220; custom_css_main_element=&#8220;display: inline-block!important;&#8220; border_color_all=&#8220;#006CA7&#8243; border_width_all_image=&#8220;1px&#8220; border_color_all_image=&#8220;#006CA7&#8243; locked=&#8220;off&#8220; global_colors_info=&#8220;{}&#8220;][\/et_pb_blurb][\/et_pb_column][et_pb_column type=&#8220;1_3&#8243; _builder_version=&#8220;4.21.0&#8243; _module_preset=&#8220;default&#8220; custom_padding=&#8220;|0px|||false|false&#8220; global_colors_info=&#8220;{}&#8220;][et_pb_blurb title=&#8220;INTERN\u00cd PROCESY&#8220; url=&#8220;https:\/\/bralo.com\/cs\/sluzby\/interni-procesy\/&#8220; image=&#8220;https:\/\/bralo.com\/wp-content\/uploads\/2023\/10\/processos-internos-1.webp&#8220; alt=&#8220;processos internos&#8220; image_icon_width=&#8220;92%&#8220; module_class=&#8220;alinear-horizontalmente&#8220; _builder_version=&#8220;4.27.2&#8243; _module_preset=&#8220;default&#8220; header_text_align=&#8220;center&#8220; header_text_color=&#8220;#006CA7&#8243; image_icon_custom_margin=&#8220;|10px|-10px|10px|false|true&#8220; image_icon_custom_padding=&#8220;||||true|false&#8220; custom_margin=&#8220;17px||50px||false|false&#8220; animation=&#8220;off&#8220; hover_enabled=&#8220;0&#8243; custom_css_main_element=&#8220;display: inline-block!important;&#8220; border_color_all=&#8220;#006CA7&#8243; border_width_all_image=&#8220;1px&#8220; border_color_all_image=&#8220;#006CA7&#8243; locked=&#8220;off&#8220; global_colors_info=&#8220;{}&#8220; sticky_enabled=&#8220;0&#8243;][\/et_pb_blurb][\/et_pb_column][\/et_pb_row][\/et_pb_section]<\/p>\n","protected":false},"excerpt":{"rendered":"<p>INOVACE BRALO V POP\u0158ED\u00cd Na\u0161e vize je inovativn\u00ed spole\u010dnost a na\u0161\u00edm c\u00edlem je st\u00e1t se technologick\u00fdm vzorem v oborech, v nich\u017e p\u016fsob\u00edme. Spole\u010dnost BRALO v\u011b\u0159\u00ed ve schopnost technologick\u00e9 inovace, v\u00fdzkumu a v\u00fdvoje jako n\u00e1stroj\u016f, kter\u00e9 jsou nezbytn\u00e9 k tomu, abychom se p\u0159izp\u016fsobili glob\u00e1ln\u00edmu v\u00fdvoji nov\u00fdch trh\u016f. SPECIALIZOVAN\u00cd ODBORN\u00cd PRACOVN\u00cdCITechnologick\u00e1 inovace ve spole\u010dnosti BRALO zvy\u0161uje hodnotu [&hellip;]<\/p>\n","protected":false},"author":1,"featured_media":0,"parent":26166,"menu_order":0,"comment_status":"closed","ping_status":"closed","template":"","meta":{"_acf_changed":false,"_et_pb_use_builder":"on","_et_pb_old_content":"","_et_gb_content_width":"","inline_featured_image":false,"footnotes":""},"class_list":["post-26184","page","type-page","status-publish","hentry"],"acf":[],"_links":{"self":[{"href":"https:\/\/bralo.com\/cs\/wp-json\/wp\/v2\/pages\/26184","targetHints":{"allow":["GET"]}}],"collection":[{"href":"https:\/\/bralo.com\/cs\/wp-json\/wp\/v2\/pages"}],"about":[{"href":"https:\/\/bralo.com\/cs\/wp-json\/wp\/v2\/types\/page"}],"author":[{"embeddable":true,"href":"https:\/\/bralo.com\/cs\/wp-json\/wp\/v2\/users\/1"}],"replies":[{"embeddable":true,"href":"https:\/\/bralo.com\/cs\/wp-json\/wp\/v2\/comments?post=26184"}],"version-history":[{"count":3,"href":"https:\/\/bralo.com\/cs\/wp-json\/wp\/v2\/pages\/26184\/revisions"}],"predecessor-version":[{"id":32990,"href":"https:\/\/bralo.com\/cs\/wp-json\/wp\/v2\/pages\/26184\/revisions\/32990"}],"up":[{"embeddable":true,"href":"https:\/\/bralo.com\/cs\/wp-json\/wp\/v2\/pages\/26166"}],"wp:attachment":[{"href":"https:\/\/bralo.com\/cs\/wp-json\/wp\/v2\/media?parent=26184"}],"curies":[{"name":"wp","href":"https:\/\/api.w.org\/{rel}","templated":true}]}}