{"id":26192,"date":"2023-07-31T11:40:29","date_gmt":"2023-07-31T11:40:29","guid":{"rendered":"https:\/\/bralo.com\/?page_id=26192"},"modified":"2024-12-17T08:36:46","modified_gmt":"2024-12-17T08:36:46","slug":"technicka-knihovna","status":"publish","type":"page","link":"https:\/\/bralo.com\/cs\/technicka-knihovna\/","title":{"rendered":"Technick\u00e1 Knihovna"},"content":{"rendered":"<p>[et_pb_section fb_built=&#8220;1&#8243; _builder_version=&#8220;4.23&#8243; _module_preset=&#8220;default&#8220; background_image=&#8220;https:\/\/bralo.com\/wp-content\/uploads\/2023\/04\/fondo-mosaico-tornillos.jpg&#8220; custom_margin=&#8220;0px||||false|false&#8220; custom_padding=&#8220;0px||40px||false|false&#8220; da_disable_devices=&#8220;off|off|off&#8220; global_colors_info=&#8220;{}&#8220; da_is_popup=&#8220;off&#8220; da_exit_intent=&#8220;off&#8220; da_has_close=&#8220;on&#8220; da_alt_close=&#8220;off&#8220; da_dark_close=&#8220;off&#8220; da_not_modal=&#8220;on&#8220; da_is_singular=&#8220;off&#8220; da_with_loader=&#8220;off&#8220; da_has_shadow=&#8220;on&#8220;][et_pb_row admin_label=&#8220;T\u00edtulo&#8220; _builder_version=&#8220;4.23&#8243; _module_preset=&#8220;default&#8220; width=&#8220;75%&#8220; max_width=&#8220;80%&#8220; custom_margin=&#8220;||||false|false&#8220; locked=&#8220;off&#8220; global_colors_info=&#8220;{}&#8220;][et_pb_column type=&#8220;4_4&#8243; _builder_version=&#8220;4.21.0&#8243; _module_preset=&#8220;default&#8220; global_colors_info=&#8220;{}&#8220;][et_pb_text _builder_version=&#8220;4.27.2&#8243; _module_preset=&#8220;default&#8220; header_2_font=&#8220;|700|||||||&#8220; header_2_text_color=&#8220;#006CA7&#8243; header_2_font_size=&#8220;45px&#8220; custom_margin=&#8220;40px||||false|false&#8220; custom_padding=&#8220;15px||15px||true|false&#8220; locked=&#8220;off&#8220; global_colors_info=&#8220;{}&#8220;]<\/p>\n<h2 style=\"text-align: center;\">KATALOGY<\/h2>\n<p>[\/et_pb_text][\/et_pb_column][\/et_pb_row][et_pb_row _builder_version=&#8220;4.21.0&#8243; _module_preset=&#8220;default&#8220; custom_padding=&#8220;||40px||false|false&#8220; global_colors_info=&#8220;{}&#8220;][et_pb_column type=&#8220;4_4&#8243; _builder_version=&#8220;4.21.0&#8243; _module_preset=&#8220;default&#8220; global_colors_info=&#8220;{}&#8220;][et_pb_text _builder_version=&#8220;4.27.2&#8243; _module_preset=&#8220;default&#8220; text_font_size=&#8220;20px&#8220; text_orientation=&#8220;center&#8220; global_colors_info=&#8220;{}&#8220;]<\/p>\n<p>Katalogy, n\u00e1vody k obsluze a bro\u017eury k dispozici ke sta\u017een\u00ed<\/p>\n<p>[\/et_pb_text][\/et_pb_column][\/et_pb_row][et_pb_row column_structure=&#8220;1_4,1_4,1_4,1_4&#8243; use_custom_gutter=&#8220;on&#8220; gutter_width=&#8220;2&#8243; make_equal=&#8220;on&#8220; _builder_version=&#8220;4.27.2&#8243; _module_preset=&#8220;default&#8220; custom_margin=&#8220;0px||0px||true|false&#8220; custom_padding=&#8220;0px||0px||true|false&#8220; hover_enabled=&#8220;0&#8243; global_colors_info=&#8220;{}&#8220; sticky_enabled=&#8220;0&#8243;][et_pb_column type=&#8220;1_4&#8243; module_class=&#8220;zoom-image&#8220; _builder_version=&#8220;4.27.2&#8243; _module_preset=&#8220;default&#8220; background_color=&#8220;#FFFFFF&#8220; background_enable_image=&#8220;off&#8220; background_size=&#8220;contain&#8220; custom_padding=&#8220;0px||0px||false|false&#8220; link_option_url=&#8220;https:\/\/bralo.com\/cs\/technicka-knihovna\/katalogy\/&#8220; hover_enabled=&#8220;0&#8243; box_shadow_style=&#8220;preset1&#8243; global_colors_info=&#8220;{}&#8220; sticky_enabled=&#8220;0&#8243;][et_pb_text _builder_version=&#8220;4.27.2&#8243; _module_preset=&#8220;default&#8220; text_text_color=&#8220;#006CA7&#8243; text_font_size=&#8220;24px&#8220; text_line_height=&#8220;1em&#8220; background_enable_color=&#8220;off&#8220; text_orientation=&#8220;center&#8220; custom_margin=&#8220;20px||||false|false&#8220; custom_padding=&#8220;12px||12px||true|true&#8220; custom_padding_tablet=&#8220;30px|150px|30px|20px|false|false&#8220; custom_padding_phone=&#8220;|20px|||false|false&#8220; custom_padding_last_edited=&#8220;on|desktop&#8220; border_color_bottom=&#8220;#FFFFFF&#8220; locked=&#8220;off&#8220; global_colors_info=&#8220;{}&#8220;]<\/p>\n<p>KATALOGY<\/p>\n<p>[\/et_pb_text][et_pb_image src=&#8220;https:\/\/bralo.com\/wp-content\/uploads\/2023\/10\/catalogo-remaches.webp&#8220; alt=&#8220;catalogos&#8220; title_text=&#8220;catalogo-remaches&#8220; _builder_version=&#8220;4.23&#8243; _module_preset=&#8220;default&#8220; width=&#8220;85%&#8220; module_alignment=&#8220;center&#8220; min_height=&#8220;180.7px&#8220; custom_margin=&#8220;||||false|false&#8220; global_colors_info=&#8220;{}&#8220;][\/et_pb_image][\/et_pb_column][et_pb_column type=&#8220;1_4&#8243; module_class=&#8220;zoom-image&#8220; _builder_version=&#8220;4.27.2&#8243; _module_preset=&#8220;default&#8220; background_color=&#8220;#FFFFFF&#8220; background_enable_image=&#8220;off&#8220; background_size=&#8220;contain&#8220; link_option_url=&#8220;https:\/\/bralo.com\/cs\/technicka-knihovna\/osvedceni\/&#8220; box_shadow_style=&#8220;preset1&#8243; global_colors_info=&#8220;{}&#8220;][et_pb_text _builder_version=&#8220;4.27.2&#8243; _module_preset=&#8220;default&#8220; text_text_color=&#8220;#006CA7&#8243; text_font_size=&#8220;24px&#8220; text_line_height=&#8220;1em&#8220; background_enable_color=&#8220;off&#8220; text_orientation=&#8220;center&#8220; custom_margin=&#8220;20px||||false|false&#8220; custom_padding=&#8220;12px||12px||true|true&#8220; custom_padding_tablet=&#8220;30px|150px|30px|20px|false|false&#8220; custom_padding_phone=&#8220;|20px|||false|false&#8220; custom_padding_last_edited=&#8220;on|desktop&#8220; border_color_bottom=&#8220;#FFFFFF&#8220; locked=&#8220;off&#8220; global_colors_info=&#8220;{}&#8220;]<\/p>\n<p>OSV\u011aD\u010cEN\u00cd<\/p>\n<p>[\/et_pb_text][et_pb_image src=&#8220;https:\/\/bralo.com\/wp-content\/uploads\/2023\/10\/certificados.webp&#8220; alt=&#8220;Certificados&#8220; title_text=&#8220;certificados&#8220; _builder_version=&#8220;4.23&#8243; _module_preset=&#8220;default&#8220; width=&#8220;85%&#8220; module_alignment=&#8220;center&#8220; custom_margin=&#8220;||20px||false|false&#8220; global_colors_info=&#8220;{}&#8220;][\/et_pb_image][\/et_pb_column][et_pb_column type=&#8220;1_4&#8243; module_class=&#8220;zoom-image&#8220; _builder_version=&#8220;4.27.2&#8243; _module_preset=&#8220;default&#8220; background_color=&#8220;#FFFFFF&#8220; background_enable_image=&#8220;off&#8220; background_size=&#8220;contain&#8220; link_option_url=&#8220;https:\/\/bralo.com\/cs\/technicka-knihovna\/brozury-a-slozky\/&#8220; box_shadow_style=&#8220;preset1&#8243; global_colors_info=&#8220;{}&#8220;][et_pb_text _builder_version=&#8220;4.27.2&#8243; _module_preset=&#8220;default&#8220; text_text_color=&#8220;#006CA7&#8243; text_font_size=&#8220;24px&#8220; text_line_height=&#8220;1em&#8220; background_enable_color=&#8220;off&#8220; text_orientation=&#8220;center&#8220; custom_margin=&#8220;20px||||false|false&#8220; custom_padding=&#8220;||||true|true&#8220; custom_padding_tablet=&#8220;30px|150px|30px|20px|false|false&#8220; custom_padding_phone=&#8220;|20px|||false|false&#8220; custom_padding_last_edited=&#8220;on|desktop&#8220; border_color_bottom=&#8220;#FFFFFF&#8220; locked=&#8220;off&#8220; global_colors_info=&#8220;{}&#8220;]<\/p>\n<p>BRO\u017dURY A SLO\u017dKY<\/p>\n<p>[\/et_pb_text][et_pb_image src=&#8220;https:\/\/bralo.com\/wp-content\/uploads\/2023\/10\/dosier.webp&#8220; alt=&#8220;Dosier&#8220; title_text=&#8220;dosier&#8220; _builder_version=&#8220;4.23&#8243; _module_preset=&#8220;default&#8220; width=&#8220;85%&#8220; module_alignment=&#8220;center&#8220; custom_margin=&#8220;||20px||false|false&#8220; global_colors_info=&#8220;{}&#8220;][\/et_pb_image][\/et_pb_column][et_pb_column type=&#8220;1_4&#8243; module_class=&#8220;zoom-image&#8220; _builder_version=&#8220;4.27.2&#8243; _module_preset=&#8220;default&#8220; background_color=&#8220;#FFFFFF&#8220; background_enable_image=&#8220;off&#8220; background_size=&#8220;contain&#8220; link_option_url=&#8220;https:\/\/bralo.com\/cs\/technicka-knihovna\/prirucky-s-navody\/&#8220; box_shadow_style=&#8220;preset1&#8243; global_colors_info=&#8220;{}&#8220;][et_pb_text _builder_version=&#8220;4.27.2&#8243; _module_preset=&#8220;default&#8220; text_text_color=&#8220;#006CA7&#8243; text_font_size=&#8220;24px&#8220; text_line_height=&#8220;1em&#8220; background_enable_color=&#8220;off&#8220; text_orientation=&#8220;center&#8220; custom_margin=&#8220;20px||||false|false&#8220; custom_padding=&#8220;||||true|true&#8220; custom_padding_tablet=&#8220;30px|150px|30px|20px|false|false&#8220; custom_padding_phone=&#8220;|20px|||false|false&#8220; custom_padding_last_edited=&#8220;on|desktop&#8220; border_color_bottom=&#8220;#FFFFFF&#8220; locked=&#8220;off&#8220; global_colors_info=&#8220;{}&#8220;]<\/p>\n<p>P\u0158\u00cdRU\u010cKY S N\u00c1VODY<\/p>\n<p>[\/et_pb_text][et_pb_image src=&#8220;https:\/\/bralo.com\/wp-content\/uploads\/2023\/10\/manual.webp&#8220; alt=&#8220;Manual de instrucciones&#8220; title_text=&#8220;manual&#8220; _builder_version=&#8220;4.23&#8243; _module_preset=&#8220;default&#8220; width=&#8220;85%&#8220; module_alignment=&#8220;center&#8220; custom_margin=&#8220;||20px||false|false&#8220; global_colors_info=&#8220;{}&#8220;][\/et_pb_image][\/et_pb_column][\/et_pb_row][\/et_pb_section]<\/p>\n","protected":false},"excerpt":{"rendered":"<p>KATALOGYKatalogy, n\u00e1vody k obsluze a bro\u017eury k dispozici ke sta\u017een\u00edKATALOGYOSV\u011aD\u010cEN\u00cdBRO\u017dURY A SLO\u017dKYP\u0158\u00cdRU\u010cKY S N\u00c1VODY<\/p>\n","protected":false},"author":1,"featured_media":0,"parent":0,"menu_order":0,"comment_status":"closed","ping_status":"closed","template":"","meta":{"_acf_changed":false,"_et_pb_use_builder":"on","_et_pb_old_content":"[et_pb_section fb_built=\"1\" _builder_version=\"4.23\" _module_preset=\"default\" background_image=\"https:\/\/bralo.com\/wp-content\/uploads\/2023\/04\/fondo-mosaico-tornillos.jpg\" custom_margin=\"0px||||false|false\" custom_padding=\"0px||40px||false|false\" da_disable_devices=\"off|off|off\" global_colors_info=\"{}\" da_is_popup=\"off\" da_exit_intent=\"off\" da_has_close=\"on\" da_alt_close=\"off\" da_dark_close=\"off\" da_not_modal=\"on\" da_is_singular=\"off\" da_with_loader=\"off\" da_has_shadow=\"on\"][et_pb_row admin_label=\"T\u00edtulo\" _builder_version=\"4.23\" _module_preset=\"default\" width=\"75%\" max_width=\"80%\" custom_margin=\"||||false|false\" locked=\"off\" global_colors_info=\"{}\"][et_pb_column type=\"4_4\" _builder_version=\"4.21.0\" _module_preset=\"default\" global_colors_info=\"{}\"][et_pb_text _builder_version=\"4.23\" _module_preset=\"default\" header_2_font=\"|700|||||||\" header_2_text_color=\"#006CA7\" header_2_font_size=\"45px\" custom_margin=\"40px||||false|false\" custom_padding=\"15px||15px||true|false\" locked=\"off\" global_colors_info=\"{}\"]<h2 style=\"text-align: center;\">CAT\u00c1LOGOS<\/h2>[\/et_pb_text][\/et_pb_column][\/et_pb_row][et_pb_row _builder_version=\"4.21.0\" _module_preset=\"default\" custom_padding=\"||40px||false|false\" global_colors_info=\"{}\"][et_pb_column type=\"4_4\" _builder_version=\"4.21.0\" _module_preset=\"default\" global_colors_info=\"{}\"][et_pb_text _builder_version=\"4.21.0\" _module_preset=\"default\" text_font_size=\"20px\" text_orientation=\"center\" global_colors_info=\"{}\"]<p>Cat\u00e1logos, instrucciones de funcionamiento y folletos disponibles para su descarga<\/p>[\/et_pb_text][\/et_pb_column][\/et_pb_row][et_pb_row column_structure=\"1_4,1_4,1_4,1_4\" use_custom_gutter=\"on\" gutter_width=\"2\" make_equal=\"on\" _builder_version=\"4.27.0\" _module_preset=\"default\" custom_margin=\"0px||0px||true|false\" custom_padding=\"0px||0px||true|false\" hover_enabled=\"0\" global_colors_info=\"{}\" sticky_enabled=\"0\"][et_pb_column type=\"1_4\" module_class=\"zoom-image\" _builder_version=\"4.27.0\" _module_preset=\"default\" background_color=\"#FFFFFF\" background_enable_image=\"off\" background_size=\"contain\" custom_padding=\"0px||0px||false|false\" link_option_url=\"@ET-DC@eyJkeW5hbWljIjp0cnVlLCJjb250ZW50IjoicG9zdF9saW5rX3VybF9wYWdlIiwic2V0dGluZ3MiOnsicG9zdF9pZCI6IjEzMjQ1In19@\" hover_enabled=\"0\" box_shadow_style=\"preset1\" global_colors_info=\"{}\" _dynamic_attributes=\"link_option_url\" sticky_enabled=\"0\"][et_pb_text _builder_version=\"4.21.0\" _module_preset=\"default\" text_text_color=\"#006CA7\" text_font_size=\"24px\" text_line_height=\"1em\" background_enable_color=\"off\" text_orientation=\"center\" custom_margin=\"20px||||false|false\" custom_padding=\"12px||12px||true|true\" custom_padding_tablet=\"30px|150px|30px|20px|false|false\" custom_padding_phone=\"|20px|||false|false\" custom_padding_last_edited=\"on|desktop\" border_color_bottom=\"#FFFFFF\" locked=\"off\" global_colors_info=\"{}\"]<p>CAT\u00c1LOGOS<\/p>[\/et_pb_text][et_pb_image src=\"https:\/\/bralo.com\/wp-content\/uploads\/2023\/10\/catalogo-remaches.webp\" alt=\"catalogos\" title_text=\"catalogo-remaches\" _builder_version=\"4.23\" _module_preset=\"default\" width=\"85%\" module_alignment=\"center\" min_height=\"180.7px\" custom_margin=\"||||false|false\" global_colors_info=\"{}\"][\/et_pb_image][\/et_pb_column][et_pb_column type=\"1_4\" module_class=\"zoom-image\" _builder_version=\"4.27.0\" _module_preset=\"default\" background_color=\"#FFFFFF\" background_enable_image=\"off\" background_size=\"contain\" link_option_url=\"@ET-DC@eyJkeW5hbWljIjp0cnVlLCJjb250ZW50IjoicG9zdF9saW5rX3VybF9wYWdlIiwic2V0dGluZ3MiOnsicG9zdF9pZCI6IjEzMjI0In19@\" hover_enabled=\"0\" box_shadow_style=\"preset1\" global_colors_info=\"{}\" _dynamic_attributes=\"link_option_url\" sticky_enabled=\"0\"][et_pb_text _builder_version=\"4.21.0\" _module_preset=\"default\" text_text_color=\"#006CA7\" text_font_size=\"24px\" text_line_height=\"1em\" background_enable_color=\"off\" text_orientation=\"center\" custom_margin=\"20px||||false|false\" custom_padding=\"12px||12px||true|true\" custom_padding_tablet=\"30px|150px|30px|20px|false|false\" custom_padding_phone=\"|20px|||false|false\" custom_padding_last_edited=\"on|desktop\" border_color_bottom=\"#FFFFFF\" locked=\"off\" global_colors_info=\"{}\"]<p>CERTIFICADOS<\/p>[\/et_pb_text][et_pb_image src=\"https:\/\/bralo.com\/wp-content\/uploads\/2023\/10\/certificados.webp\" alt=\"Certificados\" title_text=\"certificados\" _builder_version=\"4.23\" _module_preset=\"default\" width=\"85%\" module_alignment=\"center\" custom_margin=\"||20px||false|false\" global_colors_info=\"{}\"][\/et_pb_image][\/et_pb_column][et_pb_column type=\"1_4\" module_class=\"zoom-image\" _builder_version=\"4.27.0\" _dynamic_attributes=\"link_option_url\" _module_preset=\"default\" background_color=\"#FFFFFF\" background_enable_image=\"off\" background_size=\"contain\" link_option_url=\"@ET-DC@eyJkeW5hbWljIjp0cnVlLCJjb250ZW50IjoicG9zdF9saW5rX3VybF9wYWdlIiwic2V0dGluZ3MiOnsicG9zdF9pZCI6IjEzNTA5In19@\" hover_enabled=\"0\" box_shadow_style=\"preset1\" global_colors_info=\"{}\" sticky_enabled=\"0\"][et_pb_text _builder_version=\"4.21.0\" _module_preset=\"default\" text_text_color=\"#006CA7\" text_font_size=\"24px\" text_line_height=\"1em\" background_enable_color=\"off\" text_orientation=\"center\" custom_margin=\"20px||||false|false\" custom_padding=\"||||true|true\" custom_padding_tablet=\"30px|150px|30px|20px|false|false\" custom_padding_phone=\"|20px|||false|false\" custom_padding_last_edited=\"on|desktop\" border_color_bottom=\"#FFFFFF\" locked=\"off\" global_colors_info=\"{}\"]<p>FOLLETOS Y DOSIERES<\/p>[\/et_pb_text][et_pb_image src=\"https:\/\/bralo.com\/wp-content\/uploads\/2023\/10\/dosier.webp\" alt=\"Dosier\" title_text=\"dosier\" _builder_version=\"4.23\" _module_preset=\"default\" width=\"85%\" module_alignment=\"center\" custom_margin=\"||20px||false|false\" global_colors_info=\"{}\"][\/et_pb_image][\/et_pb_column][et_pb_column type=\"1_4\" module_class=\"zoom-image\" _builder_version=\"4.27.0\" _module_preset=\"default\" background_color=\"#FFFFFF\" background_enable_image=\"off\" background_size=\"contain\" link_option_url=\"@ET-DC@eyJkeW5hbWljIjp0cnVlLCJjb250ZW50IjoicG9zdF9saW5rX3VybF9wYWdlIiwic2V0dGluZ3MiOnsicG9zdF9pZCI6IjEzMjMyIn19@\" hover_enabled=\"0\" box_shadow_style=\"preset1\" global_colors_info=\"{}\" _dynamic_attributes=\"link_option_url\" sticky_enabled=\"0\"][et_pb_text _builder_version=\"4.21.0\" _module_preset=\"default\" text_text_color=\"#006CA7\" text_font_size=\"24px\" text_line_height=\"1em\" background_enable_color=\"off\" text_orientation=\"center\" custom_margin=\"20px||||false|false\" custom_padding=\"||||true|true\" custom_padding_tablet=\"30px|150px|30px|20px|false|false\" custom_padding_phone=\"|20px|||false|false\" custom_padding_last_edited=\"on|desktop\" border_color_bottom=\"#FFFFFF\" locked=\"off\" global_colors_info=\"{}\"]<p>MANUALES DE INSTRUCCIONES<\/p>[\/et_pb_text][et_pb_image src=\"https:\/\/bralo.com\/wp-content\/uploads\/2023\/10\/manual.webp\" alt=\"Manual de instrucciones\" title_text=\"manual\" _builder_version=\"4.23\" _module_preset=\"default\" width=\"85%\" module_alignment=\"center\" custom_margin=\"||20px||false|false\" global_colors_info=\"{}\"][\/et_pb_image][\/et_pb_column][\/et_pb_row][\/et_pb_section]","_et_gb_content_width":"","inline_featured_image":false,"footnotes":""},"class_list":["post-26192","page","type-page","status-publish","hentry"],"acf":[],"_links":{"self":[{"href":"https:\/\/bralo.com\/cs\/wp-json\/wp\/v2\/pages\/26192","targetHints":{"allow":["GET"]}}],"collection":[{"href":"https:\/\/bralo.com\/cs\/wp-json\/wp\/v2\/pages"}],"about":[{"href":"https:\/\/bralo.com\/cs\/wp-json\/wp\/v2\/types\/page"}],"author":[{"embeddable":true,"href":"https:\/\/bralo.com\/cs\/wp-json\/wp\/v2\/users\/1"}],"replies":[{"embeddable":true,"href":"https:\/\/bralo.com\/cs\/wp-json\/wp\/v2\/comments?post=26192"}],"version-history":[{"count":7,"href":"https:\/\/bralo.com\/cs\/wp-json\/wp\/v2\/pages\/26192\/revisions"}],"predecessor-version":[{"id":32346,"href":"https:\/\/bralo.com\/cs\/wp-json\/wp\/v2\/pages\/26192\/revisions\/32346"}],"wp:attachment":[{"href":"https:\/\/bralo.com\/cs\/wp-json\/wp\/v2\/media?parent=26192"}],"curies":[{"name":"wp","href":"https:\/\/api.w.org\/{rel}","templated":true}]}}