{"id":32600,"date":"2023-07-13T16:53:42","date_gmt":"2023-07-13T16:53:42","guid":{"rendered":"https:\/\/bralo.com\/neza\u0159azen\u00e9\/remache-unilock\/"},"modified":"2025-10-23T14:48:21","modified_gmt":"2025-10-23T14:48:21","slug":"nyt-unilock","status":"publish","type":"product","link":"https:\/\/bralo.com\/cs\/nyty\/strizne-koliky\/nyt-unilock\/","title":{"rendered":"Unilock"},"content":{"rendered":"<p>[et_pb_section fb_built=&#8220;1&#8243; _builder_version=&#8220;4.16&#8243; custom_padding=&#8220;0px||||false|false&#8220; da_disable_devices=&#8220;off|off|off&#8220; global_colors_info=&#8220;{}&#8220; da_is_popup=&#8220;off&#8220; da_exit_intent=&#8220;off&#8220; da_has_close=&#8220;on&#8220; da_alt_close=&#8220;off&#8220; da_dark_close=&#8220;off&#8220; da_not_modal=&#8220;on&#8220; da_is_singular=&#8220;off&#8220; da_with_loader=&#8220;off&#8220; da_has_shadow=&#8220;on&#8220;][et_pb_row _builder_version=&#8220;4.16&#8243; background_size=&#8220;initial&#8220; background_position=&#8220;top_left&#8220; background_repeat=&#8220;repeat&#8220; width=&#8220;100%&#8220; custom_padding=&#8220;0px||0px||false|false&#8220; global_colors_info=&#8220;{}&#8220;][et_pb_column type=&#8220;4_4&#8243; _builder_version=&#8220;4.16&#8243; custom_padding=&#8220;|||&#8220; global_colors_info=&#8220;{}&#8220; custom_padding__hover=&#8220;|||&#8220;][et_pb_wc_breadcrumb _builder_version=&#8220;4.16&#8243; global_colors_info=&#8220;{}&#8220;][\/et_pb_wc_breadcrumb][et_pb_wc_cart_notice _builder_version=&#8220;4.16&#8243; global_colors_info=&#8220;{}&#8220;][\/et_pb_wc_cart_notice][\/et_pb_column][\/et_pb_row][et_pb_row column_structure=&#8220;1_2,1_2&#8243; _builder_version=&#8220;4.16&#8243; background_size=&#8220;initial&#8220; background_position=&#8220;top_left&#8220; background_repeat=&#8220;repeat&#8220; width=&#8220;100%&#8220; custom_padding=&#8220;0px||||false|false&#8220; global_colors_info=&#8220;{}&#8220;][et_pb_column type=&#8220;1_2&#8243; _builder_version=&#8220;4.16&#8243; custom_padding=&#8220;|||&#8220; global_colors_info=&#8220;{}&#8220; custom_padding__hover=&#8220;|||&#8220;][et_pb_wc_images show_product_image=&#8220;off&#8220; _builder_version=&#8220;4.23&#8243; global_colors_info=&#8220;{}&#8220;][\/et_pb_wc_images][\/et_pb_column][et_pb_column type=&#8220;1_2&#8243; _builder_version=&#8220;4.16&#8243; custom_padding=&#8220;|||&#8220; global_colors_info=&#8220;{}&#8220; custom_padding__hover=&#8220;|||&#8220;][et_pb_wc_title _builder_version=&#8220;4.16&#8243; global_colors_info=&#8220;{}&#8220;][\/et_pb_wc_title][et_pb_wc_rating _builder_version=&#8220;4.16&#8243; global_colors_info=&#8220;{}&#8220;][\/et_pb_wc_rating][et_pb_wc_price _builder_version=&#8220;4.16&#8243; global_colors_info=&#8220;{}&#8220;][\/et_pb_wc_price][et_pb_wc_description _builder_version=&#8220;4.16&#8243; global_colors_info=&#8220;{}&#8220;][\/et_pb_wc_description][et_pb_wc_add_to_cart _builder_version=&#8220;4.16&#8243; global_colors_info=&#8220;{}&#8220;][\/et_pb_wc_add_to_cart][et_pb_wc_meta _builder_version=&#8220;4.16&#8243; global_colors_info=&#8220;{}&#8220;][\/et_pb_wc_meta][\/et_pb_column][\/et_pb_row][et_pb_row _builder_version=&#8220;4.16&#8243; background_size=&#8220;initial&#8220; background_position=&#8220;top_left&#8220; background_repeat=&#8220;repeat&#8220; width=&#8220;100%&#8220; global_colors_info=&#8220;{}&#8220;][et_pb_column type=&#8220;4_4&#8243; _builder_version=&#8220;4.16&#8243; custom_padding=&#8220;|||&#8220; global_colors_info=&#8220;{}&#8220; custom_padding__hover=&#8220;|||&#8220;][et_pb_wc_tabs _builder_version=&#8220;4.16&#8243; global_colors_info=&#8220;{}&#8220;]\t\t\t\t\t[\/et_pb_wc_tabs][et_pb_wc_upsells _builder_version=&#8220;4.16&#8243; global_colors_info=&#8220;{}&#8220;][\/et_pb_wc_upsells][et_pb_wc_related_products _builder_version=&#8220;4.16&#8243; global_colors_info=&#8220;{}&#8220;][\/et_pb_wc_related_products][\/et_pb_column][\/et_pb_row][\/et_pb_section]<\/p>\n","protected":false},"excerpt":{"rendered":"<p><strong>St\u0159i\u017en\u00fd kol\u00edk se z\u00e1v\u011brn\u00fdm krou\u017ekem UNILOCK<\/strong> slou\u017e\u00ed k z\u00edsk\u00e1n\u00ed \u010dist\u00e9 instalace d\u00edky sv\u00e9 charakteristice \u0159\u00edzen\u00e9ho po\u0161kozen\u00ed.<\/p>\n<p>UNILOCK se pou\u017e\u00edv\u00e1 pro zaji\u0161t\u011bn\u00ed dlouhodob\u00fdch spoj\u016f, kter\u00e9<strong> vy\u017eaduj\u00ed zna\u010dnou odolnost v\u016f\u010di vibrac\u00edm a vysok\u00fdm mechanick\u00fdm hodnot\u00e1m<\/strong>.<\/p>\n<table>\n<tbody>\n<tr style=\"height: 60px;\">\n<td>\n<h3 style=\"color: #006ca7; font-weight: 600!important; font-size: 18px; display: inline-block; margin-right: 30px;\">T\u011blo<\/h3>\n<\/td>\n<td>\n<p style=\"color: white; font-weight: 600!important; font-size: 16px; background-color: #006ca7; border: 3px solid black; padding: 4px 20px; display: inline-block; width: auto;\">Ocel<\/p>\n<\/td>\n<\/tr>\n<tr style=\"height: 60px;\">\n<td>\n<h3 style=\"color: #006ca7; font-weight: 600!important; font-size: 18px; display: inline-block; margin-right: 30px;\">Trn<\/h3>\n<\/td>\n<td>\n<p style=\"color: white; font-weight: 600!important; font-size: 16px; background-color: #006ca7; border: 3px solid black; padding: 4px 20px; display: inline-block; width: auto;\">Ocel<\/p>\n<\/td>\n<\/tr>\n<tr style=\"height: 60px;\">\n<td>\n<h3 style=\"color: #006ca7; font-weight: 600!important; font-size: 18px; display: inline-block; margin-right: 30px;\">Hlava<\/h3>\n<\/td>\n<td>\n<p style=\"color: white; font-weight: 600!important; font-size: 16px; background-color: #006ca7; border: 3px solid black; padding: 4px 20px; display: inline-block; width: auto;\">P\u016flkulat\u00e1<\/p>\n<\/td>\n<\/tr>\n<\/tbody>\n<\/table>\n<p>&nbsp;<\/p>\n","protected":false},"featured_media":28372,"comment_status":"open","ping_status":"closed","template":"","meta":{"_acf_changed":false,"_et_pb_use_builder":"on","_et_pb_old_content":"","_et_gb_content_width":"","inline_featured_image":false},"product_brand":[],"product_cat":[433,436],"product_tag":[],"class_list":{"0":"post-32600","1":"product","2":"type-product","3":"status-publish","4":"has-post-thumbnail","6":"product_cat-nyty","7":"product_cat-strizne-koliky","9":"first","10":"instock","11":"shipping-taxable","12":"product-type-simple"},"acf":[],"_links":{"self":[{"href":"https:\/\/bralo.com\/cs\/wp-json\/wp\/v2\/product\/32600","targetHints":{"allow":["GET"]}}],"collection":[{"href":"https:\/\/bralo.com\/cs\/wp-json\/wp\/v2\/product"}],"about":[{"href":"https:\/\/bralo.com\/cs\/wp-json\/wp\/v2\/types\/product"}],"replies":[{"embeddable":true,"href":"https:\/\/bralo.com\/cs\/wp-json\/wp\/v2\/comments?post=32600"}],"wp:featuredmedia":[{"embeddable":true,"href":"https:\/\/bralo.com\/cs\/wp-json\/wp\/v2\/media\/28372"}],"wp:attachment":[{"href":"https:\/\/bralo.com\/cs\/wp-json\/wp\/v2\/media?parent=32600"}],"wp:term":[{"taxonomy":"product_brand","embeddable":true,"href":"https:\/\/bralo.com\/cs\/wp-json\/wp\/v2\/product_brand?post=32600"},{"taxonomy":"product_cat","embeddable":true,"href":"https:\/\/bralo.com\/cs\/wp-json\/wp\/v2\/product_cat?post=32600"},{"taxonomy":"product_tag","embeddable":true,"href":"https:\/\/bralo.com\/cs\/wp-json\/wp\/v2\/product_tag?post=32600"}],"curies":[{"name":"wp","href":"https:\/\/api.w.org\/{rel}","templated":true}]}}