{"id":24129,"date":"2024-02-14T11:24:54","date_gmt":"2024-02-14T11:24:54","guid":{"rendered":"https:\/\/bralo.com\/dichtungsloesungen\/"},"modified":"2024-11-07T16:36:36","modified_gmt":"2024-11-07T16:36:36","slug":"dichtungsloesungen","status":"publish","type":"page","link":"https:\/\/bralo.com\/de\/dichtungsloesungen\/","title":{"rendered":"DICHTUNGSL\u00d6SUNGEN"},"content":{"rendered":"<p>[et_pb_section fb_built=&#8220;1&#8243; custom_padding_last_edited=&#8220;on|phone&#8220; _builder_version=&#8220;4.21.0&#8243; _module_preset=&#8220;default&#8220; background_image=&#8220;https:\/\/bralo.com\/wp-content\/uploads\/2023\/09\/cabecera-estanquedad.jpg&#8220; custom_margin=&#8220;||3px||false|false&#8220; custom_padding_tablet=&#8220;&#8220; custom_padding_phone=&#8220;|0px||0px|false|false&#8220; da_disable_devices=&#8220;off|off|off&#8220; locked=&#8220;off&#8220; global_colors_info=&#8220;{}&#8220; admin_label=&#8220;Section&#8220; da_is_popup=&#8220;off&#8220; da_exit_intent=&#8220;off&#8220; da_has_close=&#8220;on&#8220; da_alt_close=&#8220;off&#8220; da_dark_close=&#8220;off&#8220; da_not_modal=&#8220;on&#8220; da_is_singular=&#8220;off&#8220; da_with_loader=&#8220;off&#8220; da_has_shadow=&#8220;on&#8220;][et_pb_row custom_padding_last_edited=&#8220;on|phone&#8220; _builder_version=&#8220;4.21.0&#8243; _module_preset=&#8220;default&#8220; custom_padding=&#8220;|8%||8%|true|true&#8220; custom_padding_tablet=&#8220;70px|8%|70px|8%|true|true&#8220; custom_padding_phone=&#8220;70px|0%|70px|0%|true|true&#8220; global_colors_info=&#8220;{}&#8220;][et_pb_column type=&#8220;4_4&#8243; _builder_version=&#8220;4.20.4&#8243; _module_preset=&#8220;default&#8220; global_colors_info=&#8220;{}&#8220;][et_pb_text _builder_version=&#8220;4.21.0&#8243; _module_preset=&#8220;default&#8220; text_font=&#8220;|300|||||||&#8220; text_text_color=&#8220;#FFFFFF&#8220; text_line_height=&#8220;1.5em&#8220; header_font=&#8220;|||on|||||&#8220; header_text_color=&#8220;#FFFFFF&#8220; header_font_size=&#8220;45px&#8220; header_line_height=&#8220;2.2em&#8220; text_orientation=&#8220;center&#8220; text_line_height_tablet=&#8220;1.5em&#8220; text_line_height_phone=&#8220;1em&#8220; text_line_height_last_edited=&#8220;on|phone&#8220; global_colors_info=&#8220;{}&#8220;]<\/p>\n<h1>DICHTUNGSL\u00d6SUNGEN<\/h1>\n<p>[\/et_pb_text][\/et_pb_column][\/et_pb_row][\/et_pb_section][et_pb_section fb_built=&#8220;1&#8243; _builder_version=&#8220;4.23&#8243; _module_preset=&#8220;default&#8220; background_color=&#8220;#FFFFFF&#8220; background_image=&#8220;https:\/\/bralo.com\/wp-content\/uploads\/2023\/09\/todas-piezas-estanqueidad-2.jpg&#8220; background_size=&#8220;custom&#8220; background_image_width=&#8220;70%&#8220; background_position=&#8220;bottom_right&#8220; custom_padding=&#8220;40px||40px||true|false&#8220; da_disable_devices=&#8220;off|off|off&#8220; global_colors_info=&#8220;{}&#8220; admin_label=&#8220;Section&#8220; da_is_popup=&#8220;off&#8220; da_exit_intent=&#8220;off&#8220; da_has_close=&#8220;on&#8220; da_alt_close=&#8220;off&#8220; da_dark_close=&#8220;off&#8220; da_not_modal=&#8220;on&#8220; da_is_singular=&#8220;off&#8220; da_with_loader=&#8220;off&#8220; da_has_shadow=&#8220;on&#8220;][et_pb_row column_structure=&#8220;1_2,1_2&#8243; _builder_version=&#8220;4.20.4&#8243; _module_preset=&#8220;default&#8220; global_colors_info=&#8220;{}&#8220;][et_pb_column type=&#8220;1_2&#8243; _builder_version=&#8220;4.20.4&#8243; _module_preset=&#8220;default&#8220; global_colors_info=&#8220;{}&#8220;][et_pb_text _builder_version=&#8220;4.23&#8243; _module_preset=&#8220;default&#8220; header_2_font=&#8220;||||||||&#8220; header_2_font_size=&#8220;35px&#8220; custom_padding_tablet=&#8220;&#8220; custom_padding_phone=&#8220;||20px||false|false&#8220; custom_padding_last_edited=&#8220;on|phone&#8220; global_colors_info=&#8220;{}&#8220;]<\/p>\n<h2><em>ABDICHTUNGSVERFAHREN<\/em><\/h2>\n<p>SICHERHEIT UND HALTBARKEIT<\/p>\n<p>Wir bei BRALO bieten verschiedene L\u00f6sungen an, um die Wasserdichtigkeit der Befestigungen unserer Produkte je nach den Bed\u00fcrfnissen jedes Kunden zu gew\u00e4hrleisten. Je nach technischen Erfordernissen k\u00f6nnen Dichtungen oder Dichtstoffe verwendet werden. Beide L\u00f6sungen k\u00f6nnen f\u00fcr Nieten, Muttern oder Nietbolzen verwendet werden.<br \/>\n[\/et_pb_text][\/et_pb_column][et_pb_column type=&#8220;1_2&#8243; _builder_version=&#8220;4.20.4&#8243; _module_preset=&#8220;default&#8220; global_colors_info=&#8220;{}&#8220;][\/et_pb_column][\/et_pb_row][\/et_pb_section][et_pb_section fb_built=&#8220;1&#8243; _builder_version=&#8220;4.21.0&#8243; _module_preset=&#8220;default&#8220; background_color=&#8220;#006CA7&#8243; custom_padding=&#8220;20px||20px||true|false&#8220; da_disable_devices=&#8220;off|off|off&#8220; global_colors_info=&#8220;{}&#8220; admin_label=&#8220;Section&#8220; da_is_popup=&#8220;off&#8220; da_exit_intent=&#8220;off&#8220; da_has_close=&#8220;on&#8220; da_alt_close=&#8220;off&#8220; da_dark_close=&#8220;off&#8220; da_not_modal=&#8220;on&#8220; da_is_singular=&#8220;off&#8220; da_with_loader=&#8220;off&#8220; da_has_shadow=&#8220;on&#8220;][et_pb_row column_structure=&#8220;1_3,1_3,1_3&#8243; module_class=&#8220;separacion-ventajas&#8220; _builder_version=&#8220;4.23&#8243; _module_preset=&#8220;default&#8220; global_colors_info=&#8220;{}&#8220;][et_pb_column type=&#8220;1_3&#8243; _builder_version=&#8220;4.21.0&#8243; _module_preset=&#8220;default&#8220; global_colors_info=&#8220;{}&#8220;][et_pb_blurb title=&#8220;Dichtung, die sich an den Raum des Teils anpasst.&#8220; image=&#8220;https:\/\/bralo.com\/wp-content\/uploads\/2023\/09\/icono-navaja.png&#8220; _builder_version=&#8220;4.21.0&#8243; _module_preset=&#8220;default&#8220; header_level=&#8220;h3&#8243; header_text_align=&#8220;center&#8220; header_text_color=&#8220;#FFFFFF&#8220; global_colors_info=&#8220;{}&#8220;][\/et_pb_blurb][\/et_pb_column][et_pb_column type=&#8220;1_3&#8243; _builder_version=&#8220;4.21.0&#8243; _module_preset=&#8220;default&#8220; global_colors_info=&#8220;{}&#8220;][et_pb_blurb title=&#8220;Statische Stabilit\u00e4t von Fl\u00fcssigkeiten oder Gasen.&#8220; image=&#8220;https:\/\/bralo.com\/wp-content\/uploads\/2023\/09\/icono-estanqueidad-fluidos.png&#8220; _builder_version=&#8220;4.21.0&#8243; _module_preset=&#8220;default&#8220; header_level=&#8220;h3&#8243; header_text_align=&#8220;center&#8220; header_text_color=&#8220;#FFFFFF&#8220; global_colors_info=&#8220;{}&#8220;][\/et_pb_blurb][\/et_pb_column][et_pb_column type=&#8220;1_3&#8243; _builder_version=&#8220;4.21.0&#8243; _module_preset=&#8220;default&#8220; global_colors_info=&#8220;{}&#8220;][et_pb_blurb title=&#8220;GARANTIE mit Wasserdichtheitspr\u00fcfung.&#8220; image=&#8220;https:\/\/bralo.com\/wp-content\/uploads\/2023\/09\/icono-estanquedad-ok.png&#8220; _builder_version=&#8220;4.21.0&#8243; _module_preset=&#8220;default&#8220; header_level=&#8220;h3&#8243; header_text_align=&#8220;center&#8220; header_text_color=&#8220;#FFFFFF&#8220; global_colors_info=&#8220;{}&#8220;][\/et_pb_blurb][\/et_pb_column][\/et_pb_row][\/et_pb_section][et_pb_section fb_built=&#8220;1&#8243; _builder_version=&#8220;4.25.1&#8243; _module_preset=&#8220;default&#8220; background_color=&#8220;#FFFFFF&#8220; background_image=&#8220;https:\/\/bralo.com\/wp-content\/uploads\/2023\/10\/bodegon_sellantes_2-scaled.jpg&#8220; background_size=&#8220;custom&#8220; background_image_width=&#8220;44%&#8220; background_position=&#8220;top_left&#8220; custom_padding=&#8220;0px||0px||false|false&#8220; hover_enabled=&#8220;0&#8243; da_disable_devices=&#8220;off|off|off&#8220; global_colors_info=&#8220;{}&#8220; module_class=&#8220;seccion-tratamiento-por-sellante&#8220; admin_label=&#8220;Section&#8220; da_is_popup=&#8220;off&#8220; da_exit_intent=&#8220;off&#8220; da_has_close=&#8220;on&#8220; da_alt_close=&#8220;off&#8220; da_dark_close=&#8220;off&#8220; da_not_modal=&#8220;on&#8220; da_is_singular=&#8220;off&#8220; da_with_loader=&#8220;off&#8220; da_has_shadow=&#8220;on&#8220; sticky_enabled=&#8220;0&#8243;][et_pb_row column_structure=&#8220;1_2,1_2&#8243; _builder_version=&#8220;4.23&#8243; _module_preset=&#8220;default&#8220; custom_margin_tablet=&#8220;&#8220; custom_margin_phone=&#8220;30px||||false|false&#8220; custom_margin_last_edited=&#8220;on|phone&#8220; hover_enabled=&#8220;0&#8243; global_colors_info=&#8220;{}&#8220; sticky_enabled=&#8220;0&#8243;][et_pb_column type=&#8220;1_2&#8243; _builder_version=&#8220;4.20.4&#8243; _module_preset=&#8220;default&#8220; global_colors_info=&#8220;{}&#8220;][\/et_pb_column][et_pb_column type=&#8220;1_2&#8243; _builder_version=&#8220;4.20.4&#8243; _module_preset=&#8220;default&#8220; global_colors_info=&#8220;{}&#8220;][et_pb_text _builder_version=&#8220;4.25.1&#8243; _module_preset=&#8220;default&#8220; header_2_font=&#8220;||||||||&#8220; header_2_text_color=&#8220;#006CA7&#8243; header_2_font_size=&#8220;35px&#8220; custom_margin_tablet=&#8220;&#8220; custom_margin_phone=&#8220;46px||||false|false&#8220; custom_margin_last_edited=&#8220;on|phone&#8220; hover_enabled=&#8220;0&#8243; global_colors_info=&#8220;{}&#8220; sticky_enabled=&#8220;0&#8243; module_class=&#8220;encabezadoh2-tratamiento-por-sellante&#8220;]<\/p>\n<h2>DICHTUNGSBEHANDLUNG<\/h2>\n<p>Sie besteht aus einem hei\u00df ausgeh\u00e4rteten, elastischen Polymer auf Polyurethanbasis, das unter dem Kopf der betreffenden Niete oder Mutter angebracht wird. W\u00e4hrend des Nietvorgangs passt sich die DICHTUNG der Geometrie an und garantiert durch eine wirksame Abdichtung die Wasserdichtigkeit. Sie ist auf alle Arten von Materialien anwendbar und hat den Vorteil, dass Demontage- oder Montagefehler ausgeschlossen sind.  <\/p>\n<p>[\/et_pb_text][\/et_pb_column][\/et_pb_row][\/et_pb_section][et_pb_section fb_built=&#8220;1&#8243; _builder_version=&#8220;4.25.1&#8243; _module_preset=&#8220;default&#8220; background_color=&#8220;#FFFFFF&#8220; background_image=&#8220;https:\/\/bralo.com\/wp-content\/uploads\/2023\/09\/pieza-junta-1.jpg&#8220; background_size=&#8220;custom&#8220; background_image_width=&#8220;50%&#8220; background_position=&#8220;center_right&#8220; custom_padding=&#8220;0px||0px||false|false&#8220; hover_enabled=&#8220;0&#8243; background_last_edited=&#8220;on|phone&#8220; background_image_width_phone=&#8220;80%&#8220; background_position_phone=&#8220;bottom_right&#8220; da_disable_devices=&#8220;off|off|off&#8220; global_colors_info=&#8220;{}&#8220; admin_label=&#8220;Section&#8220; da_is_popup=&#8220;off&#8220; da_exit_intent=&#8220;off&#8220; da_has_close=&#8220;on&#8220; da_alt_close=&#8220;off&#8220; da_dark_close=&#8220;off&#8220; da_not_modal=&#8220;on&#8220; da_is_singular=&#8220;off&#8220; da_with_loader=&#8220;off&#8220; da_has_shadow=&#8220;on&#8220; sticky_enabled=&#8220;0&#8243;][et_pb_row column_structure=&#8220;1_2,1_2&#8243; _builder_version=&#8220;4.20.4&#8243; _module_preset=&#8220;default&#8220; global_colors_info=&#8220;{}&#8220;][et_pb_column type=&#8220;1_2&#8243; _builder_version=&#8220;4.20.4&#8243; _module_preset=&#8220;default&#8220; global_colors_info=&#8220;{}&#8220;][et_pb_text content_tablet=&#8220;<\/p>\n<h2>DICHTUNGEN<\/h2>\n<p>Der w\u00e4hrend des Nietvorgangs ausge\u00fcbte Druck bewirkt die Verformung der Verbindung, wodurch eine perfekte Anpassung zwischen dem Verbindungselement und dem Teil erreicht wird. <br \/>Je nach Bedarf f\u00fcr die Abdichtung in verschiedenen Fl\u00fcssigkeiten oder Gasen, bieten wir die folgenden Alternativen an, die unterschiedliche Anforderungen an die Korrosions- und Temperaturbest\u00e4ndigkeit stellen.<\/p>\n<ul>\n<li>EPDM:<\/li>\n<li>NBR<\/li>\n<li>FKM (viton\u00ae)<\/li>\n<\/ul>\n<p>&#8220; content_phone=&#8220;<\/p>\n<h2>DICHTUNGEN<\/h2>\n<p>Der w\u00e4hrend des Nietvorgangs ausge\u00fcbte Druck bewirkt die Verformung der Verbindung, wodurch eine perfekte Anpassung zwischen dem Verbindungselement und dem Teil erreicht wird.<\/p>\n<p>Je nach Bedarf f\u00fcr die Abdichtung in verschiedenen Fl\u00fcssigkeiten oder Gasen, bieten wir die folgenden Alternativen an, die unterschiedliche Anforderungen an die Korrosions- und Temperaturbest\u00e4ndigkeit stellen.<\/p>\n<ul>\n<li>EPDM:<\/li>\n<li>NBR<\/li>\n<li>FKM (viton\u00ae)<\/li>\n<\/ul>\n<p>&#8220; content_last_edited=&#8220;on|phone&#8220; _builder_version=&#8220;4.25.1&#8243; _module_preset=&#8220;default&#8220; header_2_font=&#8220;||||||||&#8220; header_2_text_color=&#8220;#006CA7&#8243; header_2_font_size=&#8220;35px&#8220; custom_margin=&#8220;30px||||false|false&#8220; custom_padding_tablet=&#8220;&#8220; custom_padding_phone=&#8220;||40px||false|false&#8220; custom_padding_last_edited=&#8220;on|phone&#8220; hover_enabled=&#8220;0&#8243; global_colors_info=&#8220;{}&#8220; sticky_enabled=&#8220;0&#8243;]<\/p>\n<h2>DICHTUNGEN<\/h2>\n<p>Der w\u00e4hrend des Nietvorgangs ausge\u00fcbte Druck bewirkt die Verformung der Verbindung, wodurch eine perfekte Anpassung zwischen dem Verbindungselement und dem Teil erreicht wird.<\/p>\n<p>Je nach Bedarf f\u00fcr die Abdichtung in verschiedenen Fl\u00fcssigkeiten oder Gasen, bieten wir die folgenden Alternativen an, die unterschiedliche Anforderungen an die Korrosions- und Temperaturbest\u00e4ndigkeit stellen.<\/p>\n<p>&nbsp;<\/p>\n<ul>\n<li>EPDM:<\/li>\n<li>NBR<\/li>\n<li>FKM (viton\u00ae)<\/li>\n<\/ul>\n<p>[\/et_pb_text][\/et_pb_column][et_pb_column type=&#8220;1_2&#8243; _builder_version=&#8220;4.20.4&#8243; _module_preset=&#8220;default&#8220; global_colors_info=&#8220;{}&#8220;][\/et_pb_column][\/et_pb_row][\/et_pb_section][et_pb_section fb_built=&#8220;1&#8243; custom_padding_last_edited=&#8220;on|phone&#8220; _builder_version=&#8220;4.23&#8243; _module_preset=&#8220;default&#8220; custom_margin_tablet=&#8220;&#8220; custom_margin_phone=&#8220;16px||||false|false&#8220; custom_margin_last_edited=&#8220;on|phone&#8220; custom_padding=&#8220;3px||0px|||&#8220; custom_padding_tablet=&#8220;3px||0px|||&#8220; custom_padding_phone=&#8220;0px|0px|0px|0px|false|false&#8220; da_disable_devices=&#8220;off|off|off&#8220; global_colors_info=&#8220;{}&#8220; admin_label=&#8220;Section&#8220; da_is_popup=&#8220;off&#8220; da_exit_intent=&#8220;off&#8220; da_has_close=&#8220;on&#8220; da_alt_close=&#8220;off&#8220; da_dark_close=&#8220;off&#8220; da_not_modal=&#8220;on&#8220; da_is_singular=&#8220;off&#8220; da_with_loader=&#8220;off&#8220; da_has_shadow=&#8220;on&#8220;][et_pb_row _builder_version=&#8220;4.23&#8243; _module_preset=&#8220;default&#8220; background_image=&#8220;https:\/\/bralo.com\/wp-content\/uploads\/2023\/09\/electric-car-6901893-azul.jpg&#8220; width=&#8220;100%&#8220; width_tablet=&#8220;&#8220; width_phone=&#8220;100%&#8220; width_last_edited=&#8220;on|phone&#8220; max_width=&#8220;100%&#8220; custom_margin=&#8220;|0px||0px|false|true&#8220; custom_margin_tablet=&#8220;&#8220; custom_margin_phone=&#8220;|0px||0px|false|false&#8220; custom_margin_last_edited=&#8220;on|phone&#8220; custom_padding=&#8220;|0px||0px|false|true&#8220; background_last_edited=&#8220;on|phone&#8220; background_size_phone=&#8220;contain&#8220; global_colors_info=&#8220;{}&#8220;][et_pb_column type=&#8220;4_4&#8243; _builder_version=&#8220;4.21.0&#8243; _module_preset=&#8220;default&#8220; global_colors_info=&#8220;{}&#8220;][et_pb_divider show_divider=&#8220;off&#8220; _builder_version=&#8220;4.21.0&#8243; _module_preset=&#8220;default&#8220; custom_margin=&#8220;170px||73px||false|false&#8220; global_colors_info=&#8220;{}&#8220;][\/et_pb_divider][\/et_pb_column][\/et_pb_row][\/et_pb_section]<\/p>\n","protected":false},"excerpt":{"rendered":"<p>DICHTUNGSL\u00d6SUNGEN ABDICHTUNGSVERFAHREN SICHERHEIT UND HALTBARKEITWir bei BRALO bieten verschiedene L\u00f6sungen an, um die Wasserdichtigkeit der Befestigungen unserer Produkte je nach den Bed\u00fcrfnissen jedes Kunden zu gew\u00e4hrleisten. Je nach technischen Erfordernissen k\u00f6nnen Dichtungen oder Dichtstoffe verwendet werden. Beide L\u00f6sungen k\u00f6nnen f\u00fcr Nieten, Muttern oder Nietbolzen verwendet werden. DICHTUNGSBEHANDLUNG Sie besteht aus einem hei\u00df ausgeh\u00e4rteten, elastischen Polymer [&hellip;]<\/p>\n","protected":false},"author":2,"featured_media":0,"parent":0,"menu_order":0,"comment_status":"closed","ping_status":"closed","template":"","meta":{"_acf_changed":false,"_et_pb_use_builder":"on","_et_pb_old_content":"","_et_gb_content_width":"","inline_featured_image":false,"footnotes":""},"class_list":["post-24129","page","type-page","status-publish","hentry"],"acf":[],"_links":{"self":[{"href":"https:\/\/bralo.com\/de\/wp-json\/wp\/v2\/pages\/24129","targetHints":{"allow":["GET"]}}],"collection":[{"href":"https:\/\/bralo.com\/de\/wp-json\/wp\/v2\/pages"}],"about":[{"href":"https:\/\/bralo.com\/de\/wp-json\/wp\/v2\/types\/page"}],"author":[{"embeddable":true,"href":"https:\/\/bralo.com\/de\/wp-json\/wp\/v2\/users\/2"}],"replies":[{"embeddable":true,"href":"https:\/\/bralo.com\/de\/wp-json\/wp\/v2\/comments?post=24129"}],"version-history":[{"count":2,"href":"https:\/\/bralo.com\/de\/wp-json\/wp\/v2\/pages\/24129\/revisions"}],"predecessor-version":[{"id":24131,"href":"https:\/\/bralo.com\/de\/wp-json\/wp\/v2\/pages\/24129\/revisions\/24131"}],"wp:attachment":[{"href":"https:\/\/bralo.com\/de\/wp-json\/wp\/v2\/media?parent=24129"}],"curies":[{"name":"wp","href":"https:\/\/api.w.org\/{rel}","templated":true}]}}