{"id":25626,"date":"2024-02-14T10:48:34","date_gmt":"2024-02-14T10:48:34","guid":{"rendered":"https:\/\/bralo.com\/datenschutzpolitik\/"},"modified":"2024-12-11T13:51:32","modified_gmt":"2024-12-11T13:51:32","slug":"datenschutzpolitik","status":"publish","type":"page","link":"https:\/\/bralo.com\/de\/datenschutzpolitik\/","title":{"rendered":"Datenschutzpolitik"},"content":{"rendered":"<p>[et_pb_section fb_built=&#8220;1&#8243; _builder_version=&#8220;4.21.0&#8243; _module_preset=&#8220;default&#8220; da_disable_devices=&#8220;off|off|off&#8220; global_module=&#8220;7184&#8243; saved_tabs=&#8220;all&#8220; global_colors_info=&#8220;{}&#8220; da_is_popup=&#8220;off&#8220; da_exit_intent=&#8220;off&#8220; da_has_close=&#8220;on&#8220; da_alt_close=&#8220;off&#8220; da_dark_close=&#8220;off&#8220; da_not_modal=&#8220;on&#8220; da_is_singular=&#8220;off&#8220; da_with_loader=&#8220;off&#8220; da_has_shadow=&#8220;on&#8220;][et_pb_row column_structure=&#8220;1_5,3_5,1_5&#8243; _builder_version=&#8220;4.21.0&#8243; _module_preset=&#8220;default&#8220; global_colors_info=&#8220;{}&#8220;][et_pb_column type=&#8220;1_5&#8243; _builder_version=&#8220;4.21.0&#8243; _module_preset=&#8220;default&#8220; global_colors_info=&#8220;{}&#8220;][\/et_pb_column][et_pb_column type=&#8220;3_5&#8243; _builder_version=&#8220;4.21.0&#8243; _module_preset=&#8220;default&#8220; global_colors_info=&#8220;{}&#8220;][et_pb_text _builder_version=&#8220;4.25.1&#8243; _module_preset=&#8220;default&#8220; header_text_color=&#8220;#006CA7&#8243; header_2_text_color=&#8220;#006CA7&#8243; header_2_font_size=&#8220;21px&#8220; header_3_font=&#8220;|600|||||||&#8220; header_3_font_size=&#8220;18px&#8220; hover_enabled=&#8220;0&#8243; global_colors_info=&#8220;{}&#8220; sticky_enabled=&#8220;0&#8243;]<\/p>\n<h1 style=\"text-align: center;\">DATENSCHUTZPOLITIK <a href=\"https:\/\/bralo.com\/de\/\">(https:\/\/bralo.com\/)<\/a><\/h1>\n<p>&nbsp;<\/p>\n<p>BRALO, S. A. verpflichtet sich, die Privatsph\u00e4re der Nutzerinnen und Nutzer zu sch\u00fctzen, die auf diese Website und\/oder eine ihrer Dienstleistungen zugreifen. Die Nutzung der Website und\/oder der von BRALO, S. A. angebotenen Dienste setzt voraus, dass die Nutzerin oder der Nutzer die in dieser Datenschutzrichtlinie enthaltenen Bestimmungen akzeptiert und dass ihre oder seine personenbezogenen Daten wie vorgesehen verarbeitet werden. Bitte beachten Sie, dass, obwohl es Links von unserer Website zu anderen Websites geben kann, diese Datenschutzrichtlinie nicht f\u00fcr andere Unternehmen oder Organisationen gilt, auf die die Website weitergeleitet wird. BRALO, S. A. kontrolliert nicht den Inhalt von Websites Dritter und \u00fcbernimmt keine Verantwortung f\u00fcr den Inhalt oder die Datenschutzrichtlinien dieser Websites.   <\/p>\n<p>&nbsp;<\/p>\n<h2>1) INFORMATION DES EIGENT\u00dcMERS.<\/h2>\n<p><span style=\"font-weight: 400;\">Gem\u00e4\u00df Artikel 10 des Gesetzes 34\/2002 vom 11. Juli \u00fcber die Dienstleistungen von Informationsgesellschaften und den elektronischen Handel werden die Identifikationsdaten des Eigent\u00fcmers im Folgenden aufgef\u00fchrt:<\/span><\/p>\n<table>\n<tbody>\n<tr>\n<td><span style=\"font-weight: 400;\">Web:<\/span><\/td>\n<td><span style=\"font-weight: 400;\"><a href=\"https:\/\/bralo.com\/de\/\">https:\/\/bralo.com\/<\/a><\/span> <span style=\"font-weight: 400;\">.<\/span><\/td>\n<\/tr>\n<tr>\n<td><span style=\"font-weight: 400;\"> Besitzer:<\/span><\/td>\n<td><b>BRALO, S.A.<\/b><\/td>\n<\/tr>\n<tr>\n<td><span style=\"font-weight: 400;\">Anschrift:<\/span><\/td>\n<td><span style=\"font-weight: 400;\">C\/ Milanos 12, P.I. La Estaci\u00f3n. 28320-Pinto <\/span><\/td>\n<\/tr>\n<tr>\n<td><span style=\"font-weight: 400;\">C.I.F.:<\/span><\/td>\n<td><span style=\"font-weight: 400;\">A78105822<\/span><\/td>\n<\/tr>\n<tr>\n<td><span style=\"font-weight: 400;\">Telefon:<\/span><\/td>\n<td><span style=\"font-weight: 400;\">916928285<\/span><\/td>\n<\/tr>\n<tr>\n<td><span style=\"font-weight: 400;\">E-mail:<\/span><\/td>\n<td><a href=\"mailto:bralo@bralo.es\"><span style=\"font-weight: 400;\">bralo@bralo.es<\/span><\/a> <span style=\"font-weight: 400;\"> <\/span><\/td>\n<\/tr>\n<tr>\n<td><span style=\"font-weight: 400;\">Registerdaten:<\/span><\/td>\n<td><span style=\"font-weight: 400;\">Reg. mercantil de Madrid n\u00ba 3. Tomo 332, Gral. 301, Folio 54, n\u00ba 62245.3. Inscripci\u00f3n 1\u00ba  <\/span><\/td>\n<\/tr>\n<\/tbody>\n<\/table>\n<p>&nbsp;<\/p>\n<h2>2) ANWENDBARE GESETZE.<\/h2>\n<p>Die vorliegende Datenschutzerkl\u00e4rung basiert auf den geltenden spanischen und europ\u00e4ischen Vorschriften zum Schutz personenbezogener Daten im Internet. Im Einzelnen werden die folgenden Regeln eingehalten: <\/p>\n<ul>\n<li> &#8211; Verordnung (EU) 2016\/679 des Europ\u00e4ischen Parlaments und des Rates vom 27. April 2016 zum Schutz nat\u00fcrlicher Personen bei der Verarbeitung personenbezogener Daten und zum freien Verkehr dieser Daten (DSGVO) .<\/li>\n<li>&#8211; Organgesetz 3\/2018 vom 5. Dezember \u00fcber den Schutz personenbezogener Daten und die Gew\u00e4hrleistung der digitalen Rechte (LOPD-GDD).<\/li>\n<li> &#8211; Gesetz 34\/2002 vom 11. Juli \u00fcber die Dienste der Informationsgesellschaft und den elektronischen Handel (LSSI-CE).<\/li>\n<\/ul>\n<p>&nbsp;<\/p>\n<h2>3) FRAGEN DES DATENSCHUTZES.<\/h2>\n<p>In \u00dcbereinstimmung mit der Verordnung (EU) 2016\/679 des Europ\u00e4ischen Parlaments und des Rates vom 27. April 2016 (DSGVO) und dem Organgesetz 3\/2018 vom 5. Dezember \u00fcber den Schutz personenbezogener Daten und die Gew\u00e4hrleistung digitaler Rechte, bieten wir Ihnen die folgenden Informationen \u00fcber die Verarbeitung personenbezogener Daten, die Sie uns zur Verf\u00fcgung stellen k\u00f6nnen:<\/p>\n<p>&nbsp;<\/p>\n<h3>Verantwortlich f\u00fcr die Datei.<\/h3>\n<p><b>BRALO, S. A. <\/b> Unsere Daten befinden sich am Anfang dieses rechtlichen Hinweises.<\/p>\n<p>&nbsp;<\/p>\n<h3>Registrierung von personenbezogenen Daten.<\/h3>\n<p>In \u00dcbereinstimmung mit den Bestimmungen der DSGVO und der LOPD-GDD informieren wir Sie dar\u00fcber, dass die von BRALO, S. A. \u00fcber die Formulare auf ihren Seiten erhobenen personenbezogenen Daten in unsere Datei aufgenommen und verarbeitet werden, um die zwischen BRALO, S. A. und der Benutzerin oder dem Benutzer eingegangenen Verpflichtungen zu erleichtern, zu beschleunigen und zu erf\u00fcllen oder um die in den von der Benutzerin oder vom Benutzer ausgef\u00fcllten Formularen festgelegte Beziehung aufrechtzuerhalten oder um auf eine Antrag oder Anfrage zu antworten. Ebenso wird gem\u00e4\u00df den Bestimmungen der DSGVO und der LOPD-GDD, sofern nicht die in Artikel 30. 5 der DSGVO vorgesehene Ausnahme zutrifft, ein Verzeichnis der Verarbeitungst\u00e4tigkeiten gef\u00fchrt, in dem je nach Zweck die durchgef\u00fchrten Verarbeitungst\u00e4tigkeiten und die anderen in der DSGVO festgelegten Umst\u00e4nde aufgef\u00fchrt sind. <\/p>\n<p>&nbsp;<\/p>\n<h3>Rechtsgrundlage f\u00fcr die Behandlung.<\/h3>\n<p>Die Rechtsgrundlage f\u00fcr die Verarbeitung personenbezogener Daten ist die Einwilligung. BRALO, S. A. verpflichtet sich, die ausdr\u00fcckliche und \u00fcberpr\u00fcfbare Zustimmung der Nutzerin oder des Nutzers zur Verarbeitung seiner personenbezogenen Daten f\u00fcr einen oder mehrere bestimmte Zwecke einzuholen. <br \/>Die Nutzerin oder der Nutzer hat das Recht, seine Zustimmung jederzeit zu widerrufen. Es wird genauso einfach sein, die Zustimmung zu widerrufen, wie sie zu erteilen. Der Widerruf der Zustimmung hat in der Regel keine Auswirkungen auf die Nutzung der Website. <br \/>In den F\u00e4llen, in denen die Nutzerin oder der Nutzer ihre \/ seine Daten \u00fcber Formulare angeben muss oder kann, um Anfragen zu stellen, Informationen anzufordern oder aus Gr\u00fcnden, die mit dem Inhalt der Website zusammenh\u00e4ngen, wird sie oder er dar\u00fcber informiert, wenn das Ausf\u00fcllen eines dieser Formulare obligatorisch ist, da es f\u00fcr die korrekte Abwicklung der durchgef\u00fchrten Operation unerl\u00e4sslich ist. Andere Grundlagen der Legitimation: <\/p>\n<ul>\n<li>Einhaltung der rechtlichen Verpflichtungen.<\/li>\n<li>Berechtigtes Interesse: Zusendung Ihrer eigenen Werbung.<\/li>\n<\/ul>\n<p>&nbsp;<\/p>\n<h3>Datenkategorien.<\/h3>\n<p>Die Kategorien der von BRALO, S. A. verarbeiteten Daten. Es handelt sich ausschlie\u00dflich um identifizierende Daten. Unter keinen Umst\u00e4nden werden besondere Kategorien personenbezogener Daten im Sinne von Artikel 9 der Datenschutz-Grundverordnung verarbeitet.<br \/>\n<strong>Herkunft Ihrer Daten<\/strong><\/p>\n<p>&nbsp;<\/p>\n<h3>Aufbewahrungsfrist f\u00fcr personenbezogene Daten.<\/h3>\n<p>Personenbezogene Daten werden nur so lange aufbewahrt, wie es f\u00fcr die Zwecke ihrer Verarbeitung erforderlich ist und in jedem Fall nur w\u00e4hrend des folgenden Zeitraums: Die Daten werden nur so lange gespeichert, wie es f\u00fcr die Bearbeitung Ihrer Anfrage erforderlich ist oder bis der Nutzer sein Recht auf L\u00f6schung, Widerspruch oder Einschr\u00e4nkung der Verarbeitung geltend macht. Wir werden jedoch bestimmte pers\u00f6nliche Identifikations- und Verkehrsdaten f\u00fcr einen Zeitraum von maximal 2 Jahren aufbewahren, falls dies von Richtern und Gerichten verlangt wird oder um interne Ma\u00dfnahmen aufgrund einer missbr\u00e4uchlichen Nutzung der Website einzuleiten. <br \/>Zum Zeitpunkt der Erhebung der personenbezogenen Daten wird die Nutzerin oder der Nutzer \u00fcber den Zeitraum informiert, f\u00fcr den die personenbezogenen Daten aufbewahrt werden oder, falls dies nicht m\u00f6glich ist, \u00fcber die Kriterien, nach denen dieser Zeitraum festgelegt wird. <br \/>Ebenso informieren wir Sie dar\u00fcber, dass unsere Politik zur Aufbewahrung von Informationen den Fristen entspricht, die von den verschiedenen gesetzlichen Zust\u00e4ndigkeiten f\u00fcr die Zwecke der Verj\u00e4hrung festgelegt wurden:<\/p>\n<ol>\n<li>a) Allgemeine Regel:<\/li>\n<\/ol>\n<p>Gem\u00e4\u00df den Bestimmungen von Artikel 30 des Handelsgesetzbuchs und mit Ausnahme anderer Kriterien werden alle Dokumente und\/oder Informationen des Unternehmens 6 Jahre lang aufbewahrt. <br \/>Dies betrifft alle buchhalterischen, steuerlichen, arbeits- oder handelsrechtlichen Unterlagen, einschlie\u00dflich des Schriftverkehrs. <\/p>\n<ol>\n<li>b) Besondere Fristen:<\/li>\n<\/ol>\n<p>Unser Unternehmen muss auch Mindestfristen festlegen, die von der Art der verarbeiteten Daten abh\u00e4ngen und die verschiedenen Verj\u00e4hrungsfristen ber\u00fccksichtigen, die jeder Abteilung bekannt sein m\u00fcssen. <br \/>Sie werden keinen Entscheidungen unterworfen, die auf automatisierten Behandlungen beruhen und Auswirkungen auf Ihre Daten haben. <\/p>\n<p>&nbsp;<\/p>\n<h3>Ziele der Behandlung.<\/h3>\n<p>Im Folgenden werden die Zwecke der Datenverarbeitung im Einzelnen aufgef\u00fchrt: <br \/>KUNDENMANAGEMENT: Das Unternehmen muss in der Lage sein, die vertraglich vereinbarten Dienstleistungen im Rahmen der nat\u00fcrlichen T\u00e4tigkeit jedes Unternehmens zu erbringen und in Rechnung zu stellen. Die \u00fcbermittelten Daten werden so lange aufbewahrt, wie die Gesch\u00e4ftsbeziehung aufrechterhalten wird oder so lange, wie es zur Erf\u00fcllung gesetzlicher Verpflichtungen erforderlich ist. <br \/>BUDGETIERUNG: In der Lage sein, potenziellen Kundinnen und Kunden Budgets f\u00fcr Dienstleistungen und\/oder Produkte zukommen zu lassen. Die \u00fcbermittelten Daten werden bis zur von Ihnen beantragten Beendigung der Verarbeitung aufbewahrt. <br \/>VERWALTUNG M\u00d6GLICHER KUNDEN: Um Personen mit berechtigtem Interesse Informationen \u00fcber unsere Produkte und Dienstleistungen mit allen verf\u00fcgbaren Mitteln zukommen lassen zu k\u00f6nnen und sie zu interessanten Veranstaltungen einzuladen. Die zur Verf\u00fcgung gestellten Daten werden bis zur von Ihnen beantragten Beendigung der Verarbeitung aufbewahrt, und werden mit vorheriger ausdr\u00fccklicher Zustimmung erhoben. <br \/>BEZIEHUNGEN ZU LIEFERANTEN: Das Unternehmen muss in der Lage sein, Auftr\u00e4ge zu erteilen und f\u00fcr Dienstleistungen zu bezahlen. Die \u00fcbermittelten Daten werden so lange aufbewahrt, wie die Gesch\u00e4ftsbeziehung aufrechterhalten wird oder so lange, wie es zur Erf\u00fcllung gesetzlicher Verpflichtungen erforderlich ist.<\/p>\n<p>&nbsp;<\/p>\n<h3>Empf\u00e4nger der Daten.<\/h3>\n<p>Die pers\u00f6nlichen Daten der Nutzerin oder des Nutzers werden nicht an Dritte weitergegeben. <br \/>In jedem Fall wird die Nutzerin oder der Nutzer zum Zeitpunkt der Erhebung der personenbezogenen Daten \u00fcber die Empf\u00e4nger oder Kategorien von Empf\u00e4ngern der personenbezogenen Daten informiert.  <\/p>\n<p>&nbsp;<\/p>\n<h3>Personenbezogene Daten von Minderj\u00e4hrigen.<\/h3>\n<p>Gem\u00e4\u00df Artikel 8 der DSGVO und Artikel 7 des Organgesetzes 3\/2018 vom 5. Dezember \u00fcber den Schutz personenbezogener Daten und die Gew\u00e4hrleistung digitaler Rechte k\u00f6nnen nur Personen \u00fcber 14 Jahren ihre Zustimmung zur rechtm\u00e4\u00dfigen Verarbeitung Ihrer personenbezogenen Daten durch BRALO, S. A. geben. Handelt es sich um einen Minderj\u00e4hrigen unter 14 Jahren, so ist f\u00fcr die Bearbeitung die Zustimmung der Eltern oder des Vormunds erforderlich, die nur insoweit als rechtm\u00e4\u00dfig angesehen wird, als sie diese erteilt haben. Ist dies nicht der Fall, muss der gesetzliche Vertreter Sie so schnell wie m\u00f6glich informieren.  <\/p>\n<p>&nbsp;<\/p>\n<h3>Rechte, die sich aus der Verarbeitung von personenbezogenen Daten ergeben.<\/h3>\n<p>Die Nutzerin oder der Nutzer kann gegen\u00fcber dem Datenverwalter die folgenden Rechte geltend machen, die in der DSGVO und dem Organgesetz 3\/2018 vom 5. Dezember \u00fcber den Schutz personenbezogener Daten und die Gew\u00e4hrleistung digitaler Rechte anerkannt sind: <br \/>Recht auf Zugang: Die Nutzerin oder der Nutzer hat das Recht, eine Best\u00e4tigung dar\u00fcber zu erhalten, ob BRALO, S. A. seine personenbezogenen Daten verarbeitet oder nicht und, wenn dies der Fall ist, Informationen \u00fcber seine spezifischen personenbezogenen Daten und die von BRALO, S. A. vorgenommene oder durchgef\u00fchrte Verarbeitung zu erhalten, sowie unter anderem die verf\u00fcgbaren Informationen \u00fcber die Herkunft dieser Daten und die Empf\u00e4nger der vorgenommenen oder geplanten Mitteilungen. <br \/>Recht auf Berichtigung: Die Nutzerin oder der Nutzer hat das Recht, ihre oder seine pers\u00f6nlichen Daten \u00e4ndern zu lassen, wenn sie sich als unrichtig oder unter Ber\u00fccksichtigung des Zwecks der Behandlung als unvollst\u00e4ndig erweisen. <br \/>Recht auf L\u00f6schung (&#8222;Recht auf Vergessenwerden&#8220;): Die Nutzerin oder der Nutzer hat das Recht, sofern die geltenden Rechtsvorschriften nichts anderes vorsehen, die L\u00f6schung ihrer oder seiner personenbezogenen Daten zu verlangen, wenn diese f\u00fcr die Zwecke, f\u00fcr die sie erhoben wurden oder die Vertr\u00e4ge nicht mehr erforderlich sind. Die Nutzerin oder der Nutzer hat ihre oder seine Zustimmung zur Behandlung zur\u00fcckgezogen und es gibt keine andere Rechtsgrundlage daf\u00fcr. Die Nutzerin oder der Nutzer lehnt die Behandlung ab und es gibt keinen anderen legitimen Grund, sie fortzusetzen. Die personenbezogenen Daten sind unrechtm\u00e4\u00dfig verarbeitet worden. Personenbezogene Daten m\u00fcssen aufgrund einer gesetzlichen Verpflichtung gel\u00f6scht werden. Oder die personenbezogenen Daten wurden infolge eines direkten Angebots von Diensten der Informationsgesellschaft an Minderj\u00e4hrige unter 14 Jahren erhoben. Neben der L\u00f6schung der Daten muss die f\u00fcr die Verarbeitung verantwortliche Person unter Ber\u00fccksichtigung der verf\u00fcgbaren Technologie und der Kosten ihrer Anwendung angemessene Ma\u00dfnahmen ergreifen, um die Verantwortlichen, die die personenbezogenen Daten verarbeiten, \u00fcber den Antrag der betroffenen Person auf L\u00f6schung jeglicher Verkn\u00fcpfung mit diesen personenbezogenen Daten zu informieren. <br \/>Recht auf Einschr\u00e4nkung der Verarbeitung: Die Nutzerin oder der Nutzer hat das Recht, die Verarbeitung seiner personenbezogenen Daten einzuschr\u00e4nken. Die Nutzerin oder der Nutzer hat das Recht, die Einschr\u00e4nkung der Verarbeitung zu erwirken, wenn sie oder er die Richtigkeit seiner personenbezogenen Daten bestreitet oder wenn die Behandlung rechtswidrig ist. Die f\u00fcr die Datenverarbeitung verantwortliche Person ben\u00f6tigt die personenbezogenen Daten nicht mehr, aber die Nutzerin oder der Nutzer ben\u00f6tigt sie, um Anspr\u00fcche geltend zu machen und wenn der Nutzer die Behandlung abgelehnt hat. <br \/>Recht auf \u00dcbertragung der Daten: Im Falle einer automatisierten Verarbeitung hat die Nutzerin oder der Nutzer das Recht, ihre oder seine personenbezogenen Daten von der f\u00fcr die Verarbeitung verantwortlichen Person in einem strukturierten, g\u00e4ngigen und maschinenlesbaren Format zu erhalten und sie einer anderen f\u00fcr die Verarbeitung verantwortlichen Person zu \u00fcbermitteln. Wann immer es technisch m\u00f6glich ist, wird die f\u00fcr die Verarbeitung verantwortliche Person die Daten direkt an die andere f\u00fcr die Verarbeitung verantwortlichen Person \u00fcbermitteln. <br \/>Recht auf Widerspruch: Die Nutzerin oder der Nutzer hat das Recht, die Verarbeitung ihrer oder seiner personenbezogenen Daten durch BRALO, S. A. zu verweigern oder zu stoppen. <br \/>Recht, keiner Entscheidung unterworfen zu werden, die ausschlie\u00dflich auf einer automatisierten Verarbeitung, einschlie\u00dflich Profiling, beruht: Dies ist das Recht der Nutzerin oder des Nutzers, keiner individualisierten Entscheidung unterworfen zu werden, die ausschlie\u00dflich auf der automatisierten Verarbeitung ihrer oder seiner personenbezogenen Daten beruht, einschlie\u00dflich Profiling, sofern die geltenden Rechtsvorschriften nichts anderes vorsehen. <br \/>Schlie\u00dflich haben die Betroffenen das Recht, bei der zust\u00e4ndigen Kontrollbeh\u00f6rde (AEPD) eine Beschwerde einzureichen, wenn sie der Meinung sind, dass die Art und Weise, in der ihre Daten behandelt werden, ein Problem darstellt oder gegen die geltenden Vorschriften verst\u00f6\u00dft.<\/p>\n<p>Sie k\u00f6nnen die oben genannten Rechte aus\u00fcben, indem Sie uns ein Schreiben mit einer Kopie eines Dokuments, das Sie identifiziert, an unsere Adresse oder E-Mail (die am Anfang dieses Textes stehen) schicken.<\/p>\n<p>&nbsp;<\/p>\n<h2>4) GRUNDS\u00c4TZE, DIE F\u00dcR DIE VERARBEITUNG PERSONENBEZOGENER DATEN GELTEN.<\/h2>\n<p>Die Verarbeitung der personenbezogenen Daten des Benutzerkundinnen und -kunden unterliegt den folgenden Grunds\u00e4tzen, die in Art. 5 der DSGV und in Artikel 4 und folgende der LOPDGDD:<\/p>\n<p>&nbsp;<\/p>\n<h3>Grundsatz der Legalit\u00e4t, Loyalit\u00e4t und Transparenz:<\/h3>\n<p>Die Zustimmung der Nutzerin oder des Nutzers ist jederzeit erforderlich, nachdem sie oder er auf transparente Weise \u00fcber die Zwecke, f\u00fcr die personenbezogene Daten erhoben werden, informiert wurde.<\/p>\n<p>&nbsp;<\/p>\n<h3>Grundsatz der Zweckbindung:<\/h3>\n<p>Personenbezogene Daten werden f\u00fcr spezifische, ausdr\u00fcckliche und rechtm\u00e4\u00dfige Zwecke erhoben.<\/p>\n<p>&nbsp;<\/p>\n<h3>Grundsatz der Datenminimierung:<\/h3>\n<p>Die erhobenen personenbezogenen Daten sind nur f\u00fcr die Zwecke, f\u00fcr die sie verarbeitet werden, unbedingt erforderlich.<\/p>\n<p>&nbsp;<\/p>\n<h3>Grundsatz der Genauigkeit:<\/h3>\n<p>Personenbezogene Daten m\u00fcssen korrekt und stets auf dem neuesten Stand sein.<\/p>\n<p>&nbsp;<\/p>\n<h3>Grundsatz der Verj\u00e4hrung der Aufbewahrungsfrist:<\/h3>\n<p>Personenbezogene Daten werden nur so lange aufbewahrt, wie die Identifizierung der Nutzerin oder des Nutzers f\u00fcr die Zwecke der Behandlung erforderlich ist.<\/p>\n<p>&nbsp;<\/p>\n<h3>Grundsatz der Integrit\u00e4t und Vertraulichkeit:<\/h3>\n<p>Die personenbezogenen Daten werden so behandelt, dass ihre Sicherheit und Vertraulichkeit gew\u00e4hrleistet ist.<\/p>\n<p>&nbsp;<\/p>\n<h3>Grundsatz der proaktiven Verantwortung:<\/h3>\n<p>Die f\u00fcr die Website verantwortliche Person unterh\u00e4lt und regelt die notwendigen technischen und logistischen Mittel, die ausreichen, um alle f\u00fcr die Behandlung geltenden Grunds\u00e4tze zu erf\u00fcllen.<\/p>\n<p>&nbsp;<\/p>\n<h2>5) WELCHE SICHERHEITSMASSNAHMEN ERGREIFEN WIR?<\/h2>\n<p>Wir wenden die in Artikel 32 der DSGVO festgelegten Sicherheitsma\u00dfnahmen an. Daher haben wir die notwendigen Sicherheitsma\u00dfnahmen ergriffen, um ein Sicherheitsniveau zu gew\u00e4hrleisten, das dem Risiko der von uns durchgef\u00fchrten Datenverarbeitung angemessen ist, mit Mechanismen, die es uns erm\u00f6glichen, die Vertraulichkeit, die st\u00e4ndige Integrit\u00e4t, die Verf\u00fcgbarkeit und die Widerstandsf\u00e4higkeit der Behandlungssysteme und Dienstleistungen zu garantieren. Einige dieser Ma\u00dfnahmen sind:<\/p>\n<ul>\n<li>Information des Personals \u00fcber die Grunds\u00e4tze der Datenverarbeitung.<\/li>\n<li>Durchf\u00fchrung regelm\u00e4\u00dfiger Datensicherungen.<\/li>\n<li>Kontrolle des Datenzugriffs.<\/li>\n<li>Regelm\u00e4\u00dfige \u00dcberpr\u00fcfungs-, Bewertungs- und Beurteilungsprozesse.<\/li>\n<\/ul>\n<p>&nbsp;<\/p>\n<h2>6) GEHEIMHALTUNG UND SICHERHEIT DER PERSONENBEZOGENEN DATEN<\/h2>\n<p>BRALO, S. A. verpflichtet sich, die erforderlichen technischen und organisatorischen Ma\u00dfnahmen zu ergreifen, die dem Risiko der erhobenen Daten angemessen sind, um die Sicherheit der personenbezogenen Daten zu gew\u00e4hrleisten und die zuf\u00e4llige oder unrechtm\u00e4\u00dfige Zerst\u00f6rung, den Verlust, die unbefugte Weitergabe oder den unbefugten Zugang zu diesen Daten oder die Ver\u00e4nderung von Daten zu verhindern. <br \/>Die Website verf\u00fcgt \u00fcber ein SSL-Zertifikat (Secure Socket Layer), das die sichere und vertrauliche \u00dcbermittlung personenbezogener Daten gew\u00e4hrleistet, da die Daten\u00fcbertragung zwischen dem Server und dem Nutzer sowie bei R\u00fcckmeldungen vollst\u00e4ndig verschl\u00fcsselt oder verschl\u00fcsselt erfolgt. <br \/>Da BRALO, S. A. jedoch weder die Uneinnehmbarkeit des Internets, noch die v\u00f6llige Abwesenheit von Hackern oder anderen Personen, die sich auf betr\u00fcgerische Weise Zugang zu personenbezogenen Daten verschaffen, garantieren kann, verpflichtet sich die f\u00fcr die Verarbeitung verantwortliche Person, die Nutzerin oder den Nutzer unverz\u00fcglich zu informieren, wenn eine Verletzung der Sicherheit personenbezogener Daten eintritt. Gem\u00e4\u00df Artikel 4 der Datenschutz-Grundverordnung gilt als Verletzung der Sicherheit personenbezogener Daten jede Verletzung der Sicherheit, die zur zuf\u00e4lligen oder unrechtm\u00e4\u00dfigen Zerst\u00f6rung, zum Verlust oder zur Ver\u00e4nderung \u00fcbermittelter, aufbewahrter oder anderweitig verarbeiteter personenbezogener Daten oder zur unbefugten Weitergabe oder zum unbefugten Zugriff auf diese Daten f\u00fchrt. <br \/>Die f\u00fcr die Verarbeitung verantwortliche Person behandelt die personenbezogenen Daten vertraulich und verpflichtet sich, ihre oder seine Angestellten, Mitarbeiterinnen und Mitarbeiter und alle Personen, denen die Daten zug\u00e4nglich gemacht werden, dar\u00fcber zu informieren und durch eine gesetzliche oder vertragliche Verpflichtung zu gew\u00e4hrleisten, dass diese Vertraulichkeit gewahrt wird.<\/p>\n<p>&nbsp;<\/p>\n<h2>7) LINKS ZU WEBSITES DRITTER.<\/h2>\n<p>Die Website kann Hyperlinks oder Links enthalten, die den Zugang zu Webseiten Dritter erm\u00f6glichen, die nicht zu BRALO, S. A. geh\u00f6ren und daher nicht von BRALO, S. A. betrieben werden. Die Eigent\u00fcmer dieser Webseiten haben ihre eigene Datenschutzpolitik und sind in jedem Fall selbst f\u00fcr ihre eigenen Dateien und ihre eigene Datenschutzpraxis verantwortlich. <\/p>\n<p>&nbsp;<\/p>\n<h2>8) AKZEPTANZ UND \u00c4NDERUNGEN DIESER DATENSCHUTZRICHTLINIE.<\/h2>\n<p>Es ist notwendig, dass die Nutzerin oder der Nutzer, die in dieser Datenschutzerkl\u00e4rung enthaltenen Bedingungen zum Schutz personenbezogener Daten gelesen hat und ihnen zustimmt, sowie dass sie oder er der Verarbeitung seiner personenbezogenen Daten zustimmt, damit die f\u00fcr die Datenverarbeitung verantwortliche Person in der Form, innerhalb der Fristen und zu den angegebenen Zwecken durchf\u00fchren kann. Die Nutzung der Website setzt die Annahme der Datenschutzrichtlinie voraus. <br \/>BRALO, S. A. beh\u00e4lt sich das Recht vor, seine Datenschutzpolitik nach eigenen Kriterien oder aufgrund einer \u00c4nderung der Gesetzgebung, der Rechtsprechung oder der Doktrin der spanischen Datenschutzbeh\u00f6rde zu \u00e4ndern. \u00c4nderungen oder Aktualisierungen dieser Datenschutzrichtlinie werden der Nutzerin oder dem Nutzer nicht ausdr\u00fccklich mitgeteilt. Der Benutzerin oder dem Benutzer wird empfohlen, diese Seite regelm\u00e4\u00dfig zu konsultieren, um sich \u00fcber die neuesten \u00c4nderungen oder Aktualisierungen zu informieren. <\/p>\n<p>&nbsp;<\/p>\n<p>Letztes Update: 18\/03\/24[\/et_pb_text][\/et_pb_column][et_pb_column type=&#8220;1_5&#8243; _builder_version=&#8220;4.21.0&#8243; _module_preset=&#8220;default&#8220; global_colors_info=&#8220;{}&#8220;][\/et_pb_column][\/et_pb_row][\/et_pb_section]<\/p>\n","protected":false},"excerpt":{"rendered":"<p>DATENSCHUTZPOLITIK (https:\/\/bralo.com\/) &nbsp; BRALO, S. A. verpflichtet sich, die Privatsph\u00e4re der Nutzerinnen und Nutzer zu sch\u00fctzen, die auf diese Website und\/oder eine ihrer Dienstleistungen zugreifen. Die Nutzung der Website und\/oder der von BRALO, S. A. angebotenen Dienste setzt voraus, dass die Nutzerin oder der Nutzer die in dieser Datenschutzrichtlinie enthaltenen Bestimmungen akzeptiert und dass ihre [&hellip;]<\/p>\n","protected":false},"author":2,"featured_media":0,"parent":0,"menu_order":0,"comment_status":"closed","ping_status":"closed","template":"","meta":{"_acf_changed":false,"_et_pb_use_builder":"on","_et_pb_old_content":"","_et_gb_content_width":"","inline_featured_image":false,"footnotes":""},"class_list":["post-25626","page","type-page","status-publish","hentry"],"acf":[],"_links":{"self":[{"href":"https:\/\/bralo.com\/de\/wp-json\/wp\/v2\/pages\/25626","targetHints":{"allow":["GET"]}}],"collection":[{"href":"https:\/\/bralo.com\/de\/wp-json\/wp\/v2\/pages"}],"about":[{"href":"https:\/\/bralo.com\/de\/wp-json\/wp\/v2\/types\/page"}],"author":[{"embeddable":true,"href":"https:\/\/bralo.com\/de\/wp-json\/wp\/v2\/users\/2"}],"replies":[{"embeddable":true,"href":"https:\/\/bralo.com\/de\/wp-json\/wp\/v2\/comments?post=25626"}],"version-history":[{"count":4,"href":"https:\/\/bralo.com\/de\/wp-json\/wp\/v2\/pages\/25626\/revisions"}],"predecessor-version":[{"id":25894,"href":"https:\/\/bralo.com\/de\/wp-json\/wp\/v2\/pages\/25626\/revisions\/25894"}],"wp:attachment":[{"href":"https:\/\/bralo.com\/de\/wp-json\/wp\/v2\/media?parent=25626"}],"curies":[{"name":"wp","href":"https:\/\/api.w.org\/{rel}","templated":true}]}}