{"id":25630,"date":"2023-04-18T16:06:58","date_gmt":"2023-04-18T16:06:58","guid":{"rendered":"https:\/\/bralo.com\/rechtliche-warnhinweise\/"},"modified":"2024-11-14T22:22:21","modified_gmt":"2024-11-14T22:22:21","slug":"rechtliche-warnhinweise","status":"publish","type":"page","link":"https:\/\/bralo.com\/de\/rechtliche-warnhinweise\/","title":{"rendered":"Rechtliche Warnhinweise"},"content":{"rendered":"<p>[et_pb_section fb_built=&#8220;1&#8243; _builder_version=&#8220;4.21.0&#8243; _module_preset=&#8220;default&#8220; global_colors_info=&#8220;{}&#8220; da_is_popup=&#8220;off&#8220; da_exit_intent=&#8220;off&#8220; da_has_close=&#8220;on&#8220; da_alt_close=&#8220;off&#8220; da_dark_close=&#8220;off&#8220; da_not_modal=&#8220;on&#8220; da_is_singular=&#8220;off&#8220; da_with_loader=&#8220;off&#8220; da_has_shadow=&#8220;on&#8220; da_disable_devices=&#8220;off|off|off&#8220;][et_pb_row column_structure=&#8220;1_5,3_5,1_5&#8243; _builder_version=&#8220;4.21.0&#8243; _module_preset=&#8220;default&#8220; global_colors_info=&#8220;{}&#8220;][et_pb_column type=&#8220;1_5&#8243; _builder_version=&#8220;4.21.0&#8243; _module_preset=&#8220;default&#8220; global_colors_info=&#8220;{}&#8220;][\/et_pb_column][et_pb_column type=&#8220;3_5&#8243; _builder_version=&#8220;4.21.0&#8243; _module_preset=&#8220;default&#8220; global_colors_info=&#8220;{}&#8220;][et_pb_text _builder_version=&#8220;4.25.1&#8243; _module_preset=&#8220;default&#8220; header_text_color=&#8220;#006CA7&#8243; header_2_text_color=&#8220;#006CA7&#8243; header_2_font_size=&#8220;21px&#8220; header_3_font=&#8220;|600|||||||&#8220; header_3_font_size=&#8220;18px&#8220; hover_enabled=&#8220;0&#8243; global_colors_info=&#8220;{}&#8220; sticky_enabled=&#8220;0&#8243;]<\/p>\n<h1 style=\"text-align: center;\">RECHTLICHE WARNHINWEISE (<a href=\"https:\/\/bralo.com\/de\/\">https:\/\/bralo.com\/<\/a> )<\/h1>\n<h2>1) INFORMATION DES EIGENT\u00dcMERS<\/h2>\n<p><span style=\"font-weight: 400;\">Gem\u00e4\u00df Artikel 10 des Gesetzes 34\/2002 vom 11. Juli \u00fcber die Dienstleistungen von Informationsgesellschaften und den elektronischen Handel werden die Identifikationsdaten des Eigent\u00fcmers im Folgenden aufgef\u00fchrt:<\/span><\/p>\n<table>\n<tbody>\n<tr>\n<td><span style=\"font-weight: 400;\">Web:<\/span><\/td>\n<td><span style=\"font-weight: 400;\"><a href=\"https:\/\/bralo.com\/de\/\">https:\/\/bralo.com\/<\/a><\/span> <span style=\"font-weight: 400;\">.<\/span><\/td>\n<\/tr>\n<tr>\n<td><span style=\"font-weight: 400;\"> Besitzer:<\/span><\/td>\n<td><span style=\"font-weight: 400;\">BRALO, S.A.<\/span><\/td>\n<\/tr>\n<tr>\n<td><span style=\"font-weight: 400;\">Anschrift:<\/span><\/td>\n<td><span style=\"font-weight: 400;\">C\/ Milanos 12, P.I. La Estaci\u00f3n. 28320-Pinto <\/span><\/td>\n<\/tr>\n<tr>\n<td><span style=\"font-weight: 400;\">C.I.F.:<\/span><\/td>\n<td><span style=\"font-weight: 400;\">A78105822<\/span><\/td>\n<\/tr>\n<tr>\n<td><span style=\"font-weight: 400;\">Telefon:<\/span><\/td>\n<td><span style=\"font-weight: 400;\">916928285<\/span><\/td>\n<\/tr>\n<tr>\n<td><span style=\"font-weight: 400;\">E-mail:<\/span><\/td>\n<td><a href=\"mailto:bralo@bralo.es\"><span style=\"font-weight: 400;\">bralo@bralo.es<\/span><\/a><span style=\"font-weight: 400;\"> <\/span><\/td>\n<\/tr>\n<tr>\n<td><span style=\"font-weight: 400;\">Registerdaten:<\/span><\/td>\n<td><span style=\"font-weight: 400;\">Reg. mercantil de Madrid n\u00ba 3. Tomo 332, Gral. 301, Folio 54, n\u00ba 62245.3. Inscripci\u00f3n 1\u00ba  <\/span><\/td>\n<\/tr>\n<\/tbody>\n<\/table>\n<p>&nbsp;<\/p>\n<h2>2) BEDINGUNGEN F\u00dcR DEN ZUGANG UND DIE NUTZUNG.<\/h2>\n<h3>Die Website.<\/h3>\n<p><span style=\"font-weight: 400;\">Der Zweck dieser Allgemeinen Nutzungsbedingungen (im Folgenden Bedingungen) ist es, den Zugang und die Nutzung der Website zu regeln.<\/span><\/p>\n<p><span style=\"font-weight: 400;\">BRALO, S. A. beh\u00e4lt sich das Recht vor, jederzeit und ohne vorherige Ank\u00fcndigung die Pr\u00e4sentation und Konfiguration der Website, sowie die darin enthaltenen Inhalte und Dienste zu \u00e4ndern. Die Nutzerin oder der Nutzer erkennt an und akzeptiert, dass BRALO, S. A. jederzeit jedes dieser in die Website integrierten Elemente oder den Zugang zu ihnen unterbrechen, deaktivieren und \/ oder l\u00f6schen kann. <\/span><\/p>\n<p><span style=\"font-weight: 400;\">Der Zugang der Nutzerin oder des Nutzers zur Website ist kostenlos und erfolgt in der Regel kostenlos, ohne dass der Nutzer eine Gegenleistung erbringen muss, um sie nutzen zu k\u00f6nnen, mit Ausnahme der Kosten f\u00fcr die Verbindung \u00fcber das Telekommunikationsnetz, das von dem Zugangsanbieter, den die Nutzerin oder der Nutzer beauftragt hat, bereitgestellt wird.<\/span><\/p>\n<p><span style=\"font-weight: 400;\">Die Nutzung von Inhalten oder Diensten der Website kann durch ein vorheriges Abonnement oder eine Registrierung der Nutzerin oder des Nutzers erfolgen.<\/span><\/p>\n<p>&nbsp;<\/p>\n<h3>Die Benutzerin, der Benutzer.<\/h3>\n<p><span style=\"font-weight: 400;\">Der Zugang, die Navigation und die Nutzung der Website (sowie die R\u00e4ume, die f\u00fcr die Interaktion zwischen den Nutzerinnen und Nutzern selbst und\/oder der Nutzerin oder dem Nutzer und BRALO, S. A. zur Verf\u00fcgung stehen, wie z. B. die Kommentare und\/oder die Blogging-R\u00e4ume, falls vorhanden), verleihen die Eigenschaft einer Nutzerin oder eines Nutzers. Die Nutzerin oder der Nutzer verpflichtet sich daher, die Website und die \u00fcber sie zur Verf\u00fcgung gestellten Dienste in \u00dcbereinstimmung mit dem Gesetz, der Moral, den guten Sitten und der \u00f6ffentlichen Ordnung, sowie mit den Bestimmungen dieser Klausel, zu nutzen. Infolgedessen verpflichten Sie sich, die Website nicht f\u00fcr Zwecke oder Wirkungen zu nutzen, die rechtswidrig sind und\/oder im Widerspruch zu den geltenden Bestimmungen stehen, die Rechte und\/oder Interessen Dritter verletzen oder die Website in irgendeiner Weise besch\u00e4digen oder ihre normale Nutzung oder die \u00fcber sie zug\u00e4nglichen Dienste verhindern k\u00f6nnten.  <\/span><\/p>\n<p><span style=\"font-weight: 400;\">Die Nutzung der Website und\/oder ihrer Dienste impliziert die vollst\u00e4ndige und uneingeschr\u00e4nkte Annahme und die G\u00fcltigkeit jeder einzelnen Klausel, die in der zuletzt aktualisierten Version dieses rechtlichen Hinweises enthalten ist, so dass die Nutzerin oder der Nutzer sich der Bedeutung des Textes bei jedem Besuch der Website bewusst sein muss. Gleichzeitig bedeutet dies nicht, dass irgendeine Art von Gesch\u00e4ftsbeziehung zwischen BRALO, S. A. und der Nutzerin oder dem Nutzer entsteht. <\/span><\/p>\n<p><span style=\"font-weight: 400;\">Der Zugang, die Navigation und die Nutzung der Website, sowie der Bereiche, die eine Interaktion zwischen den Nutzerinnen und Nutzern selbst und\/oder der Nutzerin oder dem Nutzer und BRALO, S. A. erm\u00f6glichen, wie z. B. Kommentare und\/oder Blogging-Bereiche, verleihen der Besucherin oder dem Besucher den Status einer Nutzerin oder eines Nutzers, so dass alle hier festgelegten Bedingungen, sowie deren sp\u00e4tere \u00c4nderungen von dem Moment an akzeptiert werden, in dem Sie mit dem Surfen auf der Website beginnen, unbeschadet der Anwendung der entsprechenden zwingenden gesetzlichen Vorschriften. In Anbetracht der Bedeutung der oben genannten Punkte wird der Nutzerin oder dem Nutzer empfohlen, die entsprechenden Texte bei jedem Besuch der Website zu lesen. <\/span><\/p>\n<p><span style=\"font-weight: 400;\">BRALO, S. A. beh\u00e4lt sich das Recht vor, alle Kommentare und Beitr\u00e4ge zur\u00fcckzuziehen, die gegen das Gesetz oder die Achtung der Menschenw\u00fcrde versto\u00dfen, die diskriminierend, fremdenfeindlich, rassistisch, pornografisch oder spammend sind, die die Jugend oder das Kindesalter, die \u00f6ffentliche Ordnung oder Sicherheit angreifen oder die ihrer Meinung nach nicht zur Ver\u00f6ffentlichung geeignet sind.<\/span><\/p>\n<p><span style=\"font-weight: 400;\">In jedem Fall sind BRALO, S. A. nicht f\u00fcr die Meinungen verantwortlich, die von den Nutzerinnen und Nutzern durch Kommentare oder andere Blogging- oder Partizipationstools ge\u00e4u\u00dfert werden.<\/span><\/p>\n<p><span style=\"font-weight: 400;\">Diese BRALO, S. A. Website richtet sich an alle Personen, unabh\u00e4ngig von ihrem Alter, die auf die Seiten der Website zugreifen und\/oder darin navigieren k\u00f6nnen, unter Einhaltung der geltenden Rechtsvorschriften.<\/span><\/p>\n<p><span style=\"font-weight: 400;\">Die Website richtet sich haupts\u00e4chlich an Nutzerinnen und Nutzer mit Wohnsitz in Spanien (LAND). BRALO, S. A. gew\u00e4hrleistet nicht, dass die Website ganz oder teilweise mit den Gesetzen anderer L\u00e4nder \u00fcbereinstimmt. Wenn die Nutzerin oder der Nutzer an einem anderen Ort wohnt oder ihren \/ seinen Wohnsitz hat und beschlie\u00dft, auf die Website zuzugreifen und\/oder sie zu durchsuchen, tut sie oder er dies auf eigene Verantwortung und muss sicherstellen, dass dieser Zugang und diese Navigation mit der f\u00fcr sie oder ihn geltenden \u00f6rtlichen Gesetzgebung \u00fcbereinstimmen, wobei EDOR nicht angenommen wird. TEAM \u00fcbernimmt keine Verantwortung, die sich aus diesem Zugang ergeben k\u00f6nnte.   <\/span><\/p>\n<p>&nbsp;<\/p>\n<h2>3) GEISTIGES EIGENTUM. <br \/><\/h2>\n<p><span style=\"font-weight: 400;\">Sollte eine Nutzerin oder ein Nutzer oder ein Dritter der Ansicht sein, dass ihre oder seine Rechte durch die Ver\u00f6ffentlichung bestimmter Inhalte im Internet verletzt werden, so muss sie oder er dies zur Wahrung etwaiger Rechte an geistigem Eigentum BRALO, S. A. mitteilen und folgende Punkte angeben:<\/span><\/p>\n<ul>\n<li><span style=\"font-weight: 400;\">Pers\u00f6nliche Daten der betroffenen Person, die Inhaberin der Rechte ist, die angeblich verletzt wurden. Wird die Forderung von einer dritten Partei als der oder dem Betroffenen eingereicht, so ist anzugeben, in welcher Vertretung Sie handeln. <\/span><\/li>\n<li><span style=\"font-weight: 400;\">Angabe der durch geistige Eigentumsrechte gesch\u00fctzten Inhalte und ihres Standorts im Web.<\/span><\/li>\n<li><span style=\"font-weight: 400;\">Akkreditierung der oben genannten Rechte an geistigem Eigentum.<\/span><\/li>\n<li><span style=\"font-weight: 400;\">Ausdr\u00fcckliche Erkl\u00e4rung, in der die oder der Beteiligte die Verantwortung f\u00fcr die Richtigkeit der in der Anmeldung gemachten Angaben \u00fcbernimmt.<\/span><\/li>\n<\/ul>\n<p><span style=\"font-weight: 400;\">Die Marke BRALO, S. A. und das entsprechende grafische Zeichen ist ein eingetragenes Warenzeichen, dessen Vervielf\u00e4ltigung oder Verwendung ohne Genehmigung des Eigent\u00fcmers verboten ist. Gleiches gilt f\u00fcr jede andere Marke der BRALO, S. A. , die auf den in Abschnitt 1 dieser Bekanntmachung genannten Websites erscheint. <\/span><\/p>\n<p><span style=\"font-weight: 400;\">F\u00fcr die Rechtm\u00e4\u00dfigkeit der Rechte an geistigem oder gewerblichem Eigentum, die mit den von Dritten bereitgestellten Inhalten in Verbindung stehen, sind ausschlie\u00dflich diese verantwortlich.<\/span><\/p>\n<p>&nbsp;<\/p>\n<h2>4) HAFTUNGSAUSSCHLUSS.<\/h2>\n<p><span style=\"font-weight: 400;\">BRALO, S. A. handelt mit gr\u00f6\u00dftm\u00f6glicher Sorgfalt, damit die auf ihrer Website angebotenen Daten und Informationen stets auf dem neuesten Stand sind. Das Unternehmen \u00fcbernimmt keine Garantie oder Verantwortung f\u00fcr die Richtigkeit und Aktualisierung der Inhalte der Website und beh\u00e4lt sich das Recht vor, diese Inhalte jederzeit zu \u00e4ndern. BRALO, S. A. haftet auch nicht f\u00fcr die Informationen, die \u00fcber die auf der Website enthaltenen Links abgerufen werden k\u00f6nnen.  <\/span><\/p>\n<p><span style=\"font-weight: 400;\">Die Gesch\u00e4ftsbeziehungen zwischen den Kunden werden durch die allgemeinen Bedingungen geregelt, die gegebenenfalls von BRALO, S. A. in einem besonderen Dokument zu diesem Zweck oder in spezifischen Vereinbarungen mit den Kunden festgelegt werden.<\/span><\/p>\n<p>&nbsp;<\/p>\n<h2>5) KOMMERZIELLE INFORMATIONEN UND WERBEPOLITIK.<\/h2>\n<p><span style=\"font-weight: 400;\">BRALO, S. A. verpflichtet sich hiermit, keine irref\u00fchrende Werbung zu betreiben. In diesem Sinne werden formale oder numerische Fehler, die sich im Inhalt der verschiedenen Abschnitte der Website infolge einer unvollst\u00e4ndigen Wartung und Pflege und\/oder Aktualisierung der enthaltenen Informationen ergeben k\u00f6nnen, nicht als irref\u00fchrende Werbung angesehen. BRALO, S. A. verpflichtet sich als Folge der Bestimmungen dieses Abschnitts, diese zu berichtigen, sobald er von den Fehlern Kenntnis erh\u00e4lt.  <\/span><\/p>\n<p><span style=\"font-weight: 400;\">BRALO, S. A. verpflichtet sich, gem\u00e4\u00df den Bestimmungen des Gesetzes 34\/2002, \u00fcber die Dienste der Informationsgesellschaft und den elektronischen Gesch\u00e4ftsverkehr keine kommerziellen Mitteilungen zu versenden, ohne sie als solche zu kennzeichnen. Zu diesen Zwecken werden alle Informationen, die von BRALO, S. A. an die Kunden gesendet werden, nicht als kommerzielle Kommunikation betrachtet. Deren Zweck ist die Aufrechterhaltung der bestehenden vertraglichen Beziehung zwischen dem Kunden und BRALO, S. A. , sowie die Durchf\u00fchrung von Informationsaufgaben und anderen Aktivit\u00e4ten, die mit der Dienstleistung verbunden sind, die der Kunde in Auftrag gegeben hat. <\/span><\/p>\n<p><span style=\"font-weight: 400;\">Im Falle des Empfangs von Mitteilungen auf diesem Wege (E-Mails, automatische Antwortnachrichten auf Formulare und andere Kommunikationssysteme) weisen wir Sie darauf hin, dass die Mitteilungen ausschlie\u00dflich an den Empf\u00e4nger gerichtet sind und vertrauliche Informationen enthalten k\u00f6nnen. Wenn Sie es nicht sind. Der angegebene Empf\u00e4nger wird darauf hingewiesen, dass eine unbefugte Nutzung, Weitergabe und\/oder Vervielf\u00e4ltigung nach geltendem Recht verboten ist. <\/span><\/p>\n<p><span style=\"font-weight: 400;\">Gem\u00e4\u00df den Bestimmungen des Gesetzes 34\/2002 vom 11. Juli \u00fcber die Dienste der Informationsgesellschaft und den elektronischen Gesch\u00e4ftsverkehr sowie der Richtlinie 2002\/58\/EG teilen wir Ihnen mit, dass Sie, falls Sie keine Mitteilungen und Informationen kommerzieller Art \u00fcber dieses elektronische Kommunikationssystem erhalten m\u00f6chten, uns dies bitte auf demselben Weg mitteilen und im Betreff &#8222;LOW COMMUNICATIONS&#8220; angeben, damit Ihre pers\u00f6nlichen Daten aus unserer Datenbank gel\u00f6scht werden k\u00f6nnen. Ihr Antrag wird innerhalb von 10 Tagen nach seiner Vorlage bearbeitet. Sollten wir keine ausdr\u00fcckliche Antwort von Ihnen erhalten, gehen wir davon aus, dass Sie akzeptieren und unser Unternehmen erm\u00e4chtigen, die vorgenannten Mitteilungen weiterhin zu machen.  <\/span><\/p>\n<p>&nbsp;<\/p>\n<h2>6) LINK-POLITIK.<\/h2>\n<p><span style=\"font-weight: 400;\">Die Nutzerin oder der Nutzer oder Dritte, die oder der einen Hyperlink von einer Webseite einer anderen Website setzt, muss wissen:<\/span><\/p>\n<p><span style=\"font-weight: 400;\">Die Vervielf\u00e4ltigung &#8211; ganz oder teilweise &#8211; der Inhalte und\/oder Dienste der Website ist ohne ausdr\u00fcckliche Genehmigung der BRALO, S. A. nicht gestattet.<\/span><\/p>\n<p><span style=\"font-weight: 400;\">Auf der Website der BRALO-, S. A. sowie in ihren Inhalten und\/oder Diensten sind auch keine falschen, ungenauen oder unrichtigen Angaben erlaubt.<\/span><\/p>\n<p><span style=\"font-weight: 400;\">Mit Ausnahme des Hyperlinks enth\u00e4lt die Website, auf der der Hyperlink eingerichtet ist, keine Elemente dieser Website, die nach spanischem Recht als geistiges Eigentum gesch\u00fctzt sind, es sei denn, sie wurden von BRALO, S. A. ausdr\u00fccklich genehmigt.<\/span><\/p>\n<p><span style=\"font-weight: 400;\">Die Einrichtung des Hyperlinks impliziert weder das Bestehen von Beziehungen zwischen BRALO, S. A. und dem Eigent\u00fcmer der Website, von der aus er hergestellt wird, noch die Kenntnis und Akzeptanz der auf der genannten Website angebotenen Inhalte, Dienstleistungen und\/oder Aktivit\u00e4ten durch BRALO, S. A. und umgekehrt.<\/span><\/p>\n<p>&nbsp;<\/p>\n<h2>7) SOZIALE NETZWERKE<\/h2>\n<p><span style=\"font-weight: 400;\">Wir informieren Sie dar\u00fcber, dass Sie in den sozialen Netzwerken pr\u00e4sent sein k\u00f6nnen. Die Verarbeitung der Daten von Personen, die Follower in sozialen Netzwerken auf den offiziellen Seiten werden (und\/oder eine Verkn\u00fcpfung oder Verbindung \u00fcber soziale Netzwerke herstellen), wird durch diesen Abschnitt sowie durch die Nutzungsbedingungen, Datenschutzrichtlinien und Zugriffsregelungen des jeweiligen sozialen Netzwerks geregelt, die der Nutzer zuvor akzeptiert hat. <\/span><\/p>\n<p>&nbsp;<\/p>\n<h2>8) GERICHTSBARKEIT UND ANWENDBARE GESETZE<\/h2>\n<p><span style=\"font-weight: 400;\">Die Nutzung dieser Website setzt die uneingeschr\u00e4nkte Zustimmung zu den Bedingungen dieses rechtlichen Hinweises voraus. Diese rechtlichen Hinweise und alle Beziehungen zwischen BRALO, S. A. , der Benutzerinnen und Benutzer der Website und ihre Dienstleistungen werden durch die Bestimmungen der spanischen Gesetzgebung geregelt werden. <\/span><\/p>\n<p>&nbsp;<\/p>\n<p><span style=\"font-weight: 400;\">Letztes Update: 18\/03\/24<\/span><\/p>\n<p>&nbsp;[\/et_pb_text][\/et_pb_column][et_pb_column type=&#8220;1_5&#8243; _builder_version=&#8220;4.21.0&#8243; _module_preset=&#8220;default&#8220; global_colors_info=&#8220;{}&#8220;][\/et_pb_column][\/et_pb_row][\/et_pb_section]<\/p>\n","protected":false},"excerpt":{"rendered":"<p>RECHTLICHE WARNHINWEISE (https:\/\/bralo.com\/ ) 1) INFORMATION DES EIGENT\u00dcMERS Gem\u00e4\u00df Artikel 10 des Gesetzes 34\/2002 vom 11. Juli \u00fcber die Dienstleistungen von Informationsgesellschaften und den elektronischen Handel werden die Identifikationsdaten des Eigent\u00fcmers im Folgenden aufgef\u00fchrt: Web: https:\/\/bralo.com\/ . Besitzer: BRALO, S.A. Anschrift: C\/ Milanos 12, P.I. La Estaci\u00f3n. 28320-Pinto C.I.F.: A78105822 Telefon: 916928285 E-mail: bralo@bralo.es Registerdaten: [&hellip;]<\/p>\n","protected":false},"author":1,"featured_media":0,"parent":0,"menu_order":0,"comment_status":"closed","ping_status":"open","template":"","meta":{"_acf_changed":false,"_et_pb_use_builder":"on","_et_pb_old_content":"","_et_gb_content_width":"","inline_featured_image":false,"footnotes":""},"class_list":["post-25630","page","type-page","status-publish","hentry"],"acf":[],"_links":{"self":[{"href":"https:\/\/bralo.com\/de\/wp-json\/wp\/v2\/pages\/25630","targetHints":{"allow":["GET"]}}],"collection":[{"href":"https:\/\/bralo.com\/de\/wp-json\/wp\/v2\/pages"}],"about":[{"href":"https:\/\/bralo.com\/de\/wp-json\/wp\/v2\/types\/page"}],"author":[{"embeddable":true,"href":"https:\/\/bralo.com\/de\/wp-json\/wp\/v2\/users\/1"}],"replies":[{"embeddable":true,"href":"https:\/\/bralo.com\/de\/wp-json\/wp\/v2\/comments?post=25630"}],"version-history":[{"count":2,"href":"https:\/\/bralo.com\/de\/wp-json\/wp\/v2\/pages\/25630\/revisions"}],"predecessor-version":[{"id":25632,"href":"https:\/\/bralo.com\/de\/wp-json\/wp\/v2\/pages\/25630\/revisions\/25632"}],"wp:attachment":[{"href":"https:\/\/bralo.com\/de\/wp-json\/wp\/v2\/media?parent=25630"}],"curies":[{"name":"wp","href":"https:\/\/api.w.org\/{rel}","templated":true}]}}