{"id":18818,"date":"2024-02-14T10:30:50","date_gmt":"2024-02-14T10:30:50","guid":{"rendered":"https:\/\/dev.bralo.com\/politicas-de-cookies\/"},"modified":"2024-08-19T08:10:24","modified_gmt":"2024-08-19T08:10:24","slug":"politique-de-cookies","status":"publish","type":"page","link":"https:\/\/bralo.com\/fr\/politique-de-cookies\/","title":{"rendered":"Politique de cookies"},"content":{"rendered":"<p>[et_pb_section fb_built=\u00a0\u00bb1&Prime; _builder_version=\u00a0\u00bb4.21.0&Prime; _module_preset=\u00a0\u00bbdefault\u00a0\u00bb da_disable_devices=\u00a0\u00bboff|off|off\u00a0\u00bb global_colors_info=\u00a0\u00bb{}\u00a0\u00bb da_is_popup=\u00a0\u00bboff\u00a0\u00bb da_exit_intent=\u00a0\u00bboff\u00a0\u00bb da_has_close=\u00a0\u00bbon\u00a0\u00bb da_alt_close=\u00a0\u00bboff\u00a0\u00bb da_dark_close=\u00a0\u00bboff\u00a0\u00bb da_not_modal=\u00a0\u00bbon\u00a0\u00bb da_is_singular=\u00a0\u00bboff\u00a0\u00bb da_with_loader=\u00a0\u00bboff\u00a0\u00bb da_has_shadow=\u00a0\u00bbon\u00a0\u00bb][et_pb_row column_structure=\u00a0\u00bb1_5,3_5,1_5&Prime; _builder_version=\u00a0\u00bb4.21.0&Prime; _module_preset=\u00a0\u00bbdefault\u00a0\u00bb global_colors_info=\u00a0\u00bb{}\u00a0\u00bb][et_pb_column type=\u00a0\u00bb1_5&Prime; _builder_version=\u00a0\u00bb4.21.0&Prime; _module_preset=\u00a0\u00bbdefault\u00a0\u00bb global_colors_info=\u00a0\u00bb{}\u00a0\u00bb][\/et_pb_column][et_pb_column type=\u00a0\u00bb3_5&Prime; _builder_version=\u00a0\u00bb4.21.0&Prime; _module_preset=\u00a0\u00bbdefault\u00a0\u00bb global_colors_info=\u00a0\u00bb{}\u00a0\u00bb][et_pb_text _builder_version=\u00a0\u00bb4.25.1&Prime; _module_preset=\u00a0\u00bbdefault\u00a0\u00bb header_text_color=\u00a0\u00bb#006CA7&Prime; header_2_text_color=\u00a0\u00bb#006CA7&Prime; header_2_font_size=\u00a0\u00bb21px\u00a0\u00bb header_3_font=\u00a0\u00bb|600|||||||\u00a0\u00bb header_3_font_size=\u00a0\u00bb18px\u00a0\u00bb hover_enabled=\u00a0\u00bb0&Prime; global_colors_info=\u00a0\u00bb{}\u00a0\u00bb sticky_enabled=\u00a0\u00bb0&Prime;]<\/p>\n<h1 style=\"text-align: center;\">POLITIQUE DE COOKIES (<a href=\"https:\/\/bralo.com\/fr\/\">https:\/\/bralo.com\/<\/a>)<\/h1>\n<p>&nbsp;<\/p>\n<p>Conform\u00e9ment de la loi 34\/2002, sur les services de la soci\u00e9t\u00e9 de l&rsquo;information et du commerce \u00e9lectronique (LSSICE), nous vous informons des aspects juridiques suivants du site Web :<\/p>\n<table>\n<tbody>\n<tr>\n<td>Web:<\/td>\n<td><a href=\"https:\/\/bralo.com\/fr\/\">https:\/\/bralo.com\/<\/a>\u00a0<\/td>\n<\/tr>\n<tr>\n<td>D\u00e9tenteur:<\/td>\n<td><b>BRALO, S.A.<\/b><\/td>\n<\/tr>\n<tr>\n<td>Adresse:<\/td>\n<td>C\/ Milanos 12, P.I. La Estaci\u00f3n. 28320-Pinto<\/td>\n<\/tr>\n<tr>\n<td>C.I.F.:<\/td>\n<td>A78105822<\/td>\n<\/tr>\n<tr>\n<td>T\u00e9l\u00e9phone:<\/td>\n<td>916928285<\/td>\n<\/tr>\n<tr>\n<td>Adresse e-mail:<\/td>\n<td><a href=\"mailto:bralo@bralo.es\">bralo@bralo.es<\/a>\u00a0<\/td>\n<\/tr>\n<tr>\n<td>Donn\u00e9es de registre:<\/td>\n<td>Reg. mercantil de Madrid n\u00ba 3. Tomo 332, Gral. 301, Folio 54, n\u00ba 62245.3. Inscripci\u00f3n 1\u00ba<\/td>\n<\/tr>\n<\/tbody>\n<\/table>\n<p>BRALO, S.A. peut collecter des informations sur les habitudes de recherche des utilisateurs du site web au moyen de cookies ou de fichiers de registre. Les cookies ne seront pas utilis\u00e9s pour collecter des informations \u00e0 caract\u00e8re personnel. Ils ne seront install\u00e9s que si l&rsquo;utilisateur reste sur notre site web et continue \u00e0 naviguer, \u00e9tant entendu qu&rsquo;il consent \u00e0 leur utilisation et \u00e0 leur installation. Vous trouverez ci-dessous des informations d\u00e9taill\u00e9es sur ce que sont les \u00ab\u00a0cookies\u00a0\u00bb, sur le type de cookies utilis\u00e9s par ce site web, sur la mani\u00e8re dont vous pouvez les d\u00e9sactiver dans votre navigateur et sur la mani\u00e8re de bloquer sp\u00e9cifiquement l&rsquo;installation de cookies de tiers.<\/p>\n<h2>1) QUE SONT LES COOKIES ?<\/h2>\n<p>Les cookies sont de petits fichiers texte g\u00e9n\u00e9r\u00e9s par les pages web que l&rsquo;utilisateur visite et qui contiennent les donn\u00e9es de session qui peuvent \u00eatre utiles ult\u00e9rieurement dans la page web. Les donn\u00e9es permettent au site web de conserver vos informations d&rsquo;une page \u00e0 l&rsquo;autre et d&rsquo;analyser la fa\u00e7on dont vous interagissez avec le site.<\/p>\n<p>Les cookies sont s\u00fbrs dans la mesure o\u00f9 ils ne peuvent stocker que des informations mises en place par le navigateur, des informations que l&rsquo;utilisateur aurait saisies dans le navigateur ou des informations incluses dans la demande de page. Ils ne peuvent pas ex\u00e9cuter de code et ne peuvent pas \u00eatre utilis\u00e9s pour acc\u00e9der \u00e0 l&rsquo;\u00e9quipement de l&rsquo;utilisateur.<\/p>\n<p>Les cookies sont essentiels au fonctionnement d&rsquo;Internet, offrant d&rsquo;innombrables avantages dans la prestation de services interactifs, facilitant la navigation et l&rsquo;utilisation des pages web. Les cookies ne peuvent pas endommager les \u00e9quipements et leur activation permet d&rsquo;identifier et de r\u00e9soudre les erreurs.<\/p>\n<p>Les informations collect\u00e9es par le biais des cookies peuvent inclure la date et l&rsquo;heure des visites sur le site web, les pages consult\u00e9es, le temps pass\u00e9 sur le site web et les sites visit\u00e9s juste avant et juste apr\u00e8s le site web. Cependant, aucun cookie ne permet \u00e0 ce dernier de contacter le num\u00e9ro de t\u00e9l\u00e9phone de l&rsquo;utilisateur ou tout autre moyen de contact personnel. Aucun cookie ne peut extraire des informations du disque dur de l&rsquo;utilisateur ou voler des informations personnelles. Le seul moyen pour que les informations priv\u00e9es de l&rsquo;utilisateur fassent partie du fichier Cookie est que l&rsquo;utilisateur donne personnellement ces informations au serveur.<\/p>\n<p>Les cookies qui permettent d&rsquo;identifier une personne sont consid\u00e9r\u00e9s comme des donn\u00e9es personnelles. Par cons\u00e9quent, la politique de confidentialit\u00e9 d\u00e9crite ci-dessus s&rsquo;applique \u00e0 eux. En ce sens, le consentement de l&rsquo;utilisateur sera n\u00e9cessaire pour l&rsquo;utilisation de ces cookies. Ce consentement sera communiqu\u00e9, sur la base d&rsquo;un v\u00e9ritable choix, offert par une d\u00e9cision affirmative et positive, avant le traitement initial, amovible et document\u00e9.<\/p>\n<h2>2) QUE SONT LES SCRIPTS ?<\/h2>\n<p>Un script est un fragment de code de programme qui est utilis\u00e9 pour que notre site web fonctionne correctement et de mani\u00e8re interactive. Ce code est ex\u00e9cut\u00e9 sur notre serveur ou sur votre dispositif.<\/p>\n<h2>3) TYPES DE COOKIES.<\/h2>\n<p>Vous trouverez ci-dessous plus d&rsquo;informations pour vous aider \u00e0 mieux comprendre les diff\u00e9rents types de cookies qui peuvent \u00eatre utilis\u00e9s :<\/p>\n<p><b>En fonction de la propri\u00e9t\u00e9.<\/b><\/p>\n<p><b>Cookies propres<\/b> : il s&rsquo;agit de ceux qui sont envoy\u00e9s \u00e0 l&rsquo;\u00e9quipement terminal de l&rsquo;utilisateur \u00e0 partir d&rsquo;un \u00e9quipement ou d&rsquo;un domaine g\u00e9r\u00e9 par l&rsquo;\u00e9diteur lui-m\u00eame et \u00e0 partir duquel le service demand\u00e9 par l&rsquo;utilisateur est fourni.<\/p>\n<p><b>Cookies de tiers<\/b> : il s&rsquo;agit de ceux qui sont envoy\u00e9s \u00e0 l&rsquo;\u00e9quipement terminal de l&rsquo;utilisateur \u00e0 partir d&rsquo;un \u00e9quipement ou d&rsquo;un domaine qui n&rsquo;est pas g\u00e9r\u00e9 par l&rsquo;\u00e9diteur, mais par une autre entit\u00e9 qui traite les donn\u00e9es obtenues par le biais des cookies.<\/p>\n<p><b>En fonction de leur finalit\u00e9.<\/b><\/p>\n<p><b>Cookies techniques (n\u00e9cessaires)<\/b> : Les cookies techniques sont ceux qui sont indispensables et strictement n\u00e9cessaires au bon fonctionnement d&rsquo;un portail web et \u00e0 l&rsquo;utilisation des diff\u00e9rentes options et services qu&rsquo;il propose.<\/p>\n<p>Par exemple, ceux qui servent \u00e0 la maintenance de la session, \u00e0 la gestion du temps de r\u00e9ponse, au rendement, etc.<\/p>\n<p><b>Cookies de pr\u00e9f\u00e9rence ou de personnalisation<\/b> : il s&rsquo;agit de ceux qui permettent de m\u00e9moriser des informations afin que l&rsquo;utilisateur puisse acc\u00e9der au service avec certaines caract\u00e9ristiques qui peuvent diff\u00e9rencier son exp\u00e9rience de celle d&rsquo;autres utilisateurs, comme, par exemple, la langue, le nombre de r\u00e9sultats \u00e0 afficher lorsque l&rsquo;utilisateur effectue une recherche, l&rsquo;apparence ou le contenu du service en fonction du type de navigateur par lequel l&rsquo;utilisateur acc\u00e8de au service ou de la r\u00e9gion \u00e0 partir de laquelle il acc\u00e8de au service, etc.<\/p>\n<p><b>Cookies analytiques<\/b> : il s&rsquo;agit de ceux qui permettent au responsable de ces cookies de suivre et d&rsquo;analyser le comportement des utilisateurs des sites web auxquels ils sont li\u00e9s, y compris la quantification de l&rsquo;impact des publicit\u00e9s. Les informations collect\u00e9es par le biais de ce type de cookies sont utilis\u00e9es pour mesurer l&rsquo;activit\u00e9 des sites web, des applications ou des plateformes, afin d&rsquo;apporter des am\u00e9liorations en fonction de l&rsquo;analyse des donn\u00e9es relatives \u00e0 l&rsquo;utilisation faite par les utilisateurs du service.<\/p>\n<p><b>Cookies de publicit\u00e9 comportementale<\/b> : il s&rsquo;agit de ceux qui stockent des informations sur le comportement des utilisateurs, obtenues gr\u00e2ce \u00e0 l&rsquo;observation continue de leurs habitudes de navigation, ce qui permet de dresser un profil sp\u00e9cifique afin d&rsquo;afficher de la publicit\u00e9 en fonction de ce dernier.<\/p>\n<p><b>En fonction du d\u00e9lai.<\/b><\/p>\n<p><b>Cookies de session <\/b>: ils sont con\u00e7us pour collecter et stocker des donn\u00e9es pendant que l&rsquo;utilisateur acc\u00e8de \u00e0 une page web. Ils sont g\u00e9n\u00e9ralement utilis\u00e9s pour stocker des informations qui ne sont utiles que pour la prestation du service demand\u00e9 par l&rsquo;utilisateur \u00e0 une seule occasion (par exemple, une liste de produits achet\u00e9s) et disparaissent \u00e0 la fermeture de la session.<\/p>\n<p><b>Cookies persistants<\/b> : il s&rsquo;agit de ceux dans lesquels les donn\u00e9es restent stock\u00e9es dans le terminal et peuvent \u00eatre consult\u00e9es et trait\u00e9es pendant une p\u00e9riode d\u00e9finie par le responsable du cookie, qui peut aller de quelques minutes \u00e0 plusieurs ann\u00e9es.<\/p>\n<p><b>Cookies propres.<\/b><\/p>\n<p>Il s&rsquo;agit des cookies envoy\u00e9s \u00e0 l&rsquo;ordinateur ou au dispositif de l&rsquo;utilisateur et g\u00e9r\u00e9s exclusivement par BRALO, S.A. pour le meilleur fonctionnement du site web. Les informations collect\u00e9es sont utilis\u00e9es pour am\u00e9liorer la qualit\u00e9 du site web et de son contenu ainsi que votre exp\u00e9rience en tant qu&rsquo;utilisateur. Ces cookies permettent de reconna\u00eetre l&rsquo;utilisateur en tant que visiteur r\u00e9gulier du site web et d&rsquo;adapter le contenu pour lui offrir un contenu adapt\u00e9 \u00e0 ses pr\u00e9f\u00e9rences.<\/p>\n<ul>\n<li>__Wpdm_client : c&rsquo;est un cookie n\u00e9cessaire, il est cr\u00e9\u00e9 afin d&rsquo;utiliser les options et les services du site web. Dur\u00e9e de la session.\n<li>_gid : c&rsquo;est un cookie de Google Analytics, persistant et analytique. Il est utilis\u00e9 pour identifier le m\u00eame utilisateur pendant une seule journ\u00e9e. Dur\u00e9e 1 jour. Il s&rsquo;agit d&rsquo;un cookie analytique.\n<li>_ga : c&rsquo;est un cookie de Google Analytics, persistant et analytique. Il est utilis\u00e9 pour effectuer le suivi des visites uniques, en stockant un identifiant pour chaque utilisateur afin de calculer les interactions effectu\u00e9es, dans le but d&rsquo;optimiser les services offerts. Dur\u00e9e 2 ans. Il s&rsquo;agit d&rsquo;un cookie analytique.\n<li>pll_language : Il s&rsquo;agit d&rsquo;un cookie technique. Ce cookie est sp\u00e9cifique aux outils avec lesquels le site a \u00e9t\u00e9 con\u00e7u, il m\u00e9morise la langue choisie lors de la navigation. Dur\u00e9e 1 an.\n<li>_ga_FSXHXV5M1N : : c&rsquo;est un cookie de Google Analytics, persistant et analytique. Il est utilis\u00e9 pour identifier le m\u00eame utilisateur pendant une seule journ\u00e9e. Dur\u00e9e 1 an. Il s&rsquo;agit d&rsquo;un cookie analytique.\n<li>SL_C_23361dd035530_SID: c&rsquo;est un cookie technique, n\u00e9cessaire au bon fonctionnement du site web. Dur\u00e9e 1 an.\n<li>DSID\u00a0: utilis\u00e9 pour identifier un utilisateur connect\u00e9 \u00e0 son compte Google mais parcourant des sites tiers, et pour se rappeler si l&rsquo;utilisateur a activ\u00e9 la personnalisation des annonces. Ce cookie dure 2 semaines.\n<li>ar_debug\u00a0: est le propre cookie de DoubleClick. Dur\u00e9e 1 mois.\n<li>ID : Le cookie \u00ab ID \u00bb est un identifiant unique attribu\u00e9 \u00e0 un utilisateur ou un appareil sp\u00e9cifique lors de la visite d&rsquo;un site Web. Ce cookie peut avoir diverses finalit\u00e9s, telles que le suivi de l&rsquo;activit\u00e9 de l&rsquo;utilisateur, le maintien du statut de connexion ou la personnalisation de l&rsquo;exp\u00e9rience de l&rsquo;utilisateur sur le site Web. Sa dur\u00e9e est variable.\n<\/ul>\n<p><b>Cookies tiers<\/b><\/p>\n<p>Le site web ne g\u00e9n\u00e8re pas de cookies de tiers.<\/p>\n<p>BRALO, S.A. ne contient pas de liens ou de plugins qui redirigent vers des pages web de r\u00e9seaux sociaux ou qui partagent des contenus.<\/p>\n<h2>4) RESPONSABLE DU TRAITEMENT DES COOKIES.<\/h2>\n<p>Le propri\u00e9taire du site web et le responsable du traitement des cookies utilis\u00e9s ici, ainsi que leurs donn\u00e9es de contacts, sont indiqu\u00e9s dans les mentions l\u00e9gales de cette page. Il peut \u00e9galement exister des cookies de tiers autres que le propri\u00e9taire de ce site web, comme expliqu\u00e9 ci-dessous.<\/p>\n<h2>5) L\u00c9GITIMIT\u00c9 POUR L&rsquo;UTILISATION DES COOKIES.<\/h2>\n<p>Dans le cas des cookies techniques, c&rsquo;est-\u00e0-dire ceux qui sont indispensables pour naviguer sur ce site web et b\u00e9n\u00e9ficier du service offert par celui-ci, la base l\u00e9gale de leur utilisation est l&rsquo;accord par lequel vous d\u00e9cidez d&rsquo;utiliser ce site web et d&rsquo;utiliser ses services.<\/p>\n<p>La base l\u00e9gale pour l&rsquo;utilisation des autres cookies est le consentement de l&rsquo;utilisateur, qui est demand\u00e9 au moment de l&rsquo;acc\u00e8s \u00e0 ce site web et qui peut \u00eatre retir\u00e9 \u00e0 tout moment. Le retrait de ce consentement n&rsquo;affecte pas la possibilit\u00e9 de naviguer sur ce site web et d&rsquo;utiliser ses services, mais le traitement des donn\u00e9es effectu\u00e9 pr\u00e9c\u00e9demment ne perd pas sa l\u00e9galit\u00e9 du fait du retrait du consentement.<\/p>\n<h2>6) LE CONSENTEMENT.<\/h2>\n<p>L&rsquo;utilisateur devra accepter explicitement et activement l&rsquo;utilisation des cookies susmentionn\u00e9s, pour les p\u00e9riodes indiqu\u00e9es ci-dessus et dans les conditions contenues dans la pr\u00e9sente politique de cookies.<\/p>\n<h2>7) LE RETRAIT DU CONSENTEMENT.<\/h2>\n<p>L&rsquo;utilisateur peut \u00e0 tout moment retirer son consentement \u00e0 la pr\u00e9sente politique de cookies en supprimant les cookies stock\u00e9s sur son \u00e9quipement \u00e0 l&rsquo;aide des param\u00e8tres et des configurations de son navigateur Internet.<\/p>\n<h2>8) LES DROITS DE LA PERSONNE CONCERN\u00c9E.<\/h2>\n<p>La plupart des cookies collectent des informations anonymes, qui ne permettent pas d&rsquo;obtenir l&rsquo;identit\u00e9 de l&rsquo;utilisateur, bien que certains des codes inclus soient utilis\u00e9s pour reconna\u00eetre ou individualiser le navigateur de l&rsquo;\u00e9quipement utilis\u00e9, et que des r\u00e9glementations en mati\u00e8re de protection des donn\u00e9es personnelles puissent s&rsquo;appliquer. Par cons\u00e9quent, nous vous informons que les informations obtenues par le biais des cookies seront trait\u00e9es aux fins indiqu\u00e9es dans la pr\u00e9sente politique de cookies. De m\u00eame, ces informations seront \u00e9galement trait\u00e9es par les entreprises qui fournissent des cookies aux fins indiqu\u00e9es dans leurs politiques de confidentialit\u00e9 respectives.<\/p>\n<p>Cependant, compte tenu du fait que ces codes ne permettent pas d&rsquo;identifier l&rsquo;utilisateur, les droits d&rsquo;acc\u00e8s, de rectification, de suppression, d&rsquo;opposition, de limitation et de portabilit\u00e9 reconnus dans la r\u00e9glementation relative \u00e0 la protection des donn\u00e9es ne seront pas applicables, \u00e0 moins que l&rsquo;utilisateur ne soit en mesure de fournir des informations compl\u00e9mentaires permettant de relier son identit\u00e9 aux codes d&rsquo;identification de ses cookies.<\/p>\n<p>Si l&rsquo;utilisateur consid\u00e8re que son droit \u00e0 la protection des donn\u00e9es a \u00e9t\u00e9 viol\u00e9, il pourra d\u00e9poser une plainte aupr\u00e8s de l&rsquo;Agence espagnole de protection des donn\u00e9es (www.aepd.es) ou aupr\u00e8s de notre d\u00e9l\u00e9gu\u00e9 \u00e0 la protection des donn\u00e9es\/responsable de la protection des donn\u00e9es \u00e0 l&rsquo;adresse e-mail suivante <a href=\"mailto:bralo@bralo.es\">bralo@bralo.es<\/a> .<\/p>\n<p>D&rsquo;autre part, nous vous informons que certains de nos fournisseurs, partenaires et collaborateurs peuvent \u00eatre \u00e9tablis aux Etats-Unis ou dans d&rsquo;autres pays dont la l\u00e9gislation n&rsquo;offre pas un niveau de protection des donn\u00e9es \u00e9quivalent \u00e0 celui de l&rsquo;Europe. En acceptant l&rsquo;utilisation de cookies et le partage de donn\u00e9es, vous autorisez le transfert de vos donn\u00e9es personnelles.<\/p>\n<h2>9) GESTION DES COOKIES : Garanties compl\u00e9mentaires.<\/h2>\n<p>Tous les navigateurs Internet vous permettent de limiter le comportement d&rsquo;un cookie ou de d\u00e9sactiver les cookies par le biais des param\u00e8tres ou des options du navigateur. Les \u00e9tapes \u00e0 suivre sont diff\u00e9rentes pour chaque navigateur, les instructions se trouvent dans le menu d&rsquo;aide de chaque navigateur.<\/p>\n<p>De nombreux navigateurs vous permettent d&rsquo;activer un mode priv\u00e9 dans lequel les cookies sont toujours supprim\u00e9s apr\u00e8s la visite. En fonction du navigateur, ce mode priv\u00e9 peut porter diff\u00e9rents noms. Vous trouverez ci-dessous une liste des navigateurs les plus courants avec un lien vers les param\u00e8tres de cookies et les diff\u00e9rents noms de ce \u00ab\u00a0mode priv\u00e9\u00a0\u00bb :<\/p>\n<ul>\n<li>Internet Explorer: <a href=\"http:\/\/windows.microsoft.com\/es-xl\/internet-explorer\/delete-manage-cookies#ie=ie-11\" rel=\"nofollow noopener\" target=\"_blank\">http:\/\/windows.microsoft.com\/es-xl\/internet-explorer\/delete-manage-cookies#ie=ie-11<\/a><\/li>\n<li>FireFox: <a href=\"https:\/\/support.mozilla.org\/es\/kb\/Borrarcookies\" rel=\"nofollow noopener\" target=\"_blank\">https:\/\/support.mozilla.org\/es\/kb\/Borrarcookies<\/a><\/li>\n<li>Chrome: <a href=\"https:\/\/support.google.com\/chrome\/answer\/95647?hl=es\" rel=\"nofollow noopener\" target=\"_blank\">https:\/\/support.google.com\/chrome\/answer\/95647?hl=es<\/a><\/li>\n<li>Safari: <a href=\"http:\/\/www.apple.com\/legal\/privacy\/es\/cookies\/\" rel=\"nofollow noopener\" target=\"_blank\">http:\/\/www.apple.com\/legal\/privacy\/es\/cookies\/<\/a><\/li>\n<li>Opera: <a href=\"https:\/\/help.opera.com\/en\/latest\/security-and-privacy\/\" rel=\"nofollow noopener\" target=\"_blank\">https:\/\/help.opera.com\/en\/latest\/security-and-privacy\/<\/a><\/li>\n<li>Safari pour iOS (dispositivos iPhone y iPad): <a href=\"http:\/\/help.opera.com\/Linux\/10.50\/en\/cookies.html\" rel=\"nofollow noopener\" target=\"_blank\">http:\/\/help.opera.com\/Linux\/10.50\/en\/cookies.html<\/a><\/li>\n<li>Chrome pour Android: <a href=\"https:\/\/support.google.com\/chrome\/answer\/2392971?hl=es\" rel=\"nofollow noopener\" target=\"_blank\">https:\/\/support.google.com\/chrome\/answer\/2392971?hl=es<\/a><\/li>\n<li>Windows Phone: <a href=\"http:\/\/www.windowsphone.com\/es-es\/how-to\/wp7\/web\/changing-privacy-and-other-browser-\" rel=\"nofollow noopener\" target=\"_blank\">http:\/\/www.windowsphone.com\/es-es\/how-to\/wp7\/web\/changing-privacy-and-other-browser-<\/a><\/li>\n<\/ul>\n<p>Pour plus d&rsquo;informations sur la suppression, la d\u00e9sactivation ou le blocage des cookies, vous pouvez \u00e9galement consulter le site: <a href=\"http:\/\/www.aboutcookies.org\/Default.aspx?page=2\" rel=\"nofollow noopener\" target=\"_blank\">http:\/\/www.aboutcookies.org\/Default.aspx?page=2<\/a><\/p>\n<p>Si les cookies sont d\u00e9sactiv\u00e9s, nous ne serons pas en mesure de conserver vos pr\u00e9f\u00e9rences et certaines fonctionnalit\u00e9s du site web pourraient ne pas fonctionner et nous pourrions ne pas \u00eatre en mesure de vous offrir des services personnalis\u00e9s.<\/p>\n<h2>10) MISE \u00c0 JOUR DE LA POLITIQUE DE COOKIES<\/h2>\n<p>Ce site web peut modifier la pr\u00e9sente politique en mati\u00e8re de cookies, c&rsquo;est pourquoi nous vous recommandons de consulter cette politique chaque fois que vous acc\u00e9dez \u00e0 notre site web afin d&rsquo;\u00eatre correctement inform\u00e9 de l&rsquo;utilisation que nous faisons des cookies.<\/p>\n<p>Derni\u00e8re modification: 18\/03\/24[\/et_pb_text][\/et_pb_column][et_pb_column type=\u00a0\u00bb1_5&Prime; _builder_version=\u00a0\u00bb4.21.0&Prime; _module_preset=\u00a0\u00bbdefault\u00a0\u00bb global_colors_info=\u00a0\u00bb{}\u00a0\u00bb][\/et_pb_column][\/et_pb_row][\/et_pb_section]<\/p>\n","protected":false},"excerpt":{"rendered":"<p>POLITIQUE DE COOKIES (https:\/\/bralo.com\/) &nbsp; Conform\u00e9ment de la loi 34\/2002, sur les services de la soci\u00e9t\u00e9 de l&rsquo;information et du commerce \u00e9lectronique (LSSICE), nous vous informons des aspects juridiques suivants du site Web : Web: https:\/\/bralo.com\/\u00a0 D\u00e9tenteur: BRALO, S.A. Adresse: C\/ Milanos 12, P.I. La Estaci\u00f3n. 28320-Pinto C.I.F.: A78105822 T\u00e9l\u00e9phone: 916928285 Adresse e-mail: bralo@bralo.es\u00a0 Donn\u00e9es [&hellip;]<\/p>\n","protected":false},"author":2,"featured_media":0,"parent":0,"menu_order":0,"comment_status":"closed","ping_status":"closed","template":"","meta":{"_acf_changed":false,"_et_pb_use_builder":"on","_et_pb_old_content":"","_et_gb_content_width":"","inline_featured_image":false,"footnotes":""},"class_list":["post-18818","page","type-page","status-publish","hentry"],"acf":[],"_links":{"self":[{"href":"https:\/\/bralo.com\/fr\/wp-json\/wp\/v2\/pages\/18818","targetHints":{"allow":["GET"]}}],"collection":[{"href":"https:\/\/bralo.com\/fr\/wp-json\/wp\/v2\/pages"}],"about":[{"href":"https:\/\/bralo.com\/fr\/wp-json\/wp\/v2\/types\/page"}],"author":[{"embeddable":true,"href":"https:\/\/bralo.com\/fr\/wp-json\/wp\/v2\/users\/2"}],"replies":[{"embeddable":true,"href":"https:\/\/bralo.com\/fr\/wp-json\/wp\/v2\/comments?post=18818"}],"version-history":[{"count":16,"href":"https:\/\/bralo.com\/fr\/wp-json\/wp\/v2\/pages\/18818\/revisions"}],"predecessor-version":[{"id":18840,"href":"https:\/\/bralo.com\/fr\/wp-json\/wp\/v2\/pages\/18818\/revisions\/18840"}],"wp:attachment":[{"href":"https:\/\/bralo.com\/fr\/wp-json\/wp\/v2\/media?parent=18818"}],"curies":[{"name":"wp","href":"https:\/\/api.w.org\/{rel}","templated":true}]}}