{"id":19800,"date":"2023-07-13T16:53:42","date_gmt":"2023-07-13T16:53:42","guid":{"rendered":"https:\/\/dev.bralo.com\/non%20class\u00e9\/remache-unilock\/"},"modified":"2025-10-23T14:44:39","modified_gmt":"2025-10-23T14:44:39","slug":"boulon-a-sertir-unilock","status":"publish","type":"product","link":"https:\/\/bralo.com\/fr\/produit\/rivets-fr\/boulons-a-sertir\/boulon-a-sertir-unilock\/","title":{"rendered":"Unilock"},"content":{"rendered":"<p>[et_pb_section fb_built=\u00a0\u00bb1&Prime; _builder_version=\u00a0\u00bb4.16&Prime; custom_padding=\u00a0\u00bb0px||||false|false\u00a0\u00bb da_disable_devices=\u00a0\u00bboff|off|off\u00a0\u00bb global_colors_info=\u00a0\u00bb{}\u00a0\u00bb da_is_popup=\u00a0\u00bboff\u00a0\u00bb da_exit_intent=\u00a0\u00bboff\u00a0\u00bb da_has_close=\u00a0\u00bbon\u00a0\u00bb da_alt_close=\u00a0\u00bboff\u00a0\u00bb da_dark_close=\u00a0\u00bboff\u00a0\u00bb da_not_modal=\u00a0\u00bbon\u00a0\u00bb da_is_singular=\u00a0\u00bboff\u00a0\u00bb da_with_loader=\u00a0\u00bboff\u00a0\u00bb da_has_shadow=\u00a0\u00bbon\u00a0\u00bb][et_pb_row _builder_version=\u00a0\u00bb4.16&Prime; background_size=\u00a0\u00bbinitial\u00a0\u00bb background_position=\u00a0\u00bbtop_left\u00a0\u00bb background_repeat=\u00a0\u00bbrepeat\u00a0\u00bb width=\u00a0\u00bb100%\u00a0\u00bb custom_padding=\u00a0\u00bb0px||0px||false|false\u00a0\u00bb global_colors_info=\u00a0\u00bb{}\u00a0\u00bb][et_pb_column type=\u00a0\u00bb4_4&Prime; _builder_version=\u00a0\u00bb4.16&Prime; custom_padding=\u00a0\u00bb|||\u00a0\u00bb global_colors_info=\u00a0\u00bb{}\u00a0\u00bb custom_padding__hover=\u00a0\u00bb|||\u00a0\u00bb][et_pb_wc_breadcrumb _builder_version=\u00a0\u00bb4.16&Prime; global_colors_info=\u00a0\u00bb{}\u00a0\u00bb][\/et_pb_wc_breadcrumb][et_pb_wc_cart_notice _builder_version=\u00a0\u00bb4.16&Prime; global_colors_info=\u00a0\u00bb{}\u00a0\u00bb][\/et_pb_wc_cart_notice][\/et_pb_column][\/et_pb_row][et_pb_row column_structure=\u00a0\u00bb1_2,1_2&Prime; _builder_version=\u00a0\u00bb4.16&Prime; background_size=\u00a0\u00bbinitial\u00a0\u00bb background_position=\u00a0\u00bbtop_left\u00a0\u00bb background_repeat=\u00a0\u00bbrepeat\u00a0\u00bb width=\u00a0\u00bb100%\u00a0\u00bb custom_padding=\u00a0\u00bb0px||||false|false\u00a0\u00bb global_colors_info=\u00a0\u00bb{}\u00a0\u00bb][et_pb_column type=\u00a0\u00bb1_2&Prime; _builder_version=\u00a0\u00bb4.16&Prime; custom_padding=\u00a0\u00bb|||\u00a0\u00bb global_colors_info=\u00a0\u00bb{}\u00a0\u00bb custom_padding__hover=\u00a0\u00bb|||\u00a0\u00bb][et_pb_wc_images show_product_image=\u00a0\u00bboff\u00a0\u00bb _builder_version=\u00a0\u00bb4.23&Prime; global_colors_info=\u00a0\u00bb{}\u00a0\u00bb][\/et_pb_wc_images][\/et_pb_column][et_pb_column type=\u00a0\u00bb1_2&Prime; _builder_version=\u00a0\u00bb4.16&Prime; custom_padding=\u00a0\u00bb|||\u00a0\u00bb global_colors_info=\u00a0\u00bb{}\u00a0\u00bb custom_padding__hover=\u00a0\u00bb|||\u00a0\u00bb][et_pb_wc_title _builder_version=\u00a0\u00bb4.16&Prime; global_colors_info=\u00a0\u00bb{}\u00a0\u00bb][\/et_pb_wc_title][et_pb_wc_rating _builder_version=\u00a0\u00bb4.16&Prime; global_colors_info=\u00a0\u00bb{}\u00a0\u00bb][\/et_pb_wc_rating][et_pb_wc_price _builder_version=\u00a0\u00bb4.16&Prime; global_colors_info=\u00a0\u00bb{}\u00a0\u00bb][\/et_pb_wc_price][et_pb_wc_description _builder_version=\u00a0\u00bb4.16&Prime; global_colors_info=\u00a0\u00bb{}\u00a0\u00bb][\/et_pb_wc_description][et_pb_wc_add_to_cart _builder_version=\u00a0\u00bb4.16&Prime; global_colors_info=\u00a0\u00bb{}\u00a0\u00bb][\/et_pb_wc_add_to_cart][et_pb_wc_meta _builder_version=\u00a0\u00bb4.16&Prime; global_colors_info=\u00a0\u00bb{}\u00a0\u00bb][\/et_pb_wc_meta][\/et_pb_column][\/et_pb_row][et_pb_row _builder_version=\u00a0\u00bb4.16&Prime; background_size=\u00a0\u00bbinitial\u00a0\u00bb background_position=\u00a0\u00bbtop_left\u00a0\u00bb background_repeat=\u00a0\u00bbrepeat\u00a0\u00bb width=\u00a0\u00bb100%\u00a0\u00bb global_colors_info=\u00a0\u00bb{}\u00a0\u00bb][et_pb_column type=\u00a0\u00bb4_4&Prime; _builder_version=\u00a0\u00bb4.16&Prime; custom_padding=\u00a0\u00bb|||\u00a0\u00bb global_colors_info=\u00a0\u00bb{}\u00a0\u00bb custom_padding__hover=\u00a0\u00bb|||\u00a0\u00bb][et_pb_wc_tabs _builder_version=\u00a0\u00bb4.16&Prime; global_colors_info=\u00a0\u00bb{}\u00a0\u00bb]\t\t\t\t\t[\/et_pb_wc_tabs][et_pb_wc_upsells _builder_version=\u00a0\u00bb4.16&Prime; global_colors_info=\u00a0\u00bb{}\u00a0\u00bb][\/et_pb_wc_upsells][et_pb_wc_related_products _builder_version=\u00a0\u00bb4.16&Prime; global_colors_info=\u00a0\u00bb{}\u00a0\u00bb][\/et_pb_wc_related_products][\/et_pb_column][\/et_pb_row][\/et_pb_section]<\/p>\n","protected":false},"excerpt":{"rendered":"<p>Le <strong>boulon \u00e0 sertir UNILOCK<\/strong> est con\u00e7u pour assurer une installation propre gr\u00e2ce \u00e0 sa fonction de rupture contr\u00f4l\u00e9e.<\/p>\n<p>UNILOCK est utilis\u00e9 pour assurer des unions \u00e0 long terme <strong>n\u00e9cessitant une grande r\u00e9sistance aux vibrations et des valeurs m\u00e9caniques \u00e9lev\u00e9es<\/strong>.<\/p>\n<table>\n<tbody>\n<tr style=\"height: 60px;\">\n<td>\n<h3 style=\"color: #006ca7; font-weight: 600!important; font-size: 18px; display: inline-block; margin-right: 30px;\">Corps<\/h3>\n<\/td>\n<td>\n<p style=\"color: white; font-weight: 600!important; font-size: 16px; background-color: #006ca7; border: 3px solid black; padding: 4px 20px; display: inline-block; width: auto;\">Acier<\/p>\n<\/td>\n<\/tr>\n<tr style=\"height: 60px;\">\n<td>\n<h3 style=\"color: #006ca7; font-weight: 600!important; font-size: 18px; display: inline-block; margin-right: 30px;\">Tige<\/h3>\n<\/td>\n<td>\n<p style=\"color: white; font-weight: 600!important; font-size: 16px; background-color: #006ca7; border: 3px solid black; padding: 4px 20px; display: inline-block; width: auto;\">Acier<\/p>\n<\/td>\n<\/tr>\n<tr style=\"height: 60px;\">\n<td>\n<h3 style=\"color: #006ca7; font-weight: 600!important; font-size: 18px; display: inline-block; margin-right: 30px;\">T\u00eate<\/h3>\n<\/td>\n<td>\n<p style=\"color: white; font-weight: 600!important; font-size: 16px; background-color: #006ca7; border: 3px solid black; padding: 4px 20px; display: inline-block; width: auto;\">Bomb\u00e9e<\/p>\n<\/td>\n<\/tr>\n<\/tbody>\n<\/table>\n<p>&nbsp;<\/p>\n","protected":false},"featured_media":19806,"comment_status":"open","ping_status":"closed","template":"","meta":{"_acf_changed":false,"_et_pb_use_builder":"on","_et_pb_old_content":"","_et_gb_content_width":"","inline_featured_image":false},"product_brand":[],"product_cat":[194,191],"product_tag":[],"class_list":{"0":"post-19800","1":"product","2":"type-product","3":"status-publish","4":"has-post-thumbnail","6":"product_cat-boulons-a-sertir","7":"product_cat-rivets-fr","9":"first","10":"instock","11":"shipping-taxable","12":"product-type-simple"},"acf":[],"_links":{"self":[{"href":"https:\/\/bralo.com\/fr\/wp-json\/wp\/v2\/product\/19800","targetHints":{"allow":["GET"]}}],"collection":[{"href":"https:\/\/bralo.com\/fr\/wp-json\/wp\/v2\/product"}],"about":[{"href":"https:\/\/bralo.com\/fr\/wp-json\/wp\/v2\/types\/product"}],"replies":[{"embeddable":true,"href":"https:\/\/bralo.com\/fr\/wp-json\/wp\/v2\/comments?post=19800"}],"wp:featuredmedia":[{"embeddable":true,"href":"https:\/\/bralo.com\/fr\/wp-json\/wp\/v2\/media\/19806"}],"wp:attachment":[{"href":"https:\/\/bralo.com\/fr\/wp-json\/wp\/v2\/media?parent=19800"}],"wp:term":[{"taxonomy":"product_brand","embeddable":true,"href":"https:\/\/bralo.com\/fr\/wp-json\/wp\/v2\/product_brand?post=19800"},{"taxonomy":"product_cat","embeddable":true,"href":"https:\/\/bralo.com\/fr\/wp-json\/wp\/v2\/product_cat?post=19800"},{"taxonomy":"product_tag","embeddable":true,"href":"https:\/\/bralo.com\/fr\/wp-json\/wp\/v2\/product_tag?post=19800"}],"curies":[{"name":"wp","href":"https:\/\/api.w.org\/{rel}","templated":true}]}}