{"id":33125,"date":"2023-04-18T16:06:58","date_gmt":"2023-04-18T16:06:58","guid":{"rendered":"https:\/\/bralo.com\/nota-legale\/"},"modified":"2025-01-16T16:38:52","modified_gmt":"2025-01-16T16:38:52","slug":"nota-legale","status":"publish","type":"page","link":"https:\/\/bralo.com\/it\/nota-legale\/","title":{"rendered":"Nota Legale"},"content":{"rendered":"<p>[et_pb_section fb_built=&#8221;1&#8243; _builder_version=&#8221;4.21.0&#8243; _module_preset=&#8221;default&#8221; global_colors_info=&#8221;{}&#8221; da_is_popup=&#8221;off&#8221; da_exit_intent=&#8221;off&#8221; da_has_close=&#8221;on&#8221; da_alt_close=&#8221;off&#8221; da_dark_close=&#8221;off&#8221; da_not_modal=&#8221;on&#8221; da_is_singular=&#8221;off&#8221; da_with_loader=&#8221;off&#8221; da_has_shadow=&#8221;on&#8221; da_disable_devices=&#8221;off|off|off&#8221;][et_pb_row column_structure=&#8221;1_5,3_5,1_5&#8243; _builder_version=&#8221;4.21.0&#8243; _module_preset=&#8221;default&#8221; global_colors_info=&#8221;{}&#8221;][et_pb_column type=&#8221;1_5&#8243; _builder_version=&#8221;4.21.0&#8243; _module_preset=&#8221;default&#8221; global_colors_info=&#8221;{}&#8221;][\/et_pb_column][et_pb_column type=&#8221;3_5&#8243; _builder_version=&#8221;4.21.0&#8243; _module_preset=&#8221;default&#8221; global_colors_info=&#8221;{}&#8221;][et_pb_text _builder_version=&#8221;4.25.1&#8243; _module_preset=&#8221;default&#8221; header_text_color=&#8221;#006CA7&#8243; header_2_text_color=&#8221;#006CA7&#8243; header_2_font_size=&#8221;21px&#8221; header_3_font=&#8221;|600|||||||&#8221; header_3_font_size=&#8221;18px&#8221; hover_enabled=&#8221;0&#8243; global_colors_info=&#8221;{}&#8221; sticky_enabled=&#8221;0&#8243;]<\/p>\n<h1 style=\"text-align: center;\">NOTA LEGALE (<a href=\"https:\/\/bralo.com\/it\/\">https:\/\/bralo.com\/<\/a> )<\/h1>\n<h2>1) INFORMAZIONI SUL PROPRIETARIO.<\/h2>\n<p><span style=\"font-weight: 400;\">Ai sensi delle disposizioni dell&#8217;articolo 10 della Legge 34\/2002 dell&#8217;11 luglio, sui servizi della societ\u00e0 dell&#8217;informazione e del commercio elettronico, i dati identificativi del titolare sono riportati di seguito:<\/span><\/p>\n<table>\n<tbody>\n<tr>\n<td><span style=\"font-weight: 400;\">Web:<\/span><\/td>\n<td><span style=\"font-weight: 400;\"><a href=\"https:\/\/bralo.com\/it\/\">https:\/\/bralo.com\/<\/a><\/span> <span style=\"font-weight: 400;\">.<\/span><\/td>\n<\/tr>\n<tr>\n<td><span style=\"font-weight: 400;\">Titolare:<\/span><\/td>\n<td><span style=\"font-weight: 400;\">BRALO, S.A.<\/span><\/td>\n<\/tr>\n<tr>\n<td><span style=\"font-weight: 400;\">Sede legale:<\/span><\/td>\n<td><span style=\"font-weight: 400;\">C\/ Milanos 12, P.I. La Estaci\u00f3n. 28320-Pinto <\/span><\/td>\n<\/tr>\n<tr>\n<td><span style=\"font-weight: 400;\">C.I.F.:<\/span><\/td>\n<td><span style=\"font-weight: 400;\">A78105822<\/span><\/td>\n<\/tr>\n<tr>\n<td><span style=\"font-weight: 400;\">Telefono:<\/span><\/td>\n<td><span style=\"font-weight: 400;\">916928285<\/span><\/td>\n<\/tr>\n<tr>\n<td><span style=\"font-weight: 400;\">E-mail:<\/span><\/td>\n<td><span style=\"font-weight: 400;\"><a href=\"mailto:bralo@bralo.es\">bralo@bralo.es<\/a><\/span> <span style=\"font-weight: 400;\">.<\/span><\/td>\n<\/tr>\n<tr>\n<td><span style=\"font-weight: 400;\">Dati di registrazione:<\/span><\/td>\n<td><span style=\"font-weight: 400;\">Reg. mercantil de Madrid n\u00ba 3. Tomo 332, Gral. 301, Folio 54, n\u00ba 62245.3. Inscripci\u00f3n 1\u00ba  <\/span><\/td>\n<\/tr>\n<\/tbody>\n<\/table>\n<p>&nbsp;<\/p>\n<h2>2) TERMINI E CONDIZIONI DI ACCESSO E UTILIZZO.<\/h2>\n<h3>Sito web.<\/h3>\n<p><span style=\"font-weight: 400;\">Le presenti Condizioni Generali d&#8217;Uso (di seguito Condizioni) hanno lo scopo di disciplinare l&#8217;accesso e l&#8217;utilizzo del Sito.<\/span><\/p>\n<p><span style=\"font-weight: 400;\">BRALO, S.A. si riserva il diritto di modificare, in qualsiasi momento e senza preavviso, la presentazione e la configurazione del Sito e dei Contenuti e Servizi in esso incorporati. L&#8217;Utente riconosce e accetta che in qualsiasi momento BRALO, S.A. potr\u00e0 interrompere, disattivare e\/o cancellare qualunque di questi elementi integrati nel Sito o accedervi. <\/span><\/p>\n<p><span style=\"font-weight: 400;\">L&#8217;accesso al Sito da parte dell&#8217;Utente \u00e8 gratuito e, come regola generale, \u00e8 gratuito senza che l&#8217;Utente debba fornire alcun compenso per poterne usufruire, salvo in relazione al costo di connessione attraverso la rete di telecomunicazioni del fornitore che l&#8217;Utente ha contrattato.<\/span><\/p>\n<p><span style=\"font-weight: 400;\">L&#8217;utilizzo di qualsiasi Contenuto o Servizio del Sito Web pu\u00f2 essere effettuato tramite la previa sottoscrizione o registrazione dell\u2019Utente.<\/span><\/p>\n<p>&nbsp;<\/p>\n<h3>Utente.<\/h3>\n<p><span style=\"font-weight: 400;\">L&#8217;accesso, la navigazione e l&#8217;utilizzo del Sito Web (nonch\u00e9 degli spazi abilitati all&#8217;interazione tra gli Utenti e BRALO, S.A., come commenti e\/o spazi di blog, se presenti), conferiscono la condizione di utente. Pertanto, l&#8217;Utente si impegna a utilizzare il Sito Web e i servizi messi a disposizione attraverso di esso in modo conforme alla Legge, alla moralit\u00e0, al buon costume e all&#8217;ordine pubblico, nonch\u00e9 a quanto previsto dalla presente clausola. Di conseguenza, l&#8217;Utente si impegna a non utilizzare il Sito per scopi o effetti illeciti e\/o contrari a quanto stabilito, lesivi di diritti e\/o interessi di terzi o che, in qualsiasi modo, possano danneggiare il Sito o impedire del suo normale utilizzo, ovvero dei servizi accessibili attraverso di esso.  <\/span><\/p>\n<p><span style=\"font-weight: 400;\">L&#8217;utilizzo del Sito Web e\/o dei suoi Servizi implicher\u00e0 l&#8217;accettazione piena e senza riserve, nonch\u00e9 la validit\u00e0 di ciascuna delle clausole incluse nell&#8217;ultima versione aggiornata del presente Avviso Legale, pertanto l&#8217;Utente dovr\u00e0 essere consapevole dell&#8217;importanza di leggerle ogni volta che visiter\u00e0 il Web. Allo stesso tempo, ci\u00f2 non implicher\u00e0 l\u2019instaurazione di alcun tipo di rapporto commerciale tra BRALO, S.A. e l&#8217;Utente. <\/span><\/p>\n<p><span style=\"font-weight: 400;\">L&#8217;accesso, la navigazione e l&#8217;utilizzo del Sito Web, nonch\u00e9 degli spazi abilitati all&#8217;interazione tra gli Utenti, e l&#8217;Utente e BRALO, S.A., come gli spazi di commenti e\/o blog, conferiscono lo status di Utente, pertanto, tutte le Condizioni stabilite nel presente documento, nonch\u00e9 le loro successive modifiche, sono accettate dal momento in cui l&#8217;Utente inizia la navigazione sul Sito, fatta salva l&#8217;applicazione delle corrispondenti norme di legge imperative a seconda dei casi. Considerata la rilevanza di quanto sopra, si raccomanda all&#8217;Utente di leggerle ogni volta che visita il Sito. <\/span><\/p>\n<p><span style=\"font-weight: 400;\">BRALO, S.A. si riserva il diritto di ritirare tutti i commenti e contributi che violino la legge, il rispetto della dignit\u00e0 della persona, che siano discriminatori, xenofobi, razzisti, pornografici, spamming, che attentano alla giovent\u00f9 o all&#8217;infanzia, all&#8217;ordine o alla sicurezza pubblica o che, a suo avviso, non sono idonei alla pubblicazione.<\/span><\/p>\n<p><span style=\"font-weight: 400;\">In ogni caso, BRALO, S.A. non sar\u00e0 responsabile delle opinioni espresse dagli Utenti attraverso commenti o altri strumenti di blogging o partecipazione eventualmente esistente.<\/span><\/p>\n<p><span style=\"font-weight: 400;\">Sempre nel rispetto della legislazione vigente, il presente sito web di BRALO, S.A \u00e8 rivolto a tutte le persone, di qualsiasi et\u00e0, che possono accedere e\/o navigare nelle pagine del Sito.<\/span><\/p>\n<p><span style=\"font-weight: 400;\">Il Sito \u00e8 rivolto principalmente agli Utenti residenti in Spagna (PAESE). BRALO, S.A. non garantisce che il Sito sia conforme, totalmente o parzialmente, alle leggi di altri Paesi. Se l\u2019Utente risiede o \u00e8 domiciliato altrove e decide di accedere e\/o navigare nel Sito, lo far\u00e0 sotto la propria responsabilit\u00e0, assicurandosi che tale accesso e navigazione rispettino la normativa locale applicabile, non assumendo EDOR TEAM alcuna responsabilit\u00e0 che possa derivare da detto accesso.   <\/span><\/p>\n<p>&nbsp;<\/p>\n<h2>3) PROPRIET\u00c0 INTELLETTUALE.<\/h2>\n<p><span style=\"font-weight: 400;\">Allo scopo di preservare eventuali diritti di propriet\u00e0 intellettuale, nel caso in cui un utente o un terzo ritenga che si sia verificata una violazione dei suoi diritti legittimi a causa dell&#8217;introduzione di determinati contenuti sul Web, dovr\u00e0 notificare tale circostanza a BRALO, S.A. indicando:<\/span><\/p>\n<ul>\n<li><span style=\"font-weight: 400;\">Dati personali dell&#8217;interessato titolare dei diritti asseritamente violati. Se il reclamo \u00e8 presentato da un terzo diverso dall&#8217;interessato, \u00e8 necessario indicare la rappresentanza presso la quale si agisce. <\/span><\/li>\n<li><span style=\"font-weight: 400;\">Indicazione dei contenuti protetti dai diritti di propriet\u00e0 intellettuale e della loro posizione sul Web.<\/span><\/li>\n<li><span style=\"font-weight: 400;\">Accreditamento dei suddetti diritti di propriet\u00e0 intellettuale.<\/span><\/li>\n<li><span style=\"font-weight: 400;\">Dichiarazione espressa in cui l&#8217;interessato \u00e8 responsabile della veridicit\u00e0 delle informazioni fornite nella notifica.<\/span><\/li>\n<\/ul>\n<p><span style=\"font-weight: 400;\">Il marchio BRALO, S.A e il segno grafico corrispondente \u00e8 un marchio registrato e la sua riproduzione o utilizzo \u00e8 vietata senza l&#8217;autorizzazione del suo proprietario. Allo stesso modo, qualsiasi altro marchio di BRALO, S.A. che appare sui siti web indicati nella sezione 1 della presente informativa. <\/span><\/p>\n<p><span style=\"font-weight: 400;\">La legittimit\u00e0 dei diritti di propriet\u00e0 intellettuale o industriale corrispondenti ai contenuti forniti da terzi \u00e8 di esclusiva responsabilit\u00e0 di questi ultimi.<\/span><\/p>\n<p>&nbsp;<\/p>\n<h2>4) ESCLUSIONE DI RESPONSABILIT\u00c0.<\/h2>\n<p><span style=\"font-weight: 400;\">BRALO, S.A. opera con la massima diligenza possibile affinch\u00e9 i dati e le informazioni offerti sul proprio sito siano sempre aggiornati. Non garantisce n\u00e9 \u00e8 responsabile dell&#8217;accuratezza e dell&#8217;aggiornamento dei contenuti del sito e si riserva il diritto di modificare tali contenuti in qualsiasi momento. BRALO, S.A. non \u00e8 neppure responsabile delle informazioni che possono essere ottenute tramite i collegamenti inclusi nel sito web.  <\/span><\/p>\n<p><span style=\"font-weight: 400;\">I rapporti commerciali tra i clienti saranno disciplinati dalle condizioni generali che, se necessario, saranno stabilite da BRALO, S.A. in un documento specifico a questo scopo, o tramite accordi specifici che possono essere concordati con i clienti.<\/span><\/p>\n<p>&nbsp;<\/p>\n<h2>5) POLITICA INFORMATIVA E PUBBLICITARIA COMMERCIALE.<\/h2>\n<p><span style=\"font-weight: 400;\">BRALO, S.A. si impegna a non effettuare pubblicit\u00e0 ingannevole. A tali fini, pertanto, non saranno considerati pubblicit\u00e0 ingannevoli gli errori formali o numerici che dovessero riscontrarsi nei contenuti delle diverse sezioni del Sito, prodotti come conseguenza di un&#8217;incompleta manutenzione e\/o aggiornamento delle informazioni contenute. sezioni. BRALO, S.A., in conseguenza delle disposizioni di questa sezione, si impegna a correggerla non appena venga a conoscenza di detti errori.  <\/span><\/p>\n<p><span style=\"font-weight: 400;\">BRALO, S.A. si impegna a non inviare comunicazioni commerciali senza identificarle come tali, in conformit\u00e0 con le disposizioni della legge 34\/2002 sui servizi della societ\u00e0 dell&#8217;informazione e sul commercio elettronico. A questi fini, tutte le informazioni inviate ai clienti di BRALO S.A. che hanno lo scopo di mantenere il rapporto contrattuale esistente tra il cliente e BRALO, S.A., cos\u00ec come l&#8217;esecuzione di informazioni e altri compiti, non saranno considerate attivit\u00e0 di comunicazione commerciale inerenti al servizio che il cliente ha contratto. <\/span><\/p>\n<p><span style=\"font-weight: 400;\">In caso di ricezione di comunicazioni tramite questi mezzi (e-mail, messaggi di risposta automatizzati a moduli e altri sistemi di comunicazione) ti informiamo che i messaggi sono diretti esclusivamente al destinatario e possono contenere informazioni privilegiate o riservate. Se non sei il destinatario indicato, ti informiamo che l&#8217;uso, la divulgazione e\/o la copia non autorizzata \u00e8 vietata dalla normativa vigente. <\/span><\/p>\n<p><span style=\"font-weight: 400;\">In conformit\u00e0 con le disposizioni della legge 34\/2002 dell&#8217;11 luglio, sui servizi della societ\u00e0 dell&#8217;informazione e del commercio elettronico, e della direttiva 2002\/58\/CE, ti informiamo che nel caso in cui non desideri ricevere comunicazioni e informazioni di natura commerciale natura attraverso questo sistema di comunicazione elettronica, ti preghiamo di comunicarcelo con questo stesso mezzo, indicando nell&#8217;oggetto BAJA COMUNICACIONES, affinch\u00e9 i tuoi dati personali possano essere cancellati dal nostro database. La tua richiesta verr\u00e0 evasa entro 10 giorni dalla sua presentazione. Nel caso in cui non ricevessimo alcuna tua risposta espressa, intenderemo che accetti e autorizzi la nostra azienda a continuare ad inviare le suddette comunicazioni.  <\/span><\/p>\n<p>&nbsp;<\/p>\n<h2>6) POLITICA DI LINK.<\/h2>\n<p><span style=\"font-weight: 400;\">L&#8217;Utente o il terzo che effettua un collegamento ipertestuale da una pagina web ad un altro sito web diverso del Sitio Web de BRALO,S.A. deve sapere che:<\/span><\/p>\n<p><span style=\"font-weight: 400;\">La riproduzione, totale o parziale, di qualsiasi Contenuto e\/o Servizio del Sito Web non \u00e8 consentita senza l&#8217;espressa autorizzazione di BRALO, S.A.<\/span><\/p>\n<p><span style=\"font-weight: 400;\">Non \u00e8 consentita alcuna dichiarazione falsa, inaccurata o errata sul sito Web BRALO, S.A., n\u00e9 sui suoi Contenuti e\/o Servizi.<\/span><\/p>\n<p><span style=\"font-weight: 400;\">Ad eccezione del collegamento ipertestuale, il sito Web sul quale \u00e8 stabilito tale collegamento ipertestuale non conterr\u00e0 alcun elemento di questo sito Web, protetto come propriet\u00e0 intellettuale dall&#8217;ordinamento giuridico spagnolo, a meno che non sia espressamente autorizzato da BRALO, S.A.<\/span><\/p>\n<p><span style=\"font-weight: 400;\">La creazione del collegamento ipertestuale non implicher\u00e0 l&#8217;esistenza di rapporti tra BRALO, S.A. e il proprietario del sito web da cui \u00e8 stato creato, n\u00e9 la conoscenza e l&#8217;accettazione di BRALO, S.A. dei contenuti, servizi e\/o attivit\u00e0 offerti su detto sito web, e viceversa.<\/span><\/p>\n<p>&nbsp;<\/p>\n<h2>7) RETI SOCIALI<\/h2>\n<p><span style=\"font-weight: 400;\">Ti informiamo che puoi essere presente sui social network. Il trattamento dei dati effettuato dalle persone che diventano follower sui social network (e\/o effettuano qualsiasi azione di collegamento o collegamento tramite social network) delle pagine ufficiali sar\u00e0 regolato da questa sezione, nonch\u00e9 da tali condizioni d&#8217;uso, politiche sulla privacy e regolamenti di accesso appartenenti al social network che si applicano in ciascun caso e previamente accettati dall&#8217;utente. <\/span><\/p>\n<p>&nbsp;<\/p>\n<h2>8) GIURISDIZIONE E LEGGI APPLICABILI<\/h2>\n<p><span style=\"font-weight: 400;\">L&#8217;utilizzo di questo sito web implica la piena accettazione dei termini della presente nota legale. Il presente Avviso Legale e tutti i rapporti stabiliti tra BRALO, S.A. L&#8217;Utente del Sito Web e dei suoi servizi sar\u00e0 disciplinato dalle disposizioni della legislazione spagnola. <\/span><\/p>\n<p>&nbsp;<\/p>\n<p><span style=\"font-weight: 400;\">Ultimo aggiornamento: 18\/03\/24<\/span><\/p>\n<p>&nbsp;[\/et_pb_text][\/et_pb_column][et_pb_column type=&#8221;1_5&#8243; _builder_version=&#8221;4.21.0&#8243; _module_preset=&#8221;default&#8221; global_colors_info=&#8221;{}&#8221;][\/et_pb_column][\/et_pb_row][\/et_pb_section]<\/p>\n","protected":false},"excerpt":{"rendered":"<p>NOTA LEGALE (https:\/\/bralo.com\/ ) 1) INFORMAZIONI SUL PROPRIETARIO. Ai sensi delle disposizioni dell&#8217;articolo 10 della Legge 34\/2002 dell&#8217;11 luglio, sui servizi della societ\u00e0 dell&#8217;informazione e del commercio elettronico, i dati identificativi del titolare sono riportati di seguito: Web: https:\/\/bralo.com\/ . Titolare: BRALO, S.A. Sede legale: C\/ Milanos 12, P.I. La Estaci\u00f3n. 28320-Pinto C.I.F.: A78105822 Telefono: [&hellip;]<\/p>\n","protected":false},"author":1,"featured_media":0,"parent":0,"menu_order":0,"comment_status":"closed","ping_status":"open","template":"","meta":{"_acf_changed":false,"_et_pb_use_builder":"on","_et_pb_old_content":"","_et_gb_content_width":"","inline_featured_image":false,"footnotes":""},"class_list":["post-33125","page","type-page","status-publish","hentry"],"acf":[],"_links":{"self":[{"href":"https:\/\/bralo.com\/it\/wp-json\/wp\/v2\/pages\/33125","targetHints":{"allow":["GET"]}}],"collection":[{"href":"https:\/\/bralo.com\/it\/wp-json\/wp\/v2\/pages"}],"about":[{"href":"https:\/\/bralo.com\/it\/wp-json\/wp\/v2\/types\/page"}],"author":[{"embeddable":true,"href":"https:\/\/bralo.com\/it\/wp-json\/wp\/v2\/users\/1"}],"replies":[{"embeddable":true,"href":"https:\/\/bralo.com\/it\/wp-json\/wp\/v2\/comments?post=33125"}],"version-history":[{"count":2,"href":"https:\/\/bralo.com\/it\/wp-json\/wp\/v2\/pages\/33125\/revisions"}],"predecessor-version":[{"id":33127,"href":"https:\/\/bralo.com\/it\/wp-json\/wp\/v2\/pages\/33125\/revisions\/33127"}],"wp:attachment":[{"href":"https:\/\/bralo.com\/it\/wp-json\/wp\/v2\/media?parent=33125"}],"curies":[{"name":"wp","href":"https:\/\/api.w.org\/{rel}","templated":true}]}}