{"id":33128,"date":"2024-02-14T10:30:50","date_gmt":"2024-02-14T10:30:50","guid":{"rendered":"https:\/\/bralo.com\/politica-dei-cookie\/"},"modified":"2025-01-16T17:02:12","modified_gmt":"2025-01-16T17:02:12","slug":"politica-dei-cookie","status":"publish","type":"page","link":"https:\/\/bralo.com\/it\/politica-dei-cookie\/","title":{"rendered":"Politica dei Cookie"},"content":{"rendered":"<p>[et_pb_section fb_built=&#8221;1&#8243; _builder_version=&#8221;4.21.0&#8243; _module_preset=&#8221;default&#8221; da_disable_devices=&#8221;off|off|off&#8221; global_colors_info=&#8221;{}&#8221; da_is_popup=&#8221;off&#8221; da_exit_intent=&#8221;off&#8221; da_has_close=&#8221;on&#8221; da_alt_close=&#8221;off&#8221; da_dark_close=&#8221;off&#8221; da_not_modal=&#8221;on&#8221; da_is_singular=&#8221;off&#8221; da_with_loader=&#8221;off&#8221; da_has_shadow=&#8221;on&#8221;][et_pb_row column_structure=&#8221;1_5,3_5,1_5&#8243; _builder_version=&#8221;4.21.0&#8243; _module_preset=&#8221;default&#8221; global_colors_info=&#8221;{}&#8221;][et_pb_column type=&#8221;1_5&#8243; _builder_version=&#8221;4.21.0&#8243; _module_preset=&#8221;default&#8221; global_colors_info=&#8221;{}&#8221;][\/et_pb_column][et_pb_column type=&#8221;3_5&#8243; _builder_version=&#8221;4.21.0&#8243; _module_preset=&#8221;default&#8221; global_colors_info=&#8221;{}&#8221;][et_pb_text _builder_version=&#8221;4.25.1&#8243; _module_preset=&#8221;default&#8221; header_text_color=&#8221;#006CA7&#8243; header_2_text_color=&#8221;#006CA7&#8243; header_2_font_size=&#8221;21px&#8221; header_3_font=&#8221;|600|||||||&#8221; header_3_font_size=&#8221;18px&#8221; hover_enabled=&#8221;0&#8243; global_colors_info=&#8221;{}&#8221; sticky_enabled=&#8221;0&#8243;]<\/p>\n<h1 style=\"text-align: center;\">POLITICA DEI COOKIE (<a href=\"https:\/\/bralo.com\/it\/\">https:\/\/bralo.com\/<\/a>)<\/h1>\n<p>&nbsp;<\/p>\n<p>Ai sensi delle disposizioni della Legge 34\/2002, sui servizi della societ\u00e0 dell&#8217;informazione e del commercio elettronico (LSSICE), l&#8217;utente viene informato dei seguenti aspetti legali del sito web:<\/p>\n<table>\n<tbody>\n<tr>\n<td><span style=\"font-weight: 400;\">Web:<\/span><\/td>\n<td><a href=\"https:\/\/bralo.com\/it\/\"><span style=\"font-weight: 400;\">https:\/\/bralo.com\/<\/span><\/a> <span style=\"font-weight: 400;\">.<\/span><\/td>\n<\/tr>\n<tr>\n<td><span style=\"font-weight: 400;\">Titolare:<\/span><\/td>\n<td><b>BRALO, S.A.<\/b><\/td>\n<\/tr>\n<tr>\n<td><span style=\"font-weight: 400;\">Sede legale:<\/span><\/td>\n<td><span style=\"font-weight: 400;\">C\/ Milanos 12, P.I. La Estaci\u00f3n. 28320-Pinto <\/span><\/td>\n<\/tr>\n<tr>\n<td><span style=\"font-weight: 400;\">C.I.F.:<\/span><\/td>\n<td><span style=\"font-weight: 400;\">A78105822<\/span><\/td>\n<\/tr>\n<tr>\n<td><span style=\"font-weight: 400;\">Telefono:<\/span><\/td>\n<td><span style=\"font-weight: 400;\">916928285<\/span><\/td>\n<\/tr>\n<tr>\n<td><span style=\"font-weight: 400;\">E-mail:<\/span><\/td>\n<td><a href=\"mailto:bralo@bralo.es\"><span style=\"font-weight: 400;\">bralo@bralo.es<\/span><\/a><span style=\"font-weight: 400;\"> .<\/span><\/td>\n<\/tr>\n<tr>\n<td><span style=\"font-weight: 400;\">Dati di registrazione:<\/span><\/td>\n<td><span style=\"font-weight: 400;\">Reg. mercantil de Madrid n\u00ba 3. Tomo 332, Gral. 301, Folio 54, n\u00ba 62245.3. Inscripci\u00f3n 1\u00ba  <\/span><\/td>\n<\/tr>\n<\/tbody>\n<\/table>\n<p>BRALO, S.A. pu\u00f2 raccogliere informazioni sulle abitudini di ricerca degli utenti del sito web tramite cookie o file di registro. I cookie non verranno utilizzati per raccogliere informazioni personali. Verranno installati solo se l&#8217;Utente rimarr\u00e0 e proseguir\u00e0 la navigazione sul nostro sito web, fermo restando che, cos\u00ec facendo, acconsente al loro utilizzo e installazione. Vengono di seguito fornite informazioni dettagliate su: cosa sono i &#8220;cookie&#8221;, che tipologia utilizza questo sito, come \u00e8 possibile disabilitarli nel browser e come bloccare specificamente l&#8217;installazione di Cookie di terze parti.   <\/p>\n<h2>1) COSA SONO I COOKIE?<\/h2>\n<p>I cookie sono piccoli file di testo generati dalle pagine web visitate dall&#8217;Utente, che contengono dati di sessione che potranno essere utili in seguito nella pagina web. I dati consentono al sito web di mantenere le tue informazioni tra le pagine e anche di analizzare come interagisci con il sito. <\/p>\n<p>I cookie sono sicuri in quanto possono memorizzare solo le informazioni inserite dal browser, le informazioni che l&#8217;Utente ha inserito nel browser o le informazioni incluse nella richiesta della pagina. Non possono eseguire codici e non possono essere utilizzati per accedere al computer dell&#8217;Utente. <\/p>\n<p>I cookie sono essenziali per il funzionamento di Internet, in quanto offrono innumerevoli vantaggi nella fornitura di servizi interattivi, facilitano la navigazione e l&#8217;usabilit\u00e0 delle pagine web. I cookie non possono danneggiare le apparecchiature e la loro attivazione aiuta a identificare e risolvere gli errori. <\/p>\n<p>Le informazioni raccolte tramite i cookie possono includere la data e l&#8217;ora delle visite al Sito Web, le pagine visualizzate, il tempo trascorso sul Sito Web e i siti visitati subito prima e dopo il Sito Web. Tuttavia, nessun cookie consente di contattare il numero di telefono dell&#8217;Utente o qualsiasi altro mezzo di contatto personale. Nessun cookie pu\u00f2 estrarre informazioni dal disco rigido dell&#8217;Utente o rubare informazioni personali. L&#8217;unico modo in cui le informazioni private dell&#8217;Utente fanno parte del file Cookie \u00e8 che l&#8217;utente fornisca personalmente tali informazioni al server.   <\/p>\n<p>I cookie che consentono di identificare una persona sono considerati dati personali. Ad essi, pertanto, si applicher\u00e0 la Privacy Policy sopra descritta. In tal senso, per il loro utilizzo sar\u00e0 necessario il consenso dell&#8217;Utente. Tale consenso verr\u00e0 comunicato, sulla base di una scelta autentica, offerta mediante una decisione affermativa e positiva, prima del trattamento iniziale, rimovibile e documentato.   <\/p>\n<h2>2) COSA SONO GLI SCRIPT?<\/h2>\n<p>Uno script \u00e8 un frammento di codice di programma che viene utilizzato per far funzionare correttamente e in modo interattivo il nostro sito web. Questo codice viene eseguito sul nostro server o sul tuo dispositivo. <\/p>\n<h2>3) TIPI DI COOKIE.<\/h2>\n<p>Di seguito forniamo maggiori informazioni per farti comprendere meglio le diverse tipologie di cookie che possono essere utilizzati:<\/p>\n<h3>Secondo la propriet\u00e0.<\/h3>\n<p><strong>Cookie propri:<\/strong> sono quelli che vengono inviati al terminale dell&#8217;utente da un computer o dominio gestito dall&#8217;editore stesso e dal quale viene erogato il servizio richiesto dall&#8217;utente.<\/p>\n<p><strong>Cookie di terze parti:<\/strong> sono quelli che vengono inviati al terminale dell&#8217;utente da un computer o dominio non gestito dall&#8217;editore, ma da un&#8217;altra entit\u00e0 che elabora i dati ottenuti tramite i cookie.<\/p>\n<h3>Secondo la finalit\u00e0.<\/h3>\n<p><strong>Cookie tecnici (necessari)<\/strong>: i cookie tecnici sono quelli essenziali e strettamente necessari per il corretto funzionamento di un portale web e l&#8217;utilizzo delle diverse opzioni e servizi che offre.<\/p>\n<p>Ad esempio, quelli utilizzati per la manutenzione della sessione, la gestione dei tempi di risposta, le prestazioni, ecc.<\/p>\n<p><strong>Cookie di preferenza o di personalizzazione<\/strong>: sono quelli che consentono all&#8217;utente di ricordare informazioni in modo che l&#8217;utente possa accedere al servizio con determinate caratteristiche che possono differenziare la sua esperienza da quella di altri utenti, come, ad esempio, la lingua, il numero di risultati da mostrare quando l&#8217;utente effettua una ricerca, l&#8217;aspetto o il contenuto del servizio a seconda del tipo di browser attraverso il quale l&#8217;utente accede al servizio o della regione da cui l&#8217;utente accede al servizio, ecc.<\/p>\n<p><strong>Cookie analitici:<\/strong> sono quelli che consentono al responsabile degli stessi di monitorare e analizzare il comportamento degli utenti dei siti Web a cui sono collegati, compresa la quantificazione degli impatti degli annunci pubblicitari. Le informazioni raccolte tramite questo tipo di cookie vengono utilizzate per misurare l&#8217;attivit\u00e0 dei siti Web, dell&#8217;applicazione o della piattaforma, al fine di introdurre miglioramenti basati sull&#8217;analisi dei dati di utilizzo effettuati dagli utenti del servizio. <\/p>\n<p><strong>Cookie di pubblicit\u00e0 comportamentale:<\/strong> sono quelli che memorizzano informazioni sul comportamento dell&#8217;utente ottenute attraverso l&#8217;osservazione continua delle sue abitudini di navigazione, che consente lo sviluppo di un profilo specifico per visualizzare pubblicit\u00e0 basata su di esso.<\/p>\n<h3>Secondo il periodo.<\/h3>\n<p><strong>Cookie di sessione:<\/strong> sono quelli progettati per raccogliere e archiviare dati mentre l&#8217;utente accede a una pagina web. Vengono solitamente utilizzati per memorizzare informazioni che \u00e8 utile conservare solo per la fornitura del servizio richiesto dall&#8217;utente in una singola occasione (ad esempio, l&#8217;elenco dei prodotti acquistati) e svaniscono al termine della sessione. <\/p>\n<p><strong>Cookie persistenti:<\/strong> sono quelli in cui i dati continuano ad essere memorizzati nel terminale e sono accessibili ed elaborati per un periodo definito dal responsabile del cookie, che pu\u00f2 variare da pochi minuti a diversi anni.<\/p>\n<h3>Cookie propri.<\/h3>\n<p>Si tratta di cookie che vengono inviati al computer o dispositivo dell&#8217;Utente e gestiti esclusivamente da BRALO, S.A. per il miglior funzionamento del Sito. Le informazioni raccolte vengono utilizzate per migliorare la qualit\u00e0 del sito Web e dei suoi contenuti e la tua esperienza come utente. Questi cookie ci consentono di riconoscere l&#8217;Utente come visitatore ricorrente del Sito Web e adattare il contenuto per offrire contenuti che si adattino alle sue preferenze.  <\/p>\n<ul>\n<li>__wpdm_client: \u00e8 un cookie necessario, viene creato per utilizzare le opzioni e i servizi del sito web. Durata della sessione. <\/li>\n<li>_gid: \u00e8 un cookie di Google Analytics, persistente e analitico. Viene utilizzato per identificare lo stesso utente per un solo giorno. Durata 1 giorno. \u00c8 un cookie analitico.   <\/li>\n<li>&#8211; ga: \u00e8 un cookie di Google Analytics, persistente e analitico. Viene utilizzato per tracciare visite uniche, memorizzando un identificatore per ciascun utente per calcolare le interazioni effettuate, al fine di ottimizzare i servizi offerti. Durata 2 anni. \u00c8 un cookie analitico.   <\/li>\n<li>pll_lingual: \u00c8 un cookie tecnico. Questo cookie \u00e8 tipico degli strumenti con cui \u00e8 stato sviluppato il sito, salva la lingua scelta durante la navigazione. Durata 1 anno.  <\/li>\n<li>_ga_FSXHXV5M1N: : \u00e8 un cookie di Google Analytics, persistente e analitico. Viene utilizzato per identificare lo stesso utente per un solo giorno. Durata 1 anno. \u00c8 un cookie analitico.   <\/li>\n<li>SL_C_23361dd035530_SID: \u00e8 un cookie tecnico, necessario per il normale svolgimento del sito. Durata 1 anno. <\/li>\n<li>DSID: serve per identificare un utente che ha accesso al suo account Google, ma che naviga in siti terzi, e per registrare se l&#8217;utente ha accettato la personalizzazione degli annunci. Questo \u00e8 il biscotto e 2 settimane. <\/li>\n<li>ar_debug: \u00e8 un cookie proprio di DoubleClick. Durata 1 metro. <\/li>\n<li>ID: Il cookie &#8220;ID&#8221; \u00e8 un identificatore unico assegnato a un utente o dispositivo specifico quando si visita un sito web. Questo cookie pu\u00f2 avere vari suggerimenti, come monitorare l&#8217;attivit\u00e0 dell&#8217;utente, mantenere lo stato di inizio sessione o personalizzare l&#8217;esperienza dell&#8217;utente sul sito web. L&#8217;acqua \u00e8 variabile.  <\/li>\n<\/ul>\n<h3>Biscotti di terzi<\/h3>\n<p>Il sito non genera cookie di terze parti.<\/p>\n<p>BRALO, S.A. non contiene alcun collegamento o plug-in che reindirizzi alle pagine Web dei social media o alla condivisione di contenuti.<\/p>\n<h2>4) RESPONSABILE DEL TRATTAMENTO DEI COOKIE.<\/h2>\n<p>Il proprietario del sito web e responsabile del trattamento dei cookie qui utilizzati, nonch\u00e9 i relativi dati di contatto, sono accessibili nelle Note Legali in questa pagina. Allo stesso modo, potranno essere presenti cookie di terze parti diverse dal titolare di questo sito, come sar\u00e0 spiegato successivamente. <\/p>\n<h2>5) LEGITTIMAZIONE ALL&#8217;UTILIZZO DEI COOKIE.<\/h2>\n<p>Nel caso dei cookie tecnici, cio\u00e8 quelli indispensabili per navigare su questo sito e ricevere il servizio attraverso lo stesso offerto, la base giuridica del loro utilizzo \u00e8 il contratto con il quale decidi di utilizzare questo sito e di usufruire dei suoi servizi.<\/p>\n<p>La base giuridica per l&#8217;utilizzo degli altri cookie \u00e8 il consenso dell&#8217;utente, che viene richiesto al momento dell&#8217;accesso a questo sito web e pu\u00f2 essere revocato in qualsiasi momento. La revoca del consenso non pregiudicher\u00e0 la possibilit\u00e0 di navigare sul presente sito e di usufruire dei suoi servizi, ma i trattamenti effettuati in precedenza non perderanno la loro liceit\u00e0 per effetto della revoca del consenso. <\/p>\n<h2>6) CONSENSO.<\/h2>\n<p>L&#8217;utente dovr\u00e0 accettare esplicitamente ed attivamente l&#8217;utilizzo dei cookie precedentemente annunciati, per i periodi sopra indicati ed alle condizioni contenute nella presente politica dei Cookie.<\/p>\n<h2>7) REVOCA DEL CONSENSO<\/h2>\n<p>L&#8217;utente potr\u00e0 revocare il proprio consenso relativo alla presente Politica sui cookie in qualsiasi momento, pertanto deve eliminare i cookie memorizzati sul proprio computer utilizzando le impostazioni e le configurazioni del proprio browser Internet.<\/p>\n<h2>8) DIRITTI DELL\u2019INTERESSATO.<\/h2>\n<p>La maggior parte dei cookie raccolgono informazioni anonime, che non consentono di ottenere l&#8217;identit\u00e0 dell&#8217;utente, sebbene alcuni dei codici inclusi servano per individuare o individualizzare il browser del dispositivo utilizzato e potrebbero applicarsi norme relative alla protezione dei dati personali. Pertanto, ti informiamo che le informazioni ottenute tramite i cookie saranno trattate per le finalit\u00e0 indicate nella presente Cookie Policy. Parimenti, tali informazioni saranno trattate anche dalle societ\u00e0 che forniscono cookie per le finalit\u00e0 indicate nelle rispettive privacy policy.  <\/p>\n<p>Tuttavia, tenuto conto che questi codici non consentono l&#8217;identificazione dell&#8217;Utente, i diritti di accesso, rettifica, cancellazione, opposizione, limitazione e portabilit\u00e0 riconosciuti dalla normativa sulla protezione dei dati non saranno applicabili, a meno che l&#8217;Utente non sia in grado di fornire informazioni aggiuntive. che ti consente di associare la tua identit\u00e0 ai codici identificativi dei tuoi cookie.<\/p>\n<p>Se ritieni che il tuo diritto alla protezione dei dati sia stato violato, l&#8217;utente pu\u00f2 presentare un reclamo all&#8217;Agenzia spagnola per la protezione dei dati (www.aepd.es) o al nostro delegato alla protezione dei dati\/responsabile della protezione dei dati nella successiva e-mail bralo@bralo.es<\/p>\n<p>D&#8217;altro canto, ti informiamo che alcuni dei nostri fornitori, partner e collaboratori potrebbero avere sede negli Stati Uniti o in altri paesi la cui legislazione non offre un livello di protezione dei dati equivalente a quello europeo. Acconsentendo all&#8217;uso dei cookie e alla condivisione dei dati, acconsenti al trasferimento dei tuoi dati personali. <\/p>\n<h2>9) GESTIONE DEI COOKI: Garanzie complementari<\/h2>\n<p>Tutti i browser Internet consentono di limitare il comportamento di un cookie o di disabilitare i cookie nelle impostazioni o opzioni del browser. I passaggi per eseguire questa operazione sono diversi per ciascun browser e le istruzioni possono essere trovate nel menu Guida di ciascun browser.<br \/>Molti browser consentono di attivare una modalit\u00e0 privata attraverso la quale i cookie vengono sempre cancellati dopo la visita. A seconda del browser, questa modalit\u00e0 privata pu\u00f2 avere nomi diversi. Di seguito puoi trovare un elenco dei browser pi\u00f9 comuni con un collegamento alle impostazioni dei cookie e i diversi nomi di questa &#8220;modalit\u00e0 privata&#8221;:   <\/p>\n<ul>\n<li>Internet Explorer: <a href=\"http:\/\/windows.microsoft.com\/es-xl\/internet-explorer\/delete-manage-cookies#ie=ie-11\" rel=\"nofollow noopener\" target=\"_blank\">http:\/\/windows.microsoft.com\/es-xl\/internet-explorer\/delete-manage-cookies#ie=ie-11<\/a><\/li>\n<li>FireFox: <a href=\"https:\/\/support.mozilla.org\/es\/kb\/Borrarcookies\" rel=\"nofollow noopener\" target=\"_blank\">https:\/\/support.mozilla.org\/es\/kb\/Borrarcookies<\/a><\/li>\n<li>Chrome: <a href=\"https:\/\/support.google.com\/chrome\/answer\/95647?hl=es\" rel=\"nofollow noopener\" target=\"_blank\">https:\/\/support.google.com\/chrome\/answer\/95647?hl=es<\/a><\/li>\n<li>Safari: <a href=\"http:\/\/www.apple.com\/legal\/privacy\/es\/cookies\/\" rel=\"nofollow noopener\" target=\"_blank\">http:\/\/www.apple.com\/legal\/privacy\/es\/cookies\/<\/a><\/li>\n<li>Opera: <a href=\"https:\/\/help.opera.com\/en\/latest\/security-and-privacy\/\" rel=\"nofollow noopener\" target=\"_blank\">https:\/\/help.opera.com\/en\/latest\/security-and-privacy\/<\/a><\/li>\n<li>Safari para iOS (dispositivi iPhone y iPad): <a href=\"http:\/\/help.opera.com\/Linux\/10.50\/en\/cookies.html\" rel=\"nofollow noopener\" target=\"_blank\">http:\/\/help.opera.com\/Linux\/10.50\/en\/cookies.html<\/a><\/li>\n<li>Chrome para Android: <a href=\"https:\/\/support.google.com\/chrome\/answer\/2392971?hl=es\" rel=\"nofollow noopener\" target=\"_blank\">https:\/\/support.google.com\/chrome\/answer\/2392971?hl=es<\/a><\/li>\n<li>Windows Phone: <a href=\"http:\/\/www.windowsphone.com\/es-es\/how-to\/wp7\/web\/changing-privacy-and-other-browser-\" rel=\"nofollow noopener\" target=\"_blank\">http:\/\/www.windowsphone.com\/es-es\/how-to\/wp7\/web\/changing-privacy-and-other-browser-<\/a><\/li>\n<\/ul>\n<p>Per ulteriori informazioni sull&#8217;eliminazione, la disabilitazione o il blocco dei cookie \u00e8 inoltre possibile visitare: <a href=\"http:\/\/www.aboutcookies.org\/Default.aspx?page=2\" rel=\"nofollow noopener\" target=\"_blank\">http:\/\/www.aboutcookies.org\/Default.aspx?page=2<\/a><\/p>\n<p>Se i cookie vengono disabilitati, non saremo in grado di mantenere le tue preferenze e alcune funzionalit\u00e0 del Sito potrebbero non essere operative, non potendoti offrire servizi personalizzati.<\/p>\n<h2>10) AGGIORNAMENTO DELLA POLITICA DEI COOKIE.<\/h2>\n<p>Questo sito Web pu\u00f2 modificare la presente Politica sui cookie, pertanto ti consigliamo di rivedere questa politica ogni volta che accedi al nostro sito Web per essere adeguatamente informato sul nostro utilizzo dei cookie..<\/p>\n<p>Ultima revisione: 18\/03\/24<\/p>\n<p>[\/et_pb_text][\/et_pb_column][et_pb_column type=&#8221;1_5&#8243; _builder_version=&#8221;4.21.0&#8243; _module_preset=&#8221;default&#8221; global_colors_info=&#8221;{}&#8221;][\/et_pb_column][\/et_pb_row][\/et_pb_section]<\/p>\n","protected":false},"excerpt":{"rendered":"<p>POLITICA DEI COOKIE (https:\/\/bralo.com\/) &nbsp; Ai sensi delle disposizioni della Legge 34\/2002, sui servizi della societ\u00e0 dell&#8217;informazione e del commercio elettronico (LSSICE), l&#8217;utente viene informato dei seguenti aspetti legali del sito web: Web:https:\/\/bralo.com\/ . Titolare: BRALO, S.A. Sede legale: C\/ Milanos 12, P.I. La Estaci\u00f3n. 28320-Pinto C.I.F.:A78105822 Telefono:916928285 E-mail:bralo@bralo.es . Dati di registrazione: Reg. mercantil [&hellip;]<\/p>\n","protected":false},"author":2,"featured_media":0,"parent":0,"menu_order":0,"comment_status":"closed","ping_status":"closed","template":"","meta":{"_acf_changed":false,"_et_pb_use_builder":"on","_et_pb_old_content":"","_et_gb_content_width":"","inline_featured_image":false,"footnotes":""},"class_list":["post-33128","page","type-page","status-publish","hentry"],"acf":[],"_links":{"self":[{"href":"https:\/\/bralo.com\/it\/wp-json\/wp\/v2\/pages\/33128","targetHints":{"allow":["GET"]}}],"collection":[{"href":"https:\/\/bralo.com\/it\/wp-json\/wp\/v2\/pages"}],"about":[{"href":"https:\/\/bralo.com\/it\/wp-json\/wp\/v2\/types\/page"}],"author":[{"embeddable":true,"href":"https:\/\/bralo.com\/it\/wp-json\/wp\/v2\/users\/2"}],"replies":[{"embeddable":true,"href":"https:\/\/bralo.com\/it\/wp-json\/wp\/v2\/comments?post=33128"}],"version-history":[{"count":2,"href":"https:\/\/bralo.com\/it\/wp-json\/wp\/v2\/pages\/33128\/revisions"}],"predecessor-version":[{"id":33130,"href":"https:\/\/bralo.com\/it\/wp-json\/wp\/v2\/pages\/33128\/revisions\/33130"}],"wp:attachment":[{"href":"https:\/\/bralo.com\/it\/wp-json\/wp\/v2\/media?parent=33128"}],"curies":[{"name":"wp","href":"https:\/\/api.w.org\/{rel}","templated":true}]}}