{"id":33131,"date":"2024-02-14T10:48:34","date_gmt":"2024-02-14T10:48:34","guid":{"rendered":"https:\/\/bralo.com\/informativa-sulla-privacy\/"},"modified":"2025-01-16T17:22:21","modified_gmt":"2025-01-16T17:22:21","slug":"informativa-sulla-privacy","status":"publish","type":"page","link":"https:\/\/bralo.com\/it\/informativa-sulla-privacy\/","title":{"rendered":"Informativa Sulla Privacy"},"content":{"rendered":"<p>[et_pb_section fb_built=&#8221;1&#8243; _builder_version=&#8221;4.21.0&#8243; _module_preset=&#8221;default&#8221; da_disable_devices=&#8221;off|off|off&#8221; global_module=&#8221;7184&#8243; saved_tabs=&#8221;all&#8221; global_colors_info=&#8221;{}&#8221; da_is_popup=&#8221;off&#8221; da_exit_intent=&#8221;off&#8221; da_has_close=&#8221;on&#8221; da_alt_close=&#8221;off&#8221; da_dark_close=&#8221;off&#8221; da_not_modal=&#8221;on&#8221; da_is_singular=&#8221;off&#8221; da_with_loader=&#8221;off&#8221; da_has_shadow=&#8221;on&#8221;][et_pb_row column_structure=&#8221;1_5,3_5,1_5&#8243; _builder_version=&#8221;4.21.0&#8243; _module_preset=&#8221;default&#8221; global_colors_info=&#8221;{}&#8221;][et_pb_column type=&#8221;1_5&#8243; _builder_version=&#8221;4.21.0&#8243; _module_preset=&#8221;default&#8221; global_colors_info=&#8221;{}&#8221;][\/et_pb_column][et_pb_column type=&#8221;3_5&#8243; _builder_version=&#8221;4.21.0&#8243; _module_preset=&#8221;default&#8221; global_colors_info=&#8221;{}&#8221;][et_pb_text _builder_version=&#8221;4.25.1&#8243; _module_preset=&#8221;default&#8221; header_text_color=&#8221;#006CA7&#8243; header_2_text_color=&#8221;#006CA7&#8243; header_2_font_size=&#8221;21px&#8221; header_3_font=&#8221;|600|||||||&#8221; header_3_font_size=&#8221;18px&#8221; hover_enabled=&#8221;0&#8243; global_colors_info=&#8221;{}&#8221; sticky_enabled=&#8221;0&#8243;]<\/p>\n<h1 style=\"text-align: center;\">INFORMATIVA SULLA PRIVACY <a href=\"https:\/\/bralo.com\/it\/\">(https:\/\/bralo.com\/)<\/a><\/h1>\n<p>&nbsp;<\/p>\n<p>BRALO, S.A. si impegna a proteggere la privacy degli utenti che accedono a questo sito web e\/o ad uno qualsiasi dei suoi servizi. L&#8217;utilizzo del sito web e\/o di qualsiasi servizio offerto da BRALO, S.A. implica l&#8217;accettazione da parte dell&#8217;utente delle disposizioni contenute nella presente Informativa sulla privacy e che i suoi dati personali siano trattati come previsto. Tieni presente che, sebbene possano esserci collegamenti dal nostro sito Web ad altri siti Web, la presente Informativa sulla privacy non si applica ad altre societ\u00e0 o organizzazioni a cui viene reindirizzato il sito Web. BRALO, S.A. non controlla il contenuto dei siti Web di terzi e non si assume alcuna responsabilit\u00e0 per il contenuto o le politiche sulla privacy di tali siti Web.   <\/p>\n<p>&nbsp;<\/p>\n<h2>1) INFORMAZIONI SUL PROPRIETARIO.<\/h2>\n<p><span style=\"font-weight: 400;\">Ai sensi dell&#8217;articolo 10 della Legge 34\/2002, dell&#8217;11 luglio, sui servizi della societ\u00e0 dell&#8217;informazione e del commercio elettronico, vengono riportati di seguito i dati identificativi del titolare.:<\/span><\/p>\n<table>\n<tbody>\n<tr>\n<td><span style=\"font-weight: 400;\">Web:<\/span><\/td>\n<td><span style=\"font-weight: 400;\"><a href=\"https:\/\/bralo.com\/it\/\">https:\/\/bralo.com\/<\/a><\/span> <span style=\"font-weight: 400;\">.<\/span><\/td>\n<\/tr>\n<tr>\n<td><span style=\"font-weight: 400;\">Titolare:<\/span><\/td>\n<td><b>BRALO, S.A.<\/b><\/td>\n<\/tr>\n<tr>\n<td><span style=\"font-weight: 400;\">Sede legale:<\/span><\/td>\n<td><span style=\"font-weight: 400;\">C\/ Milanos 12, P.I. La Estaci\u00f3n. 28320-Pinto <\/span><\/td>\n<\/tr>\n<tr>\n<td><span style=\"font-weight: 400;\">C.I.F.:<\/span><\/td>\n<td><span style=\"font-weight: 400;\">A78105822<\/span><\/td>\n<\/tr>\n<tr>\n<td><span style=\"font-weight: 400;\">Telefono:<\/span><\/td>\n<td><span style=\"font-weight: 400;\">916928285<\/span><\/td>\n<\/tr>\n<tr>\n<td><span style=\"font-weight: 400;\">E-mail:<\/span><\/td>\n<td><span style=\"font-weight: 400;\"><a href=\"mailto:bralo@bralo.es\">bralo@bralo.es<\/a><\/span> <span style=\"font-weight: 400;\">.<\/span><\/td>\n<\/tr>\n<tr>\n<td><span style=\"font-weight: 400;\">Dati di registrazione:<\/span><\/td>\n<td><span style=\"font-weight: 400;\">Reg. mercantil de Madrid n\u00ba 3. Tomo 332, Gral. 301, Folio 54, n\u00ba 62245.3. Inscripci\u00f3n 1\u00ba  <\/span><\/td>\n<\/tr>\n<\/tbody>\n<\/table>\n<p>&nbsp;<\/p>\n<h2>2) LEGGI APPLICABILI.<\/h2>\n<p>La presente Informativa sulla Privacy si basa sulle attuali normative spagnole ed europee relative alla protezione dei dati personali su Internet. Nello specifico, essa rispetta le seguenti norme: <\/p>\n<ul>\n<li> Regolamento (UE) 2016\/679 del Parlamento Europeo e del Consiglio, del 27 aprile 2016, sulla protezione delle persone fisiche con riguardo al trattamento dei dati personali e alla libera circolazione di tali dati (RGPD).<\/li>\n<li>Legge organica 3\/2018, del 5 dicembre, sulla protezione dei dati personali e la garanzia dei diritti digitali (LOPD-GDD).<\/li>\n<li> Legge 34\/2002 dell&#8217;11 luglio, sui servizi della societ\u00e0 dell&#8217;informazione e sul commercio elettronico (LSSI-CE).<\/li>\n<\/ul>\n<p>&nbsp;<\/p>\n<h2>3) QUESTIONI RELATIVE ALLA PRIVACY.<\/h2>\n<p>Ai sensi delle disposizioni del Regolamento (UE) 2016\/679 del Parlamento Europeo e del Consiglio, del 27 aprile 2016, (RGPD) e alla Legge Organica 3\/2018, del 5 dicembre, sulla protezione dei dati personali e sulla garanzia dei diritti digitali , ti forniamo le seguenti informazioni relative al trattamento dei dati personali che eventualmente ci fornirai:<\/p>\n<p>&nbsp;<\/p>\n<h3>Gestore DEL file.<\/h3>\n<p><b>BRALO, S.A.<\/b> I nostri dati si trovano nella parte superiore della presente nota legale.<\/p>\n<p>&nbsp;<\/p>\n<h3>Registrazione dei dati personali.<\/h3>\n<p>In conformit\u00e0 con le disposizioni dell\u2019RGPD e della LOPD-GDD, Ti informiamo che i dati personali raccolti da BRALO, S.A., attraverso i moduli estesi sulle sue pagine saranno incorporati e saranno trattati nel nostro archivio al fine di facilitare, accelerare e adempiere agli impegni stabiliti tra BRALO, S.A. e l&#8217;Utente o il mantenimento del rapporto instaurato nei moduli che l&#8217;Utente compila, o per rispondere ad una richiesta o quesito dello stesso. Allo stesso modo, in conformit\u00e0 con le disposizioni dell\u2019RGPD e della LOPD-GDD, salvo che si applichi l&#8217;eccezione prevista dall&#8217;articolo 30.5 del RGPD, viene mantenuto un registro delle attivit\u00e0 di trattamento che specifica, secondo le sue finalit\u00e0, le attivit\u00e0 di trattamento effettuate. e le altre circostanze stabilite nell\u2019RGPD. <\/p>\n<p>&nbsp;<\/p>\n<h3>Base giuridica del trattamento.<\/h3>\n<p>La base giuridica del trattamento dei dati personali \u00e8 il consenso. BRALO, S.A. si impegna ad ottenere il consenso espresso e verificabile dell&#8217;Utente al trattamento dei propri dati personali per una o pi\u00f9 finalit\u00e0 specifiche.<br \/>L\u2019Utente avr\u00e0 il diritto di revocare il proprio consenso in qualsiasi momento. Sar\u00e0 facile revocare il consenso quanto concederlo. Di norma, la revoca del consenso non condizioner\u00e0 l\u2019utilizzo del Sito.<br \/>Nelle occasioni in cui l&#8217;Utente deve o pu\u00f2 fornire i propri dati attraverso i moduli per formulare quesiti, richiedere informazioni o per motivi legati al contenuto del Sito, sar\u00e0 informato se la compilazione di alcuni di essi \u00e8 obbligatoria perch\u00e9 essenziali per il corretto svolgimento dell\u2019operazione effettuata.<br \/>Altre basi di legittimazione: <\/p>\n<ul>\n<li>Rispetto degli obblighi di legge.<\/li>\n<li>Interesse legittimo: inviare la propria pubblicit\u00e0.<\/li>\n<\/ul>\n<p>&nbsp;<\/p>\n<h3>Categorie di dati.<\/h3>\n<p>Le categorie di dati trattati da BRALO, S.A. Sono solo dati identificativi. In nessun caso verranno trattate categorie particolari di dati personali ai sensi dell\u2019articolo 9 del GDPR.<br \/>\n<strong>Origine dei tuoi dati<\/strong><\/p>\n<p>&nbsp;<\/p>\n<h3>Periodo di conservazione dei dati personali.<\/h3>\n<p>I dati personali saranno conservati solo per il tempo minimo necessario agli scopi del trattamento e, comunque, solo durante il seguente termine: I dati non saranno conservati oltre il tempo necessario a soddisfare la richiesta, o fino a quando l&#8217;Utente non richiede la loro diritto di cancellazione o di opposizione o di limitazione del trattamento. Tuttavia, conserveremo alcuni dati personali identificativi e di traffico per un periodo massimo di 2 anni nel caso in cui ci\u00f2 sia richiesto da giudici e tribunali o per avviare azioni interne derivanti da un uso improprio del sito web.<br \/>Al momento della raccolta dei dati personali, l&#8217;Utente verr\u00e0 informato circa il periodo durante il quale i dati personali saranno conservati oppure, quando ci\u00f2 non \u00e8 possibile, i criteri utilizzati per determinare tale periodo.<br \/>Allo stesso modo, ti informiamo che le nostre politiche di conservazione delle informazioni rispettano i termini stabiliti dalle diverse responsabilit\u00e0 legali ai fini della prescrizione.:<\/p>\n<ol>\n<li>a) Regola Generale:<\/li>\n<\/ol>\n<p>Ai sensi di quanto previsto dall&#8217;articolo 30 del Codice del Commercio, e salvo altri criteri, tutti i documenti e\/o le informazioni della societ\u00e0 saranno conservati per 6 anni.<br \/>Ci\u00f2 riguarda tutta la documentazione contabile, fiscale, lavorativa o commerciale, compresa la corrispondenza.<\/p>\n<ol>\n<li>b) Scadenze specifiche:<\/li>\n<\/ol>\n<p>La nostra azienda deve inoltre fissare scadenze minime a seconda della tipologia dei dati trattati e tenendo conto dei diversi termini di prescrizione, di cui ciascun dipartimento deve essere a conoscenza.<br \/>Non sarai soggetto a decisioni basate su trattamenti automatizzati che producano effetti sui tuoi dati.<\/p>\n<p>&nbsp;<\/p>\n<h3>Finalit\u00e0 del trattamento.<\/h3>\n<p>Di seguito dettagliamo le finalit\u00e0 del trattamento dati effettuato:<br \/>GESTIONE DEI CLIENTI: Essere in grado di fornire i servizi appaltati nell&#8217;ambito dell&#8217;attivit\u00e0 naturale di ciascuna azienda e fatturarli. I dati forniti verranno conservati per tutto il tempo in cui verr\u00e0 mantenuto il rapporto commerciale o per gli anni necessari per adempiere agli obblighi di legge. <br \/>GESTIONE DEI PREVENTIVI: Essere in grado di inviare budget per servizi e\/o prodotti a potenziali clienti. I dati forniti saranno conservati finch\u00e9 non richieder\u00e0 la cessazione di detto trattamento. <br \/>GESTIONE DI POTENZIALI CLIENTI: Essere in grado di inviare alle persone con interesse legittimo informazioni relative ai nostri prodotti e servizi con qualsiasi mezzo disponibile e invitarle a eventi di interesse. I dati forniti saranno conservati finch\u00e9 non richieder\u00e0 la cessazione di detto trattamento e saranno raccolti previo consenso espresso. <br \/>RAPPORTI CON I FORNITORI: Essere in grado di effettuare ordini e pagare i servizi. I dati forniti verranno conservati per tutto il tempo in cui verr\u00e0 mantenuto il rapporto commerciale o per gli anni necessari per adempiere agli obblighi di legge.<\/p>\n<p>&nbsp;<\/p>\n<h3>Destinatari dei dati.<\/h3>\n<p>I dati personali dell&#8217;Utente non saranno condivisi con terzi.<br \/>In ogni caso, al momento dell&#8217;ottenimento dei dati personali, l&#8217;Utente verr\u00e0 informato circa i destinatari o le categorie di destinatari dei dati personali. <\/p>\n<p>&nbsp;<\/p>\n<h3>Dati personali dei minori.<\/h3>\n<p>Nel rispetto delle disposizioni degli articoli 8 dell\u2019RGPD e 7 della Legge organica 3\/2018, del 5 dicembre, sulla protezione dei dati personali e sulla garanzia dei diritti digitali, solo le persone di et\u00e0 superiore a 14 anni possono prestare il proprio consenso al trattamento dei propri dati. dati personali legittimamente da BRALO, S.A.. Se si tratta di un minore di et\u00e0 inferiore a 14 anni, per il trattamento sar\u00e0 necessario il consenso dei genitori o dei tutori, e questo sar\u00e0 considerato lecito solo nella misura in cui lo hanno dato. In caso contrario, il rappresentante legale dovr\u00e0 informarvi il prima possibile.  <\/p>\n<p>&nbsp;<\/p>\n<h3>Diritti derivanti dal trattamento dei dati personali.<\/h3>\n<p>L&#8217;Utente pu\u00f2 esercitare nei confronti del Titolare del trattamento i seguenti diritti riconosciuti dal RGPD e dalla Legge organica 3\/2018, del 5 dicembre, sulla protezione dei dati personali e sulla garanzia dei diritti digitali:<br \/>Diritto di accesso: \u00e8 diritto dell&#8217;Utente ottenere conferma se BRALO, S.A. sta trattando o meno i tuoi dati personali e, in tal caso, ottenere informazioni sui tuoi dati personali specifici e sul trattamento che BRALO, S.A. sar\u00e0 stato effettuato o sia stato effettuato, nonch\u00e9, tra l&#8217;altro, le informazioni disponibili sull&#8217;origine dei dati stessi e sui destinatari delle comunicazioni per essi effettuate o previste.<br \/>Diritto di rettifica: \u00e8 diritto dell&#8217;Utente ottenere la modifica dei propri dati personali che risultano inesatti o, tenendo conto delle finalit\u00e0 del trattamento, incompleti.<br \/>Diritto alla cancellazione (&#8220;diritto all&#8217;oblio&#8221;): \u00e8 diritto dell&#8217;Utente, a condizione che la normativa vigente non stabilisca diversamente, ottenere la cancellazione dei propri dati personali quando non sono pi\u00f9 necessari per le finalit\u00e0 per le quali sono stati raccolti, o trattati, l&#8217;utente ha revocato il proprio consenso al trattamento e ci\u00f2 non ha altro fondamento giuridico; l&#8217;Utente si oppone al trattamento e non esiste altro motivo legittimo per proseguire con lo stesso; i dati personali sono stati trattati illecitamente; i dati personali devono essere cancellati in adempimento di un obbligo legale; oppure i dati personali sono stati ottenuti a seguito di un&#8217;offerta diretta di servizi della societ\u00e0 dell&#8217;informazione a un minore di et\u00e0 inferiore a 14 anni. Oltre a cancellare i dati, il titolare del trattamento, tenendo conto della tecnologia disponibile e del costo della sua applicazione, deve adottare misure ragionevoli per informare i responsabili che trattano i dati personali della richiesta dell&#8217;interessato di cancellare qualsiasi collegamento a tali dati personali.<br \/>Diritto alla limitazione del trattamento: \u00e8 diritto dell&#8217;Utente limitare il trattamento dei propri dati personali. L&#8217;Utente ha il diritto di ottenere la limitazione del trattamento quando contesta l&#8217;esattezza dei propri dati personali; il trattamento \u00e8 illecito; Il Titolare non ha pi\u00f9 bisogno dei dati personali, ma l&#8217;Utente ne ha bisogno per avanzare reclami; e quando l&#8217;Utente si \u00e8 opposto al trattamento.<br \/>Diritto alla portabilit\u00e0 dei dati: Nel caso in cui il trattamento sia effettuato con mezzi automatizzati, l&#8217;Utente avr\u00e0 il diritto di ricevere dal Titolare del trattamento i propri dati personali in un formato strutturato, di uso comune e leggibile da dispositivo automatico, e di trasmetterli a altro titolare del trattamento. Ove tecnicamente possibile, il Titolare trasmetter\u00e0 i dati direttamente a quell\u2019altro titolare del trattamento.<br \/>Diritto di opposizione: \u00e8 diritto dell&#8217;Utente non ottenere che i propri dati personali vengano trattati o che il loro trattamento venga interrotto da BRALO, S.A.<br \/>Diritto a non essere soggetto a una decisione basata esclusivamente sul trattamento automatizzato, compresa la profilazione: Si tratta del diritto dell&#8217;Utente a non essere soggetto a una decisione individualizzata basata esclusivamente sul trattamento automatizzato dei suoi dati personali, compresa la profilazione, esistente a meno che la normativa vigente non lo stabilisca. Altrimenti.<br \/>Infine, gli interessati hanno il diritto di presentare un reclamo all&#8217;Autorit\u00e0 di controllo competente (AEPD) nel caso in cui l&#8217;Utente ritenga che sussista un problema o una violazione delle norme vigenti nel modo in cui vengono trattati i propri dati personali.<\/p>\n<p>Puoi esercitare i diritti di cui sopra inviandoci una lettera allegando la copia di un documento che ti identifica al nostro indirizzo o e-mail (che compaiono all&#8217;inizio di questo testo).<\/p>\n<p>&nbsp;<\/p>\n<h2>4) PRINCIPI APPLICABILI AL TRATTAMENTO DEI DATI PERSONALI.<\/h2>\n<p>Il trattamento dei dati personali dell&#8217;utente cliente sar\u00e0 soggetto ai seguenti principi di cui all&#8217;art. 5 del RGPD e nell&#8217;articolo 4 e seguenti della LOPDGDD:<\/p>\n<p>&nbsp;<\/p>\n<h3>Principio di legalit\u00e0, lealt\u00e0 e trasparenza:<\/h3>\n<p>Il consenso dell&#8217;utente sar\u00e0 richiesto in ogni momento a seguito di un&#8217;informativa del tutto trasparente circa le finalit\u00e0 per le quali i dati personali vengono raccolti.<\/p>\n<p>&nbsp;<\/p>\n<h3>Principio di limitazione della finalit\u00e0:<\/h3>\n<p>I dati personali saranno raccolti per scopi determinati, espliciti e legittimi.<\/p>\n<p>&nbsp;<\/p>\n<h3>Principio di minimizzazione dei dati:<\/h3>\n<p>I dati personali raccolti saranno solo strettamente necessari in relazione alle finalit\u00e0 per le quali sono trattati.<\/p>\n<p>&nbsp;<\/p>\n<h3>Principio di esattezza:<\/h3>\n<p>I dati personali devono essere accurati e sempre aggiornati.<\/p>\n<p>&nbsp;<\/p>\n<h3>Principio di limitazione del periodo di conservazione:<\/h3>\n<p>I dati personali saranno conservati esclusivamente in modo da consentire l&#8217;identificazione dell&#8217;utente per il tempo necessario agli scopi del trattamento.<\/p>\n<p>&nbsp;<\/p>\n<h3>Principio di integrit\u00e0 e riservatezza:<\/h3>\n<p>I dati personali saranno trattati in modo da garantirne la sicurezza e la riservatezza.<\/p>\n<p>&nbsp;<\/p>\n<h3>Principio di responsabilit\u00e0 proattiva:<\/h3>\n<p>Il responsabile del sito Web manterr\u00e0 e regoler\u00e0 i mezzi tecnici e logistici necessari per soddisfare tutti i principi applicabili al trattamento.<\/p>\n<p>&nbsp;<\/p>\n<h2>5) QUALI MISURE DI SICUREZZA APPLICHIAMO?<\/h2>\n<p>Applichiamo le misure di sicurezza stabilite nell&#8217;articolo 32 del RGPD, pertanto, abbiamo adottato le misure di sicurezza necessarie per garantire un livello di sicurezza adeguato al rischio del trattamento dei dati che effettuiamo, con meccanismi che ci consentono di garantire la riservatezza, permanente integrit\u00e0, disponibilit\u00e0 e resilienza dei sistemi e dei servizi di trattamento.<br \/>Alcune di queste misure sono:<\/p>\n<ul>\n<li>&#8211; Informativa sulle politiche di trattamento dei dati per il personale.<\/li>\n<li>Esecuzione di backup regolari.<\/li>\n<li>Controllo dell&#8217;accesso ai dati.<\/li>\n<li>Processi regolari di verifica e valutazione.<\/li>\n<\/ul>\n<p>&nbsp;<\/p>\n<h2>6) SEGRETEZZA E SICUREZZA DEI DATI PERSONALI<\/h2>\n<p>BRALO, S.A. si impegna ad adottare le misure tecniche e organizzative necessarie, in base al livello di sicurezza adeguato al rischio dei dati raccolti, affinch\u00e9 sia garantita la sicurezza dei dati personali e sia evitata la distruzione, perdita o alterazione accidentale o illecita dei dati personali. dati trasmessi, archiviati o altrimenti trattati, n\u00e9 comunicazione o accesso non autorizzati a tali dati.<br \/>Il Sito Web dispone di un certificato SSL (Secure Socket Layer), che garantisce che i dati personali vengano trasmessi in modo sicuro e confidenziale, poich\u00e9 la trasmissione di dati tra il server e l&#8217;Utente, e in feedback, \u00e8 completamente crittografata o crittografata.<br \/>Tuttavia, poich\u00e9 BRALO, S.A. non pu\u00f2 garantire l&#8217;inespugnabilit\u00e0 della rete Internet n\u00e9 la totale assenza di hacker o altri soggetti che accedano fraudolentemente ai dati personali, il Titolare si impegna ad informare l&#8217;Utente senza indebito ritardo qualora si verifichi una violazione della sicurezza dei dati personali che possa comportare un rischio elevato per i diritti e le libert\u00e0 delle persone fisiche. Secondo quanto previsto dall\u2019articolo 4 del GDPR, per violazione della sicurezza dei dati personali si intende qualsiasi violazione della sicurezza che causi la distruzione, la perdita o l\u2019alterazione accidentale o illecita dei dati personali trasmessi, conservati o altrimenti trattati, ovvero la comunicazione o l\u2019accesso non autorizzati. a detti dati.<br \/>I dati personali saranno trattati in modo confidenziale dal Titolare, il quale si impegna ad informare e garantire mediante un obbligo legale o contrattuale il rispetto di tale riservatezza da parte dei propri dipendenti, collaboratori e di qualsiasi soggetto a cui i dati siano resi accessibili.<\/p>\n<p>&nbsp;<\/p>\n<h2>7) COLLEGAMENTI A SITI WEB DI TERZI.<\/h2>\n<p>Il sito Web pu\u00f2 includere collegamenti ipertestuali o collegamenti che consentono l&#8217;accesso a pagine Web di terzi diversi da BRALO, S.A. e che pertanto non sono gestiti da BRALO, S.A. I proprietari di detti siti web avranno le proprie politiche di protezione dei dati, essendo essi stessi, in ogni caso, responsabili dei propri file e delle proprie pratiche sulla privacy. <\/p>\n<p>&nbsp;<\/p>\n<h2>8) ACCETTAZIONE E MODIFICHE ALLA PRESENTE POLITICA SULLA PRIVACY.<\/h2>\n<p>\u00c8 necessario che l&#8217;Utente abbia letto e accetti le condizioni sulla protezione dei dati personali contenute nella presente Informativa sulla Privacy, nonch\u00e9 che accetti il trattamento dei suoi dati personali affinch\u00e9 il Titolare possa procedere con esso nella forma, nei termini e per le finalit\u00e0 indicate. L&#8217;utilizzo del Sito implica l&#8217;accettazione della sua Politica sulla Privacy.<br \/>BRALO, S.A. si riserva il diritto di modificare la propria Politica sulla Privacy, secondo i propri criteri, o motivato da un cambiamento legislativo, giurisprudenziale o dottrinale dell&#8217;Agenzia spagnola per la protezione dei dati. Le modifiche o gli aggiornamenti della presente Politica sulla Privacy non verranno esplicitamente notificati all&#8217;Utente. Si consiglia all&#8217;Utente di consultare periodicamente questa pagina per essere a conoscenza delle ultime modifiche o aggiornamenti. <\/p>\n<p>&nbsp;<\/p>\n<p>Ultimo aggiornamento: 18\/03\/24[\/et_pb_text][\/et_pb_column][et_pb_column type=&#8221;1_5&#8243; _builder_version=&#8221;4.21.0&#8243; _module_preset=&#8221;default&#8221; global_colors_info=&#8221;{}&#8221;][\/et_pb_column][\/et_pb_row][\/et_pb_section]<\/p>\n","protected":false},"excerpt":{"rendered":"<p>INFORMATIVA SULLA PRIVACY (https:\/\/bralo.com\/) &nbsp; BRALO, S.A. si impegna a proteggere la privacy degli utenti che accedono a questo sito web e\/o ad uno qualsiasi dei suoi servizi. L&#8217;utilizzo del sito web e\/o di qualsiasi servizio offerto da BRALO, S.A. implica l&#8217;accettazione da parte dell&#8217;utente delle disposizioni contenute nella presente Informativa sulla privacy e che [&hellip;]<\/p>\n","protected":false},"author":2,"featured_media":0,"parent":0,"menu_order":0,"comment_status":"closed","ping_status":"closed","template":"","meta":{"_acf_changed":false,"_et_pb_use_builder":"on","_et_pb_old_content":"","_et_gb_content_width":"","inline_featured_image":false,"footnotes":""},"class_list":["post-33131","page","type-page","status-publish","hentry"],"acf":[],"_links":{"self":[{"href":"https:\/\/bralo.com\/it\/wp-json\/wp\/v2\/pages\/33131","targetHints":{"allow":["GET"]}}],"collection":[{"href":"https:\/\/bralo.com\/it\/wp-json\/wp\/v2\/pages"}],"about":[{"href":"https:\/\/bralo.com\/it\/wp-json\/wp\/v2\/types\/page"}],"author":[{"embeddable":true,"href":"https:\/\/bralo.com\/it\/wp-json\/wp\/v2\/users\/2"}],"replies":[{"embeddable":true,"href":"https:\/\/bralo.com\/it\/wp-json\/wp\/v2\/comments?post=33131"}],"version-history":[{"count":2,"href":"https:\/\/bralo.com\/it\/wp-json\/wp\/v2\/pages\/33131\/revisions"}],"predecessor-version":[{"id":33133,"href":"https:\/\/bralo.com\/it\/wp-json\/wp\/v2\/pages\/33131\/revisions\/33133"}],"wp:attachment":[{"href":"https:\/\/bralo.com\/it\/wp-json\/wp\/v2\/media?parent=33131"}],"curies":[{"name":"wp","href":"https:\/\/api.w.org\/{rel}","templated":true}]}}