{"id":35487,"date":"2024-02-14T11:24:54","date_gmt":"2024-02-14T11:24:54","guid":{"rendered":"https:\/\/bralo.com\/soluzioni-di-tenuta\/"},"modified":"2025-01-27T12:57:30","modified_gmt":"2025-01-27T12:57:30","slug":"soluciones-de-estanqueidad","status":"publish","type":"page","link":"https:\/\/bralo.com\/it\/soluciones-de-estanqueidad\/","title":{"rendered":"Soluzioni di Tenuta"},"content":{"rendered":"<p>[et_pb_section fb_built=&#8221;1&#8243; custom_padding_last_edited=&#8221;on|phone&#8221; admin_label=&#8221;Section&#8221; _builder_version=&#8221;4.21.0&#8243; _module_preset=&#8221;default&#8221; background_image=&#8221;https:\/\/bralo.com\/wp-content\/uploads\/2023\/09\/cabecera-estanquedad.jpg&#8221; custom_margin=&#8221;||3px||false|false&#8221; custom_padding_tablet=&#8221;&#8221; custom_padding_phone=&#8221;|0px||0px|false|false&#8221; da_disable_devices=&#8221;off|off|off&#8221; locked=&#8221;off&#8221; global_colors_info=&#8221;{}&#8221; da_is_popup=&#8221;off&#8221; da_exit_intent=&#8221;off&#8221; da_has_close=&#8221;on&#8221; da_alt_close=&#8221;off&#8221; da_dark_close=&#8221;off&#8221; da_not_modal=&#8221;on&#8221; da_is_singular=&#8221;off&#8221; da_with_loader=&#8221;off&#8221; da_has_shadow=&#8221;on&#8221;][et_pb_row custom_padding_last_edited=&#8221;on|phone&#8221; _builder_version=&#8221;4.21.0&#8243; _module_preset=&#8221;default&#8221; custom_padding=&#8221;|8%||8%|true|true&#8221; custom_padding_tablet=&#8221;70px|8%|70px|8%|true|true&#8221; custom_padding_phone=&#8221;70px|0%|70px|0%|true|true&#8221; global_colors_info=&#8221;{}&#8221;][et_pb_column type=&#8221;4_4&#8243; _builder_version=&#8221;4.20.4&#8243; _module_preset=&#8221;default&#8221; global_colors_info=&#8221;{}&#8221;][et_pb_text _builder_version=&#8221;4.27.2&#8243; _module_preset=&#8221;default&#8221; text_font=&#8221;|300|||||||&#8221; text_text_color=&#8221;#FFFFFF&#8221; text_line_height=&#8221;1.5em&#8221; header_font=&#8221;|||on|||||&#8221; header_text_color=&#8221;#FFFFFF&#8221; header_font_size=&#8221;45px&#8221; header_line_height=&#8221;2.2em&#8221; text_orientation=&#8221;center&#8221; hover_enabled=&#8221;0&#8243; text_line_height_tablet=&#8221;1.5em&#8221; text_line_height_phone=&#8221;1em&#8221; text_line_height_last_edited=&#8221;on|phone&#8221; global_colors_info=&#8221;{}&#8221; sticky_enabled=&#8221;0&#8243;]<\/p>\n<h1>Soluzioni di tenuta<\/h1>\n<p>[\/et_pb_text][\/et_pb_column][\/et_pb_row][\/et_pb_section][et_pb_section fb_built=&#8221;1&#8243; admin_label=&#8221;Section&#8221; _builder_version=&#8221;4.23&#8243; _module_preset=&#8221;default&#8221; background_color=&#8221;#FFFFFF&#8221; background_image=&#8221;https:\/\/bralo.com\/wp-content\/uploads\/2023\/09\/todas-piezas-estanqueidad-2.jpg&#8221; background_size=&#8221;custom&#8221; background_image_width=&#8221;70%&#8221; background_position=&#8221;bottom_right&#8221; custom_padding=&#8221;40px||40px||true|false&#8221; da_disable_devices=&#8221;off|off|off&#8221; global_colors_info=&#8221;{}&#8221; da_is_popup=&#8221;off&#8221; da_exit_intent=&#8221;off&#8221; da_has_close=&#8221;on&#8221; da_alt_close=&#8221;off&#8221; da_dark_close=&#8221;off&#8221; da_not_modal=&#8221;on&#8221; da_is_singular=&#8221;off&#8221; da_with_loader=&#8221;off&#8221; da_has_shadow=&#8221;on&#8221;][et_pb_row column_structure=&#8221;1_2,1_2&#8243; _builder_version=&#8221;4.20.4&#8243; _module_preset=&#8221;default&#8221; global_colors_info=&#8221;{}&#8221;][et_pb_column type=&#8221;1_2&#8243; _builder_version=&#8221;4.20.4&#8243; _module_preset=&#8221;default&#8221; global_colors_info=&#8221;{}&#8221;][et_pb_text _builder_version=&#8221;4.27.2&#8243; _module_preset=&#8221;default&#8221; header_2_font=&#8221;||||||||&#8221; header_2_font_size=&#8221;35px&#8221; custom_padding_tablet=&#8221;&#8221; custom_padding_phone=&#8221;||20px||false|false&#8221; custom_padding_last_edited=&#8221;on|phone&#8221; hover_enabled=&#8221;0&#8243; global_colors_info=&#8221;{}&#8221; sticky_enabled=&#8221;0&#8243;]<\/p>\n<h2><em>PROCESSI DI SIGILLATURA<\/em><\/h2>\n<p>SICUREZZA E DURATA<\/p>\n<p>In BRALO offriamo diverse soluzioni per garantire la tenuta dei fissaggi dei nostri prodotti in base alle esigenze di ciascun cliente. A seconda delle esigenze tecniche esiste la possibilit\u00e0 di utilizzare guarnizioni o sigillanti. Entrambe le soluzioni possono essere utilizzate su rivetti, inserti o perni filettati.[\/et_pb_text][\/et_pb_column][et_pb_column type=&#8221;1_2&#8243; _builder_version=&#8221;4.20.4&#8243; _module_preset=&#8221;default&#8221; global_colors_info=&#8221;{}&#8221;][\/et_pb_column][\/et_pb_row][\/et_pb_section][et_pb_section fb_built=&#8221;1&#8243; admin_label=&#8221;Section&#8221; _builder_version=&#8221;4.21.0&#8243; _module_preset=&#8221;default&#8221; background_color=&#8221;#006CA7&#8243; custom_padding=&#8221;20px||20px||true|false&#8221; da_disable_devices=&#8221;off|off|off&#8221; global_colors_info=&#8221;{}&#8221; da_is_popup=&#8221;off&#8221; da_exit_intent=&#8221;off&#8221; da_has_close=&#8221;on&#8221; da_alt_close=&#8221;off&#8221; da_dark_close=&#8221;off&#8221; da_not_modal=&#8221;on&#8221; da_is_singular=&#8221;off&#8221; da_with_loader=&#8221;off&#8221; da_has_shadow=&#8221;on&#8221;][et_pb_row column_structure=&#8221;1_3,1_3,1_3&#8243; module_class=&#8221;separacion-ventajas&#8221; _builder_version=&#8221;4.23&#8243; _module_preset=&#8221;default&#8221; global_colors_info=&#8221;{}&#8221;][et_pb_column type=&#8221;1_3&#8243; _builder_version=&#8221;4.21.0&#8243; _module_preset=&#8221;default&#8221; global_colors_info=&#8221;{}&#8221;][et_pb_blurb title=&#8221;Giunto che si adatta allo spazio del pezzo.&#8221; image=&#8221;https:\/\/bralo.com\/wp-content\/uploads\/2023\/09\/icono-navaja.png&#8221; _builder_version=&#8221;4.27.2&#8243; _module_preset=&#8221;default&#8221; header_level=&#8221;h3&#8243; header_text_align=&#8221;center&#8221; header_text_color=&#8221;#FFFFFF&#8221; hover_enabled=&#8221;0&#8243; global_colors_info=&#8221;{}&#8221; sticky_enabled=&#8221;0&#8243;][\/et_pb_blurb][\/et_pb_column][et_pb_column type=&#8221;1_3&#8243; _builder_version=&#8221;4.21.0&#8243; _module_preset=&#8221;default&#8221; global_colors_info=&#8221;{}&#8221;][et_pb_blurb title=&#8221;TENUTA STATICA a fluidi o gas.&#8221; image=&#8221;https:\/\/bralo.com\/wp-content\/uploads\/2023\/09\/icono-estanqueidad-fluidos.png&#8221; _builder_version=&#8221;4.27.2&#8243; _module_preset=&#8221;default&#8221; header_level=&#8221;h3&#8243; header_text_align=&#8221;center&#8221; header_text_color=&#8221;#FFFFFF&#8221; hover_enabled=&#8221;0&#8243; global_colors_info=&#8221;{}&#8221; sticky_enabled=&#8221;0&#8243;][\/et_pb_blurb][\/et_pb_column][et_pb_column type=&#8221;1_3&#8243; _builder_version=&#8221;4.21.0&#8243; _module_preset=&#8221;default&#8221; global_colors_info=&#8221;{}&#8221;][et_pb_blurb title=&#8221;GARANZIA con prova di tenuta.&#8221; image=&#8221;https:\/\/bralo.com\/wp-content\/uploads\/2023\/09\/icono-estanquedad-ok.png&#8221; _builder_version=&#8221;4.27.2&#8243; _module_preset=&#8221;default&#8221; header_level=&#8221;h3&#8243; header_text_align=&#8221;center&#8221; header_text_color=&#8221;#FFFFFF&#8221; hover_enabled=&#8221;0&#8243; global_colors_info=&#8221;{}&#8221; sticky_enabled=&#8221;0&#8243;][\/et_pb_blurb][\/et_pb_column][\/et_pb_row][\/et_pb_section][et_pb_section fb_built=&#8221;1&#8243; admin_label=&#8221;Section&#8221; module_class=&#8221;seccion-tratamiento-por-sellante&#8221; _builder_version=&#8221;4.25.1&#8243; _module_preset=&#8221;default&#8221; background_color=&#8221;#FFFFFF&#8221; background_image=&#8221;https:\/\/bralo.com\/wp-content\/uploads\/2023\/10\/bodegon_sellantes_2-scaled.jpg&#8221; background_size=&#8221;custom&#8221; background_image_width=&#8221;44%&#8221; background_position=&#8221;top_left&#8221; custom_padding=&#8221;0px||0px||false|false&#8221; da_disable_devices=&#8221;off|off|off&#8221; global_colors_info=&#8221;{}&#8221; da_is_popup=&#8221;off&#8221; da_exit_intent=&#8221;off&#8221; da_has_close=&#8221;on&#8221; da_alt_close=&#8221;off&#8221; da_dark_close=&#8221;off&#8221; da_not_modal=&#8221;on&#8221; da_is_singular=&#8221;off&#8221; da_with_loader=&#8221;off&#8221; da_has_shadow=&#8221;on&#8221;][et_pb_row column_structure=&#8221;1_2,1_2&#8243; _builder_version=&#8221;4.23&#8243; _module_preset=&#8221;default&#8221; custom_margin_tablet=&#8221;&#8221; custom_margin_phone=&#8221;30px||||false|false&#8221; custom_margin_last_edited=&#8221;on|phone&#8221; global_colors_info=&#8221;{}&#8221;][et_pb_column type=&#8221;1_2&#8243; _builder_version=&#8221;4.20.4&#8243; _module_preset=&#8221;default&#8221; global_colors_info=&#8221;{}&#8221;][\/et_pb_column][et_pb_column type=&#8221;1_2&#8243; _builder_version=&#8221;4.20.4&#8243; _module_preset=&#8221;default&#8221; global_colors_info=&#8221;{}&#8221;][et_pb_text module_class=&#8221;encabezadoh2-tratamiento-por-sellante&#8221; _builder_version=&#8221;4.27.2&#8243; _module_preset=&#8221;default&#8221; header_2_font=&#8221;||||||||&#8221; header_2_text_color=&#8221;#006CA7&#8243; header_2_font_size=&#8221;35px&#8221; custom_margin_tablet=&#8221;&#8221; custom_margin_phone=&#8221;46px||||false|false&#8221; custom_margin_last_edited=&#8221;on|phone&#8221; hover_enabled=&#8221;0&#8243; global_colors_info=&#8221;{}&#8221; sticky_enabled=&#8221;0&#8243;]<\/p>\n<h2>TRATTAMENTO CON SIGILLANTE<\/h2>\n<p>\u00c8 costituito da un polimero elastico a base poliuretanica polimerizzato a caldo applicato sotto la testa del rivetto o inserto in questione. Durante la rivettatura, il SIGILLANTE si adatta alla geometria, garantendo la tenuta attraverso un&#8217;efficace sigillatura. \u00c8 applicabile a tutti i tipi di materiali, con il vantaggio di eliminare la possibilit\u00e0 di smontaggio o errore nel montaggio.<\/p>\n<p>[\/et_pb_text][\/et_pb_column][\/et_pb_row][\/et_pb_section][et_pb_section fb_built=&#8221;1&#8243; admin_label=&#8221;Section&#8221; _builder_version=&#8221;4.25.1&#8243; _module_preset=&#8221;default&#8221; background_color=&#8221;#FFFFFF&#8221; background_image=&#8221;https:\/\/bralo.com\/wp-content\/uploads\/2023\/09\/pieza-junta-1.jpg&#8221; background_size=&#8221;custom&#8221; background_image_width=&#8221;50%&#8221; background_position=&#8221;center_right&#8221; custom_padding=&#8221;0px||0px||false|false&#8221; background_last_edited=&#8221;on|phone&#8221; background_image_width_phone=&#8221;80%&#8221; background_position_phone=&#8221;bottom_right&#8221; da_disable_devices=&#8221;off|off|off&#8221; global_colors_info=&#8221;{}&#8221; da_is_popup=&#8221;off&#8221; da_exit_intent=&#8221;off&#8221; da_has_close=&#8221;on&#8221; da_alt_close=&#8221;off&#8221; da_dark_close=&#8221;off&#8221; da_not_modal=&#8221;on&#8221; da_is_singular=&#8221;off&#8221; da_with_loader=&#8221;off&#8221; da_has_shadow=&#8221;on&#8221;][et_pb_row column_structure=&#8221;1_2,1_2&#8243; _builder_version=&#8221;4.20.4&#8243; _module_preset=&#8221;default&#8221; global_colors_info=&#8221;{}&#8221;][et_pb_column type=&#8221;1_2&#8243; _builder_version=&#8221;4.20.4&#8243; _module_preset=&#8221;default&#8221; global_colors_info=&#8221;{}&#8221;][et_pb_text content_tablet=&#8221;<\/p>\n<h2>JUNTAS DE ESTANQUEIDAD<\/h2>\n<p>La presi\u00f3n ejercida durante el proceso de remachado produce la deformaci\u00f3n de la junta consiguiendo la perfecta adaptaci\u00f3n entre la fijaci\u00f3n y la pieza.<\/p>\n<p>Ofrecemos las siguientes alternativas en funci\u00f3n de la necesidad de estanqueidad en los diferentes fluidos o gases; que requieren de distintos niveles de resistencia a corrosi\u00f3n y temperatura.<\/p>\n<ul>\n<li>EPDM:<\/li>\n<li>NBR<\/li>\n<li>FKM (viton\u00ae)<\/li>\n<\/ul>\n<p>&#8221; content_phone=&#8221;<\/p>\n<h2>JUNTAS DE ESTANQUEIDAD<\/h2>\n<p>La presi\u00f3n ejercida durante el proceso de remachado produce la deformaci\u00f3n de la junta consiguiendo la perfecta adaptaci\u00f3n entre la fijaci\u00f3n y la pieza.<\/p>\n<p>Ofrecemos las siguientes alternativas en funci\u00f3n de la necesidad de estanqueidad en los diferentes fluidos o gases; que requieren de distintos niveles de resistencia a corrosi\u00f3n y temperatura.<\/p>\n<ul>\n<li>EPDM:<\/li>\n<li>NBR<\/li>\n<li>FKM (viton\u00ae)<\/li>\n<\/ul>\n<p>&#8221; content_last_edited=&#8221;on|phone&#8221; _builder_version=&#8221;4.27.2&#8243; _module_preset=&#8221;default&#8221; header_2_font=&#8221;||||||||&#8221; header_2_text_color=&#8221;#006CA7&#8243; header_2_font_size=&#8221;35px&#8221; custom_margin=&#8221;30px||||false|false&#8221; custom_padding_tablet=&#8221;&#8221; custom_padding_phone=&#8221;||40px||false|false&#8221; custom_padding_last_edited=&#8221;on|phone&#8221; hover_enabled=&#8221;0&#8243; global_colors_info=&#8221;{}&#8221; sticky_enabled=&#8221;0&#8243;]<\/p>\n<h2>GIUNZIONI DI TENUTA<\/h2>\n<p>La pressione esercitata durante il processo di rivettatura produce la deformazione del giunto, per ottenere il perfetto adattamento tra il fissaggio e il pezzo.<\/p>\n<p>Offriamo le seguenti alternative a seconda della necessit\u00e0 di tenuta nei diversi fluidi o gas; che richiedono diversi livelli di resistenza alla corrosione e alla temperatura.<\/p>\n<p>&nbsp;<\/p>\n<ul>\n<li>EPDM:<\/li>\n<li>NBR<\/li>\n<li>FKM (viton\u00ae)<\/li>\n<\/ul>\n<p>[\/et_pb_text][\/et_pb_column][et_pb_column type=&#8221;1_2&#8243; _builder_version=&#8221;4.20.4&#8243; _module_preset=&#8221;default&#8221; global_colors_info=&#8221;{}&#8221;][\/et_pb_column][\/et_pb_row][\/et_pb_section][et_pb_section fb_built=&#8221;1&#8243; custom_padding_last_edited=&#8221;on|phone&#8221; admin_label=&#8221;Section&#8221; _builder_version=&#8221;4.23&#8243; _module_preset=&#8221;default&#8221; custom_margin_tablet=&#8221;&#8221; custom_margin_phone=&#8221;16px||||false|false&#8221; custom_margin_last_edited=&#8221;on|phone&#8221; custom_padding=&#8221;3px||0px|||&#8221; custom_padding_tablet=&#8221;3px||0px|||&#8221; custom_padding_phone=&#8221;0px|0px|0px|0px|false|false&#8221; da_disable_devices=&#8221;off|off|off&#8221; global_colors_info=&#8221;{}&#8221; da_is_popup=&#8221;off&#8221; da_exit_intent=&#8221;off&#8221; da_has_close=&#8221;on&#8221; da_alt_close=&#8221;off&#8221; da_dark_close=&#8221;off&#8221; da_not_modal=&#8221;on&#8221; da_is_singular=&#8221;off&#8221; da_with_loader=&#8221;off&#8221; da_has_shadow=&#8221;on&#8221;][et_pb_row _builder_version=&#8221;4.23&#8243; _module_preset=&#8221;default&#8221; background_image=&#8221;https:\/\/bralo.com\/wp-content\/uploads\/2023\/09\/electric-car-6901893-azul.jpg&#8221; width=&#8221;100%&#8221; width_tablet=&#8221;&#8221; width_phone=&#8221;100%&#8221; width_last_edited=&#8221;on|phone&#8221; max_width=&#8221;100%&#8221; custom_margin=&#8221;|0px||0px|false|true&#8221; custom_margin_tablet=&#8221;&#8221; custom_margin_phone=&#8221;|0px||0px|false|false&#8221; custom_margin_last_edited=&#8221;on|phone&#8221; custom_padding=&#8221;|0px||0px|false|true&#8221; background_last_edited=&#8221;on|phone&#8221; background_size_phone=&#8221;contain&#8221; global_colors_info=&#8221;{}&#8221;][et_pb_column type=&#8221;4_4&#8243; _builder_version=&#8221;4.21.0&#8243; _module_preset=&#8221;default&#8221; global_colors_info=&#8221;{}&#8221;][et_pb_divider show_divider=&#8221;off&#8221; _builder_version=&#8221;4.21.0&#8243; _module_preset=&#8221;default&#8221; custom_margin=&#8221;170px||73px||false|false&#8221; global_colors_info=&#8221;{}&#8221;][\/et_pb_divider][\/et_pb_column][\/et_pb_row][\/et_pb_section]<\/p>\n","protected":false},"excerpt":{"rendered":"<p>Soluzioni di tenutaPROCESSI DI SIGILLATURA SICUREZZA E DURATA In BRALO offriamo diverse soluzioni per garantire la tenuta dei fissaggi dei nostri prodotti in base alle esigenze di ciascun cliente. A seconda delle esigenze tecniche esiste la possibilit\u00e0 di utilizzare guarnizioni o sigillanti. Entrambe le soluzioni possono essere utilizzate su rivetti, inserti o perni filettati.TRATTAMENTO CON [&hellip;]<\/p>\n","protected":false},"author":2,"featured_media":0,"parent":0,"menu_order":0,"comment_status":"closed","ping_status":"closed","template":"","meta":{"_acf_changed":false,"_et_pb_use_builder":"on","_et_pb_old_content":"","_et_gb_content_width":"","inline_featured_image":false,"footnotes":""},"class_list":["post-35487","page","type-page","status-publish","hentry"],"acf":[],"_links":{"self":[{"href":"https:\/\/bralo.com\/it\/wp-json\/wp\/v2\/pages\/35487","targetHints":{"allow":["GET"]}}],"collection":[{"href":"https:\/\/bralo.com\/it\/wp-json\/wp\/v2\/pages"}],"about":[{"href":"https:\/\/bralo.com\/it\/wp-json\/wp\/v2\/types\/page"}],"author":[{"embeddable":true,"href":"https:\/\/bralo.com\/it\/wp-json\/wp\/v2\/users\/2"}],"replies":[{"embeddable":true,"href":"https:\/\/bralo.com\/it\/wp-json\/wp\/v2\/comments?post=35487"}],"version-history":[{"count":19,"href":"https:\/\/bralo.com\/it\/wp-json\/wp\/v2\/pages\/35487\/revisions"}],"predecessor-version":[{"id":35602,"href":"https:\/\/bralo.com\/it\/wp-json\/wp\/v2\/pages\/35487\/revisions\/35602"}],"wp:attachment":[{"href":"https:\/\/bralo.com\/it\/wp-json\/wp\/v2\/media?parent=35487"}],"curies":[{"name":"wp","href":"https:\/\/api.w.org\/{rel}","templated":true}]}}