{"id":21242,"date":"2024-02-14T10:30:50","date_gmt":"2024-02-14T10:30:50","guid":{"rendered":"https:\/\/dev.bralo.com\/politicas-de-cookies\/"},"modified":"2024-10-02T12:56:23","modified_gmt":"2024-10-02T12:56:23","slug":"politica-de-cookies","status":"publish","type":"page","link":"https:\/\/bralo.com\/pt-pt\/politica-de-cookies\/","title":{"rendered":"Pol\u00edtica de Cookies"},"content":{"rendered":"<p>[et_pb_section fb_built=&#8221;1&#8243; _builder_version=&#8221;4.21.0&#8243; _module_preset=&#8221;default&#8221; da_disable_devices=&#8221;off|off|off&#8221; global_colors_info=&#8221;{}&#8221; da_is_popup=&#8221;off&#8221; da_exit_intent=&#8221;off&#8221; da_has_close=&#8221;on&#8221; da_alt_close=&#8221;off&#8221; da_dark_close=&#8221;off&#8221; da_not_modal=&#8221;on&#8221; da_is_singular=&#8221;off&#8221; da_with_loader=&#8221;off&#8221; da_has_shadow=&#8221;on&#8221;][et_pb_row column_structure=&#8221;1_5,3_5,1_5&#8243; _builder_version=&#8221;4.21.0&#8243; _module_preset=&#8221;default&#8221; global_colors_info=&#8221;{}&#8221;][et_pb_column type=&#8221;1_5&#8243; _builder_version=&#8221;4.21.0&#8243; _module_preset=&#8221;default&#8221; global_colors_info=&#8221;{}&#8221;][\/et_pb_column][et_pb_column type=&#8221;3_5&#8243; _builder_version=&#8221;4.21.0&#8243; _module_preset=&#8221;default&#8221; global_colors_info=&#8221;{}&#8221;][et_pb_text _builder_version=&#8221;4.27.0&#8243; _module_preset=&#8221;default&#8221; header_text_color=&#8221;#006CA7&#8243; header_2_text_color=&#8221;#006CA7&#8243; header_2_font_size=&#8221;21px&#8221; header_3_font=&#8221;|600|||||||&#8221; header_3_font_size=&#8221;18px&#8221; global_colors_info=&#8221;{}&#8221;]<\/p>\n<h1 style=\"text-align: center;\">POL\u00cdTICA DE COOKIES (<a href=\"https:\/\/bralo.com\/pt-pt\/\">https:\/\/bralo.com\/<\/a>)<\/h1>\n<p>&nbsp;<\/p>\n<p>No cumprimento da Lei 34\/2002, sobre Servi\u00e7os da Sociedade da Informa\u00e7\u00e3o e do Com\u00e9rcio Electr\u00f3nico (LSSICE), informa-se sobre os seguintes aspectos legais do Site:<\/p>\n<table>\n<tbody>\n<tr>\n<td><span style=\"font-weight: 400;\">Web:<\/span><\/td>\n<td><a href=\"https:\/\/bralo.com\/pt-pt\/\"><span style=\"font-weight: 400;\">https:\/\/bralo.com\/<\/span><\/a><span style=\"font-weight: 400;\">\u00a0<\/span><\/td>\n<\/tr>\n<tr>\n<td><span style=\"font-weight: 400;\">Titular:<\/span><\/td>\n<td><b>BRALO, S.A.<\/b><\/td>\n<\/tr>\n<tr>\n<td><span style=\"font-weight: 400;\">Domic\u00edlio:<\/span><\/td>\n<td><span style=\"font-weight: 400;\">C\/ Milanos 12, P.I. La Estaci\u00f3n. 28320-Pinto<\/span><\/td>\n<\/tr>\n<tr>\n<td><span style=\"font-weight: 400;\">N.I.P.C.:<\/span><\/td>\n<td><span style=\"font-weight: 400;\">A78105822<\/span><\/td>\n<\/tr>\n<tr>\n<td><span style=\"font-weight: 400;\">Telefone:<\/span><\/td>\n<td><span style=\"font-weight: 400;\">916928285<\/span><\/td>\n<\/tr>\n<tr>\n<td><span style=\"font-weight: 400;\">E-mail:<\/span><\/td>\n<td><a href=\"mailto:bralo@bralo.es\"><span style=\"font-weight: 400;\">bralo@bralo.es<\/span><\/a><span style=\"font-weight: 400;\">\u00a0<\/span><\/td>\n<\/tr>\n<tr>\n<td><span style=\"font-weight: 400;\">Dados de registo:<\/span><\/td>\n<td><span style=\"font-weight: 400;\">Reg. mercantil de Madrid n\u00ba 3. Tomo 332, Gral. 301, Folio 54, n\u00ba 62245.3. Inscripci\u00f3n 1\u00ba<\/span><\/td>\n<\/tr>\n<\/tbody>\n<\/table>\n<p>A BRALO, S.A. pode compilar informa\u00e7\u00f5es sobre os h\u00e1bitos de procura dos utilizadores do site por interm\u00e9dio de cookies ou ficheiros de registo. N\u00e3o se utilizar\u00e3o os cookies para recolher informa\u00e7\u00f5es pessoais. S\u00f3 se instalar\u00e3o se o Utilizador permanecer e continuar a navegar na nossa p\u00e1gina web, entendendo-se que consente a seu utiliza\u00e7\u00e3o e instala\u00e7\u00e3o. Proporcionamos em seguida informa\u00e7\u00f5es detalhadas sobre: o que s\u00e3o os &#8220;cookies&#8221;, que tipologia \u00e9 que este site utiliza, como podem desactiv\u00e1-los no navegador e como bloquear especificamente a instala\u00e7\u00e3o de Cookies de terceiros.<\/p>\n<h2>1) O QUE S\u00c3O OS COOKIES?<\/h2>\n<p>Os cookies s\u00e3o pequenos ficheiros de texto criados pelas p\u00e1ginas web que o Utilizador visita, que cont\u00eam os dados de sess\u00e3o que podem ser \u00fateis mais adiante na p\u00e1gina web. Os dados permitem que a p\u00e1gina web possa manter a sua informa\u00e7\u00e3o entre as p\u00e1ginas, e tamb\u00e9m para analisar a forma de interagir com o s\u00edtio.<br \/>Os cookies s\u00e3o seguros, dado que s\u00f3 podem armazenar a informa\u00e7\u00e3o que foi posta no seu lugar pelo navegador, a informa\u00e7\u00e3o que o Utilizador tiver introduzido no navegador ou a que se inclui no pedido de p\u00e1gina. N\u00e3o podem executar c\u00f3digo e n\u00e3o podem ser utilizados para acesso ao equipamento do Utilizador.<br \/>Os cookies s\u00e3o essenciais para o funcionamento da Internet, proporcionando in\u00fameras vantagens na presta\u00e7\u00e3o de servi\u00e7os interativos, facilitando a navega\u00e7\u00e3o e facilidade de utiliza\u00e7\u00e3o das p\u00e1ginas web. Os cookies n\u00e3o podem danificar os equipamentos e o facto de estarem activados ajuda a identificar e resolver os erros.<br \/>As informa\u00e7\u00f5es recolhidas atrav\u00e9s dos cookies podem incluir a data e a hora das visitas ao s\u00edtio Web, as p\u00e1ginas visualizadas, o tempo passado no s\u00edtio Web e os s\u00edtios visitados imediatamente antes e depois do s\u00edtio Web. No entanto, nenhum cookie permite contactar o n\u00famero de telefone do Utilizador ou qualquer outro meio de contacto pessoal. Nenhum cookie pode extrair informa\u00e7\u00e3o do disco r\u00edgido do Utilizador ou roubar informa\u00e7\u00f5es pessoais. A \u00fanica forma de a informa\u00e7\u00e3o privada do Utilizador fazer parte do ficheiro Cookie \u00e9 que o utilizador d\u00ea pessoalmente essas informa\u00e7\u00f5es ao servidor.<br \/>Os cookies que permitem identificar uma pessoa s\u00e3o considerados dados pessoais. Portanto, aos mesmos ser\u00e1 aplic\u00e1vel a Pol\u00edtica de Privacidade anteriormente descrita. Neste sentido, para a utiliza\u00e7\u00e3o dos mesmos ser\u00e1 necess\u00e1rio o consentimento do Utilizador. Este consentimento ser\u00e1 comunicado, com base numa escolha aut\u00eantica, oferecido mediante uma decis\u00e3o afirmativa e positiva, antes do tratamento inicial, amov\u00edvel e documentado.<\/p>\n<h2>2) O QUE S\u00c3O OS SCRIPTS?<\/h2>\n<p>Um script \u00e9 um fragmento de c\u00f3digo de programa que se utiliza para fazer com que o nosso site funcione correctamente e de forma interactiva. Este c\u00f3digo \u00e9 executado no nosso servidor ou no seu dispositivo.<\/p>\n<h2>3) TIPOS DE COOKIES.<\/h2>\n<p>Proporcionamos em seguida mais informa\u00e7\u00f5es para que se entendam melhor os diferentes tipos de cookies que podem ser utilizados:<\/p>\n<p>De acordo com a titularidade.<br \/><strong>Cookies Pr\u00f3prios:<\/strong> s\u00e3o os que se enviam ao equipamento terminal do utilizador a partir de um equipamento ou dom\u00ednio gerido pelo pr\u00f3prio editor e a partir do qual se presta o servi\u00e7o solicitado pelo utilizador.<br \/>Cookies de terceiros: s\u00e3o os que se enviam ao equipamento terminal do utilizador a partir de um equipamento ou dom\u00ednio que n\u00e3o \u00e9 gerido pelo editor, mas por outra entidade que trata os dados obtidos atrav\u00e9s dos cookies.<\/p>\n<h3>De acordo com a sua finalidade.<\/h3>\n<p><strong>Cookies t\u00e9cnicos (necess\u00e1rios):<\/strong> Os cookies t\u00e9cnicos s\u00e3o os imprescind\u00edveis e estritamente necess\u00e1rios para o correcto funcionamento de um portal web e a utiliza\u00e7\u00e3o das diferentes op\u00e7\u00f5es e servi\u00e7os que oferece.<br \/>Por exemplo, os que servem para a manuten\u00e7\u00e3o da sess\u00e3o, a gest\u00e3o do tempo de resposta, rendimento, etc.<br \/>Cookies de prefer\u00eancias ou personaliza\u00e7\u00e3o: s\u00e3o os que permitem lembrar informa\u00e7\u00e3o para que o utilizador aceda ao servi\u00e7o com determinadas caracter\u00edsticas que podem diferenciar a sua experi\u00eancia da de outros utilizadores como, por exemplo, o idioma, o n\u00famero de resultados a mostrar quando o utilizador efectua uma procura, o aspecto ou conte\u00fado do servi\u00e7o em fun\u00e7\u00e3o do tipo de navegador atrav\u00e9s do qual o utilizador acede ao servi\u00e7o ou da regi\u00e3o a partir da qual acede ao servi\u00e7o, etc.<br \/>Cookies anal\u00edticos: s\u00e3o os que permitem ao respons\u00e1vel pelos mesmos o seguimento e a an\u00e1lise do comportamento dos utilizadores dos s\u00edtios da Internet aos quais est\u00e3o ligados, incluindo a quantifica\u00e7\u00e3o dos impactos dos an\u00fancios. A informa\u00e7\u00e3o recolhida mediante este tipo de cookies \u00e9 utilizada na medi\u00e7\u00e3o da actividade dos s\u00edtios da Internet, aplica\u00e7\u00e3o ou plataforma, tendo em vista introduzir melhorias em fun\u00e7\u00e3o da an\u00e1lise dos dados de utiliza\u00e7\u00e3o do servi\u00e7o que os utilizadores fazem.<br \/>Cookies de publicidade comportamental: s\u00e3o os que armazenam informa\u00e7\u00e3o do comportamento dos utilizadores obtida atrav\u00e9s da observa\u00e7\u00e3o continuada dos seus h\u00e1bitos de navega\u00e7\u00e3o, o que permite desenvolver um perfil espec\u00edfico para mostrar publicidade em fun\u00e7\u00e3o do mesmo.<\/p>\n<h3>De acordo com o prazo.<\/h3>\n<p><strong>Cookies de sess\u00e3o:<\/strong> s\u00e3o os concebidos para recolher e armazenar dados enquanto o utilizador acede a uma p\u00e1gina web. Costumam-se utilizar para armazenar informa\u00e7\u00e3o que s\u00f3 interessa conservar para a presta\u00e7\u00e3o do servi\u00e7o solicitado pelo utilizador numa s\u00f3 ocasi\u00e3o (por exemplo, uma lista de produtos adquiridos) e desaparecem no fim da sess\u00e3o<br \/>Cookies persistentes: s\u00e3o aqueles em que os dados continuam armazenados no terminal e podem ser acedidos e tratados durante um per\u00edodo definido pelo respons\u00e1vel pelo cookie, e que pode ir de alguns minutos a v\u00e1rios anos.<\/p>\n<h3>Cookies pr\u00f3prios.<\/h3>\n<p>S\u00e3o os cookies que s\u00e3o enviados ao computador ou dispositivo do Utilizador e geridos exclusivamente pela BRALO, S.A. para o melhor funcionamento do Site. A informa\u00e7\u00e3o que \u00e9 recolhida \u00e9 utilizada para melhorar a qualidade do Site, do seu Conte\u00fado e da sua experi\u00eancia como Utilizador. Estes cookies permitem o reconhecimento do Utilizador como visitante recorrente do Site e a adapta\u00e7\u00e3o do conte\u00fado para lhe oferecerem conte\u00fados que se ajustem \u00e0s suas prefer\u00eancias.<\/p>\n<ul>\n<li>__wpdm_client: \u00e9 um cookie necess\u00e1rio. \u00c9 criado tendo em vista utilizar as op\u00e7\u00f5es e servi\u00e7os do site. Dura\u00e7\u00e3o sess\u00e3o.<\/li>\n<li>&#8211; _gid: \u00e9 um cookie do Google Analytics, persistente e de an\u00e1lise. Utiliza-se para identificar o mesmo utilizador durante um \u00fanico dia. Dura\u00e7\u00e3o 1 dia. \u00c9 um cookie anal\u00edtico.<\/li>\n<li>&#8211; _ga: \u00e9 um cookie do Google Analytics, persistente e de an\u00e1lise. Usa-se para efectuar o seguimento de visitas \u00fanicas, armazenando um identificador por cada utilizador para calcular as interac\u00e7\u00f5es que efectua, tendo em vista optimizar os servi\u00e7os que s\u00e3o oferecidos. Dura\u00e7\u00e3o 2 anos. \u00c9 um cookie anal\u00edtico.<\/li>\n<li>&#8211; pll_language: \u00c9 um cookie t\u00e9cnico. Este cookie \u00e9 pr\u00f3prio das ferramentas com que o site foi desenvolvido, guardando o idioma escolhido na navega\u00e7\u00e3o. Dura\u00e7\u00e3o 1 ano.<\/li>\n<li>_ga_FSXHXV5M1N: \u00e9 um cookie do Google Analytics, persistente e de an\u00e1lise. Utiliza-se para identificar o mesmo utilizador durante um \u00fanico dia. Dura\u00e7\u00e3o 1 ano. \u00c9 um cookie anal\u00edtico.<\/li>\n<li>SL_C_23361dd035530_SID: \u00e9 um cookie t\u00e9cnico, necess\u00e1rio para o desenvolvimento normal da p\u00e1gina web. Dura\u00e7\u00e3o 1 ano.<\/li>\n<li>DSID: usado para identificar um usu\u00e1rio que est\u00e1 conectado \u00e0 Conta do Google, mas navegando em sites de terceiros, e para lembrar se o usu\u00e1rio optou pela personaliza\u00e7\u00e3o de an\u00fancios. Este cookie dura 2 semanas.<\/li>\n<li>ar_debug: \u00e9 o cookie do pr\u00f3prio DoubleClick. Dura\u00e7\u00e3o 1 m\u00eas.<\/li>\n<li>ID: O cookie \u201cID\u201d \u00e9 um identificador \u00fanico atribu\u00eddo a um usu\u00e1rio ou dispositivo espec\u00edfico ao visitar um site. Este cookie pode ter diversas finalidades, como rastrear a atividade do usu\u00e1rio, manter o status de login ou personalizar a experi\u00eancia do usu\u00e1rio no site. Sua dura\u00e7\u00e3o \u00e9 vari\u00e1vel.<\/li>\n<\/ul>\n<h3>Cookies de terceiros<\/h3>\n<p>O site n\u00e3o cria cookies de terceiros.<br \/>A BRALO, S.A. n\u00e3o incorpora nenhuma liga\u00e7\u00e3o nem plugin que reencaminhe para p\u00e1ginas web de redes sociais nem partilha conte\u00fado.<\/p>\n<h2>4) RESPONS\u00c1VEL PELO TRATAMENTO DOS COOKIES.<\/h2>\n<p>O titular do site e respons\u00e1vel pelo tratamento dos cookies aqui utilizados, assim como os seus dados de contacto, s\u00e3o acess\u00edveis no Aviso Legal desta p\u00e1gina. De igual modo, podem existir cookies de terceiros diferentes do titular deste site, como se explica posteriormente.<\/p>\n<h2>5) LEGITIMA\u00c7\u00c3O PARA A UTILIZA\u00c7\u00c3O DE COOKIES.<\/h2>\n<p>No caso dos cookies t\u00e9cnicos, isto \u00e9, os que s\u00e3o imprescind\u00edveis para a navega\u00e7\u00e3o neste site e a recep\u00e7\u00e3o do servi\u00e7o oferecido atrav\u00e9s dele, a base legal da sua utiliza\u00e7\u00e3o \u00e9 o acordo atrav\u00e9s do qual decida utilizar este site e utilizar os seus servi\u00e7os.<br \/>A base legal da utiliza\u00e7\u00e3o dos restantes cookies \u00e9 o consentimento do utilizador, que lhe \u00e9 solicitado no momento em que acede a este site, podendo revog\u00e1-lo em qualquer momento. A anula\u00e7\u00e3o de tal consentimento n\u00e3o afectar\u00e1 a possibilidade de navegar neste site e utilizar os seus servi\u00e7os, mas os tratamentos de dados efectuados anteriormente n\u00e3o perder\u00e3o a sua licitude pelo facto de o consentimento ter sido revogado.<\/p>\n<h2>6) O CONSENTIMENTO.<\/h2>\n<p>O utilizador ter\u00e1 que aceitar de forma expl\u00edcita e activa a utiliza\u00e7\u00e3o dos cookies anteriormente anunciados, pelos per\u00edodos assinalados anteriormente e nas condi\u00e7\u00f5es contidas na presente Pol\u00edtica de Cookies.<\/p>\n<h2>7) A ANULA\u00c7\u00c3O DO CONSENTIMENTO.<\/h2>\n<p>O utilizador poder\u00e1 retirar em qualquer momento o seu consentimento relacionado com esta Pol\u00edtica de Cookies. Para tal, dever\u00e1 eliminar os cookies armazenados no seu equipamento utilizando as defini\u00e7\u00f5es e configura\u00e7\u00f5es do seu navegador da Internet.<\/p>\n<h2>8) OS DIREITOS DO INTERESSADO.<\/h2>\n<p>A maioria dos cookies compila informa\u00e7\u00f5es an\u00f3nimas, que n\u00e3o permitem a obten\u00e7\u00e3o da identidade do utilizador, embora alguns dos c\u00f3digos que se incluem sirvam para singularizar ou individualizar o navegador do seu dispositivo utilizado, podendo ser aplic\u00e1vel a regula\u00e7\u00e3o em mat\u00e9ria de protec\u00e7\u00e3o de dados pessoais. Por isso, informamo-lo de que a informa\u00e7\u00e3o que \u00e9 obtida por interm\u00e9dio dos cookies ser\u00e1 tratada para as finalidades indicadas na presente Pol\u00edtica de Cookies. De igual modo, esta informa\u00e7\u00e3o tamb\u00e9m ser\u00e1 tratada pelas empresas que fornecem cookies para as finalidades indicadas nas respetivas pol\u00edticas de privacidade.<br \/>N\u00e3o obstante, tendo em conta que estes c\u00f3digos n\u00e3o permitem a identifica\u00e7\u00e3o do Utilizador, n\u00e3o ser\u00e3o aplic\u00e1veis os direitos de acesso, rectifica\u00e7\u00e3o, elimina\u00e7\u00e3o, oposi\u00e7\u00e3o, limita\u00e7\u00e3o e portabilidade reconhecidos na regula\u00e7\u00e3o sobre protec\u00e7\u00e3o de dados, salvo se o Utilizador for capaz de proporcionar informa\u00e7\u00f5es adicionais que permitam a vincula\u00e7\u00e3o da sua identidade aos c\u00f3digos de identifica\u00e7\u00e3o dos seus cookies.<br \/>Caso o utilizador considere que o seu direito \u00e0 protec\u00e7\u00e3o de dados foi violado, poder\u00e1 interpor uma reclama\u00e7\u00e3o perante a Ag\u00eancia Espanhola de Protec\u00e7\u00e3o de Dados (www.aepd.es) ou perante o nosso Delegado de Protec\u00e7\u00e3o de Dados\/respons\u00e1vel pela protec\u00e7\u00e3o de dados pelo seguinte e-mail: bralo@bralo.es.<br \/>Por outro lado, informamo-lo de que alguns dos nossos fornecedores, s\u00f3cios e colaboradores podem estar localizados nos Estados Unidos ou noutros pa\u00edses cuja legisla\u00e7\u00e3o n\u00e3o ofere\u00e7a um n\u00edvel de protec\u00e7\u00e3o de dados equivalente ao europeu. Ao consentir a utiliza\u00e7\u00e3o de cookies e a partilha de dados, consente a transfer\u00eancia dos seus dados pessoais.<\/p>\n<h2>9) GEST\u00c3O DE COOKIES: Garantias complementares.<\/h2>\n<p>Todos os navegadores da Internet permitem que se limite o comportamento de um cookie ou a desactiva\u00e7\u00e3o dos cookies na configura\u00e7\u00e3o ou nas op\u00e7\u00f5es do navegador. Os passos para o fazer s\u00e3o diferentes para cada navegador, podendo-se encontrar instru\u00e7\u00f5es no menu de ajuda de cada navegador.<br \/>Muitos navegadores permitem a activa\u00e7\u00e3o de um modo privado, mediante o qual os cookies s\u00e3o sempre eliminados depois da visita. Dependendo de cada navegador, este modo privado pode ter diferentes nomes. Em seguida, pode-se encontrar uma lista dos navegadores mais comuns com uma liga\u00e7\u00e3o \u00e0 configura\u00e7\u00e3o de cookies e os diferentes nomes deste &#8220;modo privado&#8221;:<\/p>\n<ul>\n<li>&#8211; Internet Explorer: <a href=\"http:\/\/windows.microsoft.com\/es-xl\/internet-explorer\/delete-manage-cookies#ie=ie-11\" rel=\"nofollow noopener\" target=\"_blank\">http:\/\/windows.microsoft.com\/es-xl\/internet-explorer\/delete-manage-cookies#ie=ie-11<\/a><\/li>\n<li>&#8211; FireFox: <a href=\"https:\/\/support.mozilla.org\/es\/kb\/Borrarcookies\" rel=\"nofollow noopener\" target=\"_blank\">https:\/\/support.mozilla.org\/es\/kb\/Borrarcookies<\/a><\/li>\n<li>&#8211; Chrome: <a href=\"https:\/\/support.google.com\/chrome\/answer\/95647?hl=es\" rel=\"nofollow noopener\" target=\"_blank\">https:\/\/support.google.com\/chrome\/answer\/95647?hl=es<\/a><\/li>\n<li>&#8211; Safari: <a href=\"http:\/\/www.apple.com\/legal\/privacy\/es\/cookies\/\" rel=\"nofollow noopener\" target=\"_blank\">http:\/\/www.apple.com\/legal\/privacy\/es\/cookies\/<\/a><\/li>\n<li>&#8211; Opera: <a href=\"https:\/\/help.opera.com\/en\/latest\/security-and-privacy\/\" rel=\"nofollow noopener\" target=\"_blank\">https:\/\/help.opera.com\/en\/latest\/security-and-privacy\/<\/a><\/li>\n<li>&#8211; Safari para iOS (dispositivos iPhone y iPad):<a href=\"http:\/\/help.opera.com\/Linux\/10.50\/en\/cookies.html\" rel=\"nofollow noopener\" target=\"_blank\"> http:\/\/help.opera.com\/Linux\/10.50\/en\/cookies.html<\/a><\/li>\n<li>&#8211; Chrome para Android: <a href=\"https:\/\/support.google.com\/chrome\/answer\/2392971?hl=es\" rel=\"nofollow noopener\" target=\"_blank\">https:\/\/support.google.com\/chrome\/answer\/2392971?hl=es<\/a><\/li>\n<li>&#8211; Windows Phone:<a href=\"http:\/\/www.windowsphone.com\/es-es\/how-to\/wp7\/web\/changing-privacy-and-other-browser-\" rel=\"nofollow noopener\" target=\"_blank\"> http:\/\/www.windowsphone.com\/es-es\/how-to\/wp7\/web\/changing-privacy-and-other-browser-<\/a><\/li>\n<\/ul>\n<p>Para obter mais informa\u00e7\u00f5es sobre a elimina\u00e7\u00e3o, descativa\u00e7\u00e3o ou bloqueio de cookies, tamb\u00e9m pode visitar: <a href=\"http:\/\/www.aboutcookies.org\/Default.aspx?page=2\" rel=\"nofollow noopener\" target=\"_blank\">http:\/\/www.aboutcookies.org\/Default.aspx?page=2<\/a><br \/>Caso se desactivem os cookies, n\u00e3o poderemos manter as suas prefer\u00eancias e algumas funcionalidades do Site poder\u00e3o ficar inoperacionais, n\u00e3o podendo oferecer-lhe servi\u00e7os personalizados.<\/p>\n<h2>10) ATUALIZA\u00c7\u00c3O DA POL\u00cdTICA DE COOKIES.<\/h2>\n<p>Este site pode modificar esta Pol\u00edtica sobre Cookies; por isso, recomendamos que reveja esta pol\u00edtica sempre que aceda ao nosso site para estar adequadamente informado sobre a utiliza\u00e7\u00e3o que fazemos dos cookies.<\/p>\n<p>\u00daltima revis\u00e3o: 18\/03\/24<\/p>\n<p>[\/et_pb_text][\/et_pb_column][et_pb_column type=&#8221;1_5&#8243; _builder_version=&#8221;4.21.0&#8243; _module_preset=&#8221;default&#8221; global_colors_info=&#8221;{}&#8221;][\/et_pb_column][\/et_pb_row][\/et_pb_section]<\/p>\n","protected":false},"excerpt":{"rendered":"<p>POL\u00cdTICA DE COOKIES (https:\/\/bralo.com\/) &nbsp; No cumprimento da Lei 34\/2002, sobre Servi\u00e7os da Sociedade da Informa\u00e7\u00e3o e do Com\u00e9rcio Electr\u00f3nico (LSSICE), informa-se sobre os seguintes aspectos legais do Site: Web: https:\/\/bralo.com\/\u00a0 Titular: BRALO, S.A. Domic\u00edlio: C\/ Milanos 12, P.I. La Estaci\u00f3n. 28320-Pinto N.I.P.C.: A78105822 Telefone: 916928285 E-mail: bralo@bralo.es\u00a0 Dados de registo: Reg. mercantil de Madrid [&hellip;]<\/p>\n","protected":false},"author":2,"featured_media":0,"parent":0,"menu_order":0,"comment_status":"closed","ping_status":"closed","template":"","meta":{"_acf_changed":false,"_et_pb_use_builder":"on","_et_pb_old_content":"","_et_gb_content_width":"","inline_featured_image":false,"footnotes":""},"class_list":["post-21242","page","type-page","status-publish","hentry"],"acf":[],"_links":{"self":[{"href":"https:\/\/bralo.com\/pt-pt\/wp-json\/wp\/v2\/pages\/21242","targetHints":{"allow":["GET"]}}],"collection":[{"href":"https:\/\/bralo.com\/pt-pt\/wp-json\/wp\/v2\/pages"}],"about":[{"href":"https:\/\/bralo.com\/pt-pt\/wp-json\/wp\/v2\/types\/page"}],"author":[{"embeddable":true,"href":"https:\/\/bralo.com\/pt-pt\/wp-json\/wp\/v2\/users\/2"}],"replies":[{"embeddable":true,"href":"https:\/\/bralo.com\/pt-pt\/wp-json\/wp\/v2\/comments?post=21242"}],"version-history":[{"count":4,"href":"https:\/\/bralo.com\/pt-pt\/wp-json\/wp\/v2\/pages\/21242\/revisions"}],"predecessor-version":[{"id":21307,"href":"https:\/\/bralo.com\/pt-pt\/wp-json\/wp\/v2\/pages\/21242\/revisions\/21307"}],"wp:attachment":[{"href":"https:\/\/bralo.com\/pt-pt\/wp-json\/wp\/v2\/media?parent=21242"}],"curies":[{"name":"wp","href":"https:\/\/api.w.org\/{rel}","templated":true}]}}