{"id":21247,"date":"2024-02-14T10:48:34","date_gmt":"2024-02-14T10:48:34","guid":{"rendered":"https:\/\/dev.bralo.com\/politicas-de-privacidad\/"},"modified":"2024-10-02T13:00:29","modified_gmt":"2024-10-02T13:00:29","slug":"politica-de-privacidade","status":"publish","type":"page","link":"https:\/\/bralo.com\/pt-pt\/politica-de-privacidade\/","title":{"rendered":"Pol\u00edtica de privacidade"},"content":{"rendered":"<p>[et_pb_section fb_built=&#8221;1&#8243; _builder_version=&#8221;4.21.0&#8243; _module_preset=&#8221;default&#8221; da_disable_devices=&#8221;off|off|off&#8221; saved_tabs=&#8221;all&#8221; global_colors_info=&#8221;{}&#8221; da_is_popup=&#8221;off&#8221; da_exit_intent=&#8221;off&#8221; da_has_close=&#8221;on&#8221; da_alt_close=&#8221;off&#8221; da_dark_close=&#8221;off&#8221; da_not_modal=&#8221;on&#8221; da_is_singular=&#8221;off&#8221; da_with_loader=&#8221;off&#8221; da_has_shadow=&#8221;on&#8221;][et_pb_row column_structure=&#8221;1_5,3_5,1_5&#8243; _builder_version=&#8221;4.21.0&#8243; _module_preset=&#8221;default&#8221; global_colors_info=&#8221;{}&#8221;][et_pb_column type=&#8221;1_5&#8243; _builder_version=&#8221;4.21.0&#8243; _module_preset=&#8221;default&#8221; global_colors_info=&#8221;{}&#8221;][\/et_pb_column][et_pb_column type=&#8221;3_5&#8243; _builder_version=&#8221;4.21.0&#8243; _module_preset=&#8221;default&#8221; global_colors_info=&#8221;{}&#8221;][et_pb_text _builder_version=&#8221;4.27.0&#8243; _module_preset=&#8221;default&#8221; header_text_color=&#8221;#006CA7&#8243; header_2_text_color=&#8221;#006CA7&#8243; header_2_font_size=&#8221;21px&#8221; header_3_font=&#8221;|600|||||||&#8221; header_3_font_size=&#8221;18px&#8221; global_colors_info=&#8221;{}&#8221;]<\/p>\n<h1 style=\"text-align: center;\">POL\u00cdTICA DE PRIVACIDADE <a href=\"https:\/\/bralo.com\/pt-pt\/\">(https:\/\/bralo.com\/)<\/a><\/h1>\n<p>&nbsp;<\/p>\n<p>A BRALO, S.A. compromete-se a proteger a privacidade dos utilizadores que acedam a este site e\/ou qualquer um dos seus servi\u00e7os. A utiliza\u00e7\u00e3o do site e\/ou de qualquer um dos servi\u00e7os oferecidos pela BRALO, S.A., implica a aceita\u00e7\u00e3o, por parte do utilizador, das disposi\u00e7\u00f5es contidas na presente Pol\u00edtica de Privacidade e o tratamento dos seus dados pessoais conforme se estipula. Por favor, tenha em conta que, embora possa haver liga\u00e7\u00f5es do nosso site a outros sites, esta Pol\u00edtica de Privacidade n\u00e3o se aplica a outras empresas ou organiza\u00e7\u00f5es para as quais o site esteja reencaminhado. A BRALO, S.A. n\u00e3o controla o conte\u00fado dos sites de terceiros nem aceita nenhum tipo de responsabilidade pelo conte\u00fado ou pelas pol\u00edticas de privacidade destes sites.<\/p>\n<p>&nbsp;<\/p>\n<h2>1) INFORMA\u00c7\u00c3O DO TITULAR.<\/h2>\n<p><span style=\"font-weight: 400;\">No cumprimento do artigo 10 da Lei 34\/2002, de 11 de julho, sobre Servi\u00e7os da Sociedade da Informa\u00e7\u00e3o e do Com\u00e9rcio Electr\u00f3nico, exp\u00f5em-se em seguida os dados de identifica\u00e7\u00e3o do Titular:<\/span><\/p>\n<table>\n<tbody>\n<tr>\n<td><span style=\"font-weight: 400;\">Web:<\/span><\/td>\n<td><a href=\"https:\/\/bralo.com\/pt-pt\/\"><span style=\"font-weight: 400;\">https:\/\/bralo.com\/<\/span><\/a><span style=\"font-weight: 400;\">\u00a0<\/span><\/td>\n<\/tr>\n<tr>\n<td><span style=\"font-weight: 400;\">Titular:<\/span><\/td>\n<td><b>BRALO, S.A.<\/b><\/td>\n<\/tr>\n<tr>\n<td><span style=\"font-weight: 400;\">Domic\u00edlio:<\/span><\/td>\n<td><span style=\"font-weight: 400;\">C\/ Milanos 12, P.I. La Estaci\u00f3n. 28320-Pinto<\/span><\/td>\n<\/tr>\n<tr>\n<td><span style=\"font-weight: 400;\">N.I.P.C.:<\/span><\/td>\n<td><span style=\"font-weight: 400;\">A78105822<\/span><\/td>\n<\/tr>\n<tr>\n<td><span style=\"font-weight: 400;\">Telefone:<\/span><\/td>\n<td><span style=\"font-weight: 400;\">916928285<\/span><\/td>\n<\/tr>\n<tr>\n<td><span style=\"font-weight: 400;\">E-mail:<\/span><\/td>\n<td><a href=\"mailto:bralo@bralo.es\"><span style=\"font-weight: 400;\">bralo@bralo.es<\/span><\/a><span style=\"font-weight: 400;\">\u00a0<\/span><\/td>\n<\/tr>\n<tr>\n<td><span style=\"font-weight: 400;\">Dados de registo:<\/span><\/td>\n<td><span style=\"font-weight: 400;\">Reg. mercantil de Madrid n\u00ba 3. Tomo 332, Gral. 301, Folio 54, n\u00ba 62245.3. Inscripci\u00f3n 1\u00ba<\/span><\/td>\n<\/tr>\n<\/tbody>\n<\/table>\n<p>&nbsp;<\/p>\n<h2>2) LEIS APLIC\u00c1VEIS.<\/h2>\n<p>A presente pol\u00edtica de privacidade apoia-se para a sua confec\u00e7\u00e3o com base na regula\u00e7\u00e3o espanhola e europeia em vigor em mat\u00e9ria de protec\u00e7\u00e3o de dados pessoais na Internet. Mais concretamente, a mesma respeita as normas seguintes:<\/p>\n<ul>\n<li>&#8211; O Regulamento (UE) 2016\/679 do Parlamento Europeu e do Conselho, de 27 de abril de 2016, relativo \u00e0 protec\u00e7\u00e3o das pessoas singulares no que respeita ao tratamento de dados pessoais e \u00e0 livre circula\u00e7\u00e3o destes dados (RGPD).<\/li>\n<li>&#8211; A Lei Org\u00e2nica 3\/2018, de 5 de dezembro, sobre a Protec\u00e7\u00e3o de Dados Pessoais e garantia dos direitos digitais (LOPD-GDD).<\/li>\n<li>&#8211; A Lei 34\/2002, de 11 de julho, sobre Servi\u00e7os da Sociedade da Informa\u00e7\u00e3o e do Com\u00e9rcio Electr\u00f3nico (LSSI-CE).<\/li>\n<\/ul>\n<p>&nbsp;<\/p>\n<h2>3) QUEST\u00d5ES SOBRE PRIVACIDADE.<\/h2>\n<p>No cumprimento do Regulamento (UE) 2016\/679 do Parlamento Europeu e do Conselho, de 27 de abril de 2016, (RGPD) e da Lei Org\u00e2nica 3\/2018, de 5 de dezembro, sobre a Protec\u00e7\u00e3o de Dados Pessoais e garantia de direitos digitais, oferecemos-lhe a seguinte informa\u00e7\u00e3o sobre o tratamento dos dados pessoais que nos possa facultar:<br \/>\n&nbsp;<\/p>\n<h3>Respons\u00e1vel pelo Ficheiro.<\/h3>\n<p><strong>BRALO, S.A.<\/strong> Os nossos dados encontram-se na parte superior deste aviso legal.<br \/>\n&nbsp;<\/p>\n<h3>Registo de Dados Pessoais.<\/h3>\n<p>No cumprimento do que est\u00e1 estabelecido no RGPD e na LOPD-GDD, informamo-lo de que os dados pessoais recolhidos pela BRALO, S.A., mediante os formul\u00e1rios disponibilizados nas suas p\u00e1ginas ficar\u00e3o incorporados e ser\u00e3o tratados no nosso ficheiro tendo em vista podermos facilitar, agilizar e respeitar os compromissos estabelecidos entre a BRALO, S.A. e o Utilizador ou a manuten\u00e7\u00e3o da rela\u00e7\u00e3o que se estabele\u00e7a nos formul\u00e1rios que este preencha, ou para atendermos um pedido ou consulta do mesmo. De igual modo, em conformidade com o que est\u00e1 previsto no RGPD e na LOPD-GDD, salvo se for aplic\u00e1vel a excep\u00e7\u00e3o prevista no artigo 30.5 do RGPD, mant\u00e9m-se um registo de actividades de tratamento que especifica, conforme as suas finalidades, as actividades de tratamento levadas a cabo e as restantes circunst\u00e2ncias estabelecidas no RGPD.<br \/>\n&nbsp;<\/p>\n<h3>Base Legal para o tratamento.<\/h3>\n<p>A base legal para o tratamento dos dados pessoais \u00e9 o consentimento. A BRALO, S.A. compromete-se a recolher o consentimento expresso e verific\u00e1vel do Utilizador para o tratamento dos seus dados pessoais para um ou mais fins espec\u00edficos.<br \/>\nO Utilizador ter\u00e1 o direito de retirar o seu consentimento em qualquer momento. Ser\u00e1 t\u00e3o f\u00e1cil retirar o consentimento como d\u00e1-lo. Como regra geral, a anula\u00e7\u00e3o do consentimento n\u00e3o condicionar\u00e1 a utiliza\u00e7\u00e3o do Site.<br \/>\nNas ocasi\u00f5es em que o Utilizador deva ou possa facultar os seus dados atrav\u00e9s de formul\u00e1rios para efectuar consultas, solicitar informa\u00e7\u00f5es ou por motivos relacionados com o conte\u00fado do Site, ser\u00e1 informado caso o preenchimento de algum deles seja obrigat\u00f3rio, devido ao facto de os mesmos serem imprescind\u00edveis para o correcto desenvolvimento da opera\u00e7\u00e3o efectuada.<\/p>\n<p>Outras bases de Legitima\u00e7\u00e3o:<\/p>\n<ul>\n<li>Cumprimento de obriga\u00e7\u00f5es legais.<\/li>\n<li>Interesse leg\u00edtimo: envio de publicidade pr\u00f3pria.<\/li>\n<\/ul>\n<p>&nbsp;<\/p>\n<h3>Categorias de dados.<\/h3>\n<p>As categorias de dados que s\u00e3o tratados na BRALO, S.A. s\u00e3o unicamente dados de identifica\u00e7\u00e3o. Em nenhum caso se tratam categorias especiais de dados pessoais no sentido do artigo 9 do RGPD.<br \/>\n&nbsp;<\/p>\n<h3>Per\u00edodo de Conserva\u00e7\u00e3o dos dados pessoais.<\/h3>\n<p>Os dados pessoais s\u00f3 ser\u00e3o retidos durante o tempo m\u00ednimo necess\u00e1rio para os fins do seu tratamento e, em qualquer caso, unicamente durante o prazo seguinte: Os dados n\u00e3o ser\u00e3o conservados para al\u00e9m do tempo necess\u00e1rio para o atendimento do seu pedido, ou at\u00e9 que o Utilizador exer\u00e7a o seu direito de cancelamento ou oposi\u00e7\u00e3o, ou limita\u00e7\u00e3o do tratamento. No entanto, conservaremos determinados dados pessoais de identifica\u00e7\u00e3o e do tr\u00e1fego durante o prazo m\u00e1ximo de 2 anos, caso seja exigido pelos Ju\u00edzes e Tribunais ou para iniciar ac\u00e7\u00f5es internas derivadas do uso indevido da p\u00e1gina web.<br \/>\nNo momento em que se obtenham os dados pessoais, informar-se-\u00e1 o Utilizador sobre o prazo durante o qual se conservar\u00e3o os dados pessoais ou, quando tal n\u00e3o for poss\u00edvel, os crit\u00e9rios utilizados para se determinar este prazo.<br \/>\nInformamo-lo igualmente de que as nossas pol\u00edticas de conserva\u00e7\u00e3o das informa\u00e7\u00f5es se ajustam aos prazos que marcam as diferentes responsabilidades legais para efeitos de prescri\u00e7\u00e3o:<\/p>\n<p>a) Regra Geral:<\/p>\n<p>Em virtude do que est\u00e1 estabelecido no artigo 30 do C\u00f3digo de Com\u00e9rcio, e salvo outros crit\u00e9rios, todos os documentos e\/ou informa\u00e7\u00f5es da empresa ser\u00e3o conservados durante 6 anos.Isto afecta toda a documenta\u00e7\u00e3o contabil\u00edstica, fiscal, laboral ou comercial, incluindo a correspond\u00eancia.<\/p>\n<p>b) Prazos espec\u00edficos:<\/p>\n<p>A nossa empresa tamb\u00e9m deve marcar prazos m\u00ednimos em fun\u00e7\u00e3o da tipologia de dados em apre\u00e7o e tendo em aten\u00e7\u00e3o os diferentes prazos de prescri\u00e7\u00e3o, que cada um dos departamentos dever\u00e1 conhecer.<br \/>\nN\u00e3o ser\u00e1 objecto de decis\u00f5es baseadas em tratamentos automatizados que provoquem efeitos nos seus dados.<br \/>\n&nbsp;<\/p>\n<h3>Fins do tratamento.<\/h3>\n<p>Detalhamos em seguida as finalidades dos tratamentos de dados efectuados:<br \/>\nGEST\u00c3O DE CLIENTES: Podermos prestar os servi\u00e7os contratados no \u00e2mbito da actividade natural de cada empresa e facturar os mesmos. Os dados proporcionados ser\u00e3o conservados enquanto a rela\u00e7\u00e3o comercial se mantiver ou durante os anos necess\u00e1rios para o cumprimento das obriga\u00e7\u00f5es legais.<br \/>\nGEST\u00c3O DE OR\u00c7AMENTOS: Podermos enviar a eventuais clientes or\u00e7amentos de servi\u00e7os e\/ou produtos. Os dados proporcionados ser\u00e3o conservados enquanto n\u00e3o solicitar a cessa\u00e7\u00e3o de tal tratamento.<br \/>\nGEST\u00c3O DE EVENTUAIS CLIENTES: Podermos enviar a pessoas com interesse leg\u00edtimo informa\u00e7\u00e3o relacionada com os nossos produtos e servi\u00e7os por qualquer meio dispon\u00edvel, e convid\u00e1-los para eventos do seu interesse. Os dados proporcionados ser\u00e3o conservados enquanto n\u00e3o solicitar a cessa\u00e7\u00e3o de tal tratamento e ser\u00e3o recolhidos ap\u00f3s consentimento expresso.<br \/>\nRELA\u00c7\u00d5ES COM FORNECEDORES: Podermos efectuar pedidos e pagamento dos servi\u00e7os. Os dados proporcionados ser\u00e3o conservados enquanto a rela\u00e7\u00e3o comercial se mantiver ou durante os anos necess\u00e1rios para o cumprimento das obriga\u00e7\u00f5es legais.<br \/>\n&nbsp;<\/p>\n<h3>Destinat\u00e1rios dos dados.<\/h3>\n<p>Os dados pessoais do Utilizador n\u00e3o ser\u00e3o partilhados com terceiros.<br \/>\nEm qualquer caso, no momento em que se obtenham os dados pessoais, informar-se-\u00e1 o Utilizador sobre os destinat\u00e1rios ou as categorias de destinat\u00e1rios dos dados pessoais.<br \/>\n&nbsp;<\/p>\n<h3>Dados pessoais de menores.<\/h3>\n<p>Respeitando o que est\u00e1 estabelecido nos artigos 8 do RGPD e 7 da Lei Org\u00e2nica 3\/2018, de 5 de dezembro, sobre a Protec\u00e7\u00e3o de Dados Pessoais e garantia dos direitos digitais, s\u00f3 os maiores de 14 anos \u00e9 que poder\u00e3o conceder o seu consentimento para o tratamento dos seus dados pessoais de forma l\u00edcita pela BRALO, S.A.. Caso se trate de um menor de 14 anos, ser\u00e1 necess\u00e1rio o consentimento dos pais ou tutores para o tratamento, e este s\u00f3 ser\u00e1 considerado l\u00edcito na medida em que os mesmos o tenham autorizado. Em caso negativo o(a) representante legal dever\u00e1 informar-nos logo que seja poss\u00edvel.<\/p>\n<h3>Direitos derivados do tratamento de dados pessoais.<\/h3>\n<p>O Utilizador poder\u00e1 exercer, face ao Respons\u00e1vel pelo tratamento, os seguintes direitos reconhecidos no RGPD e na Lei Org\u00e2nica 3\/2018, de 5 de dezembro, sobre a Protec\u00e7\u00e3o de Dados Pessoais e garantia dos direitos digitais:<br \/>\nDireito de acesso: \u00c9 direito que o Utilizador tem de obter confirma\u00e7\u00e3o de que a BRALO, S.A. est\u00e1 a tratar ou n\u00e3o os seus dados pessoais e, em caso afirmativo, obter informa\u00e7\u00e3o sobre os seus dados pessoais concretos e sobre o tratamento que a BRALO, S.A. tenha efectuado ou efectue, assim como, entre outras, as informa\u00e7\u00f5es dispon\u00edveis sobre a origem de tais dados e os destinat\u00e1rios das comunica\u00e7\u00f5es efectuadas ou previstas para os mesmos.<br \/>\nDireito de rectifica\u00e7\u00e3o: \u00c9 direito do Utilizador que se modifiquem os seus dados pessoais que sejam inexactos ou, tendo em conta os fins do tratamento, incompletos.<br \/>\nDireito de elimina\u00e7\u00e3o (&#8220;o direito ao esquecimento&#8221;): \u00c9 o direito do Utilizador, sempre que a legisla\u00e7\u00e3o em vigor n\u00e3o estabele\u00e7a algo em contr\u00e1rio, de obter a elimina\u00e7\u00e3o dos seus dados pessoais quando estes j\u00e1 n\u00e3o forem necess\u00e1rios para os fins para os quais foram recolhidos ou tratados; o Utilizador tenha retirado o seu consentimento para o tratamento e este n\u00e3o conte com outra base legal; o Utilizador se oponha ao tratamento e n\u00e3o exista outro motivo leg\u00edtimo para se continuar com o mesmo; os dados pessoais tenham sido tratados de forma il\u00edcita; os dados pessoais devam ser suprimidos no cumprimento de uma obriga\u00e7\u00e3o legal; ou os dados pessoais tenham sido obtidos na sequ\u00eancia de uma oferta direta de servi\u00e7os da sociedade da informa\u00e7\u00e3o a um menor de 14 anos. Al\u00e9m de suprimir os dados, o Respons\u00e1vel pelo tratamento, tendo em conta a tecnologia dispon\u00edvel e o custo da sua aplica\u00e7\u00e3o, dever\u00e1 adoptar medidas razo\u00e1veis para informar os respons\u00e1veis que estejam a tratar os dados pessoais sobre o pedido do interessado de elimina\u00e7\u00e3o de qualquer liga\u00e7\u00e3o a esses dados pessoais.<br \/>\nDireito \u00e0 limita\u00e7\u00e3o do tratamento: \u00c9 direito do Utilizador limitar o tratamento dos seus dados pessoais. O Utilizador tem o direito de obter a limita\u00e7\u00e3o do tratamento quando impugnar a exactid\u00e3o dos seus dados pessoais; o tratamento seja il\u00edcito; o Respons\u00e1vel pelo tratamento j\u00e1 n\u00e3o necessite dos dados pessoais, mas o Utilizador necessite para efectuar reclama\u00e7\u00f5es; e quando o Utilizador se tenha oposto ao tratamento.<br \/>\nDireito \u00e0 portabilidade dos dados: Caso o tratamento seja efectuado por meios automatizados, o Utilizador ter\u00e1 o direito de receber do Respons\u00e1vel pelo tratamento os seus dados pessoais num formato estruturado, de uso comum e leitura mec\u00e2nica, e de os transmitir a outro respons\u00e1vel pelo tratamento. Sempre que seja tecnicamente poss\u00edvel, o Respons\u00e1vel pelo tratamento transmitir\u00e1 directamente os dados a esse outro respons\u00e1vel.<br \/>\nDireito de oposi\u00e7\u00e3o: \u00c9 direito do Utilizador solicitar que n\u00e3o se efectue o tratamento dos seus dados pessoais ou a BRALO, S.A. cesse o tratamento dos mesmos.<br \/>\nDireito de n\u00e3o ser objecto de uma decis\u00e3o baseada unicamente no tratamento automatizado, incluindo a elabora\u00e7\u00e3o de perfis: \u00c9 direito do Utilizador n\u00e3o ser objecto de uma decis\u00e3o individualizada baseada unicamente no tratamento automatizado dos seus dados pessoais, incluindo a elabora\u00e7\u00e3o de perfis existentes, salvo se a legisla\u00e7\u00e3o em vigor estabelecer algo em contr\u00e1rio.<br \/>\nFinalmente, os(as) interessados(as) t\u00eam o direito de apresentar uma reclama\u00e7\u00e3o perante a Autoridade de Controlo competente (AEPD) caso o Utilizador considere que existe um problema ou viola\u00e7\u00e3o da regula\u00e7\u00e3o em vigor pela forma como os seus dados pessoais est\u00e3o a ser tratados.<br \/>\nPode exercer os direitos anteriores enviando-nos uma carta, anexando uma c\u00f3pia de um documento que o identifique, para o nosso domic\u00edlio ou e-mail (que aparecem no in\u00edcio do presente texto).<br \/>\n&nbsp;<\/p>\n<h2>4) PRINC\u00cdPIOS APLIC\u00c1VEIS AO TRATAMENTO DE DADOS PESSOAIS.<\/h2>\n<p>O tratamento dos dados pessoais do cliente utilizador submeter-se-\u00e1 aos seguintes princ\u00edpios registados no art\u00ba. 5 do RGPD e no artigo 4 e seguintes da LOPDGDD:<br \/>\n&nbsp;<\/p>\n<h3>Princ\u00edpio de licitude, lealdade e transpar\u00eancia:<\/h3>\n<p>Requerer-se-\u00e1 continuamente o consentimento do utilizador ap\u00f3s informa\u00e7\u00e3o totalmente transparente sobre os fins para os quais se recolhem os dados pessoais.<br \/>\n&nbsp;<\/p>\n<h3>Princ\u00edpio de limita\u00e7\u00e3o da finalidade:<\/h3>\n<p>Os dados pessoais ser\u00e3o recolhidos para os fins determinados, expl\u00edcitos e leg\u00edtimos.<br \/>\n&nbsp;<\/p>\n<h3>Princ\u00edpio de minimiza\u00e7\u00e3o de dados:<\/h3>\n<p>Os dados pessoais recolhidos ser\u00e3o apenas os estritamente necess\u00e1rios em rela\u00e7\u00e3o com os fins para os quais s\u00e3o tratados.<br \/>\n&nbsp;<\/p>\n<h3>Princ\u00edpio de exatid\u00e3o:<\/h3>\n<p>Os dados pessoais devem ser exactos e estar sempre actualizados.<br \/>\n&nbsp;<\/p>\n<h3>Princ\u00edpio de limita\u00e7\u00e3o do prazo de conserva\u00e7\u00e3o:<\/h3>\n<p>Os dados pessoais s\u00f3 ser\u00e3o mantidos de forma que se permita a identifica\u00e7\u00e3o do utilizador durante o tempo necess\u00e1rio para os fins do tratamento.<br \/>\n&nbsp;<\/p>\n<h3>Princ\u00edpio de integridade e confidencialidade:<\/h3>\n<p>Os dados pessoais ser\u00e3o tratados de forma que se garanta a sua seguran\u00e7a e reserva.<br \/>\n&nbsp;<\/p>\n<h3>Princ\u00edpio de responsabilidade proativa:<\/h3>\n<p>O respons\u00e1vel pelo Site manter\u00e1 e regular\u00e1 os meios t\u00e9cnicos e log\u00edsticos necess\u00e1rios suficientes para que todos os princ\u00edpios aplic\u00e1veis ao tratamento sejam cumpridos.<br \/>\n&nbsp;<\/p>\n<h2>5) QUE MEDIDAS DE SEGURAN\u00c7A \u00c9 QUE APLICAMOS?<\/h2>\n<p>Aplicamos as medidas de seguran\u00e7a estabelecidas no artigo 32 do RGPD; portanto, adopt\u00e1mos as medidas de seguran\u00e7a necess\u00e1rias para garantirmos um n\u00edvel de seguran\u00e7a adequado ao risco do tratamento dos dados que efectuamos, com mecanismos que nos permitem a garantia da confidencialidade, integridade, disponibilidade e resili\u00eancia permanente dos sistemas e servi\u00e7os de tratamento.<br \/>\n&nbsp;<br \/>\nAlgumas destas medidas s\u00e3o:<\/p>\n<ul>\n<li>&#8211; Informa\u00e7\u00e3o das pol\u00edticas de tratamento dos dados ao pessoal.<\/li>\n<li>&#8211; Execu\u00e7\u00e3o de c\u00f3pias de seguran\u00e7a peri\u00f3dicas.<\/li>\n<li>&#8211; Controlo de acesso aos dados.<\/li>\n<li>&#8211; Processos de verifica\u00e7\u00e3o, avalia\u00e7\u00e3o e valoriza\u00e7\u00e3o regulares.<\/li>\n<\/ul>\n<p>&nbsp;<\/p>\n<h2>6) SIGILO E SEGURAN\u00c7A DOS DADOS PESSOAIS<\/h2>\n<p>A BRALO, S.A. compromete-se a adoptar as medidas t\u00e9cnicas e organizativas necess\u00e1rias, de acordo com o n\u00edvel de seguran\u00e7a adequado ao risco dos dados recolhidos, de forma que se garanta a seguran\u00e7a dos dados pessoais e se evite a destrui\u00e7\u00e3o, perda ou altera\u00e7\u00e3o acidental ou il\u00edcita de dados pessoais transmitidos, conservados ou tratados de outra forma, ou a comunica\u00e7\u00e3o ou acesso n\u00e3o autorizados a tais dados.<br \/>\nO Site conta com um certificado SSL (Secure Socket Layer), que garante que os dados pessoais s\u00e3o transmitidos de forma segura e confidencial, pelo facto de a transmiss\u00e3o dos dados ser entre o servidor e o Utilizador, e em feedback, totalmente cifrado ou encriptado.<br \/>\nNo entanto, devido ao facto de a BRALO, S.A. n\u00e3o poder garantir a inexpugnabilidade da Internet nem a aus\u00eancia total de hackers ou de outros que acedam de modo fraudulento aos dados pessoais, o Respons\u00e1vel pelo tratamento compromete-se a comunicar ao Utilizador sem dila\u00e7\u00e3o indevida quando ocorrer uma viola\u00e7\u00e3o da seguran\u00e7a dos dados pessoais que seja prov\u00e1vel que implique um alto risco para os direitos e liberdades das pessoas singulares. Seguindo o que est\u00e1 estabelecido no artigo 4 do RGPD, entende-se por viola\u00e7\u00e3o da seguran\u00e7a dos dados pessoais qualquer viola\u00e7\u00e3o da seguran\u00e7a que ocasione a destrui\u00e7\u00e3o, perda ou altera\u00e7\u00e3o acidental ou il\u00edcita de dados pessoais transmitidos, conservados ou tratados de outra forma, ou a comunica\u00e7\u00e3o ou acesso n\u00e3o autorizados a tais dados.<br \/>\nOs dados pessoais ser\u00e3o tratados como confidenciais pelo Respons\u00e1vel pelo tratamento, que se compromete a informar sobre e a garantir por interm\u00e9dio de uma obriga\u00e7\u00e3o legal ou contratual que tal confidencialidade seja respeitada pelos seus empregados, associados, e qualquer pessoa a quem a informa\u00e7\u00e3o se torne acess\u00edvel.<br \/>\n&nbsp;<\/p>\n<h2>7) LIGA\u00c7\u00d5ES A SITES DE TERCEIROS.<\/h2>\n<p>O Site pode incluir hiperliga\u00e7\u00f5es ou liga\u00e7\u00f5es que permitam aceder a p\u00e1ginas web de terceiros diferentes da BRALO, S.A., e que, portanto, n\u00e3o s\u00e3o operadas pela BRALO, S.A. Os titulares de tais sites dispor\u00e3o das suas pr\u00f3prias pol\u00edticas de protec\u00e7\u00e3o de dados, sendo eles mesmos, em cada caso, respons\u00e1veis pelos seus pr\u00f3prios ficheiros e pelas suas pr\u00f3prias pr\u00e1ticas de privacidade.<br \/>\n&nbsp;<\/p>\n<h2>8) ACEITA\u00c7\u00c3O E ALTERA\u00c7\u00d5ES A ESTA POL\u00cdTICA DE PRIVACIDADE.<\/h2>\n<p>\u00c9 necess\u00e1rio que o Utilizador tenha lido e esteja conforme com as condi\u00e7\u00f5es sobre a protec\u00e7\u00e3o de dados pessoais contidos nesta Pol\u00edtica de Privacidade, assim como que aceite o tratamento dos seus dados pessoais para que o Respons\u00e1vel pelo tratamento possa proceder ao mesmo na forma, durante os prazos e para as finalidades indicadas. O uso do Site implicar\u00e1 a aceita\u00e7\u00e3o da Pol\u00edtica de Privacidade do mesmo.<br \/>\nA BRALO, S.A. reserva-se o direito de modificar a sua Pol\u00edtica de Privacidade, ao seu pr\u00f3prio crit\u00e9rio, ou por raz\u00e3o de uma altera\u00e7\u00e3o legislativa, jurisprudencial ou doutrinal da Ag\u00eancia Espanhola de Prote\u00e7\u00e3o de Dados. As altera\u00e7\u00f5es ou atualiza\u00e7\u00f5es desta Pol\u00edtica de Privacidade n\u00e3o ser\u00e3o notificadas de forma expl\u00edcita ao Utilizador. Recomenda-se ao Utilizador que consulte periodicamente esta p\u00e1gina para estar a par das \u00faltimas altera\u00e7\u00f5es ou actualiza\u00e7\u00f5es.<\/p>\n<p>\u00daltima actualiza\u00e7\u00e3o: 18\/03\/24[\/et_pb_text][\/et_pb_column][et_pb_column type=&#8221;1_5&#8243; _builder_version=&#8221;4.21.0&#8243; _module_preset=&#8221;default&#8221; global_colors_info=&#8221;{}&#8221;][\/et_pb_column][\/et_pb_row][\/et_pb_section]<\/p>\n","protected":false},"excerpt":{"rendered":"<p>POL\u00cdTICA DE PRIVACIDADE (https:\/\/bralo.com\/) &nbsp; A BRALO, S.A. compromete-se a proteger a privacidade dos utilizadores que acedam a este site e\/ou qualquer um dos seus servi\u00e7os. A utiliza\u00e7\u00e3o do site e\/ou de qualquer um dos servi\u00e7os oferecidos pela BRALO, S.A., implica a aceita\u00e7\u00e3o, por parte do utilizador, das disposi\u00e7\u00f5es contidas na presente Pol\u00edtica de Privacidade [&hellip;]<\/p>\n","protected":false},"author":2,"featured_media":0,"parent":0,"menu_order":0,"comment_status":"closed","ping_status":"closed","template":"","meta":{"_acf_changed":false,"_et_pb_use_builder":"on","_et_pb_old_content":"","_et_gb_content_width":"","inline_featured_image":false,"footnotes":""},"class_list":["post-21247","page","type-page","status-publish","hentry"],"acf":[],"_links":{"self":[{"href":"https:\/\/bralo.com\/pt-pt\/wp-json\/wp\/v2\/pages\/21247","targetHints":{"allow":["GET"]}}],"collection":[{"href":"https:\/\/bralo.com\/pt-pt\/wp-json\/wp\/v2\/pages"}],"about":[{"href":"https:\/\/bralo.com\/pt-pt\/wp-json\/wp\/v2\/types\/page"}],"author":[{"embeddable":true,"href":"https:\/\/bralo.com\/pt-pt\/wp-json\/wp\/v2\/users\/2"}],"replies":[{"embeddable":true,"href":"https:\/\/bralo.com\/pt-pt\/wp-json\/wp\/v2\/comments?post=21247"}],"version-history":[{"count":4,"href":"https:\/\/bralo.com\/pt-pt\/wp-json\/wp\/v2\/pages\/21247\/revisions"}],"predecessor-version":[{"id":21310,"href":"https:\/\/bralo.com\/pt-pt\/wp-json\/wp\/v2\/pages\/21247\/revisions\/21310"}],"wp:attachment":[{"href":"https:\/\/bralo.com\/pt-pt\/wp-json\/wp\/v2\/media?parent=21247"}],"curies":[{"name":"wp","href":"https:\/\/api.w.org\/{rel}","templated":true}]}}