{"id":21564,"date":"2024-06-06T08:29:43","date_gmt":"2024-06-06T08:29:43","guid":{"rendered":"https:\/\/dev.bralo.com\/pecas-especiais\/"},"modified":"2024-10-14T08:22:57","modified_gmt":"2024-10-14T08:22:57","slug":"pecas-esp","status":"publish","type":"page","link":"https:\/\/bralo.com\/pt-pt\/pecas-esp\/","title":{"rendered":"PE\u00c7AS ESP"},"content":{"rendered":"<p>[et_pb_section fb_built=&#8221;1&#8243; custom_padding_last_edited=&#8221;on|phone&#8221; _builder_version=&#8221;4.21.0&#8243; _module_preset=&#8221;default&#8221; background_image=&#8221;https:\/\/bralo.com\/wp-content\/uploads\/2023\/06\/cabecera-piezas-especiales-remaches-bralo.jpg&#8221; custom_margin=&#8221;||||false|false&#8221; custom_padding_tablet=&#8221;&#8221; custom_padding_phone=&#8221;|0px||0px|false|false&#8221; da_disable_devices=&#8221;off|off|off&#8221; locked=&#8221;off&#8221; global_colors_info=&#8221;{}&#8221; da_is_popup=&#8221;off&#8221; da_exit_intent=&#8221;off&#8221; da_has_close=&#8221;on&#8221; da_alt_close=&#8221;off&#8221; da_dark_close=&#8221;off&#8221; da_not_modal=&#8221;on&#8221; da_is_singular=&#8221;off&#8221; da_with_loader=&#8221;off&#8221; da_has_shadow=&#8221;on&#8221;][et_pb_row custom_padding_last_edited=&#8221;on|phone&#8221; _builder_version=&#8221;4.21.0&#8243; _module_preset=&#8221;default&#8221; custom_padding=&#8221;|8%||8%|true|true&#8221; custom_padding_tablet=&#8221;70px|8%|70px|8%|true|true&#8221; custom_padding_phone=&#8221;70px|0%|70px|0%|true|true&#8221; global_colors_info=&#8221;{}&#8221;][et_pb_column type=&#8221;4_4&#8243; _builder_version=&#8221;4.20.4&#8243; _module_preset=&#8221;default&#8221; global_colors_info=&#8221;{}&#8221;][et_pb_text _builder_version=&#8221;4.21.0&#8243; _module_preset=&#8221;default&#8221; text_font=&#8221;|300|||||||&#8221; text_text_color=&#8221;#FFFFFF&#8221; text_line_height=&#8221;1.5em&#8221; header_text_color=&#8221;#FFFFFF&#8221; header_font_size=&#8221;45px&#8221; header_line_height=&#8221;2.2em&#8221; text_orientation=&#8221;center&#8221; text_line_height_tablet=&#8221;1.5em&#8221; text_line_height_phone=&#8221;1em&#8221; text_line_height_last_edited=&#8221;on|phone&#8221; global_colors_info=&#8221;{}&#8221;]<\/p>\n<h1>PE\u00c7AS ESPECIAIS<\/h1>\n<p>[\/et_pb_text][et_pb_text _builder_version=&#8221;4.21.0&#8243; _module_preset=&#8221;default&#8221; text_font=&#8221;|300|||||||&#8221; text_text_color=&#8221;#FFFFFF&#8221; text_line_height=&#8221;1.5em&#8221; header_text_color=&#8221;#FFFFFF&#8221; header_font_size=&#8221;45px&#8221; header_line_height=&#8221;2.2em&#8221; global_colors_info=&#8221;{}&#8221;]<\/p>\n<p style=\"text-align: center;\">Concebemos para si pe\u00e7as e produtos especiais, partindo dos seus planos com uma grande variedade de materiais e processos de produ\u00e7\u00e3o. Convidamo-lo a beneficiar da nossa experi\u00eancia em estampagem a frio para alcan\u00e7ar a m\u00e1xima qualidade e efici\u00eancia nos seus processos e produtos. <\/p>\n<p>[\/et_pb_text][\/et_pb_column][\/et_pb_row][\/et_pb_section][et_pb_section fb_built=&#8221;1&#8243; custom_padding_last_edited=&#8221;on|phone&#8221; _builder_version=&#8221;4.21.0&#8243; _module_preset=&#8221;default&#8221; background_image=&#8221;https:\/\/bralo.com\/wp-content\/uploads\/2023\/04\/fondo-mosaico-tornillos.jpg&#8221; custom_padding=&#8221;3px|||||&#8221; custom_padding_tablet=&#8221;3px|||||&#8221; custom_padding_phone=&#8221;3px||0px||false|false&#8221; da_disable_devices=&#8221;off|off|off&#8221; locked=&#8221;off&#8221; global_colors_info=&#8221;{}&#8221; da_is_popup=&#8221;off&#8221; da_exit_intent=&#8221;off&#8221; da_has_close=&#8221;on&#8221; da_alt_close=&#8221;off&#8221; da_dark_close=&#8221;off&#8221; da_not_modal=&#8221;on&#8221; da_is_singular=&#8221;off&#8221; da_with_loader=&#8221;off&#8221; da_has_shadow=&#8221;on&#8221;][et_pb_row column_structure=&#8221;1_3,1_3,1_3&#8243; custom_padding_last_edited=&#8221;on|phone&#8221; _builder_version=&#8221;4.21.0&#8243; _module_preset=&#8221;default&#8221; background_color=&#8221;#FFFFFF&#8221; width=&#8221;75%&#8221; max_width=&#8221;1150px&#8221; custom_padding=&#8221;|40px|1px|40px|false|false&#8221; custom_padding_tablet=&#8221;|40px|1px|40px|false|false&#8221; custom_padding_phone=&#8221;|0px|0px|0px|false|false&#8221; global_colors_info=&#8221;{}&#8221;][et_pb_column type=&#8221;1_3&#8243; _builder_version=&#8221;4.20.4&#8243; _module_preset=&#8221;default&#8221; global_colors_info=&#8221;{}&#8221;][et_pb_blurb image=&#8221;https:\/\/bralo.com\/wp-content\/uploads\/2023\/06\/iconos-capacidad-remaches-bralo.png&#8221; image_icon_width=&#8221;100%&#8221; _builder_version=&#8221;4.23&#8243; _module_preset=&#8221;default&#8221; header_text_align=&#8221;center&#8221; body_font=&#8221;|600|||||||&#8221; body_line_height=&#8221;0.5em&#8221; custom_padding=&#8221;||||false|false&#8221; locked=&#8221;off&#8221; global_colors_info=&#8221;{}&#8221;]<\/p>\n<p style=\"text-align: center;\"><span style=\"color: #006ca7;\">CAPACIDADE<\/span><\/p>\n<p><img loading=\"lazy\" decoding=\"async\" src=\"https:\/\/bralo.com\/wp-content\/uploads\/2023\/06\/rosca-miniaturas-remaches-bralo.jpg\" width=\"47\" height=\"17\" alt=\"\" class=\"wp-image-1860 alignnone size-full\" title=\"\"> M3 &#8211; M14 (internas e externas)<\/p>\n<p><span style=\"color: #006ca7;\">\u00d8 arame:<\/span> at\u00e9 18 mm<\/p>\n<p><img loading=\"lazy\" decoding=\"async\" src=\"https:\/\/bralo.com\/wp-content\/uploads\/2023\/06\/medida-miniaturas-remaches-bralo.jpg\" width=\"33\" height=\"17\" alt=\"\" class=\"wp-image-1859 alignnone size-full\" title=\"\" srcset=\"https:\/\/bralo.com\/wp-content\/uploads\/2023\/06\/medida-miniaturas-remaches-bralo.jpg 161w, https:\/\/bralo.com\/wp-content\/uploads\/2023\/06\/medida-miniaturas-remaches-bralo-150x83.jpg 150w\" sizes=\"(max-width: 33px) 100vw, 33px\" \/> At\u00e9 140 mm<\/p>\n<p><span style=\"color: #006ca7;\">\u00d8 cabe\u00e7a:<\/span> at\u00e9 35 mm<\/p>\n<p><span style=\"color: #006ca7;\">M\u00e1quinas de estampagem:<\/span> At\u00e9 6<\/p>\n<p>esta\u00e7\u00f5es<\/p>\n<p>[\/et_pb_blurb][\/et_pb_column][et_pb_column type=&#8221;1_3&#8243; _builder_version=&#8221;4.20.4&#8243; _module_preset=&#8221;default&#8221; global_colors_info=&#8221;{}&#8221;][et_pb_blurb image=&#8221;https:\/\/bralo.com\/wp-content\/uploads\/2023\/06\/iconos-materiales-remaches-bralo.png&#8221; image_icon_width=&#8221;100%&#8221; _builder_version=&#8221;4.21.0&#8243; _module_preset=&#8221;default&#8221; header_text_align=&#8221;center&#8221; body_font=&#8221;|600|||||||&#8221; custom_padding=&#8221;|40px||40px|false|false&#8221; locked=&#8221;off&#8221; global_colors_info=&#8221;{}&#8221;]<\/p>\n<p style=\"text-align: center;\"><span style=\"color: #006ca7;\">MATERIAIS<\/span><\/p>\n<ul>\n<li style=\"text-align: left;\">A\u00e7o<\/li>\n<li style=\"text-align: left;\">A\u00e7o inoxid\u00e1vel<\/li>\n<li style=\"text-align: left;\">Alum\u00ednio<\/li>\n<li style=\"text-align: left;\">Cobre<\/li>\n<li style=\"text-align: left;\">Liga n\u00edquel-cobre<\/li>\n<\/ul>\n<p>[\/et_pb_blurb][\/et_pb_column][et_pb_column type=&#8221;1_3&#8243; _builder_version=&#8221;4.20.4&#8243; _module_preset=&#8221;default&#8221; global_colors_info=&#8221;{}&#8221;][et_pb_blurb image=&#8221;https:\/\/bralo.com\/wp-content\/uploads\/2023\/06\/iconos-acabados-remaches-bralo.png&#8221; image_icon_width=&#8221;100%&#8221; _builder_version=&#8221;4.21.0&#8243; _module_preset=&#8221;default&#8221; header_text_align=&#8221;center&#8221; body_font=&#8221;|600|||||||&#8221; custom_padding=&#8221;||||false|false&#8221; locked=&#8221;off&#8221; global_colors_info=&#8221;{}&#8221;]<\/p>\n<p style=\"text-align: center;\"><span style=\"color: #006ca7;\">ACABAMENTO<\/span><\/p>\n<ul>\n<li style=\"text-align: left;\">Lacados (pintura ep\u00f3xi e acr\u00edlica)<\/li>\n<li style=\"text-align: left;\">Zinco-n\u00edquel<\/li>\n<li style=\"text-align: left;\">Zinco ferro<\/li>\n<li style=\"text-align: left;\">Zincados galv\u00e2nicos<\/li>\n<li style=\"text-align: left;\">Delta seal<\/li>\n<li style=\"text-align: left;\">Anodiza\u00e7\u00e3o de alum\u00ednio<\/li>\n<li style=\"text-align: left;\">Passiva\u00e7\u00e3o de a\u00e7o inoxid\u00e1vel<\/li>\n<li style=\"text-align: left;\">Tratamentos com estanquidade <a href=\"https:\/\/bralo.com\/pt-pt\/solucoes-de-estanquidade\/\"><span style=\"color: #006ca7;\">VER PE\u00c7AS Vedantes<\/span><\/a><\/li>\n<\/ul>\n<p>[\/et_pb_blurb][\/et_pb_column][\/et_pb_row][\/et_pb_section][et_pb_section fb_built=&#8221;1&#8243; _builder_version=&#8221;4.21.0&#8243; _module_preset=&#8221;default&#8221; custom_padding=&#8221;3px||3px|||&#8221; da_disable_devices=&#8221;off|off|off&#8221; global_colors_info=&#8221;{}&#8221; da_is_popup=&#8221;off&#8221; da_exit_intent=&#8221;off&#8221; da_has_close=&#8221;on&#8221; da_alt_close=&#8221;off&#8221; da_dark_close=&#8221;off&#8221; da_not_modal=&#8221;on&#8221; da_is_singular=&#8221;off&#8221; da_with_loader=&#8221;off&#8221; da_has_shadow=&#8221;on&#8221;][et_pb_row column_structure=&#8221;1_3,2_3&#8243; make_equal=&#8221;on&#8221; disabled_on=&#8221;off|off|off&#8221; _builder_version=&#8221;4.21.0&#8243; _module_preset=&#8221;default&#8221; background_enable_image=&#8221;off&#8221; width=&#8221;100%&#8221; width_tablet=&#8221;100%&#8221; width_phone=&#8221;100%&#8221; width_last_edited=&#8221;on|phone&#8221; max_width=&#8221;100%&#8221; custom_margin=&#8221;||||false|false&#8221; custom_padding=&#8221;1px||||false|false&#8221; background_last_edited=&#8221;on|phone&#8221; background_enable_image_phone=&#8221;off&#8221; background_size_phone=&#8221;contain&#8221; locked=&#8221;off&#8221; global_colors_info=&#8221;{}&#8221;][et_pb_column type=&#8221;1_3&#8243; _builder_version=&#8221;4.20.4&#8243; _module_preset=&#8221;default&#8221; global_colors_info=&#8221;{}&#8221;][et_pb_text _builder_version=&#8221;4.21.0&#8243; _module_preset=&#8221;default&#8221; text_font_size=&#8221;20px&#8221; width=&#8221;100%&#8221; width_tablet=&#8221;100%&#8221; width_phone=&#8221;60%&#8221; width_last_edited=&#8221;on|phone&#8221; custom_margin=&#8221;130px||130px||false|false&#8221; custom_margin_tablet=&#8221;150px||150px||false|false&#8221; custom_margin_phone=&#8221;30px||0px||false|false&#8221; custom_margin_last_edited=&#8221;on|phone&#8221; custom_padding_tablet=&#8221;&#8221; custom_padding_phone=&#8221;30px||30px||false|false&#8221; custom_padding_last_edited=&#8221;on|phone&#8221; background_color_phone=&#8221;rgba(255,255,255,0.76)&#8221; background_last_edited=&#8221;on|phone&#8221; background_enable_color_phone=&#8221;on&#8221; module_alignment_tablet=&#8221;&#8221; module_alignment_phone=&#8221;center&#8221; module_alignment_last_edited=&#8221;on|phone&#8221; global_colors_info=&#8221;{}&#8221;]<\/p>\n<p style=\"text-align: center;\"><span style=\"color: #006ca7;\">VASTA GAMA<\/span><br \/>DE REBITES, PORCAS E<br \/>PE\u00c7AS ESPECIAIS<\/p>\n<p>[\/et_pb_text][\/et_pb_column][et_pb_column type=&#8221;2_3&#8243; _builder_version=&#8221;4.21.0&#8243; _module_preset=&#8221;default&#8221; background_image=&#8221;https:\/\/bralo.com\/wp-content\/uploads\/2023\/10\/bodegonpiezas-especiales-IMG-2088-mont-2.jpg&#8221; background_size=&#8221;contain&#8221; custom_padding=&#8221;200px||200px||false|false&#8221; custom_padding_tablet=&#8221;200px||200px||false|false&#8221; custom_padding_phone=&#8221;0px||150px||false|false&#8221; custom_padding_last_edited=&#8221;on|phone&#8221; background_last_edited=&#8221;on|phone&#8221; background_size_phone=&#8221;contain&#8221; background_position_phone=&#8221;bottom_center&#8221; global_colors_info=&#8221;{}&#8221;][et_pb_divider show_divider=&#8221;off&#8221; _builder_version=&#8221;4.21.0&#8243; _module_preset=&#8221;default&#8221; custom_padding=&#8221;0px||0px||false|false&#8221; custom_padding_tablet=&#8221;0px||0px||false|false&#8221; custom_padding_phone=&#8221;0px||0px||false|false&#8221; custom_padding_last_edited=&#8221;on|desktop&#8221; global_colors_info=&#8221;{}&#8221;][\/et_pb_divider][\/et_pb_column][\/et_pb_row][\/et_pb_section][et_pb_section fb_built=&#8221;1&#8243; _builder_version=&#8221;4.21.0&#8243; _module_preset=&#8221;default&#8221; custom_padding=&#8221;0px||0px|||&#8221; da_disable_devices=&#8221;off|off|off&#8221; global_colors_info=&#8221;{}&#8221; da_is_popup=&#8221;off&#8221; da_exit_intent=&#8221;off&#8221; da_has_close=&#8221;on&#8221; da_alt_close=&#8221;off&#8221; da_dark_close=&#8221;off&#8221; da_not_modal=&#8221;on&#8221; da_is_singular=&#8221;off&#8221; da_with_loader=&#8221;off&#8221; da_has_shadow=&#8221;on&#8221;][et_pb_row column_structure=&#8221;3_5,2_5&#8243; use_custom_gutter=&#8221;on&#8221; gutter_width=&#8221;1&#8243; make_equal=&#8221;on&#8221; admin_label=&#8221;Fila&#8221; _builder_version=&#8221;4.21.0&#8243; _module_preset=&#8221;default&#8221; width=&#8221;100%&#8221; width_tablet=&#8221;100%&#8221; width_phone=&#8221;100%&#8221; width_last_edited=&#8221;on|desktop&#8221; max_width=&#8221;100%&#8221; max_width_tablet=&#8221;100%&#8221; max_width_phone=&#8221;100%&#8221; max_width_last_edited=&#8221;on|desktop&#8221; custom_padding=&#8221;0px||||false|false&#8221; custom_css_main_element=&#8221;display: flex;||flex-wrap: wrap;&#8221; locked=&#8221;off&#8221; global_colors_info=&#8221;{}&#8221;][et_pb_column type=&#8221;3_5&#8243; _builder_version=&#8221;4.21.0&#8243; _module_preset=&#8221;default&#8221; background_color=&#8221;rgba(184,220,237,0.68)&#8221; background_image=&#8221;https:\/\/bralo.com\/wp-content\/uploads\/2023\/06\/tuerca-junquillo-sinfondo-remaches-bralo.png&#8221; parallax=&#8221;on&#8221; custom_css_main_element=&#8221;order: 2;&#8221; global_colors_info=&#8221;{}&#8221;][et_pb_divider color=&#8221;RGBA(255,255,255,0)&#8221; _builder_version=&#8221;4.20.4&#8243; _module_preset=&#8221;default&#8221; height=&#8221;200px&#8221; global_colors_info=&#8221;{}&#8221;][\/et_pb_divider][\/et_pb_column][et_pb_column type=&#8221;2_5&#8243; _builder_version=&#8221;4.21.0&#8243; _module_preset=&#8221;default&#8221; background_color=&#8221;rgba(184,220,237,0.68)&#8221; custom_padding=&#8221;50px|0px|50px|0px|false|false&#8221; custom_css_main_element=&#8221;order: 1;&#8221; global_colors_info=&#8221;{}&#8221;][et_pb_text _builder_version=&#8221;4.21.0&#8243; _module_preset=&#8221;default&#8221; text_text_color=&#8221;#006CA7&#8243; text_font_size=&#8221;22px&#8221; text_line_height=&#8221;1.8em&#8221; background_enable_color=&#8221;off&#8221; text_orientation=&#8221;center&#8221; custom_margin=&#8221;||||false|false&#8221; custom_padding=&#8221;70px|50px|70px|50px|false|false&#8221; custom_padding_tablet=&#8221;30px|150px|30px|20px|false|false&#8221; custom_padding_phone=&#8221;|20px|||false|false&#8221; custom_padding_last_edited=&#8221;on|desktop&#8221; border_color_bottom=&#8221;#FFFFFF&#8221; global_colors_info=&#8221;{}&#8221;]<\/p>\n<p>ESPECIALISTAS EM<br \/>SOLU\u00c7\u00d5ES DE<br \/>ESTAMPAGEM A FRIO<\/p>\n<p>[\/et_pb_text][\/et_pb_column][\/et_pb_row][\/et_pb_section][et_pb_section fb_built=&#8221;1&#8243; disabled_on=&#8221;off|off|off&#8221; _builder_version=&#8221;4.21.0&#8243; _module_preset=&#8221;default&#8221; custom_padding=&#8221;0px||2px|||&#8221; da_disable_devices=&#8221;off|off|off&#8221; global_colors_info=&#8221;{}&#8221; da_is_popup=&#8221;off&#8221; da_exit_intent=&#8221;off&#8221; da_has_close=&#8221;on&#8221; da_alt_close=&#8221;off&#8221; da_dark_close=&#8221;off&#8221; da_not_modal=&#8221;on&#8221; da_is_singular=&#8221;off&#8221; da_with_loader=&#8221;off&#8221; da_has_shadow=&#8221;on&#8221;][et_pb_row column_structure=&#8221;1_3,1_3,1_3&#8243; module_class=&#8221;aumento-hover-piezas-esp&#8221; _builder_version=&#8221;4.25.1&#8243; _module_preset=&#8221;default&#8221; max_width=&#8221;60%&#8221; custom_margin=&#8221;|auto|-8px|auto||&#8221; custom_padding=&#8221;||23px|||&#8221; global_colors_info=&#8221;{}&#8221;][et_pb_column type=&#8221;1_3&#8243; _builder_version=&#8221;4.25.1&#8243; _module_preset=&#8221;default&#8221; border_width_all=&#8221;2px&#8221; border_color_all=&#8221;#006CA7&#8243; global_colors_info=&#8221;{}&#8221;][et_pb_image src=&#8221;https:\/\/bralo.com\/wp-content\/uploads\/2023\/06\/roscados-piezas-especiales-remaches-bralo.jpg&#8221; alt=&#8221;Especial Bralo&#8221; title_text=&#8221;roscados-piezas-especiales-remaches-bralo&#8221; align=&#8221;center&#8221; _builder_version=&#8221;4.25.1&#8243; _module_preset=&#8221;default&#8221; width=&#8221;100%&#8221; custom_margin=&#8221;||0px|||&#8221; global_colors_info=&#8221;{}&#8221; width__hover_enabled=&#8221;on|hover&#8221; width__hover=&#8221;100%&#8221;][\/et_pb_image][et_pb_text _builder_version=&#8221;4.21.0&#8243; _module_preset=&#8221;default&#8221; text_text_color=&#8221;#006CA7&#8243; text_orientation=&#8221;center&#8221; custom_margin=&#8221;-40px||||false|false&#8221; custom_padding=&#8221;||17px||false|false&#8221; global_colors_info=&#8221;{}&#8221;]<\/p>\n<p style=\"text-align: center;\">PE\u00c7AS ROSCADAS<\/p>\n<p>[\/et_pb_text][\/et_pb_column][et_pb_column type=&#8221;1_3&#8243; _builder_version=&#8221;4.25.1&#8243; _module_preset=&#8221;default&#8221; border_width_all=&#8221;2px&#8221; border_color_all=&#8221;#006CA7&#8243; global_colors_info=&#8221;{}&#8221;][et_pb_image src=&#8221;https:\/\/bralo.com\/wp-content\/uploads\/2023\/06\/casquillos-piezas-especiales-remaches-bralo.jpg&#8221; alt=&#8221;Especial Bralo&#8221; title_text=&#8221;casquillos-piezas-especiales-remaches-bralo&#8221; align=&#8221;center&#8221; _builder_version=&#8221;4.21.0&#8243; _module_preset=&#8221;default&#8221; width=&#8221;100%&#8221; custom_margin=&#8221;||0px|||&#8221; global_colors_info=&#8221;{}&#8221;][\/et_pb_image][et_pb_text _builder_version=&#8221;4.21.0&#8243; _module_preset=&#8221;default&#8221; text_text_color=&#8221;#006CA7&#8243; text_orientation=&#8221;center&#8221; custom_margin=&#8221;-40px||||false|false&#8221; custom_padding=&#8221;||17px||false|false&#8221; global_colors_info=&#8221;{}&#8221;]<\/p>\n<p style=\"text-align: center;\">ESPA\u00c7ADORES E CASQUILHOS<\/p>\n<p>[\/et_pb_text][\/et_pb_column][et_pb_column type=&#8221;1_3&#8243; _builder_version=&#8221;4.25.1&#8243; _module_preset=&#8221;default&#8221; border_width_all=&#8221;2px&#8221; border_color_all=&#8221;#006CA7&#8243; global_colors_info=&#8221;{}&#8221;][et_pb_image src=&#8221;https:\/\/bralo.com\/wp-content\/uploads\/2023\/06\/semiperforados-piezas-especiales-remaches-bralo.jpg&#8221; alt=&#8221;Especial Bralo&#8221; title_text=&#8221;semiperforados-piezas-especiales-remaches-bralo&#8221; align=&#8221;center&#8221; _builder_version=&#8221;4.21.0&#8243; _module_preset=&#8221;default&#8221; width=&#8221;100%&#8221; custom_margin=&#8221;||0px|||&#8221; global_colors_info=&#8221;{}&#8221;][\/et_pb_image][et_pb_text _builder_version=&#8221;4.21.0&#8243; _module_preset=&#8221;default&#8221; text_text_color=&#8221;#006CA7&#8243; text_orientation=&#8221;center&#8221; custom_margin=&#8221;-40px||||false|false&#8221; custom_padding=&#8221;||17px||false|false&#8221; global_colors_info=&#8221;{}&#8221;]<\/p>\n<p style=\"text-align: center;\">SEMI-PERFURADAS<\/p>\n<p>[\/et_pb_text][\/et_pb_column][\/et_pb_row][et_pb_row column_structure=&#8221;1_3,1_3,1_3&#8243; module_class=&#8221;aumento-hover-piezas-esp&#8221; _builder_version=&#8221;4.25.1&#8243; _module_preset=&#8221;default&#8221; max_width=&#8221;60%&#8221; custom_margin=&#8221;-22px|auto||auto||&#8221; global_colors_info=&#8221;{}&#8221;][et_pb_column type=&#8221;1_3&#8243; _builder_version=&#8221;4.25.1&#8243; _module_preset=&#8221;default&#8221; border_width_all=&#8221;2px&#8221; border_color_all=&#8221;#006CA7&#8243; global_colors_info=&#8221;{}&#8221;][et_pb_image src=&#8221;https:\/\/bralo.com\/wp-content\/uploads\/2023\/06\/macizas-piezas-especiales-remaches-bralo.jpg&#8221; alt=&#8221;Especial Bralo&#8221; title_text=&#8221;macizas-piezas-especiales-remaches-bralo&#8221; align=&#8221;center&#8221; _builder_version=&#8221;4.21.0&#8243; _module_preset=&#8221;default&#8221; width=&#8221;100%&#8221; custom_margin=&#8221;||0px|||&#8221; global_colors_info=&#8221;{}&#8221;][\/et_pb_image][et_pb_text _builder_version=&#8221;4.21.0&#8243; _module_preset=&#8221;default&#8221; text_text_color=&#8221;#006CA7&#8243; text_orientation=&#8221;center&#8221; custom_margin=&#8221;-40px||||false|false&#8221; custom_padding=&#8221;||17px||false|false&#8221; global_colors_info=&#8221;{}&#8221;]<\/p>\n<p style=\"text-align: center;\">PE\u00c7AS MACI\u00c7AS<\/p>\n<p>[\/et_pb_text][\/et_pb_column][et_pb_column type=&#8221;1_3&#8243; _builder_version=&#8221;4.25.1&#8243; _module_preset=&#8221;default&#8221; border_width_all=&#8221;2px&#8221; border_color_all=&#8221;#006CA7&#8243; global_colors_info=&#8221;{}&#8221;][et_pb_image src=&#8221;https:\/\/bralo.com\/wp-content\/uploads\/2023\/06\/ensambladas-piezas-especiales-remaches-bralo.jpg&#8221; alt=&#8221;Especial Bralo&#8221; title_text=&#8221;ensambladas-piezas-especiales-remaches-bralo&#8221; align=&#8221;center&#8221; _builder_version=&#8221;4.21.0&#8243; _module_preset=&#8221;default&#8221; width=&#8221;100%&#8221; custom_margin=&#8221;||0px|||&#8221; global_colors_info=&#8221;{}&#8221;][\/et_pb_image][et_pb_text _builder_version=&#8221;4.21.0&#8243; _module_preset=&#8221;default&#8221; text_text_color=&#8221;#006CA7&#8243; text_orientation=&#8221;center&#8221; custom_margin=&#8221;-40px||||false|false&#8221; custom_padding=&#8221;||17px||false|false&#8221; global_colors_info=&#8221;{}&#8221;]<\/p>\n<p style=\"text-align: center;\">PE\u00c7AS MONTADAS<\/p>\n<p>[\/et_pb_text][\/et_pb_column][et_pb_column type=&#8221;1_3&#8243; _builder_version=&#8221;4.25.1&#8243; _module_preset=&#8221;default&#8221; border_width_all=&#8221;2px&#8221; border_color_all=&#8221;#006CA7&#8243; global_colors_info=&#8221;{}&#8221;][et_pb_image src=&#8221;https:\/\/bralo.com\/wp-content\/uploads\/2023\/06\/estanqueidad-piezas-especiales-remaches-bralo.jpg&#8221; alt=&#8221;Especial Bralo&#8221; title_text=&#8221;estanqueidad-piezas-especiales-remaches-bralo&#8221; align=&#8221;center&#8221; _builder_version=&#8221;4.21.0&#8243; _module_preset=&#8221;default&#8221; width=&#8221;100%&#8221; custom_margin=&#8221;||0px|||&#8221; global_colors_info=&#8221;{}&#8221;][\/et_pb_image][et_pb_text _builder_version=&#8221;4.21.0&#8243; _module_preset=&#8221;default&#8221; text_text_color=&#8221;#006CA7&#8243; text_orientation=&#8221;center&#8221; custom_margin=&#8221;-40px||||false|false&#8221; custom_padding=&#8221;||17px||false|false&#8221; global_colors_info=&#8221;{}&#8221;]<\/p>\n<p style=\"text-align: center;\">PE\u00c7AS DE ESTANQUIDADE<\/p>\n<p>[\/et_pb_text][\/et_pb_column][\/et_pb_row][\/et_pb_section][et_pb_section fb_built=&#8221;1&#8243; custom_padding_last_edited=&#8221;on|phone&#8221; _builder_version=&#8221;4.25.1&#8243; _module_preset=&#8221;default&#8221; background_image=&#8221;https:\/\/bralo.com\/wp-content\/uploads\/2024\/06\/piezas-especiales-maquina-remache-bralo1920.jpg&#8221; custom_padding=&#8221;3px||0px|||&#8221; custom_padding_tablet=&#8221;3px||0px|||&#8221; custom_padding_phone=&#8221;0px|0px|0px|0px|false|false&#8221; da_disable_devices=&#8221;off|off|off&#8221; global_colors_info=&#8221;{}&#8221; da_is_popup=&#8221;off&#8221; da_exit_intent=&#8221;off&#8221; da_has_close=&#8221;on&#8221; da_alt_close=&#8221;off&#8221; da_dark_close=&#8221;off&#8221; da_not_modal=&#8221;on&#8221; da_is_singular=&#8221;off&#8221; da_with_loader=&#8221;off&#8221; da_has_shadow=&#8221;on&#8221;][et_pb_row _builder_version=&#8221;4.25.1&#8243; _module_preset=&#8221;default&#8221; background_enable_image=&#8221;off&#8221; background_size=&#8221;contain&#8221; width=&#8221;100%&#8221; width_tablet=&#8221;&#8221; width_phone=&#8221;100%&#8221; width_last_edited=&#8221;on|phone&#8221; max_width=&#8221;100%&#8221; custom_margin=&#8221;|0px||0px|false|true&#8221; custom_margin_tablet=&#8221;&#8221; custom_margin_phone=&#8221;|0px||0px|false|false&#8221; custom_margin_last_edited=&#8221;on|phone&#8221; custom_padding=&#8221;|0px||0px|false|true&#8221; global_colors_info=&#8221;{}&#8221;][et_pb_column type=&#8221;4_4&#8243; _builder_version=&#8221;4.21.0&#8243; _module_preset=&#8221;default&#8221; global_colors_info=&#8221;{}&#8221;][et_pb_divider show_divider=&#8221;off&#8221; _builder_version=&#8221;4.21.0&#8243; _module_preset=&#8221;default&#8221; custom_margin=&#8221;170px||31px||false|false&#8221; global_colors_info=&#8221;{}&#8221;][\/et_pb_divider][\/et_pb_column][\/et_pb_row][\/et_pb_section]<\/p>\n","protected":false},"excerpt":{"rendered":"<p>PE\u00c7AS ESPECIAISConcebemos para si pe\u00e7as e produtos especiais, partindo dos seus planos com uma grande variedade de materiais e processos de produ\u00e7\u00e3o. Convidamo-lo a beneficiar da nossa experi\u00eancia em estampagem a frio para alcan\u00e7ar a m\u00e1xima qualidade e efici\u00eancia nos seus processos e produtos. CAPACIDADE M3 &#8211; M14 (internas e externas) \u00d8 arame: at\u00e9 18 [&hellip;]<\/p>\n","protected":false},"author":2,"featured_media":0,"parent":0,"menu_order":0,"comment_status":"closed","ping_status":"closed","template":"","meta":{"_acf_changed":false,"_et_pb_use_builder":"on","_et_pb_old_content":"","_et_gb_content_width":"","inline_featured_image":false,"footnotes":""},"class_list":["post-21564","page","type-page","status-publish","hentry"],"acf":[],"_links":{"self":[{"href":"https:\/\/bralo.com\/pt-pt\/wp-json\/wp\/v2\/pages\/21564","targetHints":{"allow":["GET"]}}],"collection":[{"href":"https:\/\/bralo.com\/pt-pt\/wp-json\/wp\/v2\/pages"}],"about":[{"href":"https:\/\/bralo.com\/pt-pt\/wp-json\/wp\/v2\/types\/page"}],"author":[{"embeddable":true,"href":"https:\/\/bralo.com\/pt-pt\/wp-json\/wp\/v2\/users\/2"}],"replies":[{"embeddable":true,"href":"https:\/\/bralo.com\/pt-pt\/wp-json\/wp\/v2\/comments?post=21564"}],"version-history":[{"count":18,"href":"https:\/\/bralo.com\/pt-pt\/wp-json\/wp\/v2\/pages\/21564\/revisions"}],"predecessor-version":[{"id":22728,"href":"https:\/\/bralo.com\/pt-pt\/wp-json\/wp\/v2\/pages\/21564\/revisions\/22728"}],"wp:attachment":[{"href":"https:\/\/bralo.com\/pt-pt\/wp-json\/wp\/v2\/media?parent=21564"}],"curies":[{"name":"wp","href":"https:\/\/api.w.org\/{rel}","templated":true}]}}