{"id":36751,"date":"2024-06-10T12:27:55","date_gmt":"2024-06-10T12:27:55","guid":{"rendered":"https:\/\/bralo.com\/registra-te\/"},"modified":"2025-04-07T10:01:12","modified_gmt":"2025-04-07T10:01:12","slug":"registra-te","status":"publish","type":"page","link":"https:\/\/bralo.com\/pt-pt\/registra-te\/","title":{"rendered":"Registra-te"},"content":{"rendered":"<p>[et_pb_section admin_label=&#8221;section&#8221;]<br \/>\n\t\t\t[et_pb_row admin_label=&#8221;row&#8221;]<br \/>\n\t\t\t\t[et_pb_column type=&#8221;4_4&#8243;][et_pb_text admin_label=&#8221;Text&#8221;]<div id=\"wpmem_reg\"><a id=\"register\"><\/a><form name=\"form\" method=\"post\" action=\"https:\/\/bralo.com\/pt-pt\/registra-te\/\" id=\"wpmem_register_form\" class=\"form\"><input type=\"hidden\" id=\"_wpmem_register_nonce\" name=\"_wpmem_register_nonce\" value=\"da1922c57c\" \/><input type=\"hidden\" name=\"_wp_http_referer\" value=\"\/pt-pt\/wp-json\/wp\/v2\/pages\/36751\" \/><fieldset><legend>Registro de Novo Usu\u00e1rio<\/legend><label for=\"username\" class=\"text\">Escolha um Nome de Usu\u00e1rio<span class=\"req\">*<\/span><\/label><div class=\"div_text\"><input name=\"username\" type=\"text\" id=\"username\" value=\"\" class=\"textbox\" required  \/><\/div><label for=\"first_name\" class=\"text\">Nome<span class=\"req\">*<\/span><\/label><div class=\"div_text\"><input name=\"first_name\" type=\"text\" id=\"first_name\" value=\"\" class=\"textbox\" required  \/><\/div><label for=\"last_name\" class=\"text\">Apelido<span class=\"req\">*<\/span><\/label><div class=\"div_text\"><input name=\"last_name\" type=\"text\" id=\"last_name\" value=\"\" class=\"textbox\" required  \/><\/div><label for=\"user_email\" class=\"text\">Email<span class=\"req\">*<\/span><\/label><div class=\"div_text\"><input name=\"user_email\" type=\"email\" id=\"user_email\" value=\"\" class=\"textbox\" required  \/><\/div><label for=\"password\" class=\"text\">Senha<span class=\"req\">*<\/span><\/label><div class=\"div_text\"><input name=\"password\" type=\"password\" id=\"password\" class=\"textbox\" required  \/><\/div><label for=\"confirm_password\" class=\"text\">Confirmar Senha<span class=\"req\">*<\/span><\/label><div class=\"div_text\"><input name=\"confirm_password\" type=\"password\" id=\"confirm_password\" class=\"textbox\" required  \/><\/div><div class=\"div_text\"><input name=\"tos\" type=\"checkbox\" id=\"tos\" value=\"agree\" required  \/> <a href=\"#\" onClick=\"window.open('\/pt-pt\/wp-json\/wp\/v2\/pages\/36751?tos=display','tos');\">He le\u00eddo y acepto la pol\u00edtica de privacidad<\/a><span class=\"req\">*<\/span><\/div><div class=\"div_checkbox\"><input name=\"comunicaciones\" type=\"checkbox\" id=\"comunicaciones\" value=\"Acepta recibir comunicaciones\" checked='checked' \/> <label for=\"comunicaciones\"><label for=\"comunicaciones\" class=\"checkbox\">Aceito receber comunica\u00e7\u00f5es e informa\u00e7\u00f5es relativas \u00e0s atividades, servi\u00e7os e produtos da BRALO S. A.<\/label><\/label><\/div><script src=\"https:\/\/www.google.com\/recaptcha\/api.js?render=6LdrcRsqAAAAAPLGLaFUkUh7SduqaWbYivzL8XPT\"><\/script><script>grecaptcha.ready(function () {grecaptcha.execute('6LdrcRsqAAAAAPLGLaFUkUh7SduqaWbYivzL8XPT', { action: 'contact' }).then(function (token) {var recaptchaResponse = document.getElementById('recaptchaResponse');recaptchaResponse.value = token;});});<\/script><input type=\"hidden\" name=\"recaptcha_response\" id=\"recaptchaResponse\"><input name=\"a\" type=\"hidden\" value=\"register\" \/><input name=\"wpmem_reg_page\" type=\"hidden\" value=\"https:\/\/bralo.com\/pt-pt\/registra-te\/\" \/><div class=\"button_div\"><input name=\"submit\" type=\"submit\" value=\"Registrar\" class=\"buttons\" \/><\/div><div class=\"req-text\"><span class=\"req\">*<\/span>Campo obrigat\u00f3rio<\/div><\/fieldset><\/form><\/div>[\/et_pb_text][\/et_pb_column]<br \/>\n\t\t\t[\/et_pb_row]<br \/>\n\t\t[\/et_pb_section]<\/p>\n","protected":false},"excerpt":{"rendered":"<p>[et_pb_section admin_label=&#8221;section&#8221;] [et_pb_row admin_label=&#8221;row&#8221;] [et_pb_column type=&#8221;4_4&#8243;][et_pb_text admin_label=&#8221;Text&#8221;][\/et_pb_text][\/et_pb_column] [\/et_pb_row] [\/et_pb_section]<\/p>\n","protected":false},"author":2,"featured_media":0,"parent":0,"menu_order":0,"comment_status":"closed","ping_status":"closed","template":"","meta":{"_acf_changed":false,"_et_pb_use_builder":"off","_et_pb_old_content":"[wpmem_form register]","_et_gb_content_width":"","inline_featured_image":false,"footnotes":""},"class_list":["post-36751","page","type-page","status-publish","hentry"],"acf":[],"_links":{"self":[{"href":"https:\/\/bralo.com\/pt-pt\/wp-json\/wp\/v2\/pages\/36751","targetHints":{"allow":["GET"]}}],"collection":[{"href":"https:\/\/bralo.com\/pt-pt\/wp-json\/wp\/v2\/pages"}],"about":[{"href":"https:\/\/bralo.com\/pt-pt\/wp-json\/wp\/v2\/types\/page"}],"author":[{"embeddable":true,"href":"https:\/\/bralo.com\/pt-pt\/wp-json\/wp\/v2\/users\/2"}],"replies":[{"embeddable":true,"href":"https:\/\/bralo.com\/pt-pt\/wp-json\/wp\/v2\/comments?post=36751"}],"version-history":[{"count":1,"href":"https:\/\/bralo.com\/pt-pt\/wp-json\/wp\/v2\/pages\/36751\/revisions"}],"predecessor-version":[{"id":39904,"href":"https:\/\/bralo.com\/pt-pt\/wp-json\/wp\/v2\/pages\/36751\/revisions\/39904"}],"wp:attachment":[{"href":"https:\/\/bralo.com\/pt-pt\/wp-json\/wp\/v2\/media?parent=36751"}],"curies":[{"name":"wp","href":"https:\/\/api.w.org\/{rel}","templated":true}]}}