{"id":36665,"date":"2024-02-14T10:30:50","date_gmt":"2024-02-14T10:30:50","guid":{"rendered":"https:\/\/bralo.com\/cerez-poli%cc%87ti%cc%87kasi\/"},"modified":"2025-02-27T11:52:11","modified_gmt":"2025-02-27T11:52:11","slug":"cerez-poli%cc%87ti%cc%87kasi","status":"publish","type":"page","link":"https:\/\/bralo.com\/tr\/cerez-poli%cc%87ti%cc%87kasi\/","title":{"rendered":"\u00c7erez Poli\u0307ti\u0307kasi"},"content":{"rendered":"<p>[et_pb_section fb_built=&#8221;1&#8243; _builder_version=&#8221;4.21.0&#8243; _module_preset=&#8221;default&#8221; da_disable_devices=&#8221;off|off|off&#8221; global_colors_info=&#8221;{}&#8221; da_is_popup=&#8221;off&#8221; da_exit_intent=&#8221;off&#8221; da_has_close=&#8221;on&#8221; da_alt_close=&#8221;off&#8221; da_dark_close=&#8221;off&#8221; da_not_modal=&#8221;on&#8221; da_is_singular=&#8221;off&#8221; da_with_loader=&#8221;off&#8221; da_has_shadow=&#8221;on&#8221;][et_pb_row column_structure=&#8221;1_5,3_5,1_5&#8243; _builder_version=&#8221;4.21.0&#8243; _module_preset=&#8221;default&#8221; global_colors_info=&#8221;{}&#8221;][et_pb_column type=&#8221;1_5&#8243; _builder_version=&#8221;4.21.0&#8243; _module_preset=&#8221;default&#8221; global_colors_info=&#8221;{}&#8221;][\/et_pb_column][et_pb_column type=&#8221;3_5&#8243; _builder_version=&#8221;4.21.0&#8243; _module_preset=&#8221;default&#8221; global_colors_info=&#8221;{}&#8221;][et_pb_text _builder_version=&#8221;4.25.1&#8243; _module_preset=&#8221;default&#8221; header_text_color=&#8221;#006CA7&#8243; header_2_text_color=&#8221;#006CA7&#8243; header_2_font_size=&#8221;21px&#8221; header_3_font=&#8221;|600|||||||&#8221; header_3_font_size=&#8221;18px&#8221; hover_enabled=&#8221;0&#8243; global_colors_info=&#8221;{}&#8221; sticky_enabled=&#8221;0&#8243;]<\/p>\n<h1 style=\"text-align: center;\">\u00c7EREZ POLI\u0307TI\u0307KASI (<a href=\"https:\/\/bralo.com\/tr\/\">https:\/\/bralo.com\/<\/a>)<\/h1>\n<p>&nbsp;<\/p>\n<p>Bilgi Toplumu Hizmetleri ve Elektronik Ticaret (LSSICE) hakk\u0131ndaki 11 Temmuz tarihli 34\/2002. maddesine uygun olarak, Web Sitesinin a\u015fa\u011f\u0131daki yasal y\u00f6nleri rapor edilmi\u015ftir:<\/p>\n<table>\n<tbody>\n<tr>\n<td><span style=\"font-weight: 400;\">Web:<\/span><\/td>\n<td><a href=\"https:\/\/bralo.com\/tr\/\"><span style=\"font-weight: 400;\">https:\/\/bralo.com\/<\/span><\/a> <span style=\"font-weight: 400;\">.<\/span><\/td>\n<\/tr>\n<tr>\n<td><span style=\"font-weight: 400;\">Tutucu:<\/span><\/td>\n<td><b>BRALO, S.A.<\/b><\/td>\n<\/tr>\n<tr>\n<td><span style=\"font-weight: 400;\">Adres:<\/span><\/td>\n<td><span style=\"font-weight: 400;\">C\/ Milanos 12, P.I. La Estaci\u00f3n. 28320-Pinto <\/span><\/td>\n<\/tr>\n<tr>\n<td><span style=\"font-weight: 400;\">C.I.F.:<\/span><\/td>\n<td><span style=\"font-weight: 400;\">A78105822<\/span><\/td>\n<\/tr>\n<tr>\n<td><span style=\"font-weight: 400;\">Telefon:<\/span><\/td>\n<td><span style=\"font-weight: 400;\">916928285<\/span><\/td>\n<\/tr>\n<tr>\n<td><span style=\"font-weight: 400;\">E-posta:<\/span><\/td>\n<td><a href=\"mailto:bralo@bralo.es\"><span style=\"font-weight: 400;\">bralo@bralo.es<\/span><\/a> <span style=\"font-weight: 400;\">.<\/span><\/td>\n<\/tr>\n<tr>\n<td><span style=\"font-weight: 400;\">Kay\u0131t verileri:<\/span><\/td>\n<td><span style=\"font-weight: 400;\">Reg. mercantil de Madrid n\u00ba 3. Tomo 332, Gral. 301, Folio 54, n\u00ba 62245.3. Inscripci\u00f3n 1\u00ba  <\/span><\/td>\n<\/tr>\n<\/tbody>\n<\/table>\n<p>BRALO, S.A. \u00e7erezler veya g\u00fcnl\u00fck dosyalar\u0131 arac\u0131l\u0131\u011f\u0131yla web sitesi kullan\u0131c\u0131lar\u0131n\u0131n arama al\u0131\u015fkanl\u0131klar\u0131 hakk\u0131nda bilgi toplayabilir. \u00c7erezler ki\u015fisel bilgi toplamak i\u00e7in kullan\u0131lmayacakt\u0131r. Bunlar yaln\u0131zca Kullan\u0131c\u0131 web sitemizde gezinmeye devam ederse ve bunlar\u0131n kullan\u0131m\u0131na ve kurulumuna izin verdi\u011fini anlarsa y\u00fcklenecektir. A\u015fa\u011f\u0131da, &#8220;\u00e7erezlerin&#8221; ne oldu\u011fu, bu web sitesinin ne t\u00fcr kulland\u0131\u011f\u0131, bunlar\u0131 taray\u0131c\u0131da nas\u0131l devre d\u0131\u015f\u0131 b\u0131rakabilece\u011finiz ve \u00fc\u00e7\u00fcnc\u00fc taraf \u00c7erezlerin kurulumunu \u00f6zellikle nas\u0131l engelleyebilece\u011finiz hakk\u0131nda ayr\u0131nt\u0131l\u0131 bilgi veriyoruz.   <\/p>\n<h2>1) \u00c7EREZ NED\u0130R?<\/h2>\n<p>\u00c7erezler, Kullan\u0131c\u0131n\u0131n ziyaret etti\u011fi web sayfalar\u0131 taraf\u0131ndan olu\u015fturulan ve web sayfas\u0131nda daha sonra yararl\u0131 olabilecek oturum verilerini i\u00e7eren k\u00fc\u00e7\u00fck metin dosyalar\u0131d\u0131r. Veriler, web sitesinin sayfalar aras\u0131nda bilgilerinizi korumas\u0131na ve ayr\u0131ca siteyle nas\u0131l etkile\u015fimde bulundu\u011funuzu analiz etmesine olanak tan\u0131r. <\/p>\n<p>\u00c7erezler, yaln\u0131zca taray\u0131c\u0131 taraf\u0131ndan yerle\u015ftirilen bilgileri, Kullan\u0131c\u0131n\u0131n taray\u0131c\u0131ya girdi\u011fi bilgileri veya sayfa iste\u011finde yer alan bilgileri saklayabildikleri i\u00e7in g\u00fcvenlidir. Kod \u00e7al\u0131\u015ft\u0131ramazlar ve Kullan\u0131c\u0131n\u0131n bilgisayar\u0131na eri\u015fmek i\u00e7in kullan\u0131lamazlar. <\/p>\n<p>\u00c7erezler, interaktif hizmetlerin sa\u011flanmas\u0131nda say\u0131s\u0131z avantaj sa\u011flayarak, web sayfalar\u0131n\u0131n gezinmesini ve kullan\u0131labilirli\u011fini kolayla\u015ft\u0131rarak \u0130nternet&#8217;in i\u015fleyi\u015fi i\u00e7in gereklidir. \u00c7erezler ekipmana zarar veremez ve bunlar\u0131n etkinle\u015ftirilmesi hatalar\u0131n belirlenmesine ve \u00e7\u00f6z\u00fclmesine yard\u0131mc\u0131 olur. <\/p>\n<p>\u00c7erezler arac\u0131l\u0131\u011f\u0131yla toplanan bilgiler, Web Sitesi&#8217;ne yap\u0131lan ziyaretlerin tarih ve saatini, g\u00f6r\u00fcnt\u00fclenen sayfalar\u0131, Web Sitesi&#8217;nde ge\u00e7irilen s\u00fcreyi ve Web Sitesi&#8217;nden hemen \u00f6nce ve sonra ziyaret edilen siteleri i\u00e7erebilir. Ancak, hi\u00e7bir \u00e7erez Kullan\u0131c\u0131n\u0131n telefon numaras\u0131yla veya ba\u015fka herhangi bir ki\u015fisel ileti\u015fim arac\u0131yla ileti\u015fime ge\u00e7mesine izin vermez. Hi\u00e7bir \u00e7erez Kullan\u0131c\u0131n\u0131n sabit diskinden bilgi alamaz veya ki\u015fisel bilgileri \u00e7alamaz. Kullan\u0131c\u0131n\u0131n \u00f6zel bilgilerinin \u00c7erez dosyas\u0131n\u0131n bir par\u00e7as\u0131 olmas\u0131n\u0131n tek yolu, kullan\u0131c\u0131n\u0131n bu bilgileri sunucuya ki\u015fisel olarak sa\u011flamas\u0131d\u0131r.   <\/p>\n<p>Bir ki\u015finin tan\u0131mlanmas\u0131n\u0131 sa\u011flayan \u00e7erezler ki\u015fisel veri olarak kabul edilir. Bu nedenle, yukar\u0131da a\u00e7\u0131klanan Gizlilik Politikas\u0131 onlar i\u00e7in de ge\u00e7erli olacakt\u0131r. Bu anlamda, bunlar\u0131n kullan\u0131m\u0131 i\u00e7in Kullan\u0131c\u0131n\u0131n onay\u0131 gerekecektir. Bu r\u0131za, ilk, \u00e7\u0131kar\u0131labilir ve belgelenmi\u015f i\u015flemden \u00f6nce, olumlu ve pozitif bir kararla sunulan ger\u00e7ek bir se\u00e7ime dayal\u0131 olarak iletilecektir.   <\/p>\n<h2>2) KOMUT DOSYALARI NED\u0130R?<\/h2>\n<p>Komut dosyas\u0131, web sitemizin do\u011fru ve etkile\u015fimli bir \u015fekilde \u00e7al\u0131\u015fmas\u0131n\u0131 sa\u011flamak i\u00e7in kullan\u0131lan bir program kodu par\u00e7as\u0131d\u0131r. Bu kod sunucumuzda veya cihaz\u0131n\u0131zda \u00e7al\u0131\u015f\u0131r. <\/p>\n<h2>3) \u00c7EREZ T\u00dcRLERI\u0307.<\/h2>\n<p>A\u015fa\u011f\u0131da, kullan\u0131labilecek farkl\u0131 \u00e7erez t\u00fcrlerini daha iyi anlayabilmeniz i\u00e7in daha fazla bilgi sunuyoruz:<\/p>\n<h3>M\u00fclkiyete g\u00f6re.<\/h3>\n<p><strong>Kendi \u00c7erezleri:<\/strong> Edit\u00f6r\u00fcn kendisi taraf\u0131ndan y\u00f6netilen ve kullan\u0131c\u0131 taraf\u0131ndan talep edilen hizmetin sa\u011fland\u0131\u011f\u0131 bir bilgisayardan veya etki alan\u0131ndan kullan\u0131c\u0131n\u0131n terminal ekipman\u0131na g\u00f6nderilen \u00e7erezlerdir.<\/p>\n<p><strong>\u00dc\u00e7\u00fcnc\u00fc taraf \u00e7erezleri<\/strong>: Edit\u00f6r taraf\u0131ndan y\u00f6netilmeyen bir bilgisayardan veya etki alan\u0131ndan, ancak \u00e7erezler arac\u0131l\u0131\u011f\u0131yla elde edilen verileri i\u015fleyen ba\u015fka bir kurulu\u015f taraf\u0131ndan kullan\u0131c\u0131n\u0131n terminal ekipman\u0131na g\u00f6nderilen \u00e7erezlerdir.<\/p>\n<h3>Amac\u0131na g\u00f6re.<\/h3>\n<p><strong>Teknik \u00e7erezler (gerekli):<\/strong> Teknik \u00e7erezler, bir web portal\u0131n\u0131n do\u011fru \u00e7al\u0131\u015fmas\u0131 ve sundu\u011fu farkl\u0131 se\u00e7eneklerin ve hizmetlerin kullan\u0131lmas\u0131 i\u00e7in gerekli ve kesinlikle gerekli olan \u00e7erezlerdir.<\/p>\n<p>\u00d6rne\u011fin, oturum bak\u0131m\u0131, yan\u0131t s\u00fcresi y\u00f6netimi, performans vb. i\u00e7in kullan\u0131lanlar.<\/p>\n<p><strong>Tercih veya ki\u015fiselle\u015ftirme \u00e7erezleri:<\/strong> bunlar, kullan\u0131c\u0131n\u0131n, \u00f6rne\u011fin dil, kullan\u0131c\u0131 bir arama yapt\u0131\u011f\u0131nda g\u00f6sterilecek sonu\u00e7 say\u0131s\u0131, kullan\u0131c\u0131n\u0131n hizmete eri\u015fti\u011fi taray\u0131c\u0131 t\u00fcr\u00fcne veya kullan\u0131c\u0131n\u0131n hizmete eri\u015fti\u011fi b\u00f6lgeye ba\u011fl\u0131 olarak hizmetin g\u00f6r\u00fcn\u00fcm\u00fc veya i\u00e7eri\u011fi gibi deneyimlerini di\u011fer kullan\u0131c\u0131lardan farkl\u0131la\u015ft\u0131rabilecek belirli \u00f6zelliklerle hizmete eri\u015febilmesi i\u00e7in bilgileri hat\u0131rlamas\u0131na olanak tan\u0131yan \u00e7erezlerdir.<\/p>\n<p><strong>Analitik \u00e7erezler:<\/strong> bunlar, sorumlu ki\u015finin, reklamlar\u0131n etkilerinin \u00f6l\u00e7\u00fclmesi de dahil olmak \u00fczere, ba\u011flant\u0131l\u0131 olduklar\u0131 web sitelerinin kullan\u0131c\u0131lar\u0131n\u0131n davran\u0131\u015flar\u0131n\u0131 izlemesine ve analiz etmesine olanak tan\u0131yan \u00e7erezlerdir. Bu t\u00fcr \u00e7erezler arac\u0131l\u0131\u011f\u0131yla toplanan bilgiler, hizmet kullan\u0131c\u0131lar\u0131 taraf\u0131ndan yap\u0131lan kullan\u0131m verilerinin analizine dayal\u0131 iyile\u015ftirmeler sunmak amac\u0131yla web sitelerinin, uygulaman\u0131n veya platformun etkinli\u011fini \u00f6l\u00e7mek i\u00e7in kullan\u0131l\u0131r. <\/p>\n<p><strong>Davran\u0131\u015fsal reklam \u00e7erezleri<\/strong>: tarama al\u0131\u015fkanl\u0131klar\u0131n\u0131n s\u00fcrekli g\u00f6zlemlenmesi yoluyla elde edilen kullan\u0131c\u0131 davran\u0131\u015flar\u0131 hakk\u0131nda bilgi depolayan ve buna dayal\u0131 reklamlar\u0131 g\u00f6r\u00fcnt\u00fclemek i\u00e7in belirli bir profilin geli\u015ftirilmesine olanak tan\u0131yan \u00e7erezlerdir.<\/p>\n<h3>Son teslim tarihine g\u00f6re.<\/h3>\n<p><strong>Oturum \u00e7erezleri:<\/strong> Bunlar, kullan\u0131c\u0131 bir web sayfas\u0131na eri\u015firken veri toplamak ve depolamak i\u00e7in tasarlanm\u0131\u015f olanlard\u0131r. Genellikle kullan\u0131c\u0131 taraf\u0131ndan tek bir seferde talep edilen hizmetin sa\u011flanmas\u0131 i\u00e7in saklanmas\u0131 ilgin\u00e7 olan bilgileri saklamak i\u00e7in kullan\u0131l\u0131rlar (\u00f6rne\u011fin, sat\u0131n al\u0131nan \u00fcr\u00fcnlerin listesi) ve oturum sona erdi\u011finde kaybolurlar. <\/p>\n<p><strong>Kal\u0131c\u0131 \u00e7erezler:<\/strong> verilerin terminalde saklanmaya devam etti\u011fi ve \u00e7erezden sorumlu ki\u015fi taraf\u0131ndan tan\u0131mlanan ve birka\u00e7 dakikadan birka\u00e7 y\u0131la kadar de\u011fi\u015febilen bir s\u00fcre boyunca eri\u015filebildi\u011fi ve i\u015flenebildi\u011fi \u00e7erezlerdir.<\/p>\n<h3>Kendi \u00e7erezleriniz.<\/h3>\n<p>Bunlar, Kullan\u0131c\u0131n\u0131n bilgisayar\u0131na veya cihaz\u0131na g\u00f6nderilen ve Web Sitesinin en iyi \u015fekilde \u00e7al\u0131\u015fmas\u0131 i\u00e7in yaln\u0131zca BRALO, S.A. taraf\u0131ndan y\u00f6netilen \u00e7erezlerdir. Toplanan bilgiler, Web Sitesinin ve \u0130\u00e7eri\u011finin kalitesini ve bir Kullan\u0131c\u0131 olarak deneyiminizi iyile\u015ftirmek i\u00e7in kullan\u0131l\u0131r. Bu \u00e7erezler, Kullan\u0131c\u0131y\u0131 Web Sitesinin tekrar eden bir ziyaret\u00e7isi olarak tan\u0131mam\u0131za ve i\u00e7eri\u011fi tercihlerine uygun i\u00e7erik sunacak \u015fekilde uyarlamam\u0131za olanak tan\u0131r.  <\/p>\n<ul>\n<li>__wpdm_client: gerekli bir \u00e7erezdir. Web sitesinin se\u00e7eneklerini ve hizmetlerini kullanmak i\u00e7in olu\u015fturulur. Oturum s\u00fcresi. <\/li>\n<li>_gid: kal\u0131c\u0131 ve analitik bir Google Analytics \u00e7erezidir. Tek bir g\u00fcn i\u00e7in ayn\u0131 kullan\u0131c\u0131y\u0131 tan\u0131mlamak i\u00e7in kullan\u0131l\u0131r. S\u00fcre 1 g\u00fcn. Analitik bir \u00e7erezdir.   <\/li>\n<li>_ga: kal\u0131c\u0131 ve analitik bir Google Analytics \u00e7erezidir. Sunulan hizmetleri optimize etmek amac\u0131yla, yapt\u0131klar\u0131 etkile\u015fimleri hesaplamak i\u00e7in her kullan\u0131c\u0131 i\u00e7in bir tan\u0131mlay\u0131c\u0131 depolayarak benzersiz ziyaretleri izlemek i\u00e7in kullan\u0131l\u0131r. S\u00fcre 2 y\u0131l. Analitik bir \u00e7erezdir.   <\/li>\n<li>pll_language: Teknik bir \u00e7erezdir. Bu \u00e7erez, web sitesinin geli\u015ftirildi\u011fi ara\u00e7lar\u0131n tipik bir \u00f6rne\u011fidir, gezinme s\u0131ras\u0131nda se\u00e7ilen dili kaydeder. S\u00fcre 1 y\u0131l.  <\/li>\n<li>_ga_FSXHXV5M1N: : Google Analytics, kal\u0131c\u0131 ve analitik bir \u00e7erezdir. Tek bir g\u00fcn i\u00e7in ayn\u0131 kullan\u0131c\u0131y\u0131 tan\u0131mlamak i\u00e7in kullan\u0131l\u0131r. S\u00fcre 1 y\u0131l. Analitik bir \u00e7erezdir.   <\/li>\n<li>SL_C_23361dd035530_SID: web sitesinin normal geli\u015fimi i\u00e7in gerekli olan teknik bir \u00e7erezdir. S\u00fcre 1 y\u0131l. <\/li>\n<li>DSID: Google Hesab\u0131nda oturum a\u00e7m\u0131\u015f ancak \u00fc\u00e7\u00fcnc\u00fc taraf sitelere g\u00f6z atan bir kullan\u0131c\u0131y\u0131 tan\u0131mlamak ve kullan\u0131c\u0131n\u0131n reklam ki\u015fiselle\u015ftirmeyi etkinle\u015ftirip etkinle\u015ftirmedi\u011fini hat\u0131rlamak i\u00e7in kullan\u0131l\u0131r. Bu \u00e7erez 2 hafta dayan\u0131r. <\/li>\n<li>ar_debug: DoubleClick&#8217;in kendi \u00e7erezidir. S\u00fcre 1 ay. <\/li>\n<li>Kimlik: &#8220;Kimlik&#8221; \u00e7erezi, bir web sitesini ziyaret ederken belirli bir kullan\u0131c\u0131ya veya cihaza atanan benzersiz bir tan\u0131mlay\u0131c\u0131d\u0131r. Bu \u00e7erezin kullan\u0131c\u0131 etkinli\u011fini izlemek, oturum a\u00e7ma durumunu s\u00fcrd\u00fcrmek veya kullan\u0131c\u0131n\u0131n web sitesindeki deneyimini ki\u015fiselle\u015ftirmek gibi \u00e7e\u015fitli ama\u00e7lar\u0131 olabilir. S\u00fcresi de\u011fi\u015fkendir.  <\/li>\n<\/ul>\n<h3>\u00dc\u00e7\u00fcnc\u00fc taraf \u00e7erezleri<\/h3>\n<p>Web sitesi \u00fc\u00e7\u00fcnc\u00fc taraf \u00e7erezleri olu\u015fturmaz.<\/p>\n<p>BRALO, S.A. Sosyal medya web sayfalar\u0131na y\u00f6nlendiren veya i\u00e7erik payla\u015fan herhangi bir ba\u011flant\u0131 veya eklenti i\u00e7ermez.<\/p>\n<h2>4) \u00c7EREZLER\u0130 \u0130\u015eLEME SORUMLUSU<\/h2>\n<p>Web sitesinin sahibi ve burada kullan\u0131lan \u00e7erezlerin i\u015flenmesinden sorumlu ki\u015fi ve ileti\u015fim bilgilerine bu sayfadaki Yasal Bildirimden eri\u015filebilir. Ayn\u0131 \u015fekilde, daha sonra a\u00e7\u0131klanaca\u011f\u0131 \u00fczere, bu web sitesinin sahibi d\u0131\u015f\u0131ndaki \u00fc\u00e7\u00fcnc\u00fc taraflardan gelen \u00e7erezler de olabilir. <\/p>\n<h2>5) \u00c7EREZLER\u0130N KULLANIMI I\u00c7IN ME\u015eRU\u0130YET.<\/h2>\n<p>Teknik \u00e7erezler, yani bu web sitesinde gezinmek ve bu web sitesi arac\u0131l\u0131\u011f\u0131yla sunulan hizmeti almak i\u00e7in gerekli olanlar s\u00f6z konusu oldu\u011funda, bunlar\u0131n kullan\u0131m\u0131n\u0131n yasal dayana\u011f\u0131, bu web sitesini kullanmaya ve hizmetlerini kullanmaya karar verdi\u011finiz s\u00f6zle\u015fmedir.<\/p>\n<p>\u00c7erezlerin geri kalan\u0131n\u0131n kullan\u0131m\u0131 i\u00e7in yasal dayanak, bu web sitesine eri\u015fim s\u0131ras\u0131nda talep edilen ve herhangi bir zamanda iptal edilebilecek olan kullan\u0131c\u0131n\u0131n r\u0131zas\u0131d\u0131r. S\u00f6z konusu r\u0131zan\u0131n geri \u00e7ekilmesi, bu web sitesine g\u00f6z atma ve hizmetlerini kullanma olas\u0131l\u0131\u011f\u0131n\u0131 etkilemeyecektir, ancak daha \u00f6nce ger\u00e7ekle\u015ftirilen veri i\u015fleme, r\u0131zan\u0131n iptal edilmi\u015f olmas\u0131 nedeniyle yasall\u0131\u011f\u0131n\u0131 kaybetmeyecektir. <\/p>\n<h2>6) ONAY.<\/h2>\n<p>Kullan\u0131c\u0131n\u0131n, yukar\u0131da belirtilen s\u00fcreler boyunca ve bu \u00c7erez Politikas\u0131nda yer alan ko\u015fullar alt\u0131nda, \u00f6nceden duyurulan \u00e7erezlerin kullan\u0131m\u0131n\u0131 a\u00e7\u0131k\u00e7a ve aktif olarak kabul etmesi gerekecektir.<\/p>\n<h2>7) RIZANIN GER\u0130 \u00c7EK\u0130LMES\u0130.<\/h2>\n<p>Kullan\u0131c\u0131, bu \u00c7erez Politikas\u0131 ile ilgili onay\u0131n\u0131 istedi\u011fi zaman geri \u00e7ekebilir, bu nedenle internet taray\u0131c\u0131s\u0131n\u0131n ayarlar\u0131n\u0131 ve yap\u0131land\u0131rmalar\u0131n\u0131 kullanarak bilgisayar\u0131nda depolanan \u00e7erezleri silmesi gerekir.<\/p>\n<h2>8) \u0130LG\u0130L\u0130 TARAFIN HAKLARI.<\/h2>\n<p>\u00c7o\u011fu \u00e7erez, kullan\u0131c\u0131n\u0131n kimli\u011finin elde edilmesine izin vermeyen anonim bilgiler toplar, ancak dahil edilen kodlardan baz\u0131lar\u0131 kullan\u0131lan cihaz\u0131n taray\u0131c\u0131s\u0131n\u0131 ay\u0131rmaya veya ki\u015fiselle\u015ftirmeye hizmet eder ve veri korumaya ili\u015fkin d\u00fczenlemeler ki\u015fisel bilgileri uygulayabilir. Bu nedenle, \u00e7erezler arac\u0131l\u0131\u011f\u0131yla elde edilen bilgilerin bu \u00c7erez Politikas\u0131&#8217;nda belirtilen ama\u00e7lar do\u011frultusunda i\u015flenece\u011fini bildiririz. Ayn\u0131 \u015fekilde, bu bilgiler, kendi gizlilik politikalar\u0131nda belirtilen ama\u00e7lar do\u011frultusunda \u00e7erez sa\u011flayan \u015firketler taraf\u0131ndan da i\u015flenecektir.  <\/p>\n<p>Bununla birlikte, bu kodlar\u0131n Kullan\u0131c\u0131n\u0131n kimli\u011finin belirlenmesine izin vermedi\u011fi dikkate al\u0131nd\u0131\u011f\u0131nda, Kullan\u0131c\u0131 kimli\u011finizi \u00e7erezlerinizin kimlik kodlar\u0131yla ili\u015fkilendirmenize olanak tan\u0131yan ek bilgiler sa\u011flayamad\u0131\u011f\u0131 s\u00fcrece, veri koruma d\u00fczenlemelerinde tan\u0131nan eri\u015fim, d\u00fczeltme, silme, itiraz, s\u0131n\u0131rlama ve ta\u015f\u0131nabilirlik haklar\u0131 ge\u00e7erli olmayacakt\u0131r.<\/p>\n<p>Veri koruma hakk\u0131n\u0131z\u0131n ihlal edildi\u011fini d\u00fc\u015f\u00fcn\u00fcyorsan\u0131z, kullan\u0131c\u0131 \u0130spanya Veri Koruma Ajans\u0131&#8217;na (www.aepd.es) veya Veri Koruma Delegemize\/veri koruma g\u00f6revlimize bralo@bralo.es e-posta adresinden ba\u015fvurabilir.<\/p>\n<p>\u00d6te yandan, baz\u0131 tedarik\u00e7ilerimizin, ortaklar\u0131m\u0131z\u0131n ve i\u015fbirlik\u00e7ilerimizin Amerika Birle\u015fik Devletleri&#8217;nde veya mevzuat\u0131 Avrupa&#8217;dakine e\u015fde\u011fer bir veri koruma d\u00fczeyi sunmayan di\u011fer \u00fclkelerde bulunabilece\u011fini size bildiririz. \u00c7erez kullan\u0131m\u0131na ve veri payla\u015f\u0131m\u0131na izin vererek, ki\u015fisel verilerinizin aktar\u0131lmas\u0131na izin vermi\u015f olursunuz. <\/p>\n<h2>9) \u00c7EREZ Y\u00d6NETI\u0307MI\u0307: Tamamlay\u0131c\u0131 garantiler.<\/h2>\n<p>T\u00fcm \u0130nternet taray\u0131c\u0131lar\u0131, taray\u0131c\u0131 ayarlar\u0131 veya se\u00e7enekleri dahilinde bir \u00e7erezin davran\u0131\u015f\u0131n\u0131 s\u0131n\u0131rlaman\u0131za veya \u00e7erezleri devre d\u0131\u015f\u0131 b\u0131rakman\u0131za olanak tan\u0131r. Bunu yapmak i\u00e7in gereken ad\u0131mlar her taray\u0131c\u0131 i\u00e7in farkl\u0131d\u0131r ve talimatlar her taray\u0131c\u0131n\u0131n yard\u0131m men\u00fcs\u00fcnde bulunabilir.<br \/>Bir\u00e7ok taray\u0131c\u0131, ziyaretten sonra \u00e7erezlerin her zaman silindi\u011fi \u00f6zel bir modu etkinle\u015ftirmenize izin verir. Her taray\u0131c\u0131ya ba\u011fl\u0131 olarak, bu \u00f6zel mod farkl\u0131 isimlere sahip olabilir. A\u015fa\u011f\u0131da, \u00e7erez ayarlar\u0131na ve bu &#8220;\u00f6zel modun&#8221; farkl\u0131 adlar\u0131na bir ba\u011flant\u0131 i\u00e7eren en yayg\u0131n taray\u0131c\u0131lar\u0131n bir listesini bulabilirsiniz:   <\/p>\n<ul>\n<li>Internet Explorer: <a href=\"http:\/\/windows.microsoft.com\/es-xl\/internet-explorer\/delete-manage-cookies#ie=ie-11\" rel=\"nofollow noopener\" target=\"_blank\">http:\/\/windows.microsoft.com\/es-xl\/internet-explorer\/delete-manage-cookies#ie=ie-11<\/a><\/li>\n<li>FireFox: <a href=\"https:\/\/support.mozilla.org\/es\/kb\/Borrarcookies\" rel=\"nofollow noopener\" target=\"_blank\">https:\/\/support.mozilla.org\/es\/kb\/Borrarcookies<\/a><\/li>\n<li>Chrome: <a href=\"https:\/\/support.google.com\/chrome\/answer\/95647?hl=es\" rel=\"nofollow noopener\" target=\"_blank\">https:\/\/support.google.com\/chrome\/answer\/95647?hl=es<\/a><\/li>\n<li>Safari: <a href=\"http:\/\/www.apple.com\/legal\/privacy\/es\/cookies\/\" rel=\"nofollow noopener\" target=\"_blank\">http:\/\/www.apple.com\/legal\/privacy\/es\/cookies\/<\/a><\/li>\n<li>Opera: <a href=\"https:\/\/help.opera.com\/en\/latest\/security-and-privacy\/\" rel=\"nofollow noopener\" target=\"_blank\">https:\/\/help.opera.com\/en\/latest\/security-and-privacy\/<\/a><\/li>\n<li>Safari para iOS (dispositivos iPhone y iPad): <a href=\"http:\/\/help.opera.com\/Linux\/10.50\/en\/cookies.html\" rel=\"nofollow noopener\" target=\"_blank\">http:\/\/help.opera.com\/Linux\/10.50\/en\/cookies.html<\/a><\/li>\n<li>Chrome para Android: <a href=\"https:\/\/support.google.com\/chrome\/answer\/2392971?hl=es\" rel=\"nofollow noopener\" target=\"_blank\">https:\/\/support.google.com\/chrome\/answer\/2392971?hl=es<\/a><\/li>\n<li>Windows Phone: <a href=\"http:\/\/www.windowsphone.com\/es-es\/how-to\/wp7\/web\/changing-privacy-and-other-browser-\" rel=\"nofollow noopener\" target=\"_blank\">http:\/\/www.windowsphone.com\/es-es\/how-to\/wp7\/web\/changing-privacy-and-other-browser-<\/a><\/li>\n<\/ul>\n<p>\u00c7erezlerin silinmesi, devre d\u0131\u015f\u0131 b\u0131rak\u0131lmas\u0131 veya engellenmesi hakk\u0131nda daha fazla bilgi almak i\u00e7in ayr\u0131ca \u015furay\u0131 ziyaret edebilirsiniz: <a href=\"http:\/\/www.aboutcookies.org\/Default.aspx?page=2\" rel=\"nofollow noopener\" target=\"_blank\">http:\/\/www.aboutcookies.org\/Default.aspx?page=2<\/a><\/p>\n<p>\u00c7erezler devre d\u0131\u015f\u0131 b\u0131rak\u0131l\u0131rsa, tercihlerinizi koruyamay\u0131z ve Web Sitesinin baz\u0131 i\u015flevleri \u00e7al\u0131\u015fmayabilir ve size ki\u015fiselle\u015ftirilmi\u015f hizmetler sunamayabiliriz.<\/p>\n<h2>10) \u00c7EREZ POLI\u0307TI\u0307KASININ G\u00dcNCELLENMESI\u0307.<\/h2>\n<p>Bu web sitesi bu \u00c7erez Politikas\u0131n\u0131 de\u011fi\u015ftirebilir, bu nedenle \u00e7erez kullan\u0131m\u0131m\u0131z hakk\u0131nda yeterince bilgi sahibi olman\u0131z i\u00e7in web sitemize her eri\u015fti\u011finizde bu politikay\u0131 g\u00f6zden ge\u00e7irmenizi \u00f6neririz.<\/p>\n<p>Son g\u00f6zden ge\u00e7irme: 18\/03\/24<\/p>\n<p>[\/et_pb_text][\/et_pb_column][et_pb_column type=&#8221;1_5&#8243; _builder_version=&#8221;4.21.0&#8243; _module_preset=&#8221;default&#8221; global_colors_info=&#8221;{}&#8221;][\/et_pb_column][\/et_pb_row][\/et_pb_section]<\/p>\n","protected":false},"excerpt":{"rendered":"<p>\u00c7EREZ POLI\u0307TI\u0307KASI (https:\/\/bralo.com\/) &nbsp; Bilgi Toplumu Hizmetleri ve Elektronik Ticaret (LSSICE) hakk\u0131ndaki 11 Temmuz tarihli 34\/2002. maddesine uygun olarak, Web Sitesinin a\u015fa\u011f\u0131daki yasal y\u00f6nleri rapor edilmi\u015ftir: Web: https:\/\/bralo.com\/ . Tutucu: BRALO, S.A. Adres: C\/ Milanos 12, P.I. La Estaci\u00f3n. 28320-Pinto C.I.F.: A78105822 Telefon: 916928285 E-posta: bralo@bralo.es . Kay\u0131t verileri: Reg. mercantil de Madrid n\u00ba 3. [&hellip;]<\/p>\n","protected":false},"author":2,"featured_media":0,"parent":0,"menu_order":0,"comment_status":"closed","ping_status":"closed","template":"","meta":{"_acf_changed":false,"_et_pb_use_builder":"on","_et_pb_old_content":"","_et_gb_content_width":"","inline_featured_image":false,"footnotes":""},"class_list":["post-36665","page","type-page","status-publish","hentry"],"acf":[],"_links":{"self":[{"href":"https:\/\/bralo.com\/tr\/wp-json\/wp\/v2\/pages\/36665","targetHints":{"allow":["GET"]}}],"collection":[{"href":"https:\/\/bralo.com\/tr\/wp-json\/wp\/v2\/pages"}],"about":[{"href":"https:\/\/bralo.com\/tr\/wp-json\/wp\/v2\/types\/page"}],"author":[{"embeddable":true,"href":"https:\/\/bralo.com\/tr\/wp-json\/wp\/v2\/users\/2"}],"replies":[{"embeddable":true,"href":"https:\/\/bralo.com\/tr\/wp-json\/wp\/v2\/comments?post=36665"}],"version-history":[{"count":2,"href":"https:\/\/bralo.com\/tr\/wp-json\/wp\/v2\/pages\/36665\/revisions"}],"predecessor-version":[{"id":36667,"href":"https:\/\/bralo.com\/tr\/wp-json\/wp\/v2\/pages\/36665\/revisions\/36667"}],"wp:attachment":[{"href":"https:\/\/bralo.com\/tr\/wp-json\/wp\/v2\/media?parent=36665"}],"curies":[{"name":"wp","href":"https:\/\/api.w.org\/{rel}","templated":true}]}}