{"id":36671,"date":"2023-04-18T16:06:58","date_gmt":"2023-04-18T16:06:58","guid":{"rendered":"https:\/\/bralo.com\/yasal-uyari\/"},"modified":"2025-02-27T12:40:33","modified_gmt":"2025-02-27T12:40:33","slug":"yasal-uyari","status":"publish","type":"page","link":"https:\/\/bralo.com\/tr\/yasal-uyari\/","title":{"rendered":"Yasal Uyari"},"content":{"rendered":"<p>[et_pb_section fb_built=&#8221;1&#8243; _builder_version=&#8221;4.21.0&#8243; _module_preset=&#8221;default&#8221; global_colors_info=&#8221;{}&#8221; da_is_popup=&#8221;off&#8221; da_exit_intent=&#8221;off&#8221; da_has_close=&#8221;on&#8221; da_alt_close=&#8221;off&#8221; da_dark_close=&#8221;off&#8221; da_not_modal=&#8221;on&#8221; da_is_singular=&#8221;off&#8221; da_with_loader=&#8221;off&#8221; da_has_shadow=&#8221;on&#8221; da_disable_devices=&#8221;off|off|off&#8221;][et_pb_row column_structure=&#8221;1_5,3_5,1_5&#8243; _builder_version=&#8221;4.21.0&#8243; _module_preset=&#8221;default&#8221; global_colors_info=&#8221;{}&#8221;][et_pb_column type=&#8221;1_5&#8243; _builder_version=&#8221;4.21.0&#8243; _module_preset=&#8221;default&#8221; global_colors_info=&#8221;{}&#8221;][\/et_pb_column][et_pb_column type=&#8221;3_5&#8243; _builder_version=&#8221;4.21.0&#8243; _module_preset=&#8221;default&#8221; global_colors_info=&#8221;{}&#8221;][et_pb_text _builder_version=&#8221;4.25.1&#8243; _module_preset=&#8221;default&#8221; header_text_color=&#8221;#006CA7&#8243; header_2_text_color=&#8221;#006CA7&#8243; header_2_font_size=&#8221;21px&#8221; header_3_font=&#8221;|600|||||||&#8221; header_3_font_size=&#8221;18px&#8221; hover_enabled=&#8221;0&#8243; global_colors_info=&#8221;{}&#8221; sticky_enabled=&#8221;0&#8243;]<\/p>\n<h1 style=\"text-align: center;\">YASAL UYARI (<a href=\"https:\/\/bralo.com\/tr\/\">https:\/\/bralo.com\/<\/a> )<\/h1>\n<h2>1) SAH\u0130P B\u0130LG\u0130LER\u0130<\/h2>\n<p><span style=\"font-weight: 400;\">Bilgi Toplumu Hizmetleri ve Elektronik Ticaret hakk\u0131ndaki 11 Temmuz tarihli 34\/2002 say\u0131l\u0131 yasan\u0131n 10. maddesine uygun olarak, Sahibin kimlik bilgileri a\u015fa\u011f\u0131da belirtilmi\u015ftir:<\/span><\/p>\n<table>\n<tbody>\n<tr>\n<td><span style=\"font-weight: 400;\">Sahip:<\/span><\/td>\n<td><a href=\"https:\/\/bralo.com\/tr\/\"><span style=\"font-weight: 400;\">https:\/\/bralo.com\/<\/span><\/a> <span style=\"font-weight: 400;\">.<\/span><\/td>\n<\/tr>\n<tr>\n<td><span style=\"font-weight: 400;\">Tutucu:<\/span><\/td>\n<td><span style=\"font-weight: 400;\">BRALO, S.A.<\/span><\/td>\n<\/tr>\n<tr>\n<td><span style=\"font-weight: 400;\">Adres:<\/span><\/td>\n<td><span style=\"font-weight: 400;\">C\/ Milanos 12, P.I. La Estaci\u00f3n. 28320-Pinto <\/span><\/td>\n<\/tr>\n<tr>\n<td><span style=\"font-weight: 400;\">C.I.F.:<\/span><\/td>\n<td><span style=\"font-weight: 400;\">A78105822<\/span><\/td>\n<\/tr>\n<tr>\n<td><span style=\"font-weight: 400;\">Telefon:<\/span><\/td>\n<td><span style=\"font-weight: 400;\">916928285<\/span><\/td>\n<\/tr>\n<tr>\n<td><span style=\"font-weight: 400;\">E-posta:<\/span><\/td>\n<td><a href=\"mailto:bralo@bralo.es\"><span style=\"font-weight: 400;\">bralo@bralo.es<\/span><\/a> <span style=\"font-weight: 400;\">.<\/span><\/td>\n<\/tr>\n<tr>\n<td><span style=\"font-weight: 400;\">Kay\u0131t verileri:<\/span><\/td>\n<td><span style=\"font-weight: 400;\">Reg. mercantil de Madrid n\u00ba 3. Tomo 332, Gral. 301, Folio 54, n\u00ba 62245.3. Inscripci\u00f3n 1\u00ba  <\/span><\/td>\n<\/tr>\n<\/tbody>\n<\/table>\n<p>&nbsp;<\/p>\n<h2>2) ERI\u0307\u015eI\u0307M VE KULLANIM H\u00dcK\u00dcM VE KO\u015eULLARI.<\/h2>\n<h3>Web sitesi.<\/h3>\n<p><span style=\"font-weight: 400;\">Bu Genel Kullan\u0131m Ko\u015fullar\u0131n\u0131n (bundan b\u00f6yle Ko\u015fullar olarak an\u0131lacakt\u0131r) amac\u0131, Web Sitesine eri\u015fimi ve Web Sitesinin kullan\u0131m\u0131n\u0131 d\u00fczenlemektir.<\/span><\/p>\n<p><span style=\"font-weight: 400;\">BRALO, S.A., herhangi bir zamanda ve \u00f6nceden bildirimde bulunmaks\u0131z\u0131n, Web Sitesinin sunumunu ve yap\u0131land\u0131rmas\u0131n\u0131 ve bunlara dahil edilebilecek \u0130\u00e7erik ve Hizmetleri de\u011fi\u015ftirme hakk\u0131n\u0131 sakl\u0131 tutar. Kullan\u0131c\u0131, BRALO, S.A.&#8217;n\u0131n Web Sitesine entegre edilen bu unsurlardan herhangi birini veya bunlara eri\u015fimi herhangi bir zamanda kesintiye u\u011fratabilece\u011fini, devre d\u0131\u015f\u0131 b\u0131rakabilece\u011fini ve\/veya iptal edebilece\u011fini kabul ve beyan eder. <\/span><\/p>\n<p><span style=\"font-weight: 400;\">Kullan\u0131c\u0131 taraf\u0131ndan Web Sitesine eri\u015fim \u00fccretsizdir ve genel bir kural olarak, Kullan\u0131c\u0131n\u0131n s\u00f6zle\u015fmeli oldu\u011fu eri\u015fim sa\u011flay\u0131c\u0131s\u0131 taraf\u0131ndan sa\u011flanan telekom\u00fcnikasyon a\u011f\u0131 \u00fczerinden ba\u011flant\u0131 maliyetiyle ilgili olanlar hari\u00e7 olmak \u00fczere, Kullan\u0131c\u0131n\u0131n bundan yararlanabilmek i\u00e7in herhangi bir tazminat \u00f6demesine gerek olmaks\u0131z\u0131n \u00fccretsizdir.<\/span><\/p>\n<p><span style=\"font-weight: 400;\">Web Sitesinin \u0130\u00e7erik veya Hizmetlerinden herhangi birinin kullan\u0131m\u0131, Kullan\u0131c\u0131n\u0131n \u00f6nceden aboneli\u011fi veya kayd\u0131 yoluyla yap\u0131labilir.<\/span><\/p>\n<p>&nbsp;<\/p>\n<h3>Kullan\u0131c\u0131.<\/h3>\n<p><span style=\"font-weight: 400;\">Web Sitesine eri\u015fim, gezinme ve kullan\u0131m (ayr\u0131ca varsa yorumlar ve\/veya blog alanlar\u0131 gibi Kullan\u0131c\u0131lar ve Kullan\u0131c\u0131 ile BRALO, S.A. aras\u0131nda etkile\u015fime olanak tan\u0131yan alanlar), kullan\u0131c\u0131 ko\u015fulunu sa\u011flar. Bu nedenle, Kullan\u0131c\u0131, Web Sitesini ve Web Sitesi arac\u0131l\u0131\u011f\u0131yla sunulan hizmetleri, Kanun, ahlak, iyi gelenekler ve kamu d\u00fczeninin yan\u0131 s\u0131ra bu maddenin h\u00fck\u00fcmlerine uygun bir \u015fekilde kullanmay\u0131 taahh\u00fct eder. Sonu\u00e7 olarak, Web Sitesini yasad\u0131\u015f\u0131 ve\/veya belirlenmi\u015f olana ayk\u0131r\u0131, \u00fc\u00e7\u00fcnc\u00fc taraflar\u0131n haklar\u0131na ve\/veya \u00e7\u0131karlar\u0131na zararl\u0131 veya herhangi bir \u015fekilde Web Sitesine zarar verebilecek veya normal kullan\u0131m\u0131n\u0131 veya Web Sitesi arac\u0131l\u0131\u011f\u0131yla eri\u015filebilen hizmetleri engelleyebilecek ama\u00e7lar veya etkiler i\u00e7in kullanmamakla y\u00fck\u00fcml\u00fcs\u00fcn\u00fcz.  <\/span><\/p>\n<p><span style=\"font-weight: 400;\">Web Sitesinin ve\/veya Hizmetlerinin kullan\u0131m\u0131, bu Yasal Bildirimin en son g\u00fcncellenmi\u015f versiyonunda yer alan maddelerin her birinin tam ve ko\u015fulsuz kabul\u00fc ve ge\u00e7erlili\u011fi anlam\u0131na gelecektir, bu nedenle Kullan\u0131c\u0131, Web&#8217;i her ziyaret etti\u011finizde bunlar\u0131 okuman\u0131n \u00f6neminin fark\u0131nda olmal\u0131d\u0131r. Ayn\u0131 zamanda, BRALO, S.A. ile Kullan\u0131c\u0131 aras\u0131nda herhangi bir ticari ili\u015fki kuruldu\u011fu anlam\u0131na gelmez. <\/span><\/p>\n<p><span style=\"font-weight: 400;\">Web Sitesine eri\u015fim, gezinme ve kullan\u0131m\u0131n yan\u0131 s\u0131ra Kullan\u0131c\u0131lar ve Kullan\u0131c\u0131 ile BRALO, S.A. aras\u0131nda etkile\u015fime olanak tan\u0131yan yorumlar ve\/veya blog alanlar\u0131 gibi alanlar Kullan\u0131c\u0131 stat\u00fcs\u00fcn\u00fc verir, bu nedenle burada belirlenen t\u00fcm Ko\u015fullar ve bunlar\u0131n sonraki de\u011fi\u015fiklikleri, duruma g\u00f6re ilgili zorunlu yasal d\u00fczenlemelerin uygulanmas\u0131na halel getirmeksizin, Web Sitesinde gezinmeye ba\u015flad\u0131\u011f\u0131n\u0131z andan itibaren kabul edilir. Yukar\u0131dakilerin \u00f6nemi g\u00f6z \u00f6n\u00fcne al\u0131nd\u0131\u011f\u0131nda, Kullan\u0131c\u0131ya Web Sitesini her ziyaret etti\u011finde bunlar\u0131 okumas\u0131 tavsiye edilir. <\/span><\/p>\n<p><span style=\"font-weight: 400;\">BRALO, S.A. yasalar\u0131 ihlal eden, ki\u015finin onuruna sayg\u0131 duymayan, ayr\u0131mc\u0131, yabanc\u0131 d\u00fc\u015fman\u0131, \u0131rk\u00e7\u0131, pornografik, spam, gen\u00e7lere veya \u00e7ocuklu\u011fa, d\u00fczene veya kamu g\u00fcvenli\u011fine sald\u0131ran veya kendi g\u00f6r\u00fc\u015f\u00fcne g\u00f6re yay\u0131na uygun olmayan t\u00fcm yorumlar\u0131 ve katk\u0131lar\u0131 geri \u00e7ekme hakk\u0131n\u0131 sakl\u0131 tutar.<\/span><\/p>\n<p><span style=\"font-weight: 400;\">Her hal\u00fckarda, BRALO, S.A. Kullan\u0131c\u0131lar taraf\u0131ndan yorumlar veya var olabilecek di\u011fer bloglama veya kat\u0131l\u0131m ara\u00e7lar\u0131 arac\u0131l\u0131\u011f\u0131yla ifade edilen g\u00f6r\u00fc\u015flerden sorumlu olmayacakt\u0131r.<\/span><\/p>\n<p><span style=\"font-weight: 400;\">Her zaman y\u00fcr\u00fcrl\u00fckteki mevzuata uygun olarak, bu BRALO, S.A. Web Sitesi, ya\u015f\u0131 ne olursa olsun, Web Sitesinin sayfalar\u0131na eri\u015febilen ve\/veya gezinebilen t\u00fcm ki\u015filere y\u00f6neliktir.<\/span><\/p>\n<p><span style=\"font-weight: 400;\">Web sitesi esas olarak \u0130spanya&#8217;da (\u00dcLKE) ikamet eden Kullan\u0131c\u0131lara y\u00f6neliktir. BRALO, S.A., Web Sitesinin di\u011fer \u00fclkelerin yasalar\u0131na tamamen veya k\u0131smen uygun oldu\u011funu garanti etmez. Kullan\u0131c\u0131 ba\u015fka bir yerde ikamet ediyorsa veya yerle\u015fikse ve Web Sitesine eri\u015fmeye ve\/veya Web Sitesinde gezinmeye karar verirse, bunu kendi sorumlulu\u011fu alt\u0131nda yapacak ve s\u00f6z konusu eri\u015fim ve gezinmenin EDOR&#8217;u varsaymaks\u0131z\u0131n kendisi i\u00e7in ge\u00e7erli olan yerel mevzuata uygun olmas\u0131n\u0131 sa\u011flamal\u0131d\u0131r. TEAM, s\u00f6z konusu eri\u015fimden kaynaklanabilecek hi\u00e7bir sorumlulu\u011fu kabul etmez.   <\/span><\/p>\n<p>&nbsp;<\/p>\n<h2>3) F\u0130KR\u0130 M\u00dcLK\u0130YET.<\/h2>\n<p><span style=\"font-weight: 400;\">Olas\u0131 fikri m\u00fclkiyet haklar\u0131n\u0131n korunmas\u0131 amac\u0131yla, herhangi bir kullan\u0131c\u0131 veya \u00fc\u00e7\u00fcnc\u00fc taraf\u0131n Web&#8217;de belirli i\u00e7eriklerin sunulmas\u0131 nedeniyle me\u015fru haklar\u0131n\u0131n ihlal edildi\u011fini d\u00fc\u015f\u00fcnmesi durumunda, s\u00f6z konusu durumu BRALO, S.A.&#8217;ya bildirmeleri gerekmektedir:<\/span><\/p>\n<ul>\n<li><span style=\"font-weight: 400;\">\u0130hlal edildi\u011fi iddia edilen haklar\u0131n sahibi olan ilgili ki\u015finin ki\u015fisel verileri. Talebin ilgili ki\u015fi d\u0131\u015f\u0131nda \u00fc\u00e7\u00fcnc\u00fc bir taraf\u00e7a sunulmas\u0131 halinde, hangi temsilcilikle hareket etti\u011finizi belirtmelisiniz. <\/span><\/li>\n<li><span style=\"font-weight: 400;\">Fikri m\u00fclkiyet haklar\u0131 ile korunan i\u00e7eriklerin ve bunlar\u0131n Web \u00fczerindeki konumlar\u0131n\u0131n belirtilmesi.<\/span><\/li>\n<li><span style=\"font-weight: 400;\">Yukar\u0131da belirtilen Fikri m\u00fclkiyet haklar\u0131n\u0131n akreditasyonu.<\/span><\/li>\n<li><span style=\"font-weight: 400;\">\u0130lgili taraf\u0131n bildirimde verilen bilgilerin do\u011frulu\u011fundan sorumlu oldu\u011fu a\u00e7\u0131k beyan.<\/span><\/li>\n<\/ul>\n<p><span style=\"font-weight: 400;\">BRALO, S.A. markas\u0131 ve ilgili grafik i\u015fareti tescilli bir ticari markad\u0131r ve sahibinin izni olmadan \u00e7o\u011falt\u0131lmas\u0131 veya kullan\u0131lmas\u0131 yasakt\u0131r. Ayn\u0131 \u015fekilde, bu bildirimin 1. b\u00f6l\u00fcm\u00fcnde ayr\u0131nt\u0131lar\u0131 verilen web sitelerinde g\u00f6r\u00fcnen BRALO, S.A.&#8217;n\u0131n di\u011fer t\u00fcm markalar\u0131. <\/span><\/p>\n<p><span style=\"font-weight: 400;\">\u00dc\u00e7\u00fcnc\u00fc taraflarca sa\u011flanan i\u00e7eri\u011fe kar\u015f\u0131l\u0131k gelen fikri veya s\u0131nai m\u00fclkiyet haklar\u0131n\u0131n me\u015fruiyeti m\u00fcnhas\u0131ran bu taraflar\u0131n sorumlulu\u011fundad\u0131r.<\/span><\/p>\n<p>&nbsp;<\/p>\n<h2>4) SORUMLULU\u011eUN HARI\u0307\u00c7 TUTULMASI.<\/h2>\n<p><span style=\"font-weight: 400;\">BRALO, S.A. web sitesinde sunulan veri ve bilgilerin her zaman g\u00fcncel olmas\u0131 i\u00e7in m\u00fcmk\u00fcn olan en b\u00fcy\u00fck \u00f6zeni g\u00f6sterir. Web sitesinin i\u00e7eri\u011finin do\u011frulu\u011funu ve g\u00fcncellenmesini garanti etmez ve bunlardan sorumlu de\u011fildir, bu i\u00e7erikleri herhangi bir zamanda de\u011fi\u015ftirme hakk\u0131n\u0131 sakl\u0131 tutar. BRALO, S.A. web sitesinde yer alan ba\u011flant\u0131lar arac\u0131l\u0131\u011f\u0131yla elde edilebilecek bilgilerden de sorumlu olmayacakt\u0131r.  <\/span><\/p>\n<p><span style=\"font-weight: 400;\">M\u00fc\u015fteriler aras\u0131ndaki ticari ili\u015fkiler, gerekirse BRALO, S.A. taraf\u0131ndan bu ama\u00e7 i\u00e7in \u00f6zel bir belgede veya m\u00fc\u015fterilerle mutab\u0131k kal\u0131nabilecek \u00f6zel anla\u015fmalar i\u00e7in olu\u015fturulacak genel ko\u015fullara tabi olacakt\u0131r.<\/span><\/p>\n<p>&nbsp;<\/p>\n<h2>5) TI\u0307CARI\u0307 BI\u0307LGI\u0307 VE REKLAM POLI\u0307TI\u0307KASI.<\/h2>\n<p><span style=\"font-weight: 400;\">BRALO, S.A. bu vesileyle yan\u0131lt\u0131c\u0131 reklam yapmamay\u0131 taahh\u00fct eder. Bu nedenle, bu ama\u00e7lar do\u011frultusunda, Web Sitesinin farkl\u0131 b\u00f6l\u00fcmlerinin i\u00e7eri\u011finde bulunabilecek, i\u00e7erilen bilgilerin eksik bak\u0131m\u0131 ve\/veya g\u00fcncellenmesinin bir sonucu olarak \u00fcretilen bi\u00e7imsel veya say\u0131sal hatalar, bu b\u00f6l\u00fcmlerde yan\u0131lt\u0131c\u0131 reklam olarak kabul edilmeyecektir. BRALO, S.A., bu b\u00f6l\u00fcm\u00fcn h\u00fck\u00fcmlerinin bir sonucu olarak, s\u00f6z konusu hatalar\u0131n fark\u0131na var\u0131r varmaz bunlar\u0131 d\u00fczeltmeyi taahh\u00fct eder.  <\/span><\/p>\n<p><span style=\"font-weight: 400;\">BRALO, S.A., Bilgi Toplumu Hizmetleri ve elektronik ticaret hakk\u0131ndaki 34\/2002 say\u0131l\u0131 Kanun h\u00fck\u00fcmlerine uygun olarak, bu \u015fekilde tan\u0131mlanmadan ticari ileti\u015fim g\u00f6ndermemeyi taahh\u00fct eder. Bu ama\u00e7lar do\u011frultusunda, BRALO, S.A. m\u00fc\u015fterilerine g\u00f6nderilen t\u00fcm bilgiler, amac\u0131 m\u00fc\u015fteri ile BRALO, S.A. aras\u0131ndaki mevcut s\u00f6zle\u015fme ili\u015fkisinin s\u00fcrd\u00fcr\u00fclmesinin yan\u0131 s\u0131ra bilgi g\u00f6revlerinin ve m\u00fc\u015fterinin s\u00f6zle\u015fme yapt\u0131\u011f\u0131 hizmete \u00f6zg\u00fc di\u011fer faaliyetlerin yerine getirilmesi olan ticari ileti\u015fim olarak kabul edilmeyecektir. <\/span><\/p>\n<p><span style=\"font-weight: 400;\">Bu yollarla (e-postalar, otomatik form yan\u0131t mesajlar\u0131 ve di\u011fer ileti\u015fim sistemleri) ileti\u015fim al\u0131nmas\u0131 durumunda, mesajlar\u0131n yaln\u0131zca al\u0131c\u0131ya y\u00f6nelik oldu\u011funu ve ayr\u0131cal\u0131kl\u0131 veya gizli bilgiler i\u00e7erebilece\u011fini size bildiririz. Belirtilen al\u0131c\u0131ya, izinsiz kullan\u0131m, if\u015fa ve\/veya kopyalaman\u0131n y\u00fcr\u00fcrl\u00fckteki mevzuat uyar\u0131nca yasak oldu\u011fu bildirilir. <\/span><\/p>\n<p><span style=\"font-weight: 400;\">Bilgi Toplumu Hizmetleri ve Elektronik Ticaret hakk\u0131ndaki 11 Temmuz tarihli 34\/2002 say\u0131l\u0131 Kanun ve 2002\/58\/EC say\u0131l\u0131 Direktif h\u00fck\u00fcmleri uyar\u0131nca, bu elektronik ileti\u015fim sistemi arac\u0131l\u0131\u011f\u0131yla ticari nitelikte ileti\u015fim ve bilgi almak istememeniz durumunda, ki\u015fisel verilerinizin veritaban\u0131m\u0131zdan kald\u0131r\u0131labilmesi i\u00e7in l\u00fctfen bunu ayn\u0131 yolla, konuyu D\u00dc\u015e\u00dcK \u0130LET\u0130\u015e\u0130MLER olarak belirterek bize bildiriniz. Talebiniz, iletilmesinden itibaren 10 g\u00fcn i\u00e7inde i\u015fleme al\u0131nacakt\u0131r. Sizden a\u00e7\u0131k bir yan\u0131t almamam\u0131z durumunda, yukar\u0131da belirtilen ileti\u015fimleri yapmaya devam etmek i\u00e7in \u015firketimizi kabul etti\u011finizi ve yetkilendirdi\u011finizi anlayaca\u011f\u0131z.  <\/span><\/p>\n<p>&nbsp;<\/p>\n<h2>6) BA\u011eLANTI POLI\u0307TI\u0307KASI.<\/h2>\n<p><span style=\"font-weight: 400;\">Ba\u015fka, farkl\u0131 bir web sitesinin web sayfas\u0131ndan k\u00f6pr\u00fc olu\u015fturan Kullan\u0131c\u0131 veya \u00fc\u00e7\u00fcnc\u00fc taraf \u015funu bilmelidir:<\/span><\/p>\n<p><span style=\"font-weight: 400;\">BRALO, S.A.&#8217;n\u0131n a\u00e7\u0131k izni olmaks\u0131z\u0131n Web Sitesinin herhangi bir \u0130\u00e7eri\u011finin ve\/veya Hizmetinin tamamen veya k\u0131smen \u00e7o\u011falt\u0131lmas\u0131na izin verilmez.<\/span><\/p>\n<p><span style=\"font-weight: 400;\">BRALO, S.A. Web Sitesinde, \u0130\u00e7eri\u011finde ve\/veya Hizmetlerinde herhangi bir yanl\u0131\u015f, hatal\u0131 veya yalan beyana izin verilmez.<\/span><\/p>\n<p><span style=\"font-weight: 400;\">K\u00f6pr\u00fc haricinde, s\u00f6z konusu k\u00f6pr\u00fcn\u00fcn kuruldu\u011fu web sitesi, BRALO, S.A. taraf\u0131ndan a\u00e7\u0131k\u00e7a izin verilmedik\u00e7e, \u0130spanyol hukuk sistemi taraf\u0131ndan fikri m\u00fclkiyet olarak korunan bu Web Sitesinin herhangi bir unsurunu i\u00e7ermeyecektir.<\/span><\/p>\n<p><span style=\"font-weight: 400;\">K\u00f6pr\u00fcn\u00fcn kurulmas\u0131, BRALO, S.A. ile ba\u011flant\u0131n\u0131n yap\u0131ld\u0131\u011f\u0131 web sitesinin sahibi aras\u0131nda bir ili\u015fki oldu\u011fu veya BRALO, S.A.&#8217;n\u0131n s\u00f6z konusu web sitesinde sunulan i\u00e7erikler, hizmetler ve\/veya faaliyetler hakk\u0131nda bilgi sahibi oldu\u011fu ve bunlar\u0131 kabul etti\u011fi anlam\u0131na gelmeyecektir.<\/span><\/p>\n<p>&nbsp;<\/p>\n<h2>7) SOSYAL A\u011eLAR<\/h2>\n<p><span style=\"font-weight: 400;\">Sosyal a\u011flarda varl\u0131k g\u00f6sterebilece\u011finizi size bildiririz. Resmi sayfalar\u0131n sosyal a\u011flar\u0131nda takip\u00e7i olan (ve\/veya sosyal a\u011flar arac\u0131l\u0131\u011f\u0131yla herhangi bir ba\u011flant\u0131 veya ba\u011flant\u0131 eylemi ger\u00e7ekle\u015ftiren) ki\u015filer \u00fczerinde ger\u00e7ekle\u015ftirilen verilerin i\u015flenmesi, bu b\u00f6l\u00fcm\u00fcn yan\u0131 s\u0131ra her durumda ge\u00e7erli olan ve kullan\u0131c\u0131 taraf\u0131ndan \u00f6nceden kabul edilen sosyal a\u011fa ait kullan\u0131m ko\u015fullar\u0131, gizlilik politikalar\u0131 ve eri\u015fim d\u00fczenlemelerine tabi olacakt\u0131r. <\/span><\/p>\n<p>&nbsp;<\/p>\n<h2>8) YARGI YETKI\u0307SI\u0307 VE GE\u00c7ERLI\u0307 KANUNLAR<\/h2>\n<p><span style=\"font-weight: 400;\">Bu web sitesinin kullan\u0131m\u0131, bu yasal bildirimin \u015fartlar\u0131n\u0131n tamamen kabul edildi\u011fi anlam\u0131na gelir. Bu Yasal Uyar\u0131 ve BRALO, S.A. aras\u0131nda kurulan t\u00fcm ili\u015fkiler Web Sitesinin Kullan\u0131c\u0131s\u0131 ve hizmetleri \u0130spanyol mevzuat\u0131 h\u00fck\u00fcmlerine tabi olacakt\u0131r. <\/span><\/p>\n<p>&nbsp;<\/p>\n<p><span style=\"font-weight: 400;\">Son g\u00fcncelleme: 18\/03\/2024<\/span><\/p>\n<p>&nbsp;[\/et_pb_text][\/et_pb_column][et_pb_column type=&#8221;1_5&#8243; _builder_version=&#8221;4.21.0&#8243; _module_preset=&#8221;default&#8221; global_colors_info=&#8221;{}&#8221;][\/et_pb_column][\/et_pb_row][\/et_pb_section]<\/p>\n","protected":false},"excerpt":{"rendered":"<p>YASAL UYARI (https:\/\/bralo.com\/ ) 1) SAH\u0130P B\u0130LG\u0130LER\u0130 Bilgi Toplumu Hizmetleri ve Elektronik Ticaret hakk\u0131ndaki 11 Temmuz tarihli 34\/2002 say\u0131l\u0131 yasan\u0131n 10. maddesine uygun olarak, Sahibin kimlik bilgileri a\u015fa\u011f\u0131da belirtilmi\u015ftir: Sahip: https:\/\/bralo.com\/ . Tutucu: BRALO, S.A. Adres: C\/ Milanos 12, P.I. La Estaci\u00f3n. 28320-Pinto C.I.F.: A78105822 Telefon: 916928285 E-posta: bralo@bralo.es . Kay\u0131t verileri: Reg. mercantil de [&hellip;]<\/p>\n","protected":false},"author":1,"featured_media":0,"parent":0,"menu_order":0,"comment_status":"closed","ping_status":"open","template":"","meta":{"_acf_changed":false,"_et_pb_use_builder":"on","_et_pb_old_content":"","_et_gb_content_width":"","inline_featured_image":false,"footnotes":""},"class_list":["post-36671","page","type-page","status-publish","hentry"],"acf":[],"_links":{"self":[{"href":"https:\/\/bralo.com\/tr\/wp-json\/wp\/v2\/pages\/36671","targetHints":{"allow":["GET"]}}],"collection":[{"href":"https:\/\/bralo.com\/tr\/wp-json\/wp\/v2\/pages"}],"about":[{"href":"https:\/\/bralo.com\/tr\/wp-json\/wp\/v2\/types\/page"}],"author":[{"embeddable":true,"href":"https:\/\/bralo.com\/tr\/wp-json\/wp\/v2\/users\/1"}],"replies":[{"embeddable":true,"href":"https:\/\/bralo.com\/tr\/wp-json\/wp\/v2\/comments?post=36671"}],"version-history":[{"count":2,"href":"https:\/\/bralo.com\/tr\/wp-json\/wp\/v2\/pages\/36671\/revisions"}],"predecessor-version":[{"id":36673,"href":"https:\/\/bralo.com\/tr\/wp-json\/wp\/v2\/pages\/36671\/revisions\/36673"}],"wp:attachment":[{"href":"https:\/\/bralo.com\/tr\/wp-json\/wp\/v2\/media?parent=36671"}],"curies":[{"name":"wp","href":"https:\/\/api.w.org\/{rel}","templated":true}]}}