{"id":36793,"date":"2024-06-10T12:51:27","date_gmt":"2024-06-10T12:51:27","guid":{"rendered":"https:\/\/bralo.com\/hesap-bralo\/"},"modified":"2025-04-07T09:49:28","modified_gmt":"2025-04-07T09:49:28","slug":"hesap-bralo","status":"publish","type":"page","link":"https:\/\/bralo.com\/tr\/hesap-bralo\/","title":{"rendered":"Hesap Bralo"},"content":{"rendered":"<p>[et_pb_section fb_built=&#8221;1&#8243; _builder_version=&#8221;4.25.1&#8243; _module_preset=&#8221;default&#8221; da_disable_devices=&#8221;off|off|off&#8221; global_colors_info=&#8221;{}&#8221; da_is_popup=&#8221;off&#8221; da_exit_intent=&#8221;off&#8221; da_has_close=&#8221;on&#8221; da_alt_close=&#8221;off&#8221; da_dark_close=&#8221;off&#8221; da_not_modal=&#8221;on&#8221; da_is_singular=&#8221;off&#8221; da_with_loader=&#8221;off&#8221; da_has_shadow=&#8221;on&#8221;][et_pb_row _builder_version=&#8221;4.25.1&#8243; _module_preset=&#8221;default&#8221; global_colors_info=&#8221;{}&#8221;][et_pb_column type=&#8221;4_4&#8243; _builder_version=&#8221;4.25.1&#8243; _module_preset=&#8221;default&#8221; global_colors_info=&#8221;{}&#8221;][et_pb_text _builder_version=&#8221;4.25.1&#8243; _module_preset=&#8221;default&#8221; hover_enabled=&#8221;0&#8243; global_colors_info=&#8221;{}&#8221; sticky_enabled=&#8221;0&#8243;]<\/p>\n<div id=\"wpmem_login\"><a id=\"pwdreset\"><\/a><form action=\"https:\/\/bralo.com\/tr\/hesap-bralo\/\" method=\"POST\" id=\"wpmem_pwdreset_form\" class=\"form\"><input type=\"hidden\" id=\"_wpmem_pwdreset_nonce\" name=\"_wpmem_pwdreset_nonce\" value=\"646a4b1ddd\" \/><input type=\"hidden\" name=\"_wp_http_referer\" value=\"\/tr\/wp-json\/wp\/v2\/pages\/36793\" \/><fieldset><legend>Unutulan \u015eifreyi S\u0131f\u0131rla<\/legend><label for=\"user\">Kullan\u0131c\u0131 ad\u0131 veya E-posta<\/label><div class=\"div_text\"><input name=\"user\" type=\"text\" id=\"user\" value=\"\" class=\"username\" required  \/><\/div><input name=\"a\" type=\"hidden\" value=\"pwdreset\" \/><input name=\"redirect_to\" type=\"hidden\" value=\"\/tr\/wp-json\/wp\/v2\/pages\/36793\" \/><input name=\"formsubmit\" type=\"hidden\" value=\"1\" \/><div class=\"button_div\"><input type=\"submit\" name=\"Submit\" value=\"Parolay\u0131 s\u0131f\u0131rla\" class=\"buttons\" \/><\/div><div class=\"link-text\"><span class=\"link-text-username\">Kullan\u0131c\u0131 ad\u0131n\u0131z\u0131 m\u0131 unuttunuz?&nbsp;<a href=\"https:\/\/bralo.com\/cuenta-bralo\/?a=getusername\">Buraya t\u0131klay\u0131n<\/a><\/span><\/div><\/fieldset><\/form><\/div>\n<p>[\/et_pb_text][\/et_pb_column][\/et_pb_row][\/et_pb_section]<\/p>\n","protected":false},"excerpt":{"rendered":"<div id=\"wpmem_login\"><a id=\"pwdreset\"><\/a><form action=\"https:\/\/bralo.com\/tr\/hesap-bralo\/\" method=\"POST\" id=\"wpmem_pwdreset_form\" class=\"form\"><input type=\"hidden\" id=\"_wpmem_pwdreset_nonce\" name=\"_wpmem_pwdreset_nonce\" value=\"646a4b1ddd\" \/><input type=\"hidden\" name=\"_wp_http_referer\" value=\"\/tr\/wp-json\/wp\/v2\/pages\/36793\" \/><fieldset><legend>Unutulan \u015eifreyi S\u0131f\u0131rla<\/legend><label for=\"user\">Kullan\u0131c\u0131 ad\u0131 veya E-posta<\/label><div class=\"div_text\"><input name=\"user\" type=\"text\" id=\"user\" value=\"\" class=\"username\" required  \/><\/div><input name=\"a\" type=\"hidden\" value=\"pwdreset\" \/><input name=\"redirect_to\" type=\"hidden\" value=\"\/tr\/wp-json\/wp\/v2\/pages\/36793\" \/><input name=\"formsubmit\" type=\"hidden\" value=\"1\" \/><div class=\"button_div\"><input type=\"submit\" name=\"Submit\" value=\"Parolay\u0131 s\u0131f\u0131rla\" class=\"buttons\" \/><\/div><div class=\"link-text\"><span class=\"link-text-username\">Kullan\u0131c\u0131 ad\u0131n\u0131z\u0131 m\u0131 unuttunuz?&nbsp;<a href=\"https:\/\/bralo.com\/cuenta-bralo\/?a=getusername\">Buraya t\u0131klay\u0131n<\/a><\/span><\/div><\/fieldset><\/form><\/div>\n","protected":false},"author":2,"featured_media":0,"parent":0,"menu_order":0,"comment_status":"closed","ping_status":"closed","template":"","meta":{"_acf_changed":false,"_et_pb_use_builder":"on","_et_pb_old_content":"","_et_gb_content_width":"","inline_featured_image":false,"footnotes":""},"class_list":["post-36793","page","type-page","status-publish","hentry"],"acf":[],"_links":{"self":[{"href":"https:\/\/bralo.com\/tr\/wp-json\/wp\/v2\/pages\/36793","targetHints":{"allow":["GET"]}}],"collection":[{"href":"https:\/\/bralo.com\/tr\/wp-json\/wp\/v2\/pages"}],"about":[{"href":"https:\/\/bralo.com\/tr\/wp-json\/wp\/v2\/types\/page"}],"author":[{"embeddable":true,"href":"https:\/\/bralo.com\/tr\/wp-json\/wp\/v2\/users\/2"}],"replies":[{"embeddable":true,"href":"https:\/\/bralo.com\/tr\/wp-json\/wp\/v2\/comments?post=36793"}],"version-history":[{"count":3,"href":"https:\/\/bralo.com\/tr\/wp-json\/wp\/v2\/pages\/36793\/revisions"}],"predecessor-version":[{"id":39897,"href":"https:\/\/bralo.com\/tr\/wp-json\/wp\/v2\/pages\/36793\/revisions\/39897"}],"wp:attachment":[{"href":"https:\/\/bralo.com\/tr\/wp-json\/wp\/v2\/media?parent=36793"}],"curies":[{"name":"wp","href":"https:\/\/api.w.org\/{rel}","templated":true}]}}