{"id":36870,"date":"2023-05-19T12:55:54","date_gmt":"2023-05-19T12:55:54","guid":{"rendered":"https:\/\/bralo.com\/hi%cc%87zmetler\/yenilik\/"},"modified":"2025-03-18T14:30:18","modified_gmt":"2025-03-18T14:30:18","slug":"yenilik","status":"publish","type":"page","link":"https:\/\/bralo.com\/tr\/hi%cc%87zmetler\/yenilik\/","title":{"rendered":"Yenilik"},"content":{"rendered":"<p>[et_pb_section fb_built=&#8221;1&#8243; _builder_version=&#8221;4.21.0&#8243; _module_preset=&#8221;default&#8221; background_color=&#8221;RGBA(255,255,255,0)&#8221; background_image=&#8221;https:\/\/bralo.com\/wp-content\/uploads\/2023\/05\/innovacion.jpg&#8221; min_height=&#8221;300px&#8221; max_height=&#8221;301px&#8221; custom_margin=&#8221;0px||0px||false|false&#8221; custom_padding=&#8221;0px||0px||false|false&#8221; da_disable_devices=&#8221;off|off|off&#8221; global_colors_info=&#8221;{}&#8221; da_is_popup=&#8221;off&#8221; da_exit_intent=&#8221;off&#8221; da_has_close=&#8221;on&#8221; da_alt_close=&#8221;off&#8221; da_dark_close=&#8221;off&#8221; da_not_modal=&#8221;on&#8221; da_is_singular=&#8221;off&#8221; da_with_loader=&#8221;off&#8221; da_has_shadow=&#8221;on&#8221;][et_pb_row custom_padding_last_edited=&#8221;on|phone&#8221; _builder_version=&#8221;4.23&#8243; _module_preset=&#8221;default&#8221; width_tablet=&#8221;&#8221; width_phone=&#8221;&#8221; width_last_edited=&#8221;on|phone&#8221; custom_margin=&#8221;0px||0px||true|false&#8221; custom_padding=&#8221;0px|8%|0px|8%|true|true&#8221; custom_padding_tablet=&#8221;10px||10px||true|true&#8221; custom_padding_phone=&#8221;0px|0px|0px|0px|true|true&#8221; global_colors_info=&#8221;{}&#8221;][et_pb_column type=&#8221;4_4&#8243; _builder_version=&#8221;4.20.4&#8243; _module_preset=&#8221;default&#8221; global_colors_info=&#8221;{}&#8221;][et_pb_text content_tablet=&#8221;<\/p>\n<h1>YEN\u0130L\u0130K<\/h1>\n<p>BRALO \u00d6N PLANDA<\/p>\n<p>Vizyonumuz <strong>yenilik\u00e7i<\/strong> <strong>bir \u015firket <\/strong>olmak, hedefimiz ise faaliyet g\u00f6sterdi\u011fimiz sekt\u00f6rlerde <strong>teknolojik <\/strong><strong>bir <\/strong><strong>referans <\/strong><strong>noktas\u0131 <\/strong>olmakt\u0131r. BRALO, yeni pazarlar\u0131n k\u00fcresel geli\u015fimine katk\u0131da bulunmak i\u00e7in gerekli ara\u00e7lar olarak teknolojik yenilik, ara\u015ft\u0131rma ve geli\u015ftirme kapasitesine inanmaktad\u0131r. <\/p>\n<p>&#8221; content_phone=&#8221;<\/p>\n<h1 style=%22padding-top: 110px; padding-bottom: 15px;%22>YEN\u0130L\u0130K<\/h1>\n<p style=%22padding-bottom: 100px!important;%22>BRALO \u00d6N PLANDA<\/p>\n<p style=%22color: black;%22>Vizyonumuz <strong>yenilik\u00e7i<\/strong> <strong>bir \u015firket <\/strong>olmak, hedefimiz ise faaliyet g\u00f6sterdi\u011fimiz sekt\u00f6rlerde <strong>teknolojik <\/strong><strong>bir <\/strong><strong>referans <\/strong><strong>noktas\u0131 <\/strong>olmakt\u0131r. BRALO, yeni pazarlar\u0131n k\u00fcresel geli\u015fimine katk\u0131da bulunmak i\u00e7in gerekli ara\u00e7lar olarak teknolojik yenilik, ara\u015ft\u0131rma ve geli\u015ftirme kapasitesine inanmaktad\u0131r. <\/p>\n<p>&#8221; content_last_edited=&#8221;on|phone&#8221; _builder_version=&#8221;4.27.0&#8243; _module_preset=&#8221;default&#8221; text_font=&#8221;|300|||||||&#8221; text_text_color=&#8221;#FFFFFF&#8221; text_line_height=&#8221;1.5em&#8221; header_text_color=&#8221;#FFFFFF&#8221; header_font_size=&#8221;45px&#8221; header_line_height=&#8221;2.2em&#8221; text_orientation=&#8221;center&#8221; custom_margin=&#8221;||||false|false&#8221; global_colors_info=&#8221;{}&#8221;]<\/p>\n<h1>YEN\u0130L\u0130K<\/h1>\n<p>BRALO \u00d6N PLANDA<\/p>\n<p>Vizyonumuz <strong>yenilik\u00e7i<\/strong> <strong>bir \u015firket <\/strong>olmak, hedefimiz ise faaliyet g\u00f6sterdi\u011fimiz sekt\u00f6rlerde <strong>teknolojik <\/strong><strong>bir <\/strong><strong>referans <\/strong><strong>noktas\u0131 <\/strong>olmakt\u0131r. BRALO, yeni pazarlar\u0131n k\u00fcresel geli\u015fimine katk\u0131da bulunmak i\u00e7in gerekli ara\u00e7lar olarak teknolojik yenilik, ara\u015ft\u0131rma ve geli\u015ftirme kapasitesine inanmaktad\u0131r. <\/p>\n<p>[\/et_pb_text][\/et_pb_column][\/et_pb_row][\/et_pb_section][et_pb_section fb_built=&#8221;1&#8243; module_id=&#8221;reveal1&#8243; _builder_version=&#8221;4.23&#8243; _module_preset=&#8221;default&#8221; background_image=&#8221;https:\/\/bralo.com\/wp-content\/uploads\/2023\/04\/fondo-mosaico-tornillos.jpg&#8221; custom_margin=&#8221;||||false|false&#8221; custom_padding=&#8221;35px||35px||true|false&#8221; da_disable_devices=&#8221;off|off|off&#8221; global_colors_info=&#8221;{}&#8221; da_is_popup=&#8221;off&#8221; da_exit_intent=&#8221;off&#8221; da_has_close=&#8221;on&#8221; da_alt_close=&#8221;off&#8221; da_dark_close=&#8221;off&#8221; da_not_modal=&#8221;on&#8221; da_is_singular=&#8221;off&#8221; da_with_loader=&#8221;off&#8221; da_has_shadow=&#8221;on&#8221;][et_pb_row column_structure=&#8221;1_2,1_2&#8243; use_custom_gutter=&#8221;on&#8221; gutter_width=&#8221;1&#8243; make_equal=&#8221;on&#8221; admin_label=&#8221;Fila&#8221; _builder_version=&#8221;4.21.0&#8243; _module_preset=&#8221;default&#8221; background_enable_image=&#8221;off&#8221; width=&#8221;100%&#8221; width_tablet=&#8221;100%&#8221; width_phone=&#8221;100%&#8221; width_last_edited=&#8221;on|desktop&#8221; max_width=&#8221;100%&#8221; max_width_tablet=&#8221;100%&#8221; max_width_phone=&#8221;100%&#8221; max_width_last_edited=&#8221;on|desktop&#8221; custom_margin=&#8221;|auto|-29px|auto||&#8221; custom_padding=&#8221;0px||||false|false&#8221; custom_css_main_element=&#8221;display: flex;||flex-wrap: wrap;&#8221; locked=&#8221;off&#8221; global_colors_info=&#8221;{}&#8221;][et_pb_column type=&#8221;1_2&#8243; _builder_version=&#8221;4.21.0&#8243; _module_preset=&#8221;default&#8221; background_image=&#8221;https:\/\/bralo.com\/wp-content\/uploads\/2023\/05\/profesionales.jpg&#8221; global_colors_info=&#8221;{}&#8221; custom_css_main_element_last_edited=&#8221;on|phone&#8221; custom_css_main_element_phone=&#8221;order: 2;&#8221;][et_pb_divider color=&#8221;RGBA(255,255,255,0)&#8221; _builder_version=&#8221;4.20.4&#8243; _module_preset=&#8221;default&#8221; height=&#8221;200px&#8221; global_colors_info=&#8221;{}&#8221;][\/et_pb_divider][\/et_pb_column][et_pb_column type=&#8221;1_2&#8243; _builder_version=&#8221;4.20.4&#8243; _module_preset=&#8221;default&#8221; background_color=&#8221;#FFFFFF&#8221; custom_padding=&#8221;100px|13%|120px|5%|false|false&#8221; custom_padding_tablet=&#8221;100px|13%|120px|5%|false|false&#8221; custom_padding_phone=&#8221;40px||40px||false|false&#8221; custom_padding_last_edited=&#8221;on|desktop&#8221; global_colors_info=&#8221;{}&#8221; custom_css_main_element_last_edited=&#8221;on|phone&#8221; custom_css_main_element_phone=&#8221;order: 1;&#8221;][et_pb_text _builder_version=&#8221;4.27.0&#8243; _module_preset=&#8221;default&#8221; text_font=&#8221;|700|||||||&#8221; text_text_color=&#8221;#006CA7&#8243; text_font_size=&#8221;36px&#8221; header_text_color=&#8221;#006CA7&#8243; header_font_size=&#8221;24px&#8221; header_2_font=&#8221;|600|||||||&#8221; header_2_text_color=&#8221;#006CA7&#8243; header_2_font_size=&#8221;35px&#8221; custom_padding=&#8221;0px||0px||false|false&#8221; custom_padding_tablet=&#8221;0px||0px||false|false&#8221; custom_padding_phone=&#8221;0px||0px|10px|false|false&#8221; custom_padding_last_edited=&#8221;on|phone&#8221; global_colors_info=&#8221;{}&#8221;]<\/p>\n<h2>UZMAN PROFESYONELLER<\/h2>\n<p>[\/et_pb_text][et_pb_text _builder_version=&#8221;4.27.0&#8243; _module_preset=&#8221;default&#8221; custom_padding=&#8221;|20px|||false|false&#8221; custom_padding_tablet=&#8221;|20px|||false|false&#8221; custom_padding_phone=&#8221;|20px||10px|false|false&#8221; custom_padding_last_edited=&#8221;on|phone&#8221; global_colors_info=&#8221;{}&#8221;]<\/p>\n<p><strong>BRALO&#8217;daki teknolojik yenilikler \u00fcr\u00fcnlerimize, s\u00fcre\u00e7lerimize ve hizmetlerimize de\u011fer katmaktad\u0131r.<\/strong><\/p>\n<p>S\u00fcrekli geli\u015fimimizde, yeni \u00fcr\u00fcnlerin geli\u015ftirilmesi yoluyla \u00e7e\u015fitlendirmeyi ve yeni m\u00fc\u015fteri ihtiya\u00e7lar\u0131na y\u00f6nelik iyile\u015ftirme ve adaptasyon yoluyla farkl\u0131la\u015ft\u0131rmay\u0131 takip ediyoruz.<\/p>\n<p>[\/et_pb_text][\/et_pb_column][\/et_pb_row][\/et_pb_section][et_pb_section fb_built=&#8221;1&#8243; _builder_version=&#8221;4.21.0&#8243; _module_preset=&#8221;default&#8221; background_image=&#8221;https:\/\/bralo.com\/wp-content\/uploads\/2023\/05\/bralo-investigacion-azul.jpg&#8221; parallax=&#8221;on&#8221; parallax_method=&#8221;off&#8221; positioning=&#8221;none&#8221; custom_padding=&#8221;6%||6%||true|false&#8221; da_disable_devices=&#8221;off|off|off&#8221; global_colors_info=&#8221;{}&#8221; da_is_popup=&#8221;off&#8221; da_exit_intent=&#8221;off&#8221; da_has_close=&#8221;on&#8221; da_alt_close=&#8221;off&#8221; da_dark_close=&#8221;off&#8221; da_not_modal=&#8221;on&#8221; da_is_singular=&#8221;off&#8221; da_with_loader=&#8221;off&#8221; da_has_shadow=&#8221;on&#8221;][et_pb_row column_structure=&#8221;1_2,1_2&#8243; _builder_version=&#8221;4.20.4&#8243; _module_preset=&#8221;default&#8221; background_enable_image=&#8221;off&#8221; custom_margin=&#8221;||||false|false&#8221; custom_padding=&#8221;||||false|false&#8221; global_colors_info=&#8221;{}&#8221;][et_pb_column type=&#8221;1_2&#8243; _builder_version=&#8221;4.20.4&#8243; _module_preset=&#8221;default&#8221; global_colors_info=&#8221;{}&#8221;][\/et_pb_column][et_pb_column type=&#8221;1_2&#8243; _builder_version=&#8221;4.20.4&#8243; _module_preset=&#8221;default&#8221; global_colors_info=&#8221;{}&#8221;][et_pb_text _builder_version=&#8221;4.27.0&#8243; _module_preset=&#8221;default&#8221; text_font=&#8221;|700|||||||&#8221; text_text_color=&#8221;#FFFFFF&#8221; text_font_size=&#8221;36px&#8221; header_text_color=&#8221;#006CA7&#8243; header_font_size=&#8221;24px&#8221; header_2_font=&#8221;|600|||||||&#8221; header_2_text_color=&#8221;#FFFFFF&#8221; header_2_font_size=&#8221;35px&#8221; text_orientation=&#8221;right&#8221; custom_padding=&#8221;0px||0px||false|false&#8221; global_colors_info=&#8221;{}&#8221;]<\/p>\n<h2>BRALO&#8217;DA S\u00dcREKLI\u0307 ARA\u015eTIRMA YAPMAYA KARARLIYIZ<\/h2>\n<p>[\/et_pb_text][et_pb_text _builder_version=&#8221;4.27.0&#8243; _module_preset=&#8221;default&#8221; text_text_color=&#8221;#FFFFFF&#8221; text_font_size=&#8221;18px&#8221; text_orientation=&#8221;right&#8221; custom_margin=&#8221;||||false|false&#8221; custom_padding=&#8221;||||false|false&#8221; global_colors_info=&#8221;{}&#8221;]<\/p>\n<p>Ba\u011flant\u0131 \u00e7\u00f6z\u00fcmlerinde \u00f6nc\u00fc olmak, yenili\u011fi \u00f6ncelik haline getirmek demektir. Bu nedenle, BRALO s\u00fcrekli olarak Ar-Ge ve Yenili\u011fe kendini adam\u0131\u015ft\u0131r. <\/p>\n<p>[\/et_pb_text][\/et_pb_column][\/et_pb_row][\/et_pb_section][et_pb_section fb_built=&#8221;1&#8243; _builder_version=&#8221;4.23&#8243; _module_preset=&#8221;default&#8221; background_image=&#8221;https:\/\/bralo.com\/wp-content\/uploads\/2023\/04\/fondo-mosaico-tornillos.jpg&#8221; custom_margin=&#8221;0px||||false|false&#8221; custom_padding=&#8221;0px||35px||false|false&#8221; da_disable_devices=&#8221;off|off|off&#8221; global_colors_info=&#8221;{}&#8221; da_is_popup=&#8221;off&#8221; da_exit_intent=&#8221;off&#8221; da_has_close=&#8221;on&#8221; da_alt_close=&#8221;off&#8221; da_dark_close=&#8221;off&#8221; da_not_modal=&#8221;on&#8221; da_is_singular=&#8221;off&#8221; da_with_loader=&#8221;off&#8221; da_has_shadow=&#8221;on&#8221;][et_pb_row column_structure=&#8221;1_2,1_2&#8243; use_custom_gutter=&#8221;on&#8221; gutter_width=&#8221;1&#8243; make_equal=&#8221;on&#8221; custom_padding_last_edited=&#8221;on|phone&#8221; admin_label=&#8221;Fila&#8221; _builder_version=&#8221;4.23&#8243; _module_preset=&#8221;default&#8221; background_enable_image=&#8221;off&#8221; width=&#8221;100%&#8221; width_tablet=&#8221;100%&#8221; width_phone=&#8221;100%&#8221; width_last_edited=&#8221;on|desktop&#8221; max_width=&#8221;100%&#8221; max_width_tablet=&#8221;100%&#8221; max_width_phone=&#8221;100%&#8221; max_width_last_edited=&#8221;on|desktop&#8221; custom_padding=&#8221;35px||2px||false|false&#8221; custom_padding_tablet=&#8221;35px||2px||false|false&#8221; custom_padding_phone=&#8221;0px||2px||false|false&#8221; custom_css_main_element=&#8221;display: flex;||flex-wrap: wrap;&#8221; locked=&#8221;off&#8221; global_colors_info=&#8221;{}&#8221;][et_pb_column type=&#8221;1_2&#8243; _builder_version=&#8221;4.20.4&#8243; _module_preset=&#8221;default&#8221; background_color=&#8221;#FFFFFF&#8221; custom_padding=&#8221;100px|5%|80px|13%|false|false&#8221; custom_padding_tablet=&#8221;100px|5%|80px|13%|false|false&#8221; custom_padding_phone=&#8221;40px||40px|5%|false|false&#8221; custom_padding_last_edited=&#8221;on|phone&#8221; global_colors_info=&#8221;{}&#8221;][et_pb_text _builder_version=&#8221;4.27.0&#8243; _module_preset=&#8221;default&#8221; text_font=&#8221;|700|||||||&#8221; text_text_color=&#8221;#006CA7&#8243; text_font_size=&#8221;36px&#8221; header_text_color=&#8221;#006CA7&#8243; header_font_size=&#8221;24px&#8221; header_2_font=&#8221;|600|||||||&#8221; header_2_text_color=&#8221;#006CA7&#8243; header_2_font_size=&#8221;35px&#8221; custom_padding=&#8221;||||false|false&#8221; custom_padding_tablet=&#8221;||||false|false&#8221; custom_padding_phone=&#8221;|10px||10px|false|false&#8221; custom_padding_last_edited=&#8221;on|phone&#8221; global_colors_info=&#8221;{}&#8221;]<\/p>\n<h2>ARA\u015eTIRMA VE I\u0307\u015eBI\u0307RLI\u0307KLERI\u0307<\/h2>\n<p>[\/et_pb_text][et_pb_text _builder_version=&#8221;4.27.0&#8243; _module_preset=&#8221;default&#8221; custom_padding=&#8221;0px||||false|false&#8221; custom_padding_tablet=&#8221;0px||||false|false&#8221; custom_padding_phone=&#8221;0px|10px||10px|false|false&#8221; custom_padding_last_edited=&#8221;on|phone&#8221; global_colors_info=&#8221;{}&#8221;]<\/p>\n<p>S\u00fcrekli ilerleme ve iyile\u015ftirme politikas\u0131 temelinde, ciromuzun %6&#8217;s\u0131n\u0131 yeni \u00fcr\u00fcnler, de\u011fer yaratma ve uzmanl\u0131k bilgisi i\u00e7in ara\u015ft\u0131rma ve geli\u015ftirme projelerine ay\u0131r\u0131yoruz.<\/p>\n<p>BRALO, deneyimlerini payla\u015fmak ve s\u00fcrekli teknolojik geli\u015fim i\u00e7inde olmak i\u00e7in \u00fcniversiteler ve kurumlarla i\u015fbirli\u011fini te\u015fvik etmektedir.<\/p>\n<p>[\/et_pb_text][\/et_pb_column][et_pb_column type=&#8221;1_2&#8243; _builder_version=&#8221;4.21.0&#8243; _module_preset=&#8221;default&#8221; background_image=&#8221;https:\/\/bralo.com\/wp-content\/uploads\/2023\/05\/colaboracion-estudios.jpg&#8221; global_colors_info=&#8221;{}&#8221;][et_pb_divider color=&#8221;RGBA(255,255,255,0)&#8221; _builder_version=&#8221;4.20.4&#8243; _module_preset=&#8221;default&#8221; height=&#8221;200px&#8221; global_colors_info=&#8221;{}&#8221;][\/et_pb_divider][\/et_pb_column][\/et_pb_row][\/et_pb_section][et_pb_section fb_built=&#8221;1&#8243; _builder_version=&#8221;4.21.0&#8243; _module_preset=&#8221;default&#8221; use_background_color_gradient=&#8221;on&#8221; background_color_gradient_stops=&#8221;rgba(0,108,167,0.7) 0%|rgba(0,108,167,0.7) 100%&#8221; background_color_gradient_overlays_image=&#8221;on&#8221; background_image=&#8221;https:\/\/bralo.com\/wp-content\/uploads\/2023\/07\/innovacion-solucion-de-problemas-remaches-bralo.jpg&#8221; parallax=&#8221;on&#8221; positioning=&#8221;none&#8221; custom_padding=&#8221;6%||6%||true|false&#8221; da_disable_devices=&#8221;off|off|off&#8221; global_colors_info=&#8221;{}&#8221; da_is_popup=&#8221;off&#8221; da_exit_intent=&#8221;off&#8221; da_has_close=&#8221;on&#8221; da_alt_close=&#8221;off&#8221; da_dark_close=&#8221;off&#8221; da_not_modal=&#8221;on&#8221; da_is_singular=&#8221;off&#8221; da_with_loader=&#8221;off&#8221; da_has_shadow=&#8221;on&#8221;][et_pb_row column_structure=&#8221;1_2,1_2&#8243; _builder_version=&#8221;4.20.4&#8243; _module_preset=&#8221;default&#8221; background_enable_image=&#8221;off&#8221; custom_margin=&#8221;||||false|false&#8221; custom_padding=&#8221;||||false|false&#8221; global_colors_info=&#8221;{}&#8221;][et_pb_column type=&#8221;1_2&#8243; _builder_version=&#8221;4.20.4&#8243; _module_preset=&#8221;default&#8221; global_colors_info=&#8221;{}&#8221;][\/et_pb_column][et_pb_column type=&#8221;1_2&#8243; _builder_version=&#8221;4.20.4&#8243; _module_preset=&#8221;default&#8221; global_colors_info=&#8221;{}&#8221;][et_pb_text _builder_version=&#8221;4.27.0&#8243; _module_preset=&#8221;default&#8221; text_font=&#8221;|700|||||||&#8221; text_text_color=&#8221;#FFFFFF&#8221; text_font_size=&#8221;36px&#8221; header_text_color=&#8221;#006CA7&#8243; header_font_size=&#8221;24px&#8221; header_2_font=&#8221;|600|||||||&#8221; header_2_text_color=&#8221;#FFFFFF&#8221; header_2_font_size=&#8221;35px&#8221; text_orientation=&#8221;right&#8221; custom_padding=&#8221;0px||0px||false|false&#8221; global_colors_info=&#8221;{}&#8221;]<\/p>\n<h2>SORUN G\u0130DERME<\/h2>\n<p>[\/et_pb_text][et_pb_text _builder_version=&#8221;4.27.0&#8243; _module_preset=&#8221;default&#8221; text_text_color=&#8221;#FFFFFF&#8221; text_orientation=&#8221;right&#8221; custom_margin=&#8221;||||false|false&#8221; custom_padding=&#8221;||||false|false&#8221; global_colors_info=&#8221;{}&#8221;]<\/p>\n<p>Ar-Ge ve Yenilikte m\u00fc\u015fterilerimizin projelerinde hem yeni hem de devam eden uygulamalarda ortaya \u00e7\u0131kan uygulama ve sorunlara y\u00f6nelik \u00e7\u00f6z\u00fcmler sunuyoruz.<\/p>\n<p>[\/et_pb_text][\/et_pb_column][\/et_pb_row][\/et_pb_section][et_pb_section fb_built=&#8221;1&#8243; _builder_version=&#8221;4.23&#8243; _module_preset=&#8221;default&#8221; custom_padding=&#8221;40px||0px||false|false&#8221; da_disable_devices=&#8221;off|off|off&#8221; locked=&#8221;off&#8221; global_colors_info=&#8221;{}&#8221; da_is_popup=&#8221;off&#8221; da_exit_intent=&#8221;off&#8221; da_has_close=&#8221;on&#8221; da_alt_close=&#8221;off&#8221; da_dark_close=&#8221;off&#8221; da_not_modal=&#8221;on&#8221; da_is_singular=&#8221;off&#8221; da_with_loader=&#8221;off&#8221; da_has_shadow=&#8221;on&#8221;][et_pb_row _builder_version=&#8221;4.23&#8243; _module_preset=&#8221;default&#8221; custom_margin=&#8221;0px||||false|false&#8221; custom_padding=&#8221;0px||0px||false|false&#8221; global_colors_info=&#8221;{}&#8221;][et_pb_column type=&#8221;4_4&#8243; _builder_version=&#8221;4.23&#8243; _module_preset=&#8221;default&#8221; global_colors_info=&#8221;{}&#8221;][et_pb_text _builder_version=&#8221;4.27.0&#8243; _module_preset=&#8221;default&#8221; header_2_text_color=&#8221;#006CA7&#8243; header_2_font_size=&#8221;32px&#8221; locked=&#8221;off&#8221; global_colors_info=&#8221;{}&#8221;]<\/p>\n<h2><span data-metadata=\"&lt;encoded_tag_open \/&gt;!--(figmeta)eyJmaWxlS2V5IjoiVEc1d2lNVW55c2RqZGpac29wSHQ2dyIsInBhc3RlSUQiOjIxMzIzMzI4MzksImRhdGFUeXBlIjoic2NlbmUifQo=(\/figmeta)--&lt;encoded_tag_closed \/&gt;\"><\/span><span><strong>I\u0307LGI\u0307LI\u0307<\/strong> SAYFALAR<\/span><\/h2>\n<p>[\/et_pb_text][\/et_pb_column][\/et_pb_row][et_pb_row column_structure=&#8221;1_3,1_3,1_3&#8243; use_custom_gutter=&#8221;on&#8221; gutter_width=&#8221;1&#8243; _builder_version=&#8221;4.23&#8243; _module_preset=&#8221;default&#8221; width=&#8221;90%&#8221; custom_margin=&#8221;0px||||false|false&#8221; custom_padding=&#8221;0px||0px||false|false&#8221; locked=&#8221;off&#8221; global_colors_info=&#8221;{}&#8221;][et_pb_column type=&#8221;1_3&#8243; _builder_version=&#8221;4.21.0&#8243; _module_preset=&#8221;default&#8221; global_colors_info=&#8221;{}&#8221;][et_pb_blurb title=&#8221;KAL\u0130TE S\u00dcRE\u00c7LER\u0130&#8221; url=&#8221;https:\/\/bralo.com\/tr\/hi%cc%87zmetler\/kalite-surecleri\/&#8221; image=&#8221;https:\/\/bralo.com\/wp-content\/uploads\/2023\/10\/procesos-de-calidad.webp&#8221; alt=&#8221;Kalite s\u00fcre\u00e7leri&#8221; image_icon_width=&#8221;92%&#8221; module_class=&#8221;alinear-horizontalmente&#8221; _builder_version=&#8221;4.27.2&#8243; _module_preset=&#8221;default&#8221; header_text_align=&#8221;center&#8221; header_text_color=&#8221;#006CA7&#8243; image_icon_custom_margin=&#8221;|10px|-10px|10px|false|true&#8221; image_icon_custom_padding=&#8221;||||true|false&#8221; custom_margin=&#8221;17px||50px||false|false&#8221; animation=&#8221;off&#8221; hover_enabled=&#8221;0&#8243; custom_css_main_element=&#8221;display: inline-block!important;&#8221; border_color_all=&#8221;#006CA7&#8243; border_width_all_image=&#8221;1px&#8221; border_color_all_image=&#8221;#006CA7&#8243; locked=&#8221;off&#8221; global_colors_info=&#8221;{}&#8221; sticky_enabled=&#8221;0&#8243;][\/et_pb_blurb][\/et_pb_column][et_pb_column type=&#8221;1_3&#8243; _builder_version=&#8221;4.21.0&#8243; _module_preset=&#8221;default&#8221; custom_padding=&#8221;||||false|false&#8221; global_colors_info=&#8221;{}&#8221;][et_pb_blurb title=&#8221;KURUMSAL SOSYAL SORUMLULUK VE \u00c7EVRE&#8221; url=&#8221;https:\/\/bralo.com\/tr\/si%cc%87rket\/kurumsal-sosyal-sorumluluk-ve-cevre\/&#8221; image=&#8221;https:\/\/bralo.com\/wp-content\/uploads\/2023\/10\/responsabilidad-social-medioambiente-relacionado-remaches-bralo.jpg&#8221; image_icon_width=&#8221;92%&#8221; module_class=&#8221;alinear-horizontalmente&#8221; _builder_version=&#8221;4.27.2&#8243; _module_preset=&#8221;default&#8221; header_text_align=&#8221;center&#8221; header_text_color=&#8221;#006CA7&#8243; image_icon_custom_margin=&#8221;|10px|-10px|10px|false|true&#8221; image_icon_custom_padding=&#8221;||||true|false&#8221; custom_margin=&#8221;17px||50px||false|false&#8221; animation=&#8221;off&#8221; hover_enabled=&#8221;0&#8243; custom_css_main_element=&#8221;display: inline-block!important;&#8221; border_color_all=&#8221;#006CA7&#8243; border_width_all_image=&#8221;1px&#8221; border_color_all_image=&#8221;#006CA7&#8243; locked=&#8221;off&#8221; global_colors_info=&#8221;{}&#8221; sticky_enabled=&#8221;0&#8243;][\/et_pb_blurb][\/et_pb_column][et_pb_column type=&#8221;1_3&#8243; _builder_version=&#8221;4.21.0&#8243; _module_preset=&#8221;default&#8221; custom_padding=&#8221;|0px|||false|false&#8221; global_colors_info=&#8221;{}&#8221;][et_pb_blurb title=&#8221;DAHI\u0307LI\u0307 S\u00dcRE\u00c7LER&#8221; url=&#8221;https:\/\/bralo.com\/tr\/hi%cc%87zmetler\/surecler\/&#8221; image=&#8221;https:\/\/bralo.com\/wp-content\/uploads\/2023\/10\/processos-internos-1.webp&#8221; alt=&#8221;processos internos&#8221; image_icon_width=&#8221;92%&#8221; module_class=&#8221;alinear-horizontalmente&#8221; _builder_version=&#8221;4.27.2&#8243; _module_preset=&#8221;default&#8221; header_text_align=&#8221;center&#8221; header_text_color=&#8221;#006CA7&#8243; image_icon_custom_margin=&#8221;|10px|-10px|10px|false|true&#8221; image_icon_custom_padding=&#8221;||||true|false&#8221; custom_margin=&#8221;17px||50px||false|false&#8221; animation=&#8221;off&#8221; hover_enabled=&#8221;0&#8243; custom_css_main_element=&#8221;display: inline-block!important;&#8221; border_color_all=&#8221;#006CA7&#8243; border_width_all_image=&#8221;1px&#8221; border_color_all_image=&#8221;#006CA7&#8243; locked=&#8221;off&#8221; global_colors_info=&#8221;{}&#8221; sticky_enabled=&#8221;0&#8243;][\/et_pb_blurb][\/et_pb_column][\/et_pb_row][\/et_pb_section]<\/p>\n","protected":false},"excerpt":{"rendered":"<p>YEN\u0130L\u0130K BRALO \u00d6N PLANDA Vizyonumuz yenilik\u00e7i bir \u015firket olmak, hedefimiz ise faaliyet g\u00f6sterdi\u011fimiz sekt\u00f6rlerde teknolojik bir referans noktas\u0131 olmakt\u0131r. BRALO, yeni pazarlar\u0131n k\u00fcresel geli\u015fimine katk\u0131da bulunmak i\u00e7in gerekli ara\u00e7lar olarak teknolojik yenilik, ara\u015ft\u0131rma ve geli\u015ftirme kapasitesine inanmaktad\u0131r. UZMAN PROFESYONELLERBRALO&#8217;daki teknolojik yenilikler \u00fcr\u00fcnlerimize, s\u00fcre\u00e7lerimize ve hizmetlerimize de\u011fer katmaktad\u0131r. S\u00fcrekli geli\u015fimimizde, yeni \u00fcr\u00fcnlerin geli\u015ftirilmesi yoluyla \u00e7e\u015fitlendirmeyi ve [&hellip;]<\/p>\n","protected":false},"author":1,"featured_media":0,"parent":36856,"menu_order":0,"comment_status":"closed","ping_status":"closed","template":"","meta":{"_acf_changed":false,"_et_pb_use_builder":"on","_et_pb_old_content":"","_et_gb_content_width":"","inline_featured_image":false,"footnotes":""},"class_list":["post-36870","page","type-page","status-publish","hentry"],"acf":[],"_links":{"self":[{"href":"https:\/\/bralo.com\/tr\/wp-json\/wp\/v2\/pages\/36870","targetHints":{"allow":["GET"]}}],"collection":[{"href":"https:\/\/bralo.com\/tr\/wp-json\/wp\/v2\/pages"}],"about":[{"href":"https:\/\/bralo.com\/tr\/wp-json\/wp\/v2\/types\/page"}],"author":[{"embeddable":true,"href":"https:\/\/bralo.com\/tr\/wp-json\/wp\/v2\/users\/1"}],"replies":[{"embeddable":true,"href":"https:\/\/bralo.com\/tr\/wp-json\/wp\/v2\/comments?post=36870"}],"version-history":[{"count":3,"href":"https:\/\/bralo.com\/tr\/wp-json\/wp\/v2\/pages\/36870\/revisions"}],"predecessor-version":[{"id":39694,"href":"https:\/\/bralo.com\/tr\/wp-json\/wp\/v2\/pages\/36870\/revisions\/39694"}],"up":[{"embeddable":true,"href":"https:\/\/bralo.com\/tr\/wp-json\/wp\/v2\/pages\/36856"}],"wp:attachment":[{"href":"https:\/\/bralo.com\/tr\/wp-json\/wp\/v2\/media?parent=36870"}],"curies":[{"name":"wp","href":"https:\/\/api.w.org\/{rel}","templated":true}]}}