{"id":36876,"date":"2023-07-31T11:40:29","date_gmt":"2023-07-31T11:40:29","guid":{"rendered":"https:\/\/bralo.com\/teknik-kitabevi\/"},"modified":"2025-03-18T14:36:08","modified_gmt":"2025-03-18T14:36:08","slug":"teknik-kitabevi","status":"publish","type":"page","link":"https:\/\/bralo.com\/tr\/teknik-kitabevi\/","title":{"rendered":"Teknik Kitabevi"},"content":{"rendered":"<p>[et_pb_section fb_built=&#8221;1&#8243; _builder_version=&#8221;4.23&#8243; _module_preset=&#8221;default&#8221; background_image=&#8221;https:\/\/bralo.com\/wp-content\/uploads\/2023\/04\/fondo-mosaico-tornillos.jpg&#8221; custom_margin=&#8221;0px||||false|false&#8221; custom_padding=&#8221;0px||40px||false|false&#8221; da_disable_devices=&#8221;off|off|off&#8221; global_colors_info=&#8221;{}&#8221; da_is_popup=&#8221;off&#8221; da_exit_intent=&#8221;off&#8221; da_has_close=&#8221;on&#8221; da_alt_close=&#8221;off&#8221; da_dark_close=&#8221;off&#8221; da_not_modal=&#8221;on&#8221; da_is_singular=&#8221;off&#8221; da_with_loader=&#8221;off&#8221; da_has_shadow=&#8221;on&#8221;][et_pb_row admin_label=&#8221;T\u00edtulo&#8221; _builder_version=&#8221;4.23&#8243; _module_preset=&#8221;default&#8221; width=&#8221;75%&#8221; max_width=&#8221;80%&#8221; custom_margin=&#8221;||||false|false&#8221; locked=&#8221;off&#8221; global_colors_info=&#8221;{}&#8221;][et_pb_column type=&#8221;4_4&#8243; _builder_version=&#8221;4.21.0&#8243; _module_preset=&#8221;default&#8221; global_colors_info=&#8221;{}&#8221;][et_pb_text _builder_version=&#8221;4.23&#8243; _module_preset=&#8221;default&#8221; header_2_font=&#8221;|700|||||||&#8221; header_2_text_color=&#8221;#006CA7&#8243; header_2_font_size=&#8221;45px&#8221; custom_margin=&#8221;40px||||false|false&#8221; custom_padding=&#8221;15px||15px||true|false&#8221; locked=&#8221;off&#8221; global_colors_info=&#8221;{}&#8221;]<\/p>\n<h2 style=\"text-align: center;\">KATALOGLAR<\/h2>\n<p>[\/et_pb_text][\/et_pb_column][\/et_pb_row][et_pb_row _builder_version=&#8221;4.21.0&#8243; _module_preset=&#8221;default&#8221; custom_padding=&#8221;||40px||false|false&#8221; global_colors_info=&#8221;{}&#8221;][et_pb_column type=&#8221;4_4&#8243; _builder_version=&#8221;4.21.0&#8243; _module_preset=&#8221;default&#8221; global_colors_info=&#8221;{}&#8221;][et_pb_text _builder_version=&#8221;4.21.0&#8243; _module_preset=&#8221;default&#8221; text_font_size=&#8221;20px&#8221; text_orientation=&#8221;center&#8221; global_colors_info=&#8221;{}&#8221;]<\/p>\n<p>\u0130ndirilebilecek kataloglar, kullan\u0131m talimatlar\u0131 ve bro\u015f\u00fcrler<\/p>\n<p>[\/et_pb_text][\/et_pb_column][\/et_pb_row][et_pb_row column_structure=&#8221;1_4,1_4,1_4,1_4&#8243; use_custom_gutter=&#8221;on&#8221; gutter_width=&#8221;2&#8243; make_equal=&#8221;on&#8221; _builder_version=&#8221;4.27.2&#8243; _module_preset=&#8221;default&#8221; custom_margin=&#8221;0px||0px||true|false&#8221; custom_padding=&#8221;0px||0px||true|false&#8221; hover_enabled=&#8221;0&#8243; global_colors_info=&#8221;{}&#8221; sticky_enabled=&#8221;0&#8243;][et_pb_column type=&#8221;1_4&#8243; module_class=&#8221;zoom-image&#8221; _builder_version=&#8221;4.27.2&#8243; _module_preset=&#8221;default&#8221; background_color=&#8221;#FFFFFF&#8221; background_enable_image=&#8221;off&#8221; background_size=&#8221;contain&#8221; custom_padding=&#8221;0px||0px||false|false&#8221; link_option_url=&#8221;https:\/\/bralo.com\/tr\/teknik-kitabevi\/kataloglar\/&#8221; hover_enabled=&#8221;0&#8243; box_shadow_style=&#8221;preset1&#8243; global_colors_info=&#8221;{}&#8221; sticky_enabled=&#8221;0&#8243;][et_pb_text _builder_version=&#8221;4.21.0&#8243; _module_preset=&#8221;default&#8221; text_text_color=&#8221;#006CA7&#8243; text_font_size=&#8221;24px&#8221; text_line_height=&#8221;1em&#8221; background_enable_color=&#8221;off&#8221; text_orientation=&#8221;center&#8221; custom_margin=&#8221;20px||||false|false&#8221; custom_padding=&#8221;12px||12px||true|true&#8221; custom_padding_tablet=&#8221;30px|150px|30px|20px|false|false&#8221; custom_padding_phone=&#8221;|20px|||false|false&#8221; custom_padding_last_edited=&#8221;on|desktop&#8221; border_color_bottom=&#8221;#FFFFFF&#8221; locked=&#8221;off&#8221; global_colors_info=&#8221;{}&#8221;]<\/p>\n<p>KATALOGLAR<\/p>\n<p>[\/et_pb_text][et_pb_image src=&#8221;https:\/\/bralo.com\/wp-content\/uploads\/2023\/10\/catalogo-remaches.webp&#8221; alt=&#8221;catalogos&#8221; title_text=&#8221;catalogo-remaches&#8221; _builder_version=&#8221;4.23&#8243; _module_preset=&#8221;default&#8221; width=&#8221;85%&#8221; module_alignment=&#8221;center&#8221; min_height=&#8221;180.7px&#8221; custom_margin=&#8221;||||false|false&#8221; hover_enabled=&#8221;0&#8243; global_colors_info=&#8221;{}&#8221; sticky_enabled=&#8221;0&#8243;][\/et_pb_image][\/et_pb_column][et_pb_column type=&#8221;1_4&#8243; module_class=&#8221;zoom-image&#8221; _builder_version=&#8221;4.27.2&#8243; _module_preset=&#8221;default&#8221; background_color=&#8221;#FFFFFF&#8221; background_enable_image=&#8221;off&#8221; background_size=&#8221;contain&#8221; link_option_url=&#8221;https:\/\/bralo.com\/tr\/teknik-kitabevi\/sertifikalar\/&#8221; hover_enabled=&#8221;0&#8243; box_shadow_style=&#8221;preset1&#8243; global_colors_info=&#8221;{}&#8221; sticky_enabled=&#8221;0&#8243;][et_pb_text _builder_version=&#8221;4.21.0&#8243; _module_preset=&#8221;default&#8221; text_text_color=&#8221;#006CA7&#8243; text_font_size=&#8221;24px&#8221; text_line_height=&#8221;1em&#8221; background_enable_color=&#8221;off&#8221; text_orientation=&#8221;center&#8221; custom_margin=&#8221;20px||||false|false&#8221; custom_padding=&#8221;12px||12px||true|true&#8221; custom_padding_tablet=&#8221;30px|150px|30px|20px|false|false&#8221; custom_padding_phone=&#8221;|20px|||false|false&#8221; custom_padding_last_edited=&#8221;on|desktop&#8221; border_color_bottom=&#8221;#FFFFFF&#8221; locked=&#8221;off&#8221; global_colors_info=&#8221;{}&#8221;]<\/p>\n<p>SERT\u0130F\u0130KALAR<\/p>\n<p>[\/et_pb_text][et_pb_image src=&#8221;https:\/\/bralo.com\/wp-content\/uploads\/2023\/10\/certificados.webp&#8221; alt=&#8221;Certificados&#8221; title_text=&#8221;certificados&#8221; _builder_version=&#8221;4.23&#8243; _module_preset=&#8221;default&#8221; width=&#8221;85%&#8221; module_alignment=&#8221;center&#8221; custom_margin=&#8221;||20px||false|false&#8221; global_colors_info=&#8221;{}&#8221;][\/et_pb_image][\/et_pb_column][et_pb_column type=&#8221;1_4&#8243; module_class=&#8221;zoom-image&#8221; _builder_version=&#8221;4.27.2&#8243; _module_preset=&#8221;default&#8221; background_color=&#8221;#FFFFFF&#8221; background_enable_image=&#8221;off&#8221; background_size=&#8221;contain&#8221; link_option_url=&#8221;https:\/\/bralo.com\/tr\/teknik-kitabevi\/brosurler-ve-dosyalar\/&#8221; hover_enabled=&#8221;0&#8243; box_shadow_style=&#8221;preset1&#8243; global_colors_info=&#8221;{}&#8221; sticky_enabled=&#8221;0&#8243;][et_pb_text _builder_version=&#8221;4.21.0&#8243; _module_preset=&#8221;default&#8221; text_text_color=&#8221;#006CA7&#8243; text_font_size=&#8221;24px&#8221; text_line_height=&#8221;1em&#8221; background_enable_color=&#8221;off&#8221; text_orientation=&#8221;center&#8221; custom_margin=&#8221;20px||||false|false&#8221; custom_padding=&#8221;||||true|true&#8221; custom_padding_tablet=&#8221;30px|150px|30px|20px|false|false&#8221; custom_padding_phone=&#8221;|20px|||false|false&#8221; custom_padding_last_edited=&#8221;on|desktop&#8221; border_color_bottom=&#8221;#FFFFFF&#8221; locked=&#8221;off&#8221; global_colors_info=&#8221;{}&#8221;]<\/p>\n<p>BRO\u015e\u00dcRLER VE DOSYALAR<\/p>\n<p>[\/et_pb_text][et_pb_image src=&#8221;https:\/\/bralo.com\/wp-content\/uploads\/2023\/10\/dosier.webp&#8221; alt=&#8221;Dosier&#8221; title_text=&#8221;dosier&#8221; _builder_version=&#8221;4.23&#8243; _module_preset=&#8221;default&#8221; width=&#8221;85%&#8221; module_alignment=&#8221;center&#8221; custom_margin=&#8221;||20px||false|false&#8221; global_colors_info=&#8221;{}&#8221;][\/et_pb_image][\/et_pb_column][et_pb_column type=&#8221;1_4&#8243; module_class=&#8221;zoom-image&#8221; _builder_version=&#8221;4.27.2&#8243; _module_preset=&#8221;default&#8221; background_color=&#8221;#FFFFFF&#8221; background_enable_image=&#8221;off&#8221; background_size=&#8221;contain&#8221; link_option_url=&#8221;https:\/\/bralo.com\/tr\/teknik-kitabevi\/kullanim-kilavuzu\/&#8221; hover_enabled=&#8221;0&#8243; box_shadow_style=&#8221;preset1&#8243; global_colors_info=&#8221;{}&#8221; sticky_enabled=&#8221;0&#8243;][et_pb_text _builder_version=&#8221;4.21.0&#8243; _module_preset=&#8221;default&#8221; text_text_color=&#8221;#006CA7&#8243; text_font_size=&#8221;24px&#8221; text_line_height=&#8221;1em&#8221; background_enable_color=&#8221;off&#8221; text_orientation=&#8221;center&#8221; custom_margin=&#8221;20px||||false|false&#8221; custom_padding=&#8221;||||true|true&#8221; custom_padding_tablet=&#8221;30px|150px|30px|20px|false|false&#8221; custom_padding_phone=&#8221;|20px|||false|false&#8221; custom_padding_last_edited=&#8221;on|desktop&#8221; border_color_bottom=&#8221;#FFFFFF&#8221; locked=&#8221;off&#8221; global_colors_info=&#8221;{}&#8221;]<\/p>\n<p>KULLANIM KILAVUZU<\/p>\n<p>[\/et_pb_text][et_pb_image src=&#8221;https:\/\/bralo.com\/wp-content\/uploads\/2023\/10\/manual.webp&#8221; alt=&#8221;Manual de instrucciones&#8221; title_text=&#8221;manual&#8221; _builder_version=&#8221;4.23&#8243; _module_preset=&#8221;default&#8221; width=&#8221;85%&#8221; module_alignment=&#8221;center&#8221; custom_margin=&#8221;||20px||false|false&#8221; global_colors_info=&#8221;{}&#8221;][\/et_pb_image][\/et_pb_column][\/et_pb_row][\/et_pb_section]<\/p>\n","protected":false},"excerpt":{"rendered":"<p>KATALOGLAR\u0130ndirilebilecek kataloglar, kullan\u0131m talimatlar\u0131 ve bro\u015f\u00fcrlerKATALOGLARSERT\u0130F\u0130KALARBRO\u015e\u00dcRLER VE DOSYALARKULLANIM KILAVUZU<\/p>\n","protected":false},"author":2,"featured_media":0,"parent":0,"menu_order":0,"comment_status":"closed","ping_status":"closed","template":"","meta":{"_acf_changed":false,"_et_pb_use_builder":"on","_et_pb_old_content":"","_et_gb_content_width":"","inline_featured_image":false,"footnotes":""},"class_list":["post-36876","page","type-page","status-publish","hentry"],"acf":[],"_links":{"self":[{"href":"https:\/\/bralo.com\/tr\/wp-json\/wp\/v2\/pages\/36876","targetHints":{"allow":["GET"]}}],"collection":[{"href":"https:\/\/bralo.com\/tr\/wp-json\/wp\/v2\/pages"}],"about":[{"href":"https:\/\/bralo.com\/tr\/wp-json\/wp\/v2\/types\/page"}],"author":[{"embeddable":true,"href":"https:\/\/bralo.com\/tr\/wp-json\/wp\/v2\/users\/2"}],"replies":[{"embeddable":true,"href":"https:\/\/bralo.com\/tr\/wp-json\/wp\/v2\/comments?post=36876"}],"version-history":[{"count":3,"href":"https:\/\/bralo.com\/tr\/wp-json\/wp\/v2\/pages\/36876\/revisions"}],"predecessor-version":[{"id":39699,"href":"https:\/\/bralo.com\/tr\/wp-json\/wp\/v2\/pages\/36876\/revisions\/39699"}],"wp:attachment":[{"href":"https:\/\/bralo.com\/tr\/wp-json\/wp\/v2\/media?parent=36876"}],"curies":[{"name":"wp","href":"https:\/\/api.w.org\/{rel}","templated":true}]}}