{"id":39087,"date":"2024-02-14T11:24:54","date_gmt":"2024-02-14T11:24:54","guid":{"rendered":"https:\/\/bralo.com\/sizdirmazlik-cozumleri\/"},"modified":"2025-03-07T10:31:15","modified_gmt":"2025-03-07T10:31:15","slug":"sizdirmazlik-cozumleri","status":"publish","type":"page","link":"https:\/\/bralo.com\/tr\/sizdirmazlik-cozumleri\/","title":{"rendered":"S\u0131zd\u0131rmazl\u0131k \u00e7\u00f6z\u00fcmleri"},"content":{"rendered":"<p>[et_pb_section fb_built=&#8221;1&#8243; custom_padding_last_edited=&#8221;on|phone&#8221; _builder_version=&#8221;4.21.0&#8243; _module_preset=&#8221;default&#8221; background_image=&#8221;https:\/\/bralo.com\/wp-content\/uploads\/2023\/09\/cabecera-estanquedad.jpg&#8221; custom_margin=&#8221;||3px||false|false&#8221; custom_padding_tablet=&#8221;&#8221; custom_padding_phone=&#8221;|0px||0px|false|false&#8221; da_disable_devices=&#8221;off|off|off&#8221; locked=&#8221;off&#8221; global_colors_info=&#8221;{}&#8221; admin_label=&#8221;Section&#8221; da_is_popup=&#8221;off&#8221; da_exit_intent=&#8221;off&#8221; da_has_close=&#8221;on&#8221; da_alt_close=&#8221;off&#8221; da_dark_close=&#8221;off&#8221; da_not_modal=&#8221;on&#8221; da_is_singular=&#8221;off&#8221; da_with_loader=&#8221;off&#8221; da_has_shadow=&#8221;on&#8221;][et_pb_row custom_padding_last_edited=&#8221;on|phone&#8221; _builder_version=&#8221;4.21.0&#8243; _module_preset=&#8221;default&#8221; custom_padding=&#8221;|8%||8%|true|true&#8221; custom_padding_tablet=&#8221;70px|8%|70px|8%|true|true&#8221; custom_padding_phone=&#8221;70px|0%|70px|0%|true|true&#8221; global_colors_info=&#8221;{}&#8221;][et_pb_column type=&#8221;4_4&#8243; _builder_version=&#8221;4.20.4&#8243; _module_preset=&#8221;default&#8221; global_colors_info=&#8221;{}&#8221;][et_pb_text _builder_version=&#8221;4.21.0&#8243; _module_preset=&#8221;default&#8221; text_font=&#8221;|300|||||||&#8221; text_text_color=&#8221;#FFFFFF&#8221; text_line_height=&#8221;1.5em&#8221; header_font=&#8221;|||on|||||&#8221; header_text_color=&#8221;#FFFFFF&#8221; header_font_size=&#8221;45px&#8221; header_line_height=&#8221;2.2em&#8221; text_orientation=&#8221;center&#8221; text_line_height_tablet=&#8221;1.5em&#8221; text_line_height_phone=&#8221;1em&#8221; text_line_height_last_edited=&#8221;on|phone&#8221; global_colors_info=&#8221;{}&#8221;]<\/p>\n<h1>S\u0131zd\u0131rmazl\u0131k \u00e7\u00f6z\u00fcmleri<\/h1>\n<p>[\/et_pb_text][\/et_pb_column][\/et_pb_row][\/et_pb_section][et_pb_section fb_built=&#8221;1&#8243; _builder_version=&#8221;4.23&#8243; _module_preset=&#8221;default&#8221; background_color=&#8221;#FFFFFF&#8221; background_image=&#8221;https:\/\/bralo.com\/wp-content\/uploads\/2023\/09\/todas-piezas-estanqueidad-2.jpg&#8221; background_size=&#8221;custom&#8221; background_image_width=&#8221;70%&#8221; background_position=&#8221;bottom_right&#8221; custom_padding=&#8221;40px||40px||true|false&#8221; da_disable_devices=&#8221;off|off|off&#8221; global_colors_info=&#8221;{}&#8221; admin_label=&#8221;Section&#8221; da_is_popup=&#8221;off&#8221; da_exit_intent=&#8221;off&#8221; da_has_close=&#8221;on&#8221; da_alt_close=&#8221;off&#8221; da_dark_close=&#8221;off&#8221; da_not_modal=&#8221;on&#8221; da_is_singular=&#8221;off&#8221; da_with_loader=&#8221;off&#8221; da_has_shadow=&#8221;on&#8221;][et_pb_row column_structure=&#8221;1_2,1_2&#8243; _builder_version=&#8221;4.20.4&#8243; _module_preset=&#8221;default&#8221; global_colors_info=&#8221;{}&#8221;][et_pb_column type=&#8221;1_2&#8243; _builder_version=&#8221;4.20.4&#8243; _module_preset=&#8221;default&#8221; global_colors_info=&#8221;{}&#8221;][et_pb_text _builder_version=&#8221;4.23&#8243; _module_preset=&#8221;default&#8221; header_2_font=&#8221;||||||||&#8221; header_2_font_size=&#8221;35px&#8221; custom_padding_tablet=&#8221;&#8221; custom_padding_phone=&#8221;||20px||false|false&#8221; custom_padding_last_edited=&#8221;on|phone&#8221; global_colors_info=&#8221;{}&#8221;]<\/p>\n<h2><em>SIZDIRMAZLIK \u0130\u015eLEMLER\u0130<\/em><\/h2>\n<p>G\u00dcVENLI\u0307K VE DAYANIKLILIK<\/p>\n<p>BRALO&#8217;da, \u00fcr\u00fcnlerimizin ba\u011flant\u0131 elemanlar\u0131n\u0131n su ge\u00e7irmezli\u011fini garanti etmek i\u00e7in her m\u00fc\u015fterinin ihtiya\u00e7lar\u0131na g\u00f6re farkl\u0131 \u00e7\u00f6z\u00fcmler sunuyoruz. Teknik gereksinimlere ba\u011fl\u0131 olarak contalar veya s\u0131zd\u0131rmazl\u0131k malzemeleri kullan\u0131labilir. Her iki \u00e7\u00f6z\u00fcm de per\u00e7inlerde, somunlarda veya per\u00e7in saplamalar\u0131nda kullan\u0131labilir.<br \/>\n[\/et_pb_text][\/et_pb_column][et_pb_column type=&#8221;1_2&#8243; _builder_version=&#8221;4.20.4&#8243; _module_preset=&#8221;default&#8221; global_colors_info=&#8221;{}&#8221;][\/et_pb_column][\/et_pb_row][\/et_pb_section][et_pb_section fb_built=&#8221;1&#8243; _builder_version=&#8221;4.21.0&#8243; _module_preset=&#8221;default&#8221; background_color=&#8221;#006CA7&#8243; custom_padding=&#8221;20px||20px||true|false&#8221; da_disable_devices=&#8221;off|off|off&#8221; global_colors_info=&#8221;{}&#8221; admin_label=&#8221;Section&#8221; da_is_popup=&#8221;off&#8221; da_exit_intent=&#8221;off&#8221; da_has_close=&#8221;on&#8221; da_alt_close=&#8221;off&#8221; da_dark_close=&#8221;off&#8221; da_not_modal=&#8221;on&#8221; da_is_singular=&#8221;off&#8221; da_with_loader=&#8221;off&#8221; da_has_shadow=&#8221;on&#8221;][et_pb_row column_structure=&#8221;1_3,1_3,1_3&#8243; module_class=&#8221;separacion-ventajas&#8221; _builder_version=&#8221;4.23&#8243; _module_preset=&#8221;default&#8221; global_colors_info=&#8221;{}&#8221;][et_pb_column type=&#8221;1_3&#8243; _builder_version=&#8221;4.21.0&#8243; _module_preset=&#8221;default&#8221; global_colors_info=&#8221;{}&#8221;][et_pb_blurb title=&#8221;Par\u00e7an\u0131n bo\u015flu\u011funa uyum sa\u011flayan conta.&#8221; image=&#8221;https:\/\/bralo.com\/wp-content\/uploads\/2023\/09\/icono-navaja.png&#8221; _builder_version=&#8221;4.21.0&#8243; _module_preset=&#8221;default&#8221; header_level=&#8221;h3&#8243; header_text_align=&#8221;center&#8221; header_text_color=&#8221;#FFFFFF&#8221; global_colors_info=&#8221;{}&#8221;][\/et_pb_blurb][\/et_pb_column][et_pb_column type=&#8221;1_3&#8243; _builder_version=&#8221;4.21.0&#8243; _module_preset=&#8221;default&#8221; global_colors_info=&#8221;{}&#8221;][et_pb_blurb title=&#8221;S\u0131v\u0131lar\u0131n veya gazlar\u0131n statik kararl\u0131l\u0131\u011f\u0131.&#8221; image=&#8221;https:\/\/bralo.com\/wp-content\/uploads\/2023\/09\/icono-estanqueidad-fluidos.png&#8221; _builder_version=&#8221;4.21.0&#8243; _module_preset=&#8221;default&#8221; header_level=&#8221;h3&#8243; header_text_align=&#8221;center&#8221; header_text_color=&#8221;#FFFFFF&#8221; global_colors_info=&#8221;{}&#8221;][\/et_pb_blurb][\/et_pb_column][et_pb_column type=&#8221;1_3&#8243; _builder_version=&#8221;4.21.0&#8243; _module_preset=&#8221;default&#8221; global_colors_info=&#8221;{}&#8221;][et_pb_blurb title=&#8221;Su ge\u00e7irmezlik testi ile GARANT\u0130.&#8221; image=&#8221;https:\/\/bralo.com\/wp-content\/uploads\/2023\/09\/icono-estanquedad-ok.png&#8221; _builder_version=&#8221;4.21.0&#8243; _module_preset=&#8221;default&#8221; header_level=&#8221;h3&#8243; header_text_align=&#8221;center&#8221; header_text_color=&#8221;#FFFFFF&#8221; global_colors_info=&#8221;{}&#8221;][\/et_pb_blurb][\/et_pb_column][\/et_pb_row][\/et_pb_section][et_pb_section fb_built=&#8221;1&#8243; _builder_version=&#8221;4.25.1&#8243; _module_preset=&#8221;default&#8221; background_color=&#8221;#FFFFFF&#8221; background_image=&#8221;https:\/\/bralo.com\/wp-content\/uploads\/2023\/10\/bodegon_sellantes_2-scaled.jpg&#8221; background_size=&#8221;custom&#8221; background_image_width=&#8221;44%&#8221; background_position=&#8221;top_left&#8221; custom_padding=&#8221;0px||0px||false|false&#8221; hover_enabled=&#8221;0&#8243; da_disable_devices=&#8221;off|off|off&#8221; global_colors_info=&#8221;{}&#8221; module_class=&#8221;seccion-tratamiento-por-sellante&#8221; admin_label=&#8221;Section&#8221; da_is_popup=&#8221;off&#8221; da_exit_intent=&#8221;off&#8221; da_has_close=&#8221;on&#8221; da_alt_close=&#8221;off&#8221; da_dark_close=&#8221;off&#8221; da_not_modal=&#8221;on&#8221; da_is_singular=&#8221;off&#8221; da_with_loader=&#8221;off&#8221; da_has_shadow=&#8221;on&#8221; sticky_enabled=&#8221;0&#8243;][et_pb_row column_structure=&#8221;1_2,1_2&#8243; _builder_version=&#8221;4.23&#8243; _module_preset=&#8221;default&#8221; custom_margin_tablet=&#8221;&#8221; custom_margin_phone=&#8221;30px||||false|false&#8221; custom_margin_last_edited=&#8221;on|phone&#8221; hover_enabled=&#8221;0&#8243; global_colors_info=&#8221;{}&#8221; sticky_enabled=&#8221;0&#8243;][et_pb_column type=&#8221;1_2&#8243; _builder_version=&#8221;4.20.4&#8243; _module_preset=&#8221;default&#8221; global_colors_info=&#8221;{}&#8221;][\/et_pb_column][et_pb_column type=&#8221;1_2&#8243; _builder_version=&#8221;4.20.4&#8243; _module_preset=&#8221;default&#8221; global_colors_info=&#8221;{}&#8221;][et_pb_text _builder_version=&#8221;4.25.1&#8243; _module_preset=&#8221;default&#8221; header_2_font=&#8221;||||||||&#8221; header_2_text_color=&#8221;#006CA7&#8243; header_2_font_size=&#8221;35px&#8221; custom_margin_tablet=&#8221;&#8221; custom_margin_phone=&#8221;46px||||false|false&#8221; custom_margin_last_edited=&#8221;on|phone&#8221; hover_enabled=&#8221;0&#8243; global_colors_info=&#8221;{}&#8221; sticky_enabled=&#8221;0&#8243; module_class=&#8221;encabezadoh2-tratamiento-por-sellante&#8221;]<\/p>\n<h2>SIZDIRMAZLIK MALZEMES\u0130 UYGULAMASI<\/h2>\n<p>S\u00f6z konusu per\u00e7in veya somunun ba\u015f\u0131n\u0131n alt\u0131na uygulanan s\u0131cak k\u00fcrlenmi\u015f elastik poli\u00fcretan bazl\u0131 bir polimerden olu\u015fur. Per\u00e7inleme s\u0131ras\u0131nda, SIZDIRMAZLIK MADDESI geometriye uyum sa\u011flayarak etkili bir s\u0131zd\u0131rmazl\u0131k sayesinde su ge\u00e7irmezli\u011fi garanti eder. S\u00f6kme veya montaj hatalar\u0131 olas\u0131l\u0131\u011f\u0131n\u0131 ortadan kald\u0131rma avantaj\u0131 ile her t\u00fcrl\u00fc malzemeye uygulanabilir.  <\/p>\n<p>[\/et_pb_text][\/et_pb_column][\/et_pb_row][\/et_pb_section][et_pb_section fb_built=&#8221;1&#8243; _builder_version=&#8221;4.25.1&#8243; _module_preset=&#8221;default&#8221; background_color=&#8221;#FFFFFF&#8221; background_image=&#8221;https:\/\/bralo.com\/wp-content\/uploads\/2023\/09\/pieza-junta-1.jpg&#8221; background_size=&#8221;custom&#8221; background_image_width=&#8221;50%&#8221; background_position=&#8221;center_right&#8221; custom_padding=&#8221;0px||0px||false|false&#8221; hover_enabled=&#8221;0&#8243; background_last_edited=&#8221;on|phone&#8221; background_image_width_phone=&#8221;80%&#8221; background_position_phone=&#8221;bottom_right&#8221; da_disable_devices=&#8221;off|off|off&#8221; global_colors_info=&#8221;{}&#8221; admin_label=&#8221;Section&#8221; da_is_popup=&#8221;off&#8221; da_exit_intent=&#8221;off&#8221; da_has_close=&#8221;on&#8221; da_alt_close=&#8221;off&#8221; da_dark_close=&#8221;off&#8221; da_not_modal=&#8221;on&#8221; da_is_singular=&#8221;off&#8221; da_with_loader=&#8221;off&#8221; da_has_shadow=&#8221;on&#8221; sticky_enabled=&#8221;0&#8243;][et_pb_row column_structure=&#8221;1_2,1_2&#8243; _builder_version=&#8221;4.20.4&#8243; _module_preset=&#8221;default&#8221; global_colors_info=&#8221;{}&#8221;][et_pb_column type=&#8221;1_2&#8243; _builder_version=&#8221;4.20.4&#8243; _module_preset=&#8221;default&#8221; global_colors_info=&#8221;{}&#8221;][et_pb_text content_tablet=&#8221;<\/p>\n<h2>SIZDIRMAZLIK CONTALARI<\/h2>\n<p>Per\u00e7inleme i\u015flemi s\u0131ras\u0131nda uygulanan bas\u0131n\u00e7, ba\u011flant\u0131 eleman\u0131n\u0131n deformasyonunu sa\u011flayarak ba\u011flant\u0131 eleman\u0131 ile par\u00e7a aras\u0131nda m\u00fckemmel bir uyum sa\u011flar.<\/p>\n<p>Korozyona ve s\u0131cakl\u0131\u011fa kar\u015f\u0131 farkl\u0131 seviyelerde diren\u00e7 gerektiren farkl\u0131 ak\u0131\u015fkanlarda veya gazlarda s\u0131zd\u0131rmazl\u0131k ihtiyac\u0131na ba\u011fl\u0131 olarak a\u015fa\u011f\u0131daki alternatifleri sunuyoruz.<\/p>\n<ul>\n<li>EPDM:<\/li>\n<li>NBR<\/li>\n<li>FKM (viton\u00ae)<\/li>\n<\/ul>\n<p>&#8221; content_phone=&#8221;<\/p>\n<h2>SIZDIRMAZLIK CONTALARI<\/h2>\n<p>Per\u00e7inleme i\u015flemi s\u0131ras\u0131nda uygulanan bas\u0131n\u00e7, ba\u011flant\u0131 eleman\u0131n\u0131n deformasyonunu sa\u011flayarak ba\u011flant\u0131 eleman\u0131 ile par\u00e7a aras\u0131nda m\u00fckemmel bir uyum sa\u011flar.<\/p>\n<p>Korozyona ve s\u0131cakl\u0131\u011fa kar\u015f\u0131 farkl\u0131 seviyelerde diren\u00e7 gerektiren farkl\u0131 ak\u0131\u015fkanlarda veya gazlarda s\u0131zd\u0131rmazl\u0131k ihtiyac\u0131na ba\u011fl\u0131 olarak a\u015fa\u011f\u0131daki alternatifleri sunuyoruz.<\/p>\n<ul>\n<li>EPDM:<\/li>\n<li>NBR<\/li>\n<li>FKM (viton\u00ae)<\/li>\n<\/ul>\n<p>&#8221; content_last_edited=&#8221;on|phone&#8221; _builder_version=&#8221;4.25.1&#8243; _module_preset=&#8221;default&#8221; header_2_font=&#8221;||||||||&#8221; header_2_text_color=&#8221;#006CA7&#8243; header_2_font_size=&#8221;35px&#8221; custom_margin=&#8221;30px||||false|false&#8221; custom_padding_tablet=&#8221;&#8221; custom_padding_phone=&#8221;||40px||false|false&#8221; custom_padding_last_edited=&#8221;on|phone&#8221; hover_enabled=&#8221;0&#8243; global_colors_info=&#8221;{}&#8221; sticky_enabled=&#8221;0&#8243;]<\/p>\n<h2>SIZDIRMAZLIK CONTALARI<\/h2>\n<p>Per\u00e7inleme i\u015flemi s\u0131ras\u0131nda uygulanan bas\u0131n\u00e7, ba\u011flant\u0131 eleman\u0131n\u0131n deformasyonunu sa\u011flayarak ba\u011flant\u0131 eleman\u0131 ile par\u00e7a aras\u0131nda m\u00fckemmel bir uyum sa\u011flar.<\/p>\n<p>Korozyona ve s\u0131cakl\u0131\u011fa kar\u015f\u0131 farkl\u0131 seviyelerde diren\u00e7 gerektiren farkl\u0131 ak\u0131\u015fkanlarda veya gazlarda s\u0131zd\u0131rmazl\u0131k ihtiyac\u0131na ba\u011fl\u0131 olarak a\u015fa\u011f\u0131daki alternatifleri sunuyoruz.<\/p>\n<p>&nbsp;<\/p>\n<ul>\n<li>EPDM:<\/li>\n<li>NBR<\/li>\n<li>FKM (viton\u00ae)<\/li>\n<\/ul>\n<p>[\/et_pb_text][\/et_pb_column][et_pb_column type=&#8221;1_2&#8243; _builder_version=&#8221;4.20.4&#8243; _module_preset=&#8221;default&#8221; global_colors_info=&#8221;{}&#8221;][\/et_pb_column][\/et_pb_row][\/et_pb_section][et_pb_section fb_built=&#8221;1&#8243; custom_padding_last_edited=&#8221;on|phone&#8221; _builder_version=&#8221;4.23&#8243; _module_preset=&#8221;default&#8221; custom_margin_tablet=&#8221;&#8221; custom_margin_phone=&#8221;16px||||false|false&#8221; custom_margin_last_edited=&#8221;on|phone&#8221; custom_padding=&#8221;3px||0px|||&#8221; custom_padding_tablet=&#8221;3px||0px|||&#8221; custom_padding_phone=&#8221;0px|0px|0px|0px|false|false&#8221; da_disable_devices=&#8221;off|off|off&#8221; global_colors_info=&#8221;{}&#8221; admin_label=&#8221;Section&#8221; da_is_popup=&#8221;off&#8221; da_exit_intent=&#8221;off&#8221; da_has_close=&#8221;on&#8221; da_alt_close=&#8221;off&#8221; da_dark_close=&#8221;off&#8221; da_not_modal=&#8221;on&#8221; da_is_singular=&#8221;off&#8221; da_with_loader=&#8221;off&#8221; da_has_shadow=&#8221;on&#8221;][et_pb_row _builder_version=&#8221;4.23&#8243; _module_preset=&#8221;default&#8221; background_image=&#8221;https:\/\/bralo.com\/wp-content\/uploads\/2023\/09\/electric-car-6901893-azul.jpg&#8221; width=&#8221;100%&#8221; width_tablet=&#8221;&#8221; width_phone=&#8221;100%&#8221; width_last_edited=&#8221;on|phone&#8221; max_width=&#8221;100%&#8221; custom_margin=&#8221;|0px||0px|false|true&#8221; custom_margin_tablet=&#8221;&#8221; custom_margin_phone=&#8221;|0px||0px|false|false&#8221; custom_margin_last_edited=&#8221;on|phone&#8221; custom_padding=&#8221;|0px||0px|false|true&#8221; background_last_edited=&#8221;on|phone&#8221; background_size_phone=&#8221;contain&#8221; global_colors_info=&#8221;{}&#8221;][et_pb_column type=&#8221;4_4&#8243; _builder_version=&#8221;4.21.0&#8243; _module_preset=&#8221;default&#8221; global_colors_info=&#8221;{}&#8221;][et_pb_divider show_divider=&#8221;off&#8221; _builder_version=&#8221;4.21.0&#8243; _module_preset=&#8221;default&#8221; custom_margin=&#8221;170px||73px||false|false&#8221; global_colors_info=&#8221;{}&#8221;][\/et_pb_divider][\/et_pb_column][\/et_pb_row][\/et_pb_section]<\/p>\n","protected":false},"excerpt":{"rendered":"<p>S\u0131zd\u0131rmazl\u0131k \u00e7\u00f6z\u00fcmleri SIZDIRMAZLIK \u0130\u015eLEMLER\u0130 G\u00dcVENLI\u0307K VE DAYANIKLILIK BRALO&#8217;da, \u00fcr\u00fcnlerimizin ba\u011flant\u0131 elemanlar\u0131n\u0131n su ge\u00e7irmezli\u011fini garanti etmek i\u00e7in her m\u00fc\u015fterinin ihtiya\u00e7lar\u0131na g\u00f6re farkl\u0131 \u00e7\u00f6z\u00fcmler sunuyoruz. Teknik gereksinimlere ba\u011fl\u0131 olarak contalar veya s\u0131zd\u0131rmazl\u0131k malzemeleri kullan\u0131labilir. Her iki \u00e7\u00f6z\u00fcm de per\u00e7inlerde, somunlarda veya per\u00e7in saplamalar\u0131nda kullan\u0131labilir. SIZDIRMAZLIK MALZEMES\u0130 UYGULAMASI S\u00f6z konusu per\u00e7in veya somunun ba\u015f\u0131n\u0131n alt\u0131na uygulanan s\u0131cak k\u00fcrlenmi\u015f [&hellip;]<\/p>\n","protected":false},"author":2,"featured_media":0,"parent":0,"menu_order":0,"comment_status":"closed","ping_status":"closed","template":"","meta":{"_acf_changed":false,"_et_pb_use_builder":"on","_et_pb_old_content":"","_et_gb_content_width":"","inline_featured_image":false,"footnotes":""},"class_list":["post-39087","page","type-page","status-publish","hentry"],"acf":[],"_links":{"self":[{"href":"https:\/\/bralo.com\/tr\/wp-json\/wp\/v2\/pages\/39087","targetHints":{"allow":["GET"]}}],"collection":[{"href":"https:\/\/bralo.com\/tr\/wp-json\/wp\/v2\/pages"}],"about":[{"href":"https:\/\/bralo.com\/tr\/wp-json\/wp\/v2\/types\/page"}],"author":[{"embeddable":true,"href":"https:\/\/bralo.com\/tr\/wp-json\/wp\/v2\/users\/2"}],"replies":[{"embeddable":true,"href":"https:\/\/bralo.com\/tr\/wp-json\/wp\/v2\/comments?post=39087"}],"version-history":[{"count":2,"href":"https:\/\/bralo.com\/tr\/wp-json\/wp\/v2\/pages\/39087\/revisions"}],"predecessor-version":[{"id":39089,"href":"https:\/\/bralo.com\/tr\/wp-json\/wp\/v2\/pages\/39087\/revisions\/39089"}],"wp:attachment":[{"href":"https:\/\/bralo.com\/tr\/wp-json\/wp\/v2\/media?parent=39087"}],"curies":[{"name":"wp","href":"https:\/\/api.w.org\/{rel}","templated":true}]}}