{"id":39911,"date":"2023-09-18T08:44:28","date_gmt":"2023-09-18T08:44:28","guid":{"rendered":"https:\/\/bralo.com\/sifreyi-sifirla\/"},"modified":"2023-09-18T08:44:28","modified_gmt":"2023-09-18T08:44:28","slug":"sifreyi-sifirla","status":"publish","type":"page","link":"https:\/\/bralo.com\/tr\/sifreyi-sifirla\/","title":{"rendered":"\u015eifreyi s\u0131f\u0131rla"},"content":{"rendered":"<p>[swpm_reset_form]<\/p>\n","protected":false},"excerpt":{"rendered":"<p>[swpm_reset_form]<\/p>\n","protected":false},"author":1,"featured_media":0,"parent":0,"menu_order":0,"comment_status":"closed","ping_status":"closed","template":"","meta":{"_acf_changed":false,"_et_pb_use_builder":"","_et_pb_old_content":"","_et_gb_content_width":"","inline_featured_image":false,"footnotes":""},"class_list":["post-39911","page","type-page","status-publish","hentry"],"acf":[],"_links":{"self":[{"href":"https:\/\/bralo.com\/tr\/wp-json\/wp\/v2\/pages\/39911","targetHints":{"allow":["GET"]}}],"collection":[{"href":"https:\/\/bralo.com\/tr\/wp-json\/wp\/v2\/pages"}],"about":[{"href":"https:\/\/bralo.com\/tr\/wp-json\/wp\/v2\/types\/page"}],"author":[{"embeddable":true,"href":"https:\/\/bralo.com\/tr\/wp-json\/wp\/v2\/users\/1"}],"replies":[{"embeddable":true,"href":"https:\/\/bralo.com\/tr\/wp-json\/wp\/v2\/comments?post=39911"}],"version-history":[{"count":0,"href":"https:\/\/bralo.com\/tr\/wp-json\/wp\/v2\/pages\/39911\/revisions"}],"wp:attachment":[{"href":"https:\/\/bralo.com\/tr\/wp-json\/wp\/v2\/media?parent=39911"}],"curies":[{"name":"wp","href":"https:\/\/api.w.org\/{rel}","templated":true}]}}