{"id":39229,"date":"2023-07-13T16:53:42","date_gmt":"2023-07-13T16:53:42","guid":{"rendered":"https:\/\/bralo.com\/kategorilenmemis\/remache-unilock\/"},"modified":"2025-10-23T14:50:18","modified_gmt":"2025-10-23T14:50:18","slug":"unilock","status":"publish","type":"product","link":"https:\/\/bralo.com\/tr\/productos\/percinler\/stoplama-civatalari\/unilock\/","title":{"rendered":"Unilock"},"content":{"rendered":"<p>[et_pb_section fb_built=&#8221;1&#8243; _builder_version=&#8221;4.16&#8243; custom_padding=&#8221;0px||||false|false&#8221; da_disable_devices=&#8221;off|off|off&#8221; global_colors_info=&#8221;{}&#8221; da_is_popup=&#8221;off&#8221; da_exit_intent=&#8221;off&#8221; da_has_close=&#8221;on&#8221; da_alt_close=&#8221;off&#8221; da_dark_close=&#8221;off&#8221; da_not_modal=&#8221;on&#8221; da_is_singular=&#8221;off&#8221; da_with_loader=&#8221;off&#8221; da_has_shadow=&#8221;on&#8221;][et_pb_row _builder_version=&#8221;4.16&#8243; background_size=&#8221;initial&#8221; background_position=&#8221;top_left&#8221; background_repeat=&#8221;repeat&#8221; width=&#8221;100%&#8221; custom_padding=&#8221;0px||0px||false|false&#8221; global_colors_info=&#8221;{}&#8221;][et_pb_column type=&#8221;4_4&#8243; _builder_version=&#8221;4.16&#8243; custom_padding=&#8221;|||&#8221; global_colors_info=&#8221;{}&#8221; custom_padding__hover=&#8221;|||&#8221;][et_pb_wc_breadcrumb _builder_version=&#8221;4.16&#8243; global_colors_info=&#8221;{}&#8221;][\/et_pb_wc_breadcrumb][et_pb_wc_cart_notice _builder_version=&#8221;4.16&#8243; global_colors_info=&#8221;{}&#8221;][\/et_pb_wc_cart_notice][\/et_pb_column][\/et_pb_row][et_pb_row column_structure=&#8221;1_2,1_2&#8243; _builder_version=&#8221;4.16&#8243; background_size=&#8221;initial&#8221; background_position=&#8221;top_left&#8221; background_repeat=&#8221;repeat&#8221; width=&#8221;100%&#8221; custom_padding=&#8221;0px||||false|false&#8221; global_colors_info=&#8221;{}&#8221;][et_pb_column type=&#8221;1_2&#8243; _builder_version=&#8221;4.16&#8243; custom_padding=&#8221;|||&#8221; global_colors_info=&#8221;{}&#8221; custom_padding__hover=&#8221;|||&#8221;][et_pb_wc_images show_product_image=&#8221;off&#8221; _builder_version=&#8221;4.23&#8243; global_colors_info=&#8221;{}&#8221;][\/et_pb_wc_images][\/et_pb_column][et_pb_column type=&#8221;1_2&#8243; _builder_version=&#8221;4.16&#8243; custom_padding=&#8221;|||&#8221; global_colors_info=&#8221;{}&#8221; custom_padding__hover=&#8221;|||&#8221;][et_pb_wc_title _builder_version=&#8221;4.16&#8243; global_colors_info=&#8221;{}&#8221;][\/et_pb_wc_title][et_pb_wc_rating _builder_version=&#8221;4.16&#8243; global_colors_info=&#8221;{}&#8221;][\/et_pb_wc_rating][et_pb_wc_price _builder_version=&#8221;4.16&#8243; global_colors_info=&#8221;{}&#8221;][\/et_pb_wc_price][et_pb_wc_description _builder_version=&#8221;4.16&#8243; global_colors_info=&#8221;{}&#8221;][\/et_pb_wc_description][et_pb_wc_add_to_cart _builder_version=&#8221;4.16&#8243; global_colors_info=&#8221;{}&#8221;][\/et_pb_wc_add_to_cart][et_pb_wc_meta _builder_version=&#8221;4.16&#8243; global_colors_info=&#8221;{}&#8221;][\/et_pb_wc_meta][\/et_pb_column][\/et_pb_row][et_pb_row _builder_version=&#8221;4.16&#8243; background_size=&#8221;initial&#8221; background_position=&#8221;top_left&#8221; background_repeat=&#8221;repeat&#8221; width=&#8221;100%&#8221; global_colors_info=&#8221;{}&#8221;][et_pb_column type=&#8221;4_4&#8243; _builder_version=&#8221;4.16&#8243; custom_padding=&#8221;|||&#8221; global_colors_info=&#8221;{}&#8221; custom_padding__hover=&#8221;|||&#8221;][et_pb_wc_tabs _builder_version=&#8221;4.16&#8243; global_colors_info=&#8221;{}&#8221;]\t\t\t\t\t[\/et_pb_wc_tabs][et_pb_wc_upsells _builder_version=&#8221;4.16&#8243; global_colors_info=&#8221;{}&#8221;][\/et_pb_wc_upsells][et_pb_wc_related_products _builder_version=&#8221;4.16&#8243; global_colors_info=&#8221;{}&#8221;][\/et_pb_wc_related_products][\/et_pb_column][\/et_pb_row][\/et_pb_section]<\/p>\n","protected":false},"excerpt":{"rendered":"<p><strong>UNILOCK bilezikli per\u00e7in,<\/strong> kontroll\u00fc k\u0131r\u0131lma \u00f6zelli\u011fi sayesinde temiz bir montaj i\u00e7in tasarlanm\u0131\u015ft\u0131r.<\/p>\n<p>UNILOCK,<strong> y\u00fcksek titre\u015fim direnci ve y\u00fcksek mekanik de\u011ferler gerektiren<\/strong> uzun s\u00fcreli ba\u011flant\u0131lar\u0131 sabitlemek i\u00e7in kullan\u0131l\u0131r.<\/p>\n<table>\n<tbody>\n<tr style=\"height: 60px;\">\n<td>\n<h3 style=\"color: #006ca7; font-weight: 600!important; font-size: 18px; display: inline-block; margin-right: 30px;\">G\u00f6vde<\/h3>\n<\/td>\n<td>\n<p style=\"color: white; font-weight: 600!important; font-size: 16px; background-color: #006ca7; border: 3px solid black; padding: 4px 20px; display: inline-block; width: auto;\">\u00c7elik<\/p>\n<\/td>\n<\/tr>\n<tr style=\"height: 60px;\">\n<td>\n<h3 style=\"color: #006ca7; font-weight: 600!important; font-size: 18px; display: inline-block; margin-right: 30px;\">G\u00f6vde mili<\/h3>\n<\/td>\n<td>\n<p style=\"color: white; font-weight: 600!important; font-size: 16px; background-color: #006ca7; border: 3px solid black; padding: 4px 20px; display: inline-block; width: auto;\">\u00c7elik<\/p>\n<\/td>\n<\/tr>\n<tr style=\"height: 60px;\">\n<td>\n<h3 style=\"color: #006ca7; font-weight: 600!important; font-size: 18px; display: inline-block; margin-right: 30px;\">Kafa<\/h3>\n<\/td>\n<td>\n<p style=\"color: white; font-weight: 600!important; font-size: 16px; background-color: #006ca7; border: 3px solid black; padding: 4px 20px; display: inline-block; width: auto;\">Bombeli<\/p>\n<\/td>\n<\/tr>\n<\/tbody>\n<\/table>\n<p>&nbsp;<\/p>\n","protected":false},"featured_media":37651,"comment_status":"open","ping_status":"closed","template":"","meta":{"_acf_changed":false,"_et_pb_use_builder":"on","_et_pb_old_content":"","_et_gb_content_width":"","inline_featured_image":false},"product_brand":[],"product_cat":[600,603],"product_tag":[],"class_list":{"0":"post-39229","1":"product","2":"type-product","3":"status-publish","4":"has-post-thumbnail","6":"product_cat-percinler","7":"product_cat-stoplama-civatalari","9":"first","10":"instock","11":"shipping-taxable","12":"product-type-simple"},"acf":[],"_links":{"self":[{"href":"https:\/\/bralo.com\/tr\/wp-json\/wp\/v2\/product\/39229","targetHints":{"allow":["GET"]}}],"collection":[{"href":"https:\/\/bralo.com\/tr\/wp-json\/wp\/v2\/product"}],"about":[{"href":"https:\/\/bralo.com\/tr\/wp-json\/wp\/v2\/types\/product"}],"replies":[{"embeddable":true,"href":"https:\/\/bralo.com\/tr\/wp-json\/wp\/v2\/comments?post=39229"}],"wp:featuredmedia":[{"embeddable":true,"href":"https:\/\/bralo.com\/tr\/wp-json\/wp\/v2\/media\/37651"}],"wp:attachment":[{"href":"https:\/\/bralo.com\/tr\/wp-json\/wp\/v2\/media?parent=39229"}],"wp:term":[{"taxonomy":"product_brand","embeddable":true,"href":"https:\/\/bralo.com\/tr\/wp-json\/wp\/v2\/product_brand?post=39229"},{"taxonomy":"product_cat","embeddable":true,"href":"https:\/\/bralo.com\/tr\/wp-json\/wp\/v2\/product_cat?post=39229"},{"taxonomy":"product_tag","embeddable":true,"href":"https:\/\/bralo.com\/tr\/wp-json\/wp\/v2\/product_tag?post=39229"}],"curies":[{"name":"wp","href":"https:\/\/api.w.org\/{rel}","templated":true}]}}